{"id":31073,"date":"2025-04-23T17:38:16","date_gmt":"2025-04-23T15:38:16","guid":{"rendered":"https:\/\/www1.teehelmi.fi\/?post_type=product&#038;p=31073"},"modified":"2025-10-31T13:49:10","modified_gmt":"2025-10-31T11:49:10","slug":"earl-grey-grand-parfum-luomu","status":"publish","type":"product","link":"https:\/\/www.teehelmi.fi\/en\/kauppa\/earl-grey-grand-parfum-luomu\/","title":{"rendered":"Earl Grey Grand Parfum, luomu"},"content":{"rendered":"<p><strong>Earl Grey Grand Parfum &#8211; Musta luomutee<\/strong><\/p>\n<p><a href=\"https:\/\/teehelmi.fi\/avainsana\/musta-luomutee\/\" target=\"_blank\" rel=\"noopener noreferrer\">Musta luomutee<\/a> maustettuna voimakkaasti bergamotti\u00f6ljyll\u00e4. <a href=\"https:\/\/teehelmi.fi\/avainsana\/earl-grey-tee\/\" target=\"_blank\" rel=\"noopener noreferrer\">Earl Grey<\/a> klassikosta voimakkaamman bergamotin maun yst\u00e4ville.<\/p>\n<p><strong>9,80e\/100g<\/strong><\/p>\n<p>Haudutusohje: 1 tlk\/20cl, 95c vesi, 3 min, 1 haudutuskerta<\/p>\n<p>Minimipakkausm\u00e4\u00e4r\u00e4 100 grammaa.<\/p>\n<p>Vertailuhinta 98,00e\/kg &#8211; kuppi (3g) 0,29 e<\/p>\n","protected":false},"excerpt":{"rendered":"<p><strong>Luomutee voimakkaan Earl Greyn yst\u00e4ville.<\/strong><\/p>\n","protected":false},"featured_media":31118,"template":"","meta":[],"product_brand":[],"product_cat":[237,238,266],"product_tag":[100,101,39,95,96,44],"class_list":{"0":"post-31073","1":"product","2":"type-product","3":"status-publish","4":"has-post-thumbnail","6":"product_cat-maustettu-musta-tee","7":"product_cat-maustettu-tee","8":"product_cat-muut-maustetut-teet","9":"product_tag-bergamotti-tee","10":"product_tag-earl-grey-tee","11":"product_tag-irtotee","12":"product_tag-luomutee","13":"product_tag-musta-luomutee","14":"product_tag-musta-tee","15":"pa_paino-100g","16":"pa_paino-150g","17":"pa_paino-200g","18":"pa_paino-50g","19":"description-off","21":"first","22":"instock","23":"taxable","24":"shipping-taxable","25":"purchasable","26":"product-type-variable","27":"has-default-attributes"},"exclude_global_add_ons":[],"addons":[],"yoast_head":"<!-- This site is optimized with the Yoast SEO plugin v27.2 - https:\/\/yoast.com\/product\/yoast-seo-wordpress\/ -->\n<title>Earl Grey Grand Parfum, luomu - Teehelmi.fi - Teet sinun herkutteluhetkiisi<\/title>\n<meta name=\"robots\" content=\"index, follow, max-snippet:-1, max-image-preview:large, max-video-preview:-1\" \/>\n<link rel=\"canonical\" href=\"https:\/\/www.teehelmi.fi\/en\/kauppa\/earl-grey-grand-parfum-luomu\/\" \/>\n<meta property=\"og:locale\" content=\"en_US\" \/>\n<meta property=\"og:type\" content=\"article\" \/>\n<meta property=\"og:title\" content=\"Earl Grey Grand Parfum, luomu - Teehelmi.fi - Teet sinun herkutteluhetkiisi\" \/>\n<meta property=\"og:description\" content=\"Luomutee voimakkaan Earl Greyn yst\u00e4ville.\" \/>\n<meta property=\"og:url\" content=\"https:\/\/www.teehelmi.fi\/en\/kauppa\/earl-grey-grand-parfum-luomu\/\" \/>\n<meta property=\"og:site_name\" content=\"Teehelmi.fi\" \/>\n<meta property=\"article:publisher\" content=\"https:\/\/www.facebook.com\/TeeHelmi.Fi\" \/>\n<meta property=\"article:modified_time\" content=\"2025-10-31T11:49:10+00:00\" \/>\n<meta property=\"og:image\" content=\"https:\/\/assets.teehelmi.fi\/2025\/04\/60004-Earl-Grey-Grand-Parfum-e1492781314201.jpg\" \/>\n\t<meta property=\"og:image:width\" content=\"1300\" \/>\n\t<meta property=\"og:image:height\" content=\"1333\" \/>\n\t<meta property=\"og:image:type\" content=\"image\/jpeg\" \/>\n<meta name=\"twitter:card\" content=\"summary_large_image\" \/>\n<meta name=\"twitter:label1\" content=\"Est. reading time\" \/>\n\t<meta name=\"twitter:data1\" content=\"1 minute\" \/>\n<script type=\"application\/ld+json\" class=\"yoast-schema-graph\">{\"@context\":\"https:\/\/schema.org\",\"@graph\":[{\"@type\":\"WebPage\",\"@id\":\"https:\/\/www.teehelmi.fi\/en\/kauppa\/earl-grey-grand-parfum-luomu\/\",\"url\":\"https:\/\/www.teehelmi.fi\/en\/kauppa\/earl-grey-grand-parfum-luomu\/\",\"name\":\"Earl Grey Grand Parfum, luomu - Teehelmi.fi - Teet sinun herkutteluhetkiisi\",\"isPartOf\":{\"@id\":\"https:\/\/www.teehelmi.fi\/en\/#website\"},\"primaryImageOfPage\":{\"@id\":\"https:\/\/www.teehelmi.fi\/en\/kauppa\/earl-grey-grand-parfum-luomu\/#primaryimage\"},\"image\":{\"@id\":\"https:\/\/www.teehelmi.fi\/en\/kauppa\/earl-grey-grand-parfum-luomu\/#primaryimage\"},\"thumbnailUrl\":\"https:\/\/assets.teehelmi.fi\/2025\/04\/60004-Earl-Grey-Grand-Parfum-e1492781314201.jpg\",\"datePublished\":\"2025-04-23T15:38:16+00:00\",\"dateModified\":\"2025-10-31T11:49:10+00:00\",\"breadcrumb\":{\"@id\":\"https:\/\/www.teehelmi.fi\/en\/kauppa\/earl-grey-grand-parfum-luomu\/#breadcrumb\"},\"inLanguage\":\"en-US\",\"potentialAction\":[{\"@type\":\"ReadAction\",\"target\":[\"https:\/\/www.teehelmi.fi\/en\/kauppa\/earl-grey-grand-parfum-luomu\/\"]}]},{\"@type\":\"ImageObject\",\"inLanguage\":\"en-US\",\"@id\":\"https:\/\/www.teehelmi.fi\/en\/kauppa\/earl-grey-grand-parfum-luomu\/#primaryimage\",\"url\":\"https:\/\/assets.teehelmi.fi\/2025\/04\/60004-Earl-Grey-Grand-Parfum-e1492781314201.jpg\",\"contentUrl\":\"https:\/\/assets.teehelmi.fi\/2025\/04\/60004-Earl-Grey-Grand-Parfum-e1492781314201.jpg\",\"width\":1300,\"height\":1333},{\"@type\":\"BreadcrumbList\",\"@id\":\"https:\/\/www.teehelmi.fi\/en\/kauppa\/earl-grey-grand-parfum-luomu\/#breadcrumb\",\"itemListElement\":[{\"@type\":\"ListItem\",\"position\":1,\"name\":\"Etusivu\",\"item\":\"https:\/\/www.teehelmi.fi\/en\/teehelmi-fi-delicious-moments-since-1983\/\"},{\"@type\":\"ListItem\",\"position\":2,\"name\":\"Kauppa\",\"item\":\"https:\/\/www.teehelmi.fi\/kauppa\/\"},{\"@type\":\"ListItem\",\"position\":3,\"name\":\"Earl Grey Grand Parfum, luomu\"}]},{\"@type\":\"WebSite\",\"@id\":\"https:\/\/www.teehelmi.fi\/en\/#website\",\"url\":\"https:\/\/www.teehelmi.fi\/en\/\",\"name\":\"Teehelmi.fi\",\"description\":\"Herkutteluhetki\u00e4 sinulle historian keskell\u00e4, vuodesta 1983.\",\"publisher\":{\"@id\":\"https:\/\/www.teehelmi.fi\/en\/#organization\"},\"potentialAction\":[{\"@type\":\"SearchAction\",\"target\":{\"@type\":\"EntryPoint\",\"urlTemplate\":\"https:\/\/www.teehelmi.fi\/en\/?s={search_term_string}\"},\"query-input\":{\"@type\":\"PropertyValueSpecification\",\"valueRequired\":true,\"valueName\":\"search_term_string\"}}],\"inLanguage\":\"en-US\"},{\"@type\":\"Organization\",\"@id\":\"https:\/\/www.teehelmi.fi\/en\/#organization\",\"name\":\"Teehelmi\",\"alternateName\":\"Tee- ja Kahvihuone Helmi Oy\",\"url\":\"https:\/\/www.teehelmi.fi\/en\/\",\"logo\":{\"@type\":\"ImageObject\",\"inLanguage\":\"en-US\",\"@id\":\"https:\/\/www.teehelmi.fi\/en\/#\/schema\/logo\/image\/\",\"url\":\"https:\/\/assets.teehelmi.fi\/2023\/11\/teehelmi-logo-scaled.webp\",\"contentUrl\":\"https:\/\/assets.teehelmi.fi\/2023\/11\/teehelmi-logo-scaled.webp\",\"width\":2560,\"height\":2358,\"caption\":\"Teehelmi\"},\"image\":{\"@id\":\"https:\/\/www.teehelmi.fi\/en\/#\/schema\/logo\/image\/\"},\"sameAs\":[\"https:\/\/www.facebook.com\/TeeHelmi.Fi\"]}]}<\/script>\n<!-- \/ Yoast SEO plugin. -->","yoast_head_json":{"title":"Earl Grey Grand Parfum, luomu - Teehelmi.fi - Teet sinun herkutteluhetkiisi","robots":{"index":"index","follow":"follow","max-snippet":"max-snippet:-1","max-image-preview":"max-image-preview:large","max-video-preview":"max-video-preview:-1"},"canonical":"https:\/\/www.teehelmi.fi\/en\/kauppa\/earl-grey-grand-parfum-luomu\/","og_locale":"en_US","og_type":"article","og_title":"Earl Grey Grand Parfum, luomu - Teehelmi.fi - Teet sinun herkutteluhetkiisi","og_description":"Luomutee voimakkaan Earl Greyn yst\u00e4ville.","og_url":"https:\/\/www.teehelmi.fi\/en\/kauppa\/earl-grey-grand-parfum-luomu\/","og_site_name":"Teehelmi.fi","article_publisher":"https:\/\/www.facebook.com\/TeeHelmi.Fi","article_modified_time":"2025-10-31T11:49:10+00:00","og_image":[{"width":1300,"height":1333,"url":"https:\/\/assets.teehelmi.fi\/2025\/04\/60004-Earl-Grey-Grand-Parfum-e1492781314201.jpg","type":"image\/jpeg"}],"twitter_card":"summary_large_image","twitter_misc":{"Est. reading time":"1 minute"},"schema":{"@context":"https:\/\/schema.org","@graph":[{"@type":"WebPage","@id":"https:\/\/www.teehelmi.fi\/en\/kauppa\/earl-grey-grand-parfum-luomu\/","url":"https:\/\/www.teehelmi.fi\/en\/kauppa\/earl-grey-grand-parfum-luomu\/","name":"Earl Grey Grand Parfum, luomu - Teehelmi.fi - Teet sinun herkutteluhetkiisi","isPartOf":{"@id":"https:\/\/www.teehelmi.fi\/en\/#website"},"primaryImageOfPage":{"@id":"https:\/\/www.teehelmi.fi\/en\/kauppa\/earl-grey-grand-parfum-luomu\/#primaryimage"},"image":{"@id":"https:\/\/www.teehelmi.fi\/en\/kauppa\/earl-grey-grand-parfum-luomu\/#primaryimage"},"thumbnailUrl":"https:\/\/assets.teehelmi.fi\/2025\/04\/60004-Earl-Grey-Grand-Parfum-e1492781314201.jpg","datePublished":"2025-04-23T15:38:16+00:00","dateModified":"2025-10-31T11:49:10+00:00","breadcrumb":{"@id":"https:\/\/www.teehelmi.fi\/en\/kauppa\/earl-grey-grand-parfum-luomu\/#breadcrumb"},"inLanguage":"en-US","potentialAction":[{"@type":"ReadAction","target":["https:\/\/www.teehelmi.fi\/en\/kauppa\/earl-grey-grand-parfum-luomu\/"]}]},{"@type":"ImageObject","inLanguage":"en-US","@id":"https:\/\/www.teehelmi.fi\/en\/kauppa\/earl-grey-grand-parfum-luomu\/#primaryimage","url":"https:\/\/assets.teehelmi.fi\/2025\/04\/60004-Earl-Grey-Grand-Parfum-e1492781314201.jpg","contentUrl":"https:\/\/assets.teehelmi.fi\/2025\/04\/60004-Earl-Grey-Grand-Parfum-e1492781314201.jpg","width":1300,"height":1333},{"@type":"BreadcrumbList","@id":"https:\/\/www.teehelmi.fi\/en\/kauppa\/earl-grey-grand-parfum-luomu\/#breadcrumb","itemListElement":[{"@type":"ListItem","position":1,"name":"Etusivu","item":"https:\/\/www.teehelmi.fi\/en\/teehelmi-fi-delicious-moments-since-1983\/"},{"@type":"ListItem","position":2,"name":"Kauppa","item":"https:\/\/www.teehelmi.fi\/kauppa\/"},{"@type":"ListItem","position":3,"name":"Earl Grey Grand Parfum, luomu"}]},{"@type":"WebSite","@id":"https:\/\/www.teehelmi.fi\/en\/#website","url":"https:\/\/www.teehelmi.fi\/en\/","name":"Teehelmi.fi","description":"Herkutteluhetki\u00e4 sinulle historian keskell\u00e4, vuodesta 1983.","publisher":{"@id":"https:\/\/www.teehelmi.fi\/en\/#organization"},"potentialAction":[{"@type":"SearchAction","target":{"@type":"EntryPoint","urlTemplate":"https:\/\/www.teehelmi.fi\/en\/?s={search_term_string}"},"query-input":{"@type":"PropertyValueSpecification","valueRequired":true,"valueName":"search_term_string"}}],"inLanguage":"en-US"},{"@type":"Organization","@id":"https:\/\/www.teehelmi.fi\/en\/#organization","name":"Teehelmi","alternateName":"Tee- ja Kahvihuone Helmi Oy","url":"https:\/\/www.teehelmi.fi\/en\/","logo":{"@type":"ImageObject","inLanguage":"en-US","@id":"https:\/\/www.teehelmi.fi\/en\/#\/schema\/logo\/image\/","url":"https:\/\/assets.teehelmi.fi\/2023\/11\/teehelmi-logo-scaled.webp","contentUrl":"https:\/\/assets.teehelmi.fi\/2023\/11\/teehelmi-logo-scaled.webp","width":2560,"height":2358,"caption":"Teehelmi"},"image":{"@id":"https:\/\/www.teehelmi.fi\/en\/#\/schema\/logo\/image\/"},"sameAs":["https:\/\/www.facebook.com\/TeeHelmi.Fi"]}]}},"_links":{"self":[{"href":"https:\/\/www.teehelmi.fi\/en\/wp-json\/wp\/v2\/product\/31073","targetHints":{"allow":["GET"]}}],"collection":[{"href":"https:\/\/www.teehelmi.fi\/en\/wp-json\/wp\/v2\/product"}],"about":[{"href":"https:\/\/www.teehelmi.fi\/en\/wp-json\/wp\/v2\/types\/product"}],"version-history":[{"count":0,"href":"https:\/\/www.teehelmi.fi\/en\/wp-json\/wp\/v2\/product\/31073\/revisions"}],"wp:featuredmedia":[{"embeddable":true,"href":"https:\/\/www.teehelmi.fi\/en\/wp-json\/wp\/v2\/media\/31118"}],"wp:attachment":[{"href":"https:\/\/www.teehelmi.fi\/en\/wp-json\/wp\/v2\/media?parent=31073"}],"wp:term":[{"taxonomy":"product_brand","embeddable":true,"href":"https:\/\/www.teehelmi.fi\/en\/wp-json\/wp\/v2\/product_brand?post=31073"},{"taxonomy":"product_cat","embeddable":true,"href":"https:\/\/www.teehelmi.fi\/en\/wp-json\/wp\/v2\/product_cat?post=31073"},{"taxonomy":"product_tag","embeddable":true,"href":"https:\/\/www.teehelmi.fi\/en\/wp-json\/wp\/v2\/product_tag?post=31073"}],"curies":[{"name":"wp","href":"https:\/\/api.w.org\/{rel}","templated":true}]}}