{"id":31103,"date":"2025-04-23T17:39:04","date_gmt":"2025-04-23T15:39:04","guid":{"rendered":"https:\/\/www1.teehelmi.fi\/?post_type=product&#038;p=31103"},"modified":"2025-04-23T17:39:19","modified_gmt":"2025-04-23T15:39:19","slug":"porvoo-musta-maustettu-tee-100g","status":"publish","type":"product","link":"https:\/\/www.teehelmi.fi\/en\/kauppa\/porvoo-musta-maustettu-tee-100g\/","title":{"rendered":"Porvoo &#8211; musta maustettu tee 100g"},"content":{"rendered":"<p><strong>Porvoo &#8211; Musta maustettu tee<\/strong><\/p>\n<p>Teehelmen nimikkoteesekoitus Porvoo-tee on omistettu rakkaalle kotikaupungillemme, mist\u00e4 kaikki on l\u00e4ht\u00f6isin. Pitk\u00e4n historian omaava Porvoo on t\u00e4ynn\u00e4 hurmaavia yksityiskohtia, esimerkiksi pussin kuvassa oleva raatihuone on Suomen vanhin olemassa oleva raatihuone. Raatihuoneentori on ainoa ehyt s\u00e4ilynyt 1700-luvun torikokonaisuus Suomessa.<\/p>\n<p>Porvoo Blend on musta tee maustettuna mangolla, mansikalla ja appelsiinilla, luoden tasaisen makean, klassisen kokonaisuuden.<\/p>\n<p>Haudutusohje: 2 tlk\/kuppi, 95c vesi, 3 min, 1 haudutuskerta. Ainesosat: Musta tee, luonnolliset aromit, safflorinkukan ter\u00e4lehdet, appelsiininkuori, ruusun ter\u00e4lehti, ruiskukan ter\u00e4lehti ja auringonkukan ter\u00e4lehti.<\/p>\n<p>Valmistettu Suomessa TeeHelmen omassa toimipisteess\u00e4. Sekoituksen on suunnittelut Leo Kallio.<\/p>\n","protected":false},"excerpt":{"rendered":"<p>Porvoo &#8211; Musta maustettu tee Teehelmen nimikkoteesekoitus Porvoo-tee on omistettu rakkaalle kotikaupungillemme, mist\u00e4 kaikki on l\u00e4ht\u00f6isin. Pitk\u00e4n historian omaava Porvoo on t\u00e4ynn\u00e4 hurmaavia yksityiskohtia, esimerkiksi pussin kuvassa oleva raatihuone on Suomen vanhin olemassa oleva raatihuone. Raatihuoneentori on ainoa ehyt s\u00e4ilynyt 1700-luvun torikokonaisuus Suomessa. Porvoo Blend on musta tee maustettuna mangolla, mansikalla ja appelsiinilla, luoden tasaisen&hellip;<\/p>\n","protected":false},"featured_media":31124,"template":"","meta":[],"product_brand":[],"product_cat":[237,238,239,240],"product_tag":[39,44,49],"class_list":{"0":"post-31103","1":"product","2":"type-product","3":"status-publish","4":"has-post-thumbnail","6":"product_cat-maustettu-musta-tee","7":"product_cat-maustettu-tee","8":"product_cat-teehelmen-sekoitukset-maustettu-tee","9":"product_cat-teekauppiaan-suositukset","10":"product_tag-irtotee","11":"product_tag-musta-tee","12":"product_tag-teesekoitus","13":"description-off","15":"first","16":"instock","17":"taxable","18":"shipping-taxable","19":"purchasable","20":"product-type-simple"},"exclude_global_add_ons":[],"addons":[],"yoast_head":"<!-- This site is optimized with the Yoast SEO plugin v27.2 - https:\/\/yoast.com\/product\/yoast-seo-wordpress\/ -->\n<title>Porvoo - musta maustettu tee 100g - Teehelmi.fi - Teet sinun herkutteluhetkiisi<\/title>\n<meta name=\"robots\" content=\"index, follow, max-snippet:-1, max-image-preview:large, max-video-preview:-1\" \/>\n<link rel=\"canonical\" href=\"https:\/\/www.teehelmi.fi\/en\/kauppa\/porvoo-musta-maustettu-tee-100g\/\" \/>\n<meta property=\"og:locale\" content=\"en_US\" \/>\n<meta property=\"og:type\" content=\"article\" \/>\n<meta property=\"og:title\" content=\"Porvoo - musta maustettu tee 100g - Teehelmi.fi - Teet sinun herkutteluhetkiisi\" \/>\n<meta property=\"og:description\" content=\"Porvoo &#8211; Musta maustettu tee Teehelmen nimikkoteesekoitus Porvoo-tee on omistettu rakkaalle kotikaupungillemme, mist\u00e4 kaikki on l\u00e4ht\u00f6isin. Pitk\u00e4n historian omaava Porvoo on t\u00e4ynn\u00e4 hurmaavia yksityiskohtia, esimerkiksi pussin kuvassa oleva raatihuone on Suomen vanhin olemassa oleva raatihuone. Raatihuoneentori on ainoa ehyt s\u00e4ilynyt 1700-luvun torikokonaisuus Suomessa. Porvoo Blend on musta tee maustettuna mangolla, mansikalla ja appelsiinilla, luoden tasaisen&hellip;\" \/>\n<meta property=\"og:url\" content=\"https:\/\/www.teehelmi.fi\/en\/kauppa\/porvoo-musta-maustettu-tee-100g\/\" \/>\n<meta property=\"og:site_name\" content=\"Teehelmi.fi\" \/>\n<meta property=\"article:publisher\" content=\"https:\/\/www.facebook.com\/TeeHelmi.Fi\" \/>\n<meta property=\"article:modified_time\" content=\"2025-04-23T15:39:19+00:00\" \/>\n<meta property=\"og:image\" content=\"https:\/\/assets.teehelmi.fi\/2025\/04\/Porvoo-Tee-Blend.png\" \/>\n\t<meta property=\"og:image:width\" content=\"1200\" \/>\n\t<meta property=\"og:image:height\" content=\"1200\" \/>\n\t<meta property=\"og:image:type\" content=\"image\/png\" \/>\n<meta name=\"twitter:card\" content=\"summary_large_image\" \/>\n<meta name=\"twitter:label1\" content=\"Est. reading time\" \/>\n\t<meta name=\"twitter:data1\" content=\"1 minute\" \/>\n<script type=\"application\/ld+json\" class=\"yoast-schema-graph\">{\"@context\":\"https:\/\/schema.org\",\"@graph\":[{\"@type\":\"WebPage\",\"@id\":\"https:\/\/www.teehelmi.fi\/en\/kauppa\/porvoo-musta-maustettu-tee-100g\/\",\"url\":\"https:\/\/www.teehelmi.fi\/en\/kauppa\/porvoo-musta-maustettu-tee-100g\/\",\"name\":\"Porvoo - musta maustettu tee 100g - Teehelmi.fi - Teet sinun herkutteluhetkiisi\",\"isPartOf\":{\"@id\":\"https:\/\/www.teehelmi.fi\/en\/#website\"},\"primaryImageOfPage\":{\"@id\":\"https:\/\/www.teehelmi.fi\/en\/kauppa\/porvoo-musta-maustettu-tee-100g\/#primaryimage\"},\"image\":{\"@id\":\"https:\/\/www.teehelmi.fi\/en\/kauppa\/porvoo-musta-maustettu-tee-100g\/#primaryimage\"},\"thumbnailUrl\":\"https:\/\/assets.teehelmi.fi\/2025\/04\/Porvoo-Tee-Blend.png\",\"datePublished\":\"2025-04-23T15:39:04+00:00\",\"dateModified\":\"2025-04-23T15:39:19+00:00\",\"breadcrumb\":{\"@id\":\"https:\/\/www.teehelmi.fi\/en\/kauppa\/porvoo-musta-maustettu-tee-100g\/#breadcrumb\"},\"inLanguage\":\"en-US\",\"potentialAction\":[{\"@type\":\"ReadAction\",\"target\":[\"https:\/\/www.teehelmi.fi\/en\/kauppa\/porvoo-musta-maustettu-tee-100g\/\"]}]},{\"@type\":\"ImageObject\",\"inLanguage\":\"en-US\",\"@id\":\"https:\/\/www.teehelmi.fi\/en\/kauppa\/porvoo-musta-maustettu-tee-100g\/#primaryimage\",\"url\":\"https:\/\/assets.teehelmi.fi\/2025\/04\/Porvoo-Tee-Blend.png\",\"contentUrl\":\"https:\/\/assets.teehelmi.fi\/2025\/04\/Porvoo-Tee-Blend.png\",\"width\":1200,\"height\":1200},{\"@type\":\"BreadcrumbList\",\"@id\":\"https:\/\/www.teehelmi.fi\/en\/kauppa\/porvoo-musta-maustettu-tee-100g\/#breadcrumb\",\"itemListElement\":[{\"@type\":\"ListItem\",\"position\":1,\"name\":\"Etusivu\",\"item\":\"https:\/\/www.teehelmi.fi\/en\/teehelmi-fi-delicious-moments-since-1983\/\"},{\"@type\":\"ListItem\",\"position\":2,\"name\":\"Kauppa\",\"item\":\"https:\/\/www.teehelmi.fi\/kauppa\/\"},{\"@type\":\"ListItem\",\"position\":3,\"name\":\"Porvoo &#8211; musta maustettu tee 100g\"}]},{\"@type\":\"WebSite\",\"@id\":\"https:\/\/www.teehelmi.fi\/en\/#website\",\"url\":\"https:\/\/www.teehelmi.fi\/en\/\",\"name\":\"Teehelmi.fi\",\"description\":\"Herkutteluhetki\u00e4 sinulle historian keskell\u00e4, vuodesta 1983.\",\"publisher\":{\"@id\":\"https:\/\/www.teehelmi.fi\/en\/#organization\"},\"potentialAction\":[{\"@type\":\"SearchAction\",\"target\":{\"@type\":\"EntryPoint\",\"urlTemplate\":\"https:\/\/www.teehelmi.fi\/en\/?s={search_term_string}\"},\"query-input\":{\"@type\":\"PropertyValueSpecification\",\"valueRequired\":true,\"valueName\":\"search_term_string\"}}],\"inLanguage\":\"en-US\"},{\"@type\":\"Organization\",\"@id\":\"https:\/\/www.teehelmi.fi\/en\/#organization\",\"name\":\"Teehelmi\",\"alternateName\":\"Tee- ja Kahvihuone Helmi Oy\",\"url\":\"https:\/\/www.teehelmi.fi\/en\/\",\"logo\":{\"@type\":\"ImageObject\",\"inLanguage\":\"en-US\",\"@id\":\"https:\/\/www.teehelmi.fi\/en\/#\/schema\/logo\/image\/\",\"url\":\"https:\/\/assets.teehelmi.fi\/2023\/11\/teehelmi-logo-scaled.webp\",\"contentUrl\":\"https:\/\/assets.teehelmi.fi\/2023\/11\/teehelmi-logo-scaled.webp\",\"width\":2560,\"height\":2358,\"caption\":\"Teehelmi\"},\"image\":{\"@id\":\"https:\/\/www.teehelmi.fi\/en\/#\/schema\/logo\/image\/\"},\"sameAs\":[\"https:\/\/www.facebook.com\/TeeHelmi.Fi\"]}]}<\/script>\n<!-- \/ Yoast SEO plugin. -->","yoast_head_json":{"title":"Porvoo - musta maustettu tee 100g - Teehelmi.fi - Teet sinun herkutteluhetkiisi","robots":{"index":"index","follow":"follow","max-snippet":"max-snippet:-1","max-image-preview":"max-image-preview:large","max-video-preview":"max-video-preview:-1"},"canonical":"https:\/\/www.teehelmi.fi\/en\/kauppa\/porvoo-musta-maustettu-tee-100g\/","og_locale":"en_US","og_type":"article","og_title":"Porvoo - musta maustettu tee 100g - Teehelmi.fi - Teet sinun herkutteluhetkiisi","og_description":"Porvoo &#8211; Musta maustettu tee Teehelmen nimikkoteesekoitus Porvoo-tee on omistettu rakkaalle kotikaupungillemme, mist\u00e4 kaikki on l\u00e4ht\u00f6isin. Pitk\u00e4n historian omaava Porvoo on t\u00e4ynn\u00e4 hurmaavia yksityiskohtia, esimerkiksi pussin kuvassa oleva raatihuone on Suomen vanhin olemassa oleva raatihuone. Raatihuoneentori on ainoa ehyt s\u00e4ilynyt 1700-luvun torikokonaisuus Suomessa. Porvoo Blend on musta tee maustettuna mangolla, mansikalla ja appelsiinilla, luoden tasaisen&hellip;","og_url":"https:\/\/www.teehelmi.fi\/en\/kauppa\/porvoo-musta-maustettu-tee-100g\/","og_site_name":"Teehelmi.fi","article_publisher":"https:\/\/www.facebook.com\/TeeHelmi.Fi","article_modified_time":"2025-04-23T15:39:19+00:00","og_image":[{"width":1200,"height":1200,"url":"https:\/\/assets.teehelmi.fi\/2025\/04\/Porvoo-Tee-Blend.png","type":"image\/png"}],"twitter_card":"summary_large_image","twitter_misc":{"Est. reading time":"1 minute"},"schema":{"@context":"https:\/\/schema.org","@graph":[{"@type":"WebPage","@id":"https:\/\/www.teehelmi.fi\/en\/kauppa\/porvoo-musta-maustettu-tee-100g\/","url":"https:\/\/www.teehelmi.fi\/en\/kauppa\/porvoo-musta-maustettu-tee-100g\/","name":"Porvoo - musta maustettu tee 100g - Teehelmi.fi - Teet sinun herkutteluhetkiisi","isPartOf":{"@id":"https:\/\/www.teehelmi.fi\/en\/#website"},"primaryImageOfPage":{"@id":"https:\/\/www.teehelmi.fi\/en\/kauppa\/porvoo-musta-maustettu-tee-100g\/#primaryimage"},"image":{"@id":"https:\/\/www.teehelmi.fi\/en\/kauppa\/porvoo-musta-maustettu-tee-100g\/#primaryimage"},"thumbnailUrl":"https:\/\/assets.teehelmi.fi\/2025\/04\/Porvoo-Tee-Blend.png","datePublished":"2025-04-23T15:39:04+00:00","dateModified":"2025-04-23T15:39:19+00:00","breadcrumb":{"@id":"https:\/\/www.teehelmi.fi\/en\/kauppa\/porvoo-musta-maustettu-tee-100g\/#breadcrumb"},"inLanguage":"en-US","potentialAction":[{"@type":"ReadAction","target":["https:\/\/www.teehelmi.fi\/en\/kauppa\/porvoo-musta-maustettu-tee-100g\/"]}]},{"@type":"ImageObject","inLanguage":"en-US","@id":"https:\/\/www.teehelmi.fi\/en\/kauppa\/porvoo-musta-maustettu-tee-100g\/#primaryimage","url":"https:\/\/assets.teehelmi.fi\/2025\/04\/Porvoo-Tee-Blend.png","contentUrl":"https:\/\/assets.teehelmi.fi\/2025\/04\/Porvoo-Tee-Blend.png","width":1200,"height":1200},{"@type":"BreadcrumbList","@id":"https:\/\/www.teehelmi.fi\/en\/kauppa\/porvoo-musta-maustettu-tee-100g\/#breadcrumb","itemListElement":[{"@type":"ListItem","position":1,"name":"Etusivu","item":"https:\/\/www.teehelmi.fi\/en\/teehelmi-fi-delicious-moments-since-1983\/"},{"@type":"ListItem","position":2,"name":"Kauppa","item":"https:\/\/www.teehelmi.fi\/kauppa\/"},{"@type":"ListItem","position":3,"name":"Porvoo &#8211; musta maustettu tee 100g"}]},{"@type":"WebSite","@id":"https:\/\/www.teehelmi.fi\/en\/#website","url":"https:\/\/www.teehelmi.fi\/en\/","name":"Teehelmi.fi","description":"Herkutteluhetki\u00e4 sinulle historian keskell\u00e4, vuodesta 1983.","publisher":{"@id":"https:\/\/www.teehelmi.fi\/en\/#organization"},"potentialAction":[{"@type":"SearchAction","target":{"@type":"EntryPoint","urlTemplate":"https:\/\/www.teehelmi.fi\/en\/?s={search_term_string}"},"query-input":{"@type":"PropertyValueSpecification","valueRequired":true,"valueName":"search_term_string"}}],"inLanguage":"en-US"},{"@type":"Organization","@id":"https:\/\/www.teehelmi.fi\/en\/#organization","name":"Teehelmi","alternateName":"Tee- ja Kahvihuone Helmi Oy","url":"https:\/\/www.teehelmi.fi\/en\/","logo":{"@type":"ImageObject","inLanguage":"en-US","@id":"https:\/\/www.teehelmi.fi\/en\/#\/schema\/logo\/image\/","url":"https:\/\/assets.teehelmi.fi\/2023\/11\/teehelmi-logo-scaled.webp","contentUrl":"https:\/\/assets.teehelmi.fi\/2023\/11\/teehelmi-logo-scaled.webp","width":2560,"height":2358,"caption":"Teehelmi"},"image":{"@id":"https:\/\/www.teehelmi.fi\/en\/#\/schema\/logo\/image\/"},"sameAs":["https:\/\/www.facebook.com\/TeeHelmi.Fi"]}]}},"_links":{"self":[{"href":"https:\/\/www.teehelmi.fi\/en\/wp-json\/wp\/v2\/product\/31103","targetHints":{"allow":["GET"]}}],"collection":[{"href":"https:\/\/www.teehelmi.fi\/en\/wp-json\/wp\/v2\/product"}],"about":[{"href":"https:\/\/www.teehelmi.fi\/en\/wp-json\/wp\/v2\/types\/product"}],"version-history":[{"count":0,"href":"https:\/\/www.teehelmi.fi\/en\/wp-json\/wp\/v2\/product\/31103\/revisions"}],"wp:featuredmedia":[{"embeddable":true,"href":"https:\/\/www.teehelmi.fi\/en\/wp-json\/wp\/v2\/media\/31124"}],"wp:attachment":[{"href":"https:\/\/www.teehelmi.fi\/en\/wp-json\/wp\/v2\/media?parent=31103"}],"wp:term":[{"taxonomy":"product_brand","embeddable":true,"href":"https:\/\/www.teehelmi.fi\/en\/wp-json\/wp\/v2\/product_brand?post=31103"},{"taxonomy":"product_cat","embeddable":true,"href":"https:\/\/www.teehelmi.fi\/en\/wp-json\/wp\/v2\/product_cat?post=31103"},{"taxonomy":"product_tag","embeddable":true,"href":"https:\/\/www.teehelmi.fi\/en\/wp-json\/wp\/v2\/product_tag?post=31103"}],"curies":[{"name":"wp","href":"https:\/\/api.w.org\/{rel}","templated":true}]}}