{"id":31143,"date":"2025-04-23T17:39:24","date_gmt":"2025-04-23T15:39:24","guid":{"rendered":"https:\/\/www1.teehelmi.fi\/?post_type=product&#038;p=31143"},"modified":"2025-04-23T17:40:11","modified_gmt":"2025-04-23T15:40:11","slug":"gunpowder-luomutee-kiina","status":"publish","type":"product","link":"https:\/\/www.teehelmi.fi\/en\/kauppa\/gunpowder-luomutee-kiina\/","title":{"rendered":"Gunpowder luomutee, Kiina"},"content":{"rendered":"<p><strong>Gunpowder &#8211; Luomutee vihre\u00e4, Kiina<br \/>\n<\/strong><\/p>\n<p><strong>Voimakkaan Yrttinen<\/strong><\/p>\n<p>Kiinalainen pieneksi rullattu <a href=\"https:\/\/teehelmi.fi\/kauppa\/osasto\/tee\/vihrea-tee\/\" target=\"_blank\" rel=\"noopener noreferrer\">vihre\u00e4 tee<\/a>, jonka maku on voimakkaan yrttinen. Gunpowder on pohjateen\u00e4 useimmissa minttuteesekoituksissa. Nimens\u00e4 se on saanut muodostaan, joka oli eurooppalaisten silm\u00e4\u00e4n samanlainen kuin ruuti, jota aseissa k\u00e4ytettiin.<\/p>\n<p><strong>6,80e\/100g<\/strong><\/p>\n<p>Haudutusohje: 1tlk\/20cl, 85c vesi, 3 min, 1 haudutuskerta<\/p>\n<p>Minimipakkausm\u00e4\u00e4r\u00e4 100 grammaa.<\/p>\n<p>Vertailuhinta 68,00e\/kg &#8211; kuppi (3g) 0,20 e<\/p>\n","protected":false},"excerpt":{"rendered":"<p><strong>Voimakkaan yrttinen Gunpowder-luomutee Kiinasta.<br \/>\n<\/strong><\/p>\n","protected":false},"featured_media":31172,"template":"","meta":[],"product_brand":[],"product_cat":[252,244,253],"product_tag":[113,39,41,112,95,106,54],"class_list":{"0":"post-31143","1":"product","2":"type-product","3":"status-publish","4":"has-post-thumbnail","6":"product_cat-kiina-makuja-maailmalta","7":"product_cat-maustamaton-tee","8":"product_cat-maustamaton-vihrea-tee","9":"product_tag-gunpowder-tee","10":"product_tag-irtotee","11":"product_tag-kiinalainen-tee","12":"product_tag-kiinalainen-vihrea-tee","13":"product_tag-luomutee","14":"product_tag-vihrea-luomutee","15":"product_tag-vihrea-tee","16":"pa_paino-100g","17":"pa_paino-150g","18":"pa_paino-200g","19":"pa_paino-50g","20":"description-off","22":"first","23":"instock","24":"taxable","25":"shipping-taxable","26":"purchasable","27":"product-type-variable"},"exclude_global_add_ons":[],"addons":[],"yoast_head":"<!-- This site is optimized with the Yoast SEO plugin v27.2 - https:\/\/yoast.com\/product\/yoast-seo-wordpress\/ -->\n<title>Gunpowder luomutee, Kiina - Teehelmi.fi - Teet sinun herkutteluhetkiisi<\/title>\n<meta name=\"robots\" content=\"index, follow, max-snippet:-1, max-image-preview:large, max-video-preview:-1\" \/>\n<link rel=\"canonical\" href=\"https:\/\/www.teehelmi.fi\/en\/kauppa\/gunpowder-luomutee-kiina\/\" \/>\n<meta property=\"og:locale\" content=\"en_US\" \/>\n<meta property=\"og:type\" content=\"article\" \/>\n<meta property=\"og:title\" content=\"Gunpowder luomutee, Kiina - Teehelmi.fi - Teet sinun herkutteluhetkiisi\" \/>\n<meta property=\"og:description\" content=\"Voimakkaan yrttinen Gunpowder-luomutee Kiinasta.\" \/>\n<meta property=\"og:url\" content=\"https:\/\/www.teehelmi.fi\/en\/kauppa\/gunpowder-luomutee-kiina\/\" \/>\n<meta property=\"og:site_name\" content=\"Teehelmi.fi\" \/>\n<meta property=\"article:publisher\" content=\"https:\/\/www.facebook.com\/TeeHelmi.Fi\" \/>\n<meta property=\"article:modified_time\" content=\"2025-04-23T15:40:11+00:00\" \/>\n<meta property=\"og:image\" content=\"https:\/\/assets.teehelmi.fi\/2025\/04\/30902-Gunpowder-luomu-e1493382400367.jpg\" \/>\n\t<meta property=\"og:image:width\" content=\"1300\" \/>\n\t<meta property=\"og:image:height\" content=\"1298\" \/>\n\t<meta property=\"og:image:type\" content=\"image\/jpeg\" \/>\n<meta name=\"twitter:card\" content=\"summary_large_image\" \/>\n<script type=\"application\/ld+json\" class=\"yoast-schema-graph\">{\"@context\":\"https:\/\/schema.org\",\"@graph\":[{\"@type\":\"WebPage\",\"@id\":\"https:\/\/www.teehelmi.fi\/en\/kauppa\/gunpowder-luomutee-kiina\/\",\"url\":\"https:\/\/www.teehelmi.fi\/en\/kauppa\/gunpowder-luomutee-kiina\/\",\"name\":\"Gunpowder luomutee, Kiina - Teehelmi.fi - Teet sinun herkutteluhetkiisi\",\"isPartOf\":{\"@id\":\"https:\/\/www.teehelmi.fi\/en\/#website\"},\"primaryImageOfPage\":{\"@id\":\"https:\/\/www.teehelmi.fi\/en\/kauppa\/gunpowder-luomutee-kiina\/#primaryimage\"},\"image\":{\"@id\":\"https:\/\/www.teehelmi.fi\/en\/kauppa\/gunpowder-luomutee-kiina\/#primaryimage\"},\"thumbnailUrl\":\"https:\/\/assets.teehelmi.fi\/2025\/04\/30902-Gunpowder-luomu-e1493382400367.jpg\",\"datePublished\":\"2025-04-23T15:39:24+00:00\",\"dateModified\":\"2025-04-23T15:40:11+00:00\",\"breadcrumb\":{\"@id\":\"https:\/\/www.teehelmi.fi\/en\/kauppa\/gunpowder-luomutee-kiina\/#breadcrumb\"},\"inLanguage\":\"en-US\",\"potentialAction\":[{\"@type\":\"ReadAction\",\"target\":[\"https:\/\/www.teehelmi.fi\/en\/kauppa\/gunpowder-luomutee-kiina\/\"]}]},{\"@type\":\"ImageObject\",\"inLanguage\":\"en-US\",\"@id\":\"https:\/\/www.teehelmi.fi\/en\/kauppa\/gunpowder-luomutee-kiina\/#primaryimage\",\"url\":\"https:\/\/assets.teehelmi.fi\/2025\/04\/30902-Gunpowder-luomu-e1493382400367.jpg\",\"contentUrl\":\"https:\/\/assets.teehelmi.fi\/2025\/04\/30902-Gunpowder-luomu-e1493382400367.jpg\",\"width\":1300,\"height\":1298},{\"@type\":\"BreadcrumbList\",\"@id\":\"https:\/\/www.teehelmi.fi\/en\/kauppa\/gunpowder-luomutee-kiina\/#breadcrumb\",\"itemListElement\":[{\"@type\":\"ListItem\",\"position\":1,\"name\":\"Etusivu\",\"item\":\"https:\/\/www.teehelmi.fi\/en\/teehelmi-fi-delicious-moments-since-1983\/\"},{\"@type\":\"ListItem\",\"position\":2,\"name\":\"Kauppa\",\"item\":\"https:\/\/www.teehelmi.fi\/kauppa\/\"},{\"@type\":\"ListItem\",\"position\":3,\"name\":\"Gunpowder luomutee, Kiina\"}]},{\"@type\":\"WebSite\",\"@id\":\"https:\/\/www.teehelmi.fi\/en\/#website\",\"url\":\"https:\/\/www.teehelmi.fi\/en\/\",\"name\":\"Teehelmi.fi\",\"description\":\"Herkutteluhetki\u00e4 sinulle historian keskell\u00e4, vuodesta 1983.\",\"publisher\":{\"@id\":\"https:\/\/www.teehelmi.fi\/en\/#organization\"},\"potentialAction\":[{\"@type\":\"SearchAction\",\"target\":{\"@type\":\"EntryPoint\",\"urlTemplate\":\"https:\/\/www.teehelmi.fi\/en\/?s={search_term_string}\"},\"query-input\":{\"@type\":\"PropertyValueSpecification\",\"valueRequired\":true,\"valueName\":\"search_term_string\"}}],\"inLanguage\":\"en-US\"},{\"@type\":\"Organization\",\"@id\":\"https:\/\/www.teehelmi.fi\/en\/#organization\",\"name\":\"Teehelmi\",\"alternateName\":\"Tee- ja Kahvihuone Helmi Oy\",\"url\":\"https:\/\/www.teehelmi.fi\/en\/\",\"logo\":{\"@type\":\"ImageObject\",\"inLanguage\":\"en-US\",\"@id\":\"https:\/\/www.teehelmi.fi\/en\/#\/schema\/logo\/image\/\",\"url\":\"https:\/\/assets.teehelmi.fi\/2023\/11\/teehelmi-logo-scaled.webp\",\"contentUrl\":\"https:\/\/assets.teehelmi.fi\/2023\/11\/teehelmi-logo-scaled.webp\",\"width\":2560,\"height\":2358,\"caption\":\"Teehelmi\"},\"image\":{\"@id\":\"https:\/\/www.teehelmi.fi\/en\/#\/schema\/logo\/image\/\"},\"sameAs\":[\"https:\/\/www.facebook.com\/TeeHelmi.Fi\"]}]}<\/script>\n<!-- \/ Yoast SEO plugin. -->","yoast_head_json":{"title":"Gunpowder luomutee, Kiina - Teehelmi.fi - Teet sinun herkutteluhetkiisi","robots":{"index":"index","follow":"follow","max-snippet":"max-snippet:-1","max-image-preview":"max-image-preview:large","max-video-preview":"max-video-preview:-1"},"canonical":"https:\/\/www.teehelmi.fi\/en\/kauppa\/gunpowder-luomutee-kiina\/","og_locale":"en_US","og_type":"article","og_title":"Gunpowder luomutee, Kiina - Teehelmi.fi - Teet sinun herkutteluhetkiisi","og_description":"Voimakkaan yrttinen Gunpowder-luomutee Kiinasta.","og_url":"https:\/\/www.teehelmi.fi\/en\/kauppa\/gunpowder-luomutee-kiina\/","og_site_name":"Teehelmi.fi","article_publisher":"https:\/\/www.facebook.com\/TeeHelmi.Fi","article_modified_time":"2025-04-23T15:40:11+00:00","og_image":[{"width":1300,"height":1298,"url":"https:\/\/assets.teehelmi.fi\/2025\/04\/30902-Gunpowder-luomu-e1493382400367.jpg","type":"image\/jpeg"}],"twitter_card":"summary_large_image","schema":{"@context":"https:\/\/schema.org","@graph":[{"@type":"WebPage","@id":"https:\/\/www.teehelmi.fi\/en\/kauppa\/gunpowder-luomutee-kiina\/","url":"https:\/\/www.teehelmi.fi\/en\/kauppa\/gunpowder-luomutee-kiina\/","name":"Gunpowder luomutee, Kiina - Teehelmi.fi - Teet sinun herkutteluhetkiisi","isPartOf":{"@id":"https:\/\/www.teehelmi.fi\/en\/#website"},"primaryImageOfPage":{"@id":"https:\/\/www.teehelmi.fi\/en\/kauppa\/gunpowder-luomutee-kiina\/#primaryimage"},"image":{"@id":"https:\/\/www.teehelmi.fi\/en\/kauppa\/gunpowder-luomutee-kiina\/#primaryimage"},"thumbnailUrl":"https:\/\/assets.teehelmi.fi\/2025\/04\/30902-Gunpowder-luomu-e1493382400367.jpg","datePublished":"2025-04-23T15:39:24+00:00","dateModified":"2025-04-23T15:40:11+00:00","breadcrumb":{"@id":"https:\/\/www.teehelmi.fi\/en\/kauppa\/gunpowder-luomutee-kiina\/#breadcrumb"},"inLanguage":"en-US","potentialAction":[{"@type":"ReadAction","target":["https:\/\/www.teehelmi.fi\/en\/kauppa\/gunpowder-luomutee-kiina\/"]}]},{"@type":"ImageObject","inLanguage":"en-US","@id":"https:\/\/www.teehelmi.fi\/en\/kauppa\/gunpowder-luomutee-kiina\/#primaryimage","url":"https:\/\/assets.teehelmi.fi\/2025\/04\/30902-Gunpowder-luomu-e1493382400367.jpg","contentUrl":"https:\/\/assets.teehelmi.fi\/2025\/04\/30902-Gunpowder-luomu-e1493382400367.jpg","width":1300,"height":1298},{"@type":"BreadcrumbList","@id":"https:\/\/www.teehelmi.fi\/en\/kauppa\/gunpowder-luomutee-kiina\/#breadcrumb","itemListElement":[{"@type":"ListItem","position":1,"name":"Etusivu","item":"https:\/\/www.teehelmi.fi\/en\/teehelmi-fi-delicious-moments-since-1983\/"},{"@type":"ListItem","position":2,"name":"Kauppa","item":"https:\/\/www.teehelmi.fi\/kauppa\/"},{"@type":"ListItem","position":3,"name":"Gunpowder luomutee, Kiina"}]},{"@type":"WebSite","@id":"https:\/\/www.teehelmi.fi\/en\/#website","url":"https:\/\/www.teehelmi.fi\/en\/","name":"Teehelmi.fi","description":"Herkutteluhetki\u00e4 sinulle historian keskell\u00e4, vuodesta 1983.","publisher":{"@id":"https:\/\/www.teehelmi.fi\/en\/#organization"},"potentialAction":[{"@type":"SearchAction","target":{"@type":"EntryPoint","urlTemplate":"https:\/\/www.teehelmi.fi\/en\/?s={search_term_string}"},"query-input":{"@type":"PropertyValueSpecification","valueRequired":true,"valueName":"search_term_string"}}],"inLanguage":"en-US"},{"@type":"Organization","@id":"https:\/\/www.teehelmi.fi\/en\/#organization","name":"Teehelmi","alternateName":"Tee- ja Kahvihuone Helmi Oy","url":"https:\/\/www.teehelmi.fi\/en\/","logo":{"@type":"ImageObject","inLanguage":"en-US","@id":"https:\/\/www.teehelmi.fi\/en\/#\/schema\/logo\/image\/","url":"https:\/\/assets.teehelmi.fi\/2023\/11\/teehelmi-logo-scaled.webp","contentUrl":"https:\/\/assets.teehelmi.fi\/2023\/11\/teehelmi-logo-scaled.webp","width":2560,"height":2358,"caption":"Teehelmi"},"image":{"@id":"https:\/\/www.teehelmi.fi\/en\/#\/schema\/logo\/image\/"},"sameAs":["https:\/\/www.facebook.com\/TeeHelmi.Fi"]}]}},"_links":{"self":[{"href":"https:\/\/www.teehelmi.fi\/en\/wp-json\/wp\/v2\/product\/31143","targetHints":{"allow":["GET"]}}],"collection":[{"href":"https:\/\/www.teehelmi.fi\/en\/wp-json\/wp\/v2\/product"}],"about":[{"href":"https:\/\/www.teehelmi.fi\/en\/wp-json\/wp\/v2\/types\/product"}],"version-history":[{"count":0,"href":"https:\/\/www.teehelmi.fi\/en\/wp-json\/wp\/v2\/product\/31143\/revisions"}],"wp:featuredmedia":[{"embeddable":true,"href":"https:\/\/www.teehelmi.fi\/en\/wp-json\/wp\/v2\/media\/31172"}],"wp:attachment":[{"href":"https:\/\/www.teehelmi.fi\/en\/wp-json\/wp\/v2\/media?parent=31143"}],"wp:term":[{"taxonomy":"product_brand","embeddable":true,"href":"https:\/\/www.teehelmi.fi\/en\/wp-json\/wp\/v2\/product_brand?post=31143"},{"taxonomy":"product_cat","embeddable":true,"href":"https:\/\/www.teehelmi.fi\/en\/wp-json\/wp\/v2\/product_cat?post=31143"},{"taxonomy":"product_tag","embeddable":true,"href":"https:\/\/www.teehelmi.fi\/en\/wp-json\/wp\/v2\/product_tag?post=31143"}],"curies":[{"name":"wp","href":"https:\/\/api.w.org\/{rel}","templated":true}]}}