{"id":31230,"date":"2025-04-23T17:40:15","date_gmt":"2025-04-23T15:40:15","guid":{"rendered":"https:\/\/www1.teehelmi.fi\/?post_type=product&#038;p=31230"},"modified":"2025-04-23T17:41:02","modified_gmt":"2025-04-23T15:41:02","slug":"ceylon-ruhunu-op1","status":"publish","type":"product","link":"https:\/\/www.teehelmi.fi\/en\/kauppa\/ceylon-ruhunu-op1\/","title":{"rendered":"Ceylon Ruhunu OP1"},"content":{"rendered":"<p><strong>Ruhunu OP1 &#8211; <\/strong><strong>Musta Ceylon tee, Intia<br \/>\n<\/strong><\/p>\n<p><strong>Voimakas &amp; Aromaattinen<\/strong><\/p>\n<p>T\u00e4m\u00e4 <a href=\"https:\/\/teehelmi.fi\/kauppa\/osasto\/tee\/\" target=\"_blank\" rel=\"noopener noreferrer\">tee<\/a> on kasvanut matalalla aivan keskell\u00e4 trooppista sademets\u00e4\u00e4.<\/p>\n<p>Erinomainen valinta <a href=\"https:\/\/teehelmi.fi\/avainsana\/vahva-musta-tee\/\" target=\"_blank\" rel=\"noopener noreferrer\">voimakkaamman mustan teen<\/a> yst\u00e4ville nautittuna ilman maitoa.<\/p>\n<p><strong>7,80e\/100g<\/strong><\/p>\n<p>Haudutusohje: 2tlk\/20cl, 95c vesi, 3 min, 1 haudutuskerta.<\/p>\n<p>Minimipakkausm\u00e4\u00e4r\u00e4 100 gr.<\/p>\n<p>Vertailuhinta 78,00e\/kg &#8211; kuppi (3g) 0,24 e<\/p>\n","protected":false},"excerpt":{"rendered":"<p><strong>Voimakas &amp; Aromaattinen <\/strong><strong>musta Ceylon-tee &#8211; Ruhunu OP1<\/strong><\/p>\n","protected":false},"featured_media":31274,"template":"","meta":[],"product_brand":[],"product_cat":[245,246,244],"product_tag":[61,39,44,64],"class_list":{"0":"post-31230","1":"product","2":"type-product","3":"status-publish","4":"has-post-thumbnail","6":"product_cat-ceylon-maustamaton-tee-tee","7":"product_cat-maustamaton-musta-tee","8":"product_cat-maustamaton-tee","9":"product_tag-ceylon-tee","10":"product_tag-irtotee","11":"product_tag-musta-tee","12":"product_tag-vahva-musta-tee","13":"pa_paino-100g","14":"pa_paino-150g","15":"pa_paino-200g","16":"pa_paino-50g","17":"description-off","19":"first","20":"instock","21":"taxable","22":"shipping-taxable","23":"purchasable","24":"product-type-variable"},"exclude_global_add_ons":[],"addons":[],"yoast_head":"<!-- This site is optimized with the Yoast SEO plugin v27.2 - https:\/\/yoast.com\/product\/yoast-seo-wordpress\/ -->\n<title>Ceylon Ruhunu OP1 - Teehelmi.fi - Teet sinun herkutteluhetkiisi<\/title>\n<meta name=\"robots\" content=\"index, follow, max-snippet:-1, max-image-preview:large, max-video-preview:-1\" \/>\n<link rel=\"canonical\" href=\"https:\/\/www.teehelmi.fi\/en\/kauppa\/ceylon-ruhunu-op1\/\" \/>\n<meta property=\"og:locale\" content=\"en_US\" \/>\n<meta property=\"og:type\" content=\"article\" \/>\n<meta property=\"og:title\" content=\"Ceylon Ruhunu OP1 - Teehelmi.fi - Teet sinun herkutteluhetkiisi\" \/>\n<meta property=\"og:description\" content=\"Voimakas &amp; Aromaattinen musta Ceylon-tee - Ruhunu OP1\" \/>\n<meta property=\"og:url\" content=\"https:\/\/www.teehelmi.fi\/en\/kauppa\/ceylon-ruhunu-op1\/\" \/>\n<meta property=\"og:site_name\" content=\"Teehelmi.fi\" \/>\n<meta property=\"article:publisher\" content=\"https:\/\/www.facebook.com\/TeeHelmi.Fi\" \/>\n<meta property=\"article:modified_time\" content=\"2025-04-23T15:41:02+00:00\" \/>\n<meta property=\"og:image\" content=\"https:\/\/assets.teehelmi.fi\/2025\/04\/12601-Ceylon-Ruhunu-OP1-e1514645796116.jpg\" \/>\n\t<meta property=\"og:image:width\" content=\"1300\" \/>\n\t<meta property=\"og:image:height\" content=\"1300\" \/>\n\t<meta property=\"og:image:type\" content=\"image\/jpeg\" \/>\n<meta name=\"twitter:card\" content=\"summary_large_image\" \/>\n<script type=\"application\/ld+json\" class=\"yoast-schema-graph\">{\"@context\":\"https:\/\/schema.org\",\"@graph\":[{\"@type\":\"WebPage\",\"@id\":\"https:\/\/www.teehelmi.fi\/en\/kauppa\/ceylon-ruhunu-op1\/\",\"url\":\"https:\/\/www.teehelmi.fi\/en\/kauppa\/ceylon-ruhunu-op1\/\",\"name\":\"Ceylon Ruhunu OP1 - Teehelmi.fi - Teet sinun herkutteluhetkiisi\",\"isPartOf\":{\"@id\":\"https:\/\/www.teehelmi.fi\/en\/#website\"},\"primaryImageOfPage\":{\"@id\":\"https:\/\/www.teehelmi.fi\/en\/kauppa\/ceylon-ruhunu-op1\/#primaryimage\"},\"image\":{\"@id\":\"https:\/\/www.teehelmi.fi\/en\/kauppa\/ceylon-ruhunu-op1\/#primaryimage\"},\"thumbnailUrl\":\"https:\/\/assets.teehelmi.fi\/2025\/04\/12601-Ceylon-Ruhunu-OP1-e1514645796116.jpg\",\"datePublished\":\"2025-04-23T15:40:15+00:00\",\"dateModified\":\"2025-04-23T15:41:02+00:00\",\"breadcrumb\":{\"@id\":\"https:\/\/www.teehelmi.fi\/en\/kauppa\/ceylon-ruhunu-op1\/#breadcrumb\"},\"inLanguage\":\"en-US\",\"potentialAction\":[{\"@type\":\"ReadAction\",\"target\":[\"https:\/\/www.teehelmi.fi\/en\/kauppa\/ceylon-ruhunu-op1\/\"]}]},{\"@type\":\"ImageObject\",\"inLanguage\":\"en-US\",\"@id\":\"https:\/\/www.teehelmi.fi\/en\/kauppa\/ceylon-ruhunu-op1\/#primaryimage\",\"url\":\"https:\/\/assets.teehelmi.fi\/2025\/04\/12601-Ceylon-Ruhunu-OP1-e1514645796116.jpg\",\"contentUrl\":\"https:\/\/assets.teehelmi.fi\/2025\/04\/12601-Ceylon-Ruhunu-OP1-e1514645796116.jpg\",\"width\":1300,\"height\":1300},{\"@type\":\"BreadcrumbList\",\"@id\":\"https:\/\/www.teehelmi.fi\/en\/kauppa\/ceylon-ruhunu-op1\/#breadcrumb\",\"itemListElement\":[{\"@type\":\"ListItem\",\"position\":1,\"name\":\"Etusivu\",\"item\":\"https:\/\/www.teehelmi.fi\/en\/teehelmi-fi-delicious-moments-since-1983\/\"},{\"@type\":\"ListItem\",\"position\":2,\"name\":\"Kauppa\",\"item\":\"https:\/\/www.teehelmi.fi\/kauppa\/\"},{\"@type\":\"ListItem\",\"position\":3,\"name\":\"Ceylon Ruhunu OP1\"}]},{\"@type\":\"WebSite\",\"@id\":\"https:\/\/www.teehelmi.fi\/en\/#website\",\"url\":\"https:\/\/www.teehelmi.fi\/en\/\",\"name\":\"Teehelmi.fi\",\"description\":\"Herkutteluhetki\u00e4 sinulle historian keskell\u00e4, vuodesta 1983.\",\"publisher\":{\"@id\":\"https:\/\/www.teehelmi.fi\/en\/#organization\"},\"potentialAction\":[{\"@type\":\"SearchAction\",\"target\":{\"@type\":\"EntryPoint\",\"urlTemplate\":\"https:\/\/www.teehelmi.fi\/en\/?s={search_term_string}\"},\"query-input\":{\"@type\":\"PropertyValueSpecification\",\"valueRequired\":true,\"valueName\":\"search_term_string\"}}],\"inLanguage\":\"en-US\"},{\"@type\":\"Organization\",\"@id\":\"https:\/\/www.teehelmi.fi\/en\/#organization\",\"name\":\"Teehelmi\",\"alternateName\":\"Tee- ja Kahvihuone Helmi Oy\",\"url\":\"https:\/\/www.teehelmi.fi\/en\/\",\"logo\":{\"@type\":\"ImageObject\",\"inLanguage\":\"en-US\",\"@id\":\"https:\/\/www.teehelmi.fi\/en\/#\/schema\/logo\/image\/\",\"url\":\"https:\/\/assets.teehelmi.fi\/2023\/11\/teehelmi-logo-scaled.webp\",\"contentUrl\":\"https:\/\/assets.teehelmi.fi\/2023\/11\/teehelmi-logo-scaled.webp\",\"width\":2560,\"height\":2358,\"caption\":\"Teehelmi\"},\"image\":{\"@id\":\"https:\/\/www.teehelmi.fi\/en\/#\/schema\/logo\/image\/\"},\"sameAs\":[\"https:\/\/www.facebook.com\/TeeHelmi.Fi\"]}]}<\/script>\n<!-- \/ Yoast SEO plugin. -->","yoast_head_json":{"title":"Ceylon Ruhunu OP1 - Teehelmi.fi - Teet sinun herkutteluhetkiisi","robots":{"index":"index","follow":"follow","max-snippet":"max-snippet:-1","max-image-preview":"max-image-preview:large","max-video-preview":"max-video-preview:-1"},"canonical":"https:\/\/www.teehelmi.fi\/en\/kauppa\/ceylon-ruhunu-op1\/","og_locale":"en_US","og_type":"article","og_title":"Ceylon Ruhunu OP1 - Teehelmi.fi - Teet sinun herkutteluhetkiisi","og_description":"Voimakas &amp; Aromaattinen musta Ceylon-tee - Ruhunu OP1","og_url":"https:\/\/www.teehelmi.fi\/en\/kauppa\/ceylon-ruhunu-op1\/","og_site_name":"Teehelmi.fi","article_publisher":"https:\/\/www.facebook.com\/TeeHelmi.Fi","article_modified_time":"2025-04-23T15:41:02+00:00","og_image":[{"width":1300,"height":1300,"url":"https:\/\/assets.teehelmi.fi\/2025\/04\/12601-Ceylon-Ruhunu-OP1-e1514645796116.jpg","type":"image\/jpeg"}],"twitter_card":"summary_large_image","schema":{"@context":"https:\/\/schema.org","@graph":[{"@type":"WebPage","@id":"https:\/\/www.teehelmi.fi\/en\/kauppa\/ceylon-ruhunu-op1\/","url":"https:\/\/www.teehelmi.fi\/en\/kauppa\/ceylon-ruhunu-op1\/","name":"Ceylon Ruhunu OP1 - Teehelmi.fi - Teet sinun herkutteluhetkiisi","isPartOf":{"@id":"https:\/\/www.teehelmi.fi\/en\/#website"},"primaryImageOfPage":{"@id":"https:\/\/www.teehelmi.fi\/en\/kauppa\/ceylon-ruhunu-op1\/#primaryimage"},"image":{"@id":"https:\/\/www.teehelmi.fi\/en\/kauppa\/ceylon-ruhunu-op1\/#primaryimage"},"thumbnailUrl":"https:\/\/assets.teehelmi.fi\/2025\/04\/12601-Ceylon-Ruhunu-OP1-e1514645796116.jpg","datePublished":"2025-04-23T15:40:15+00:00","dateModified":"2025-04-23T15:41:02+00:00","breadcrumb":{"@id":"https:\/\/www.teehelmi.fi\/en\/kauppa\/ceylon-ruhunu-op1\/#breadcrumb"},"inLanguage":"en-US","potentialAction":[{"@type":"ReadAction","target":["https:\/\/www.teehelmi.fi\/en\/kauppa\/ceylon-ruhunu-op1\/"]}]},{"@type":"ImageObject","inLanguage":"en-US","@id":"https:\/\/www.teehelmi.fi\/en\/kauppa\/ceylon-ruhunu-op1\/#primaryimage","url":"https:\/\/assets.teehelmi.fi\/2025\/04\/12601-Ceylon-Ruhunu-OP1-e1514645796116.jpg","contentUrl":"https:\/\/assets.teehelmi.fi\/2025\/04\/12601-Ceylon-Ruhunu-OP1-e1514645796116.jpg","width":1300,"height":1300},{"@type":"BreadcrumbList","@id":"https:\/\/www.teehelmi.fi\/en\/kauppa\/ceylon-ruhunu-op1\/#breadcrumb","itemListElement":[{"@type":"ListItem","position":1,"name":"Etusivu","item":"https:\/\/www.teehelmi.fi\/en\/teehelmi-fi-delicious-moments-since-1983\/"},{"@type":"ListItem","position":2,"name":"Kauppa","item":"https:\/\/www.teehelmi.fi\/kauppa\/"},{"@type":"ListItem","position":3,"name":"Ceylon Ruhunu OP1"}]},{"@type":"WebSite","@id":"https:\/\/www.teehelmi.fi\/en\/#website","url":"https:\/\/www.teehelmi.fi\/en\/","name":"Teehelmi.fi","description":"Herkutteluhetki\u00e4 sinulle historian keskell\u00e4, vuodesta 1983.","publisher":{"@id":"https:\/\/www.teehelmi.fi\/en\/#organization"},"potentialAction":[{"@type":"SearchAction","target":{"@type":"EntryPoint","urlTemplate":"https:\/\/www.teehelmi.fi\/en\/?s={search_term_string}"},"query-input":{"@type":"PropertyValueSpecification","valueRequired":true,"valueName":"search_term_string"}}],"inLanguage":"en-US"},{"@type":"Organization","@id":"https:\/\/www.teehelmi.fi\/en\/#organization","name":"Teehelmi","alternateName":"Tee- ja Kahvihuone Helmi Oy","url":"https:\/\/www.teehelmi.fi\/en\/","logo":{"@type":"ImageObject","inLanguage":"en-US","@id":"https:\/\/www.teehelmi.fi\/en\/#\/schema\/logo\/image\/","url":"https:\/\/assets.teehelmi.fi\/2023\/11\/teehelmi-logo-scaled.webp","contentUrl":"https:\/\/assets.teehelmi.fi\/2023\/11\/teehelmi-logo-scaled.webp","width":2560,"height":2358,"caption":"Teehelmi"},"image":{"@id":"https:\/\/www.teehelmi.fi\/en\/#\/schema\/logo\/image\/"},"sameAs":["https:\/\/www.facebook.com\/TeeHelmi.Fi"]}]}},"_links":{"self":[{"href":"https:\/\/www.teehelmi.fi\/en\/wp-json\/wp\/v2\/product\/31230","targetHints":{"allow":["GET"]}}],"collection":[{"href":"https:\/\/www.teehelmi.fi\/en\/wp-json\/wp\/v2\/product"}],"about":[{"href":"https:\/\/www.teehelmi.fi\/en\/wp-json\/wp\/v2\/types\/product"}],"version-history":[{"count":0,"href":"https:\/\/www.teehelmi.fi\/en\/wp-json\/wp\/v2\/product\/31230\/revisions"}],"wp:featuredmedia":[{"embeddable":true,"href":"https:\/\/www.teehelmi.fi\/en\/wp-json\/wp\/v2\/media\/31274"}],"wp:attachment":[{"href":"https:\/\/www.teehelmi.fi\/en\/wp-json\/wp\/v2\/media?parent=31230"}],"wp:term":[{"taxonomy":"product_brand","embeddable":true,"href":"https:\/\/www.teehelmi.fi\/en\/wp-json\/wp\/v2\/product_brand?post=31230"},{"taxonomy":"product_cat","embeddable":true,"href":"https:\/\/www.teehelmi.fi\/en\/wp-json\/wp\/v2\/product_cat?post=31230"},{"taxonomy":"product_tag","embeddable":true,"href":"https:\/\/www.teehelmi.fi\/en\/wp-json\/wp\/v2\/product_tag?post=31230"}],"curies":[{"name":"wp","href":"https:\/\/api.w.org\/{rel}","templated":true}]}}