{"id":31234,"date":"2025-04-23T17:40:15","date_gmt":"2025-04-23T15:40:15","guid":{"rendered":"https:\/\/www1.teehelmi.fi\/?post_type=product&#038;p=31234"},"modified":"2025-04-23T17:50:02","modified_gmt":"2025-04-23T15:50:02","slug":"kultainen-apina-yunnan-musta-tee","status":"publish","type":"product","link":"https:\/\/www.teehelmi.fi\/en\/kauppa\/kultainen-apina-yunnan-musta-tee\/","title":{"rendered":"Kultainen Apina &#8211; Yunnan, musta tee"},"content":{"rendered":"<p><strong>Kultainen Apina, Musta tee, Kiina, Yunnan<\/strong><\/p>\n<p><strong>Runsaan maltainen<\/strong><\/p>\n<p>T\u00e4m\u00e4 teen alkul\u00e4hteilt\u00e4 tuleva korkealaatuinen Yunnan-tee, tarjoaa monipuolisen makumaailman. Teen maussa voit erottaa vivahteita voimakkaista <a href=\"https:\/\/teehelmi.fi\/avainsana\/puer-tee\/\" target=\"_blank\" rel=\"noopener noreferrer\">pu\u2019erh-teelaaduista<\/a> ja makeutta <a href=\"https:\/\/teehelmi.fi\/avainsana\/kiinalainen-musta-tee\/\" target=\"_blank\" rel=\"noopener noreferrer\">kiinalaisen mustan teen laaduista<\/a>. Makukokonaisuus on runsas, maltainen ja siin\u00e4 on pitk\u00e4 sitruksinen j\u00e4lkimaku.<\/p>\n<p>Haudutusohje: 2 tlk\/20cl, 95c vesi, 3 min, haudutuskertoja 1-2<\/p>\n<p>Vertailuhinta 398,00\/kg \u2013 kuppi (3g) 1,20 e<\/p>\n","protected":false},"excerpt":{"rendered":"<p><strong>Korkealaatuinen musta tee, jossa runsaan maltainen maku.<br \/>\n<\/strong><\/p>\n","protected":false},"featured_media":31277,"template":"","meta":[],"product_brand":[],"product_cat":[252,246,244],"product_tag":[39,40,41,44],"class_list":{"0":"post-31234","1":"product","2":"type-product","3":"status-publish","4":"has-post-thumbnail","6":"product_cat-kiina-makuja-maailmalta","7":"product_cat-maustamaton-musta-tee","8":"product_cat-maustamaton-tee","9":"product_tag-irtotee","10":"product_tag-kiinalainen-musta-tee","11":"product_tag-kiinalainen-tee","12":"product_tag-musta-tee","13":"pa_paino-100g","14":"pa_paino-150g","15":"pa_paino-200g","16":"pa_paino-25g","17":"pa_paino-50g","18":"description-off","20":"first","21":"instock","22":"taxable","23":"shipping-taxable","24":"purchasable","25":"product-type-variable"},"exclude_global_add_ons":[],"addons":[],"yoast_head":"<!-- This site is optimized with the Yoast SEO plugin v27.2 - https:\/\/yoast.com\/product\/yoast-seo-wordpress\/ -->\n<title>Kultainen Apina - Yunnan, musta tee - Teehelmi.fi - Teet sinun herkutteluhetkiisi<\/title>\n<meta name=\"robots\" content=\"index, follow, max-snippet:-1, max-image-preview:large, max-video-preview:-1\" \/>\n<link rel=\"canonical\" href=\"https:\/\/www.teehelmi.fi\/en\/kauppa\/kultainen-apina-yunnan-musta-tee\/\" \/>\n<meta property=\"og:locale\" content=\"en_US\" \/>\n<meta property=\"og:type\" content=\"article\" \/>\n<meta property=\"og:title\" content=\"Kultainen Apina - Yunnan, musta tee - Teehelmi.fi - Teet sinun herkutteluhetkiisi\" \/>\n<meta property=\"og:description\" content=\"Korkealaatuinen musta tee, jossa runsaan maltainen maku.\" \/>\n<meta property=\"og:url\" content=\"https:\/\/www.teehelmi.fi\/en\/kauppa\/kultainen-apina-yunnan-musta-tee\/\" \/>\n<meta property=\"og:site_name\" content=\"Teehelmi.fi\" \/>\n<meta property=\"article:publisher\" content=\"https:\/\/www.facebook.com\/TeeHelmi.Fi\" \/>\n<meta property=\"article:modified_time\" content=\"2025-04-23T15:50:02+00:00\" \/>\n<meta property=\"og:image\" content=\"https:\/\/assets.teehelmi.fi\/2025\/04\/10004-Kultainen-Apina-e1507800977611.jpg\" \/>\n\t<meta property=\"og:image:width\" content=\"1300\" \/>\n\t<meta property=\"og:image:height\" content=\"1298\" \/>\n\t<meta property=\"og:image:type\" content=\"image\/jpeg\" \/>\n<meta name=\"twitter:card\" content=\"summary_large_image\" \/>\n<meta name=\"twitter:label1\" content=\"Est. reading time\" \/>\n\t<meta name=\"twitter:data1\" content=\"1 minute\" \/>\n<script type=\"application\/ld+json\" class=\"yoast-schema-graph\">{\"@context\":\"https:\/\/schema.org\",\"@graph\":[{\"@type\":\"WebPage\",\"@id\":\"https:\/\/www.teehelmi.fi\/en\/kauppa\/kultainen-apina-yunnan-musta-tee\/\",\"url\":\"https:\/\/www.teehelmi.fi\/en\/kauppa\/kultainen-apina-yunnan-musta-tee\/\",\"name\":\"Kultainen Apina - Yunnan, musta tee - Teehelmi.fi - Teet sinun herkutteluhetkiisi\",\"isPartOf\":{\"@id\":\"https:\/\/www.teehelmi.fi\/en\/#website\"},\"primaryImageOfPage\":{\"@id\":\"https:\/\/www.teehelmi.fi\/en\/kauppa\/kultainen-apina-yunnan-musta-tee\/#primaryimage\"},\"image\":{\"@id\":\"https:\/\/www.teehelmi.fi\/en\/kauppa\/kultainen-apina-yunnan-musta-tee\/#primaryimage\"},\"thumbnailUrl\":\"https:\/\/assets.teehelmi.fi\/2025\/04\/10004-Kultainen-Apina-e1507800977611.jpg\",\"datePublished\":\"2025-04-23T15:40:15+00:00\",\"dateModified\":\"2025-04-23T15:50:02+00:00\",\"breadcrumb\":{\"@id\":\"https:\/\/www.teehelmi.fi\/en\/kauppa\/kultainen-apina-yunnan-musta-tee\/#breadcrumb\"},\"inLanguage\":\"en-US\",\"potentialAction\":[{\"@type\":\"ReadAction\",\"target\":[\"https:\/\/www.teehelmi.fi\/en\/kauppa\/kultainen-apina-yunnan-musta-tee\/\"]}]},{\"@type\":\"ImageObject\",\"inLanguage\":\"en-US\",\"@id\":\"https:\/\/www.teehelmi.fi\/en\/kauppa\/kultainen-apina-yunnan-musta-tee\/#primaryimage\",\"url\":\"https:\/\/assets.teehelmi.fi\/2025\/04\/10004-Kultainen-Apina-e1507800977611.jpg\",\"contentUrl\":\"https:\/\/assets.teehelmi.fi\/2025\/04\/10004-Kultainen-Apina-e1507800977611.jpg\",\"width\":1300,\"height\":1298},{\"@type\":\"BreadcrumbList\",\"@id\":\"https:\/\/www.teehelmi.fi\/en\/kauppa\/kultainen-apina-yunnan-musta-tee\/#breadcrumb\",\"itemListElement\":[{\"@type\":\"ListItem\",\"position\":1,\"name\":\"Etusivu\",\"item\":\"https:\/\/www.teehelmi.fi\/en\/teehelmi-fi-delicious-moments-since-1983\/\"},{\"@type\":\"ListItem\",\"position\":2,\"name\":\"Kauppa\",\"item\":\"https:\/\/www.teehelmi.fi\/kauppa\/\"},{\"@type\":\"ListItem\",\"position\":3,\"name\":\"Kultainen Apina &#8211; Yunnan, musta tee\"}]},{\"@type\":\"WebSite\",\"@id\":\"https:\/\/www.teehelmi.fi\/en\/#website\",\"url\":\"https:\/\/www.teehelmi.fi\/en\/\",\"name\":\"Teehelmi.fi\",\"description\":\"Herkutteluhetki\u00e4 sinulle historian keskell\u00e4, vuodesta 1983.\",\"publisher\":{\"@id\":\"https:\/\/www.teehelmi.fi\/en\/#organization\"},\"potentialAction\":[{\"@type\":\"SearchAction\",\"target\":{\"@type\":\"EntryPoint\",\"urlTemplate\":\"https:\/\/www.teehelmi.fi\/en\/?s={search_term_string}\"},\"query-input\":{\"@type\":\"PropertyValueSpecification\",\"valueRequired\":true,\"valueName\":\"search_term_string\"}}],\"inLanguage\":\"en-US\"},{\"@type\":\"Organization\",\"@id\":\"https:\/\/www.teehelmi.fi\/en\/#organization\",\"name\":\"Teehelmi\",\"alternateName\":\"Tee- ja Kahvihuone Helmi Oy\",\"url\":\"https:\/\/www.teehelmi.fi\/en\/\",\"logo\":{\"@type\":\"ImageObject\",\"inLanguage\":\"en-US\",\"@id\":\"https:\/\/www.teehelmi.fi\/en\/#\/schema\/logo\/image\/\",\"url\":\"https:\/\/assets.teehelmi.fi\/2023\/11\/teehelmi-logo-scaled.webp\",\"contentUrl\":\"https:\/\/assets.teehelmi.fi\/2023\/11\/teehelmi-logo-scaled.webp\",\"width\":2560,\"height\":2358,\"caption\":\"Teehelmi\"},\"image\":{\"@id\":\"https:\/\/www.teehelmi.fi\/en\/#\/schema\/logo\/image\/\"},\"sameAs\":[\"https:\/\/www.facebook.com\/TeeHelmi.Fi\"]}]}<\/script>\n<!-- \/ Yoast SEO plugin. -->","yoast_head_json":{"title":"Kultainen Apina - Yunnan, musta tee - Teehelmi.fi - Teet sinun herkutteluhetkiisi","robots":{"index":"index","follow":"follow","max-snippet":"max-snippet:-1","max-image-preview":"max-image-preview:large","max-video-preview":"max-video-preview:-1"},"canonical":"https:\/\/www.teehelmi.fi\/en\/kauppa\/kultainen-apina-yunnan-musta-tee\/","og_locale":"en_US","og_type":"article","og_title":"Kultainen Apina - Yunnan, musta tee - Teehelmi.fi - Teet sinun herkutteluhetkiisi","og_description":"Korkealaatuinen musta tee, jossa runsaan maltainen maku.","og_url":"https:\/\/www.teehelmi.fi\/en\/kauppa\/kultainen-apina-yunnan-musta-tee\/","og_site_name":"Teehelmi.fi","article_publisher":"https:\/\/www.facebook.com\/TeeHelmi.Fi","article_modified_time":"2025-04-23T15:50:02+00:00","og_image":[{"width":1300,"height":1298,"url":"https:\/\/assets.teehelmi.fi\/2025\/04\/10004-Kultainen-Apina-e1507800977611.jpg","type":"image\/jpeg"}],"twitter_card":"summary_large_image","twitter_misc":{"Est. reading time":"1 minute"},"schema":{"@context":"https:\/\/schema.org","@graph":[{"@type":"WebPage","@id":"https:\/\/www.teehelmi.fi\/en\/kauppa\/kultainen-apina-yunnan-musta-tee\/","url":"https:\/\/www.teehelmi.fi\/en\/kauppa\/kultainen-apina-yunnan-musta-tee\/","name":"Kultainen Apina - Yunnan, musta tee - Teehelmi.fi - Teet sinun herkutteluhetkiisi","isPartOf":{"@id":"https:\/\/www.teehelmi.fi\/en\/#website"},"primaryImageOfPage":{"@id":"https:\/\/www.teehelmi.fi\/en\/kauppa\/kultainen-apina-yunnan-musta-tee\/#primaryimage"},"image":{"@id":"https:\/\/www.teehelmi.fi\/en\/kauppa\/kultainen-apina-yunnan-musta-tee\/#primaryimage"},"thumbnailUrl":"https:\/\/assets.teehelmi.fi\/2025\/04\/10004-Kultainen-Apina-e1507800977611.jpg","datePublished":"2025-04-23T15:40:15+00:00","dateModified":"2025-04-23T15:50:02+00:00","breadcrumb":{"@id":"https:\/\/www.teehelmi.fi\/en\/kauppa\/kultainen-apina-yunnan-musta-tee\/#breadcrumb"},"inLanguage":"en-US","potentialAction":[{"@type":"ReadAction","target":["https:\/\/www.teehelmi.fi\/en\/kauppa\/kultainen-apina-yunnan-musta-tee\/"]}]},{"@type":"ImageObject","inLanguage":"en-US","@id":"https:\/\/www.teehelmi.fi\/en\/kauppa\/kultainen-apina-yunnan-musta-tee\/#primaryimage","url":"https:\/\/assets.teehelmi.fi\/2025\/04\/10004-Kultainen-Apina-e1507800977611.jpg","contentUrl":"https:\/\/assets.teehelmi.fi\/2025\/04\/10004-Kultainen-Apina-e1507800977611.jpg","width":1300,"height":1298},{"@type":"BreadcrumbList","@id":"https:\/\/www.teehelmi.fi\/en\/kauppa\/kultainen-apina-yunnan-musta-tee\/#breadcrumb","itemListElement":[{"@type":"ListItem","position":1,"name":"Etusivu","item":"https:\/\/www.teehelmi.fi\/en\/teehelmi-fi-delicious-moments-since-1983\/"},{"@type":"ListItem","position":2,"name":"Kauppa","item":"https:\/\/www.teehelmi.fi\/kauppa\/"},{"@type":"ListItem","position":3,"name":"Kultainen Apina &#8211; Yunnan, musta tee"}]},{"@type":"WebSite","@id":"https:\/\/www.teehelmi.fi\/en\/#website","url":"https:\/\/www.teehelmi.fi\/en\/","name":"Teehelmi.fi","description":"Herkutteluhetki\u00e4 sinulle historian keskell\u00e4, vuodesta 1983.","publisher":{"@id":"https:\/\/www.teehelmi.fi\/en\/#organization"},"potentialAction":[{"@type":"SearchAction","target":{"@type":"EntryPoint","urlTemplate":"https:\/\/www.teehelmi.fi\/en\/?s={search_term_string}"},"query-input":{"@type":"PropertyValueSpecification","valueRequired":true,"valueName":"search_term_string"}}],"inLanguage":"en-US"},{"@type":"Organization","@id":"https:\/\/www.teehelmi.fi\/en\/#organization","name":"Teehelmi","alternateName":"Tee- ja Kahvihuone Helmi Oy","url":"https:\/\/www.teehelmi.fi\/en\/","logo":{"@type":"ImageObject","inLanguage":"en-US","@id":"https:\/\/www.teehelmi.fi\/en\/#\/schema\/logo\/image\/","url":"https:\/\/assets.teehelmi.fi\/2023\/11\/teehelmi-logo-scaled.webp","contentUrl":"https:\/\/assets.teehelmi.fi\/2023\/11\/teehelmi-logo-scaled.webp","width":2560,"height":2358,"caption":"Teehelmi"},"image":{"@id":"https:\/\/www.teehelmi.fi\/en\/#\/schema\/logo\/image\/"},"sameAs":["https:\/\/www.facebook.com\/TeeHelmi.Fi"]}]}},"_links":{"self":[{"href":"https:\/\/www.teehelmi.fi\/en\/wp-json\/wp\/v2\/product\/31234","targetHints":{"allow":["GET"]}}],"collection":[{"href":"https:\/\/www.teehelmi.fi\/en\/wp-json\/wp\/v2\/product"}],"about":[{"href":"https:\/\/www.teehelmi.fi\/en\/wp-json\/wp\/v2\/types\/product"}],"version-history":[{"count":0,"href":"https:\/\/www.teehelmi.fi\/en\/wp-json\/wp\/v2\/product\/31234\/revisions"}],"wp:featuredmedia":[{"embeddable":true,"href":"https:\/\/www.teehelmi.fi\/en\/wp-json\/wp\/v2\/media\/31277"}],"wp:attachment":[{"href":"https:\/\/www.teehelmi.fi\/en\/wp-json\/wp\/v2\/media?parent=31234"}],"wp:term":[{"taxonomy":"product_brand","embeddable":true,"href":"https:\/\/www.teehelmi.fi\/en\/wp-json\/wp\/v2\/product_brand?post=31234"},{"taxonomy":"product_cat","embeddable":true,"href":"https:\/\/www.teehelmi.fi\/en\/wp-json\/wp\/v2\/product_cat?post=31234"},{"taxonomy":"product_tag","embeddable":true,"href":"https:\/\/www.teehelmi.fi\/en\/wp-json\/wp\/v2\/product_tag?post=31234"}],"curies":[{"name":"wp","href":"https:\/\/api.w.org\/{rel}","templated":true}]}}