{"id":31325,"date":"2025-04-23T17:41:27","date_gmt":"2025-04-23T15:41:27","guid":{"rendered":"https:\/\/www1.teehelmi.fi\/?post_type=product&#038;p=31325"},"modified":"2025-12-05T16:44:36","modified_gmt":"2025-12-05T14:44:36","slug":"oolong-tie-guan-yin","status":"publish","type":"product","link":"https:\/\/www.teehelmi.fi\/en\/kauppa\/oolong-tie-guan-yin\/","title":{"rendered":"Oolong Tie Guan Yin"},"content":{"rendered":"<p><strong>Tie Guan Yin &#8211; Oolong, Kiina, Fujian<\/strong><\/p>\n<p><strong>P\u00e4hkin\u00e4inen &amp; Kukkainen<br \/>\n<\/strong><\/p>\n<p>Oolong-tee on teelaaduista monimuotoisin. Maun ratkaisee hapetuksen m\u00e4\u00e4r\u00e4, kun vihre\u00e4 tee on 0% hapetuksella ja musta tee 100% hapetuksella, niin t\u00e4m\u00e4 kyseinen laatu on hapetettu siihen noin puoleen v\u00e4liin, mik\u00e4 tekee sen makumaailman vihre\u00e4n ja mustan teen v\u00e4limuodoksi.<\/p>\n<p>Kuivien lehtien tuoksu on p\u00e4hkin\u00e4inen ja hieman kukkainen. Haudutetussa teelehdiss\u00e4 esiin nousee my\u00f6s hunajaisuus ja pieni maitomaisuus. Teess\u00e4 on todella pehme\u00e4 suutuntuma, suorastaan silkkinen. Makumaailma on monitahoinen, voimakkaampaa vihanneksisuutta, hieman fenkolin maun tullessa esiin. Loppua kohti kuitenkin maku pehmenee ja suuhun j\u00e4\u00e4v\u00e4 pitk\u00e4 j\u00e4lkimaku on pehme\u00e4n hunajainen.<\/p>\n<p><a href=\"https:\/\/teehelmi.fi\/teelaadut\/oolong-tee\/\" target=\"_blank\" rel=\"noopener noreferrer\">Oolong-teet\u00e4<\/a> kannattaa hauduttaa useampi kerta samoista lehdist\u00e4 ja seurata maun kehittymist\u00e4 jokaisella haudutuskerralla. T\u00e4ss\u00e4 kyseisess\u00e4 laadussa lehdet avautuvat hyvin hitaasti, joten parhaat maut l\u00f6yd\u00e4t vasta toisella tai kolmannella haudutuskerralla. Useampi hauduttaminen tekee teest\u00e4 my\u00f6s hintaansa n\u00e4hden taloudellisemman.<\/p>\n<p>Haudutusohje: 1 tlk\/20cl, 75c vesi, 5 min, haudutuskertoja 1-7.<\/p>\n<p>Vertailuhinta 120,00e\/kg &#8211; kuppi (3g) 0,36e<\/p>\n<p>Toimituskulut alkaen 3,90 euroa ja yli 50 euron toimitukset veloituksetta. Yli 95% tilauksista l\u00e4hetet\u00e4\u00e4n samana tai seuraavana arkip\u00e4iv\u00e4n\u00e4.<\/p>\n","protected":false},"excerpt":{"rendered":"<p><strong>Tie Guan Yin &#8211; Oolong, Kiina, Fujian<br \/>\n<\/strong><strong>Makea &amp; Kukkainen<br \/>\nParhaat maut l\u00f6ytyv\u00e4t useammalla haudutuskerralla<\/strong><\/p>\n","protected":false},"featured_media":34835,"template":"","meta":[],"product_brand":[],"product_cat":[252,244,255],"product_tag":[39,41,120],"class_list":{"0":"post-31325","1":"product","2":"type-product","3":"status-publish","4":"has-post-thumbnail","6":"product_cat-kiina-makuja-maailmalta","7":"product_cat-maustamaton-tee","8":"product_cat-oolong-tee","9":"product_tag-irtotee","10":"product_tag-kiinalainen-tee","11":"product_tag-oolong-tee","12":"pa_paino-100g","13":"pa_paino-25g","14":"pa_paino-50g","15":"description-off","17":"first","18":"instock","19":"taxable","20":"shipping-taxable","21":"purchasable","22":"product-type-variable","23":"has-default-attributes"},"exclude_global_add_ons":[],"addons":[],"yoast_head":"<!-- This site is optimized with the Yoast SEO plugin v27.2 - https:\/\/yoast.com\/product\/yoast-seo-wordpress\/ -->\n<title>Oolong Tie Guan Yin - Teehelmi.fi - Teet sinun herkutteluhetkiisi<\/title>\n<meta name=\"robots\" content=\"index, follow, max-snippet:-1, max-image-preview:large, max-video-preview:-1\" \/>\n<link rel=\"canonical\" href=\"https:\/\/www.teehelmi.fi\/en\/kauppa\/oolong-tie-guan-yin\/\" \/>\n<meta property=\"og:locale\" content=\"en_US\" \/>\n<meta property=\"og:type\" content=\"article\" \/>\n<meta property=\"og:title\" content=\"Oolong Tie Guan Yin - Teehelmi.fi - Teet sinun herkutteluhetkiisi\" \/>\n<meta property=\"og:description\" content=\"Tie Guan Yin - Oolong, Kiina, Fujian Makea &amp; Kukkainen Parhaat maut l\u00f6ytyv\u00e4t useammalla haudutuskerralla\" \/>\n<meta property=\"og:url\" content=\"https:\/\/www.teehelmi.fi\/en\/kauppa\/oolong-tie-guan-yin\/\" \/>\n<meta property=\"og:site_name\" content=\"Teehelmi.fi\" \/>\n<meta property=\"article:publisher\" content=\"https:\/\/www.facebook.com\/TeeHelmi.Fi\" \/>\n<meta property=\"article:modified_time\" content=\"2025-12-05T14:44:36+00:00\" \/>\n<meta property=\"og:image\" content=\"https:\/\/assets.teehelmi.fi\/2025\/04\/5W9B0574-2.jpg\" \/>\n\t<meta property=\"og:image:width\" content=\"2048\" \/>\n\t<meta property=\"og:image:height\" content=\"2048\" \/>\n\t<meta property=\"og:image:type\" content=\"image\/jpeg\" \/>\n<meta name=\"twitter:card\" content=\"summary_large_image\" \/>\n<meta name=\"twitter:label1\" content=\"Est. reading time\" \/>\n\t<meta name=\"twitter:data1\" content=\"2 minutes\" \/>\n<script type=\"application\/ld+json\" class=\"yoast-schema-graph\">{\"@context\":\"https:\/\/schema.org\",\"@graph\":[{\"@type\":\"WebPage\",\"@id\":\"https:\/\/www.teehelmi.fi\/en\/kauppa\/oolong-tie-guan-yin\/\",\"url\":\"https:\/\/www.teehelmi.fi\/en\/kauppa\/oolong-tie-guan-yin\/\",\"name\":\"Oolong Tie Guan Yin - Teehelmi.fi - Teet sinun herkutteluhetkiisi\",\"isPartOf\":{\"@id\":\"https:\/\/www.teehelmi.fi\/en\/#website\"},\"primaryImageOfPage\":{\"@id\":\"https:\/\/www.teehelmi.fi\/en\/kauppa\/oolong-tie-guan-yin\/#primaryimage\"},\"image\":{\"@id\":\"https:\/\/www.teehelmi.fi\/en\/kauppa\/oolong-tie-guan-yin\/#primaryimage\"},\"thumbnailUrl\":\"https:\/\/assets.teehelmi.fi\/2025\/04\/5W9B0574-2.jpg\",\"datePublished\":\"2025-04-23T15:41:27+00:00\",\"dateModified\":\"2025-12-05T14:44:36+00:00\",\"breadcrumb\":{\"@id\":\"https:\/\/www.teehelmi.fi\/en\/kauppa\/oolong-tie-guan-yin\/#breadcrumb\"},\"inLanguage\":\"en-US\",\"potentialAction\":[{\"@type\":\"ReadAction\",\"target\":[\"https:\/\/www.teehelmi.fi\/en\/kauppa\/oolong-tie-guan-yin\/\"]}]},{\"@type\":\"ImageObject\",\"inLanguage\":\"en-US\",\"@id\":\"https:\/\/www.teehelmi.fi\/en\/kauppa\/oolong-tie-guan-yin\/#primaryimage\",\"url\":\"https:\/\/assets.teehelmi.fi\/2025\/04\/5W9B0574-2.jpg\",\"contentUrl\":\"https:\/\/assets.teehelmi.fi\/2025\/04\/5W9B0574-2.jpg\",\"width\":2048,\"height\":2048},{\"@type\":\"BreadcrumbList\",\"@id\":\"https:\/\/www.teehelmi.fi\/en\/kauppa\/oolong-tie-guan-yin\/#breadcrumb\",\"itemListElement\":[{\"@type\":\"ListItem\",\"position\":1,\"name\":\"Etusivu\",\"item\":\"https:\/\/www.teehelmi.fi\/en\/teehelmi-fi-delicious-moments-since-1983\/\"},{\"@type\":\"ListItem\",\"position\":2,\"name\":\"Kauppa\",\"item\":\"https:\/\/www.teehelmi.fi\/kauppa\/\"},{\"@type\":\"ListItem\",\"position\":3,\"name\":\"Oolong Tie Guan Yin\"}]},{\"@type\":\"WebSite\",\"@id\":\"https:\/\/www.teehelmi.fi\/en\/#website\",\"url\":\"https:\/\/www.teehelmi.fi\/en\/\",\"name\":\"Teehelmi.fi\",\"description\":\"Herkutteluhetki\u00e4 sinulle historian keskell\u00e4, vuodesta 1983.\",\"publisher\":{\"@id\":\"https:\/\/www.teehelmi.fi\/en\/#organization\"},\"potentialAction\":[{\"@type\":\"SearchAction\",\"target\":{\"@type\":\"EntryPoint\",\"urlTemplate\":\"https:\/\/www.teehelmi.fi\/en\/?s={search_term_string}\"},\"query-input\":{\"@type\":\"PropertyValueSpecification\",\"valueRequired\":true,\"valueName\":\"search_term_string\"}}],\"inLanguage\":\"en-US\"},{\"@type\":\"Organization\",\"@id\":\"https:\/\/www.teehelmi.fi\/en\/#organization\",\"name\":\"Teehelmi\",\"alternateName\":\"Tee- ja Kahvihuone Helmi Oy\",\"url\":\"https:\/\/www.teehelmi.fi\/en\/\",\"logo\":{\"@type\":\"ImageObject\",\"inLanguage\":\"en-US\",\"@id\":\"https:\/\/www.teehelmi.fi\/en\/#\/schema\/logo\/image\/\",\"url\":\"https:\/\/assets.teehelmi.fi\/2023\/11\/teehelmi-logo-scaled.webp\",\"contentUrl\":\"https:\/\/assets.teehelmi.fi\/2023\/11\/teehelmi-logo-scaled.webp\",\"width\":2560,\"height\":2358,\"caption\":\"Teehelmi\"},\"image\":{\"@id\":\"https:\/\/www.teehelmi.fi\/en\/#\/schema\/logo\/image\/\"},\"sameAs\":[\"https:\/\/www.facebook.com\/TeeHelmi.Fi\"]}]}<\/script>\n<!-- \/ Yoast SEO plugin. -->","yoast_head_json":{"title":"Oolong Tie Guan Yin - Teehelmi.fi - Teet sinun herkutteluhetkiisi","robots":{"index":"index","follow":"follow","max-snippet":"max-snippet:-1","max-image-preview":"max-image-preview:large","max-video-preview":"max-video-preview:-1"},"canonical":"https:\/\/www.teehelmi.fi\/en\/kauppa\/oolong-tie-guan-yin\/","og_locale":"en_US","og_type":"article","og_title":"Oolong Tie Guan Yin - Teehelmi.fi - Teet sinun herkutteluhetkiisi","og_description":"Tie Guan Yin - Oolong, Kiina, Fujian Makea &amp; Kukkainen Parhaat maut l\u00f6ytyv\u00e4t useammalla haudutuskerralla","og_url":"https:\/\/www.teehelmi.fi\/en\/kauppa\/oolong-tie-guan-yin\/","og_site_name":"Teehelmi.fi","article_publisher":"https:\/\/www.facebook.com\/TeeHelmi.Fi","article_modified_time":"2025-12-05T14:44:36+00:00","og_image":[{"width":2048,"height":2048,"url":"https:\/\/assets.teehelmi.fi\/2025\/04\/5W9B0574-2.jpg","type":"image\/jpeg"}],"twitter_card":"summary_large_image","twitter_misc":{"Est. reading time":"2 minutes"},"schema":{"@context":"https:\/\/schema.org","@graph":[{"@type":"WebPage","@id":"https:\/\/www.teehelmi.fi\/en\/kauppa\/oolong-tie-guan-yin\/","url":"https:\/\/www.teehelmi.fi\/en\/kauppa\/oolong-tie-guan-yin\/","name":"Oolong Tie Guan Yin - Teehelmi.fi - Teet sinun herkutteluhetkiisi","isPartOf":{"@id":"https:\/\/www.teehelmi.fi\/en\/#website"},"primaryImageOfPage":{"@id":"https:\/\/www.teehelmi.fi\/en\/kauppa\/oolong-tie-guan-yin\/#primaryimage"},"image":{"@id":"https:\/\/www.teehelmi.fi\/en\/kauppa\/oolong-tie-guan-yin\/#primaryimage"},"thumbnailUrl":"https:\/\/assets.teehelmi.fi\/2025\/04\/5W9B0574-2.jpg","datePublished":"2025-04-23T15:41:27+00:00","dateModified":"2025-12-05T14:44:36+00:00","breadcrumb":{"@id":"https:\/\/www.teehelmi.fi\/en\/kauppa\/oolong-tie-guan-yin\/#breadcrumb"},"inLanguage":"en-US","potentialAction":[{"@type":"ReadAction","target":["https:\/\/www.teehelmi.fi\/en\/kauppa\/oolong-tie-guan-yin\/"]}]},{"@type":"ImageObject","inLanguage":"en-US","@id":"https:\/\/www.teehelmi.fi\/en\/kauppa\/oolong-tie-guan-yin\/#primaryimage","url":"https:\/\/assets.teehelmi.fi\/2025\/04\/5W9B0574-2.jpg","contentUrl":"https:\/\/assets.teehelmi.fi\/2025\/04\/5W9B0574-2.jpg","width":2048,"height":2048},{"@type":"BreadcrumbList","@id":"https:\/\/www.teehelmi.fi\/en\/kauppa\/oolong-tie-guan-yin\/#breadcrumb","itemListElement":[{"@type":"ListItem","position":1,"name":"Etusivu","item":"https:\/\/www.teehelmi.fi\/en\/teehelmi-fi-delicious-moments-since-1983\/"},{"@type":"ListItem","position":2,"name":"Kauppa","item":"https:\/\/www.teehelmi.fi\/kauppa\/"},{"@type":"ListItem","position":3,"name":"Oolong Tie Guan Yin"}]},{"@type":"WebSite","@id":"https:\/\/www.teehelmi.fi\/en\/#website","url":"https:\/\/www.teehelmi.fi\/en\/","name":"Teehelmi.fi","description":"Herkutteluhetki\u00e4 sinulle historian keskell\u00e4, vuodesta 1983.","publisher":{"@id":"https:\/\/www.teehelmi.fi\/en\/#organization"},"potentialAction":[{"@type":"SearchAction","target":{"@type":"EntryPoint","urlTemplate":"https:\/\/www.teehelmi.fi\/en\/?s={search_term_string}"},"query-input":{"@type":"PropertyValueSpecification","valueRequired":true,"valueName":"search_term_string"}}],"inLanguage":"en-US"},{"@type":"Organization","@id":"https:\/\/www.teehelmi.fi\/en\/#organization","name":"Teehelmi","alternateName":"Tee- ja Kahvihuone Helmi Oy","url":"https:\/\/www.teehelmi.fi\/en\/","logo":{"@type":"ImageObject","inLanguage":"en-US","@id":"https:\/\/www.teehelmi.fi\/en\/#\/schema\/logo\/image\/","url":"https:\/\/assets.teehelmi.fi\/2023\/11\/teehelmi-logo-scaled.webp","contentUrl":"https:\/\/assets.teehelmi.fi\/2023\/11\/teehelmi-logo-scaled.webp","width":2560,"height":2358,"caption":"Teehelmi"},"image":{"@id":"https:\/\/www.teehelmi.fi\/en\/#\/schema\/logo\/image\/"},"sameAs":["https:\/\/www.facebook.com\/TeeHelmi.Fi"]}]}},"_links":{"self":[{"href":"https:\/\/www.teehelmi.fi\/en\/wp-json\/wp\/v2\/product\/31325","targetHints":{"allow":["GET"]}}],"collection":[{"href":"https:\/\/www.teehelmi.fi\/en\/wp-json\/wp\/v2\/product"}],"about":[{"href":"https:\/\/www.teehelmi.fi\/en\/wp-json\/wp\/v2\/types\/product"}],"version-history":[{"count":0,"href":"https:\/\/www.teehelmi.fi\/en\/wp-json\/wp\/v2\/product\/31325\/revisions"}],"wp:featuredmedia":[{"embeddable":true,"href":"https:\/\/www.teehelmi.fi\/en\/wp-json\/wp\/v2\/media\/34835"}],"wp:attachment":[{"href":"https:\/\/www.teehelmi.fi\/en\/wp-json\/wp\/v2\/media?parent=31325"}],"wp:term":[{"taxonomy":"product_brand","embeddable":true,"href":"https:\/\/www.teehelmi.fi\/en\/wp-json\/wp\/v2\/product_brand?post=31325"},{"taxonomy":"product_cat","embeddable":true,"href":"https:\/\/www.teehelmi.fi\/en\/wp-json\/wp\/v2\/product_cat?post=31325"},{"taxonomy":"product_tag","embeddable":true,"href":"https:\/\/www.teehelmi.fi\/en\/wp-json\/wp\/v2\/product_tag?post=31325"}],"curies":[{"name":"wp","href":"https:\/\/api.w.org\/{rel}","templated":true}]}}