{"id":31401,"date":"2025-04-23T17:42:49","date_gmt":"2025-04-23T15:42:49","guid":{"rendered":"https:\/\/www1.teehelmi.fi\/?post_type=product&#038;p=31401"},"modified":"2025-10-31T13:52:26","modified_gmt":"2025-10-31T11:52:26","slug":"jasmin-monkey-king-vihrea-luomutee","status":"publish","type":"product","link":"https:\/\/www.teehelmi.fi\/en\/kauppa\/jasmin-monkey-king-vihrea-luomutee\/","title":{"rendered":"Jasmin Monkey King &#8211; vihre\u00e4 luomutee"},"content":{"rendered":"<p><strong>Jasmin Monkey King &#8211; Vihre\u00e4 tee, luomu<\/strong><\/p>\n<p><strong>Klassinen maustettu vihre\u00e4 <a href=\"https:\/\/teehelmi.fi\/avainsana\/jasmiinitee\/\" target=\"_blank\" rel=\"noopener noreferrer\">jasmiinitee<\/a>, joka s<\/strong><strong>opii juotavaksi pitkin p\u00e4iv\u00e4\u00e4.<\/strong><\/p>\n<p>T\u00e4m\u00e4 <a href=\"https:\/\/teehelmi.fi\/avainsana\/kiinalainen-vihrea-tee\/\" target=\"_blank\" rel=\"noopener noreferrer\">kiinalainen vihre\u00e4 tee<\/a> on maustettujen teelaatujen klassikko. Tuoreita jasmiininkukkia laitetaan teen p\u00e4\u00e4lle kuivumaan ja vuorokauden j\u00e4lkeen jasmiininkukat vaihdetaan j\u00e4lleen uusiin. N\u00e4in teelehtiin tulee voimakas, mutta luonnollinen jasmiinin maku.<\/p>\n<p>Haudutusohje: 1tlk\/20cl, 2-3 min, 1-2 haudutuskertaa<\/p>\n<p>Vertailuhinta 144,00e\/kg &#8211; kuppi (3g) 0,44e<\/p>\n","protected":false},"excerpt":{"rendered":"<p><strong>Klassinen maustettu vihre\u00e4 jasmiinitee, sopii juotavaksi pitkin p\u00e4iv\u00e4\u00e4.<\/strong><\/p>\n","protected":false},"featured_media":31507,"template":"","meta":[],"product_brand":[],"product_cat":[238,243,266],"product_tag":[39,139,41,112,95,106,54],"class_list":{"0":"post-31401","1":"product","2":"type-product","3":"status-publish","4":"has-post-thumbnail","6":"product_cat-maustettu-tee","7":"product_cat-maustettu-vihrea-tee","8":"product_cat-muut-maustetut-teet","9":"product_tag-irtotee","10":"product_tag-jasmiinitee","11":"product_tag-kiinalainen-tee","12":"product_tag-kiinalainen-vihrea-tee","13":"product_tag-luomutee","14":"product_tag-vihrea-luomutee","15":"product_tag-vihrea-tee","16":"pa_paino-100g","17":"pa_paino-150g","18":"pa_paino-200g","19":"pa_paino-50g","20":"description-off","22":"first","23":"instock","24":"taxable","25":"shipping-taxable","26":"purchasable","27":"product-type-variable"},"exclude_global_add_ons":[],"addons":[],"yoast_head":"<!-- This site is optimized with the Yoast SEO plugin v27.2 - https:\/\/yoast.com\/product\/yoast-seo-wordpress\/ -->\n<title>Jasmin Monkey King - vihre\u00e4 luomutee - Teehelmi.fi - Teet sinun herkutteluhetkiisi<\/title>\n<meta name=\"description\" content=\"Kiinalainen klassinen luomusertifikoitu vihre\u00e4 jasmiinitee. Teen p\u00e4\u00e4lle on valmistaessa laitettu jasmiininkukkia kuivumaan, jotta teehen tulee aito maku.\" \/>\n<meta name=\"robots\" content=\"index, follow, max-snippet:-1, max-image-preview:large, max-video-preview:-1\" \/>\n<link rel=\"canonical\" href=\"https:\/\/www.teehelmi.fi\/en\/kauppa\/jasmin-monkey-king-vihrea-luomutee\/\" \/>\n<meta property=\"og:locale\" content=\"en_US\" \/>\n<meta property=\"og:type\" content=\"article\" \/>\n<meta property=\"og:title\" content=\"Jasmin Monkey King - vihre\u00e4 luomutee - Teehelmi.fi - Teet sinun herkutteluhetkiisi\" \/>\n<meta property=\"og:description\" content=\"Kiinalainen klassinen luomusertifikoitu vihre\u00e4 jasmiinitee. Teen p\u00e4\u00e4lle on valmistaessa laitettu jasmiininkukkia kuivumaan, jotta teehen tulee aito maku.\" \/>\n<meta property=\"og:url\" content=\"https:\/\/www.teehelmi.fi\/en\/kauppa\/jasmin-monkey-king-vihrea-luomutee\/\" \/>\n<meta property=\"og:site_name\" content=\"Teehelmi.fi\" \/>\n<meta property=\"article:publisher\" content=\"https:\/\/www.facebook.com\/TeeHelmi.Fi\" \/>\n<meta property=\"article:modified_time\" content=\"2025-10-31T11:52:26+00:00\" \/>\n<meta property=\"og:image\" content=\"https:\/\/assets.teehelmi.fi\/2025\/04\/Jasmin-Monkey-King-vihrea-luomu-kiinalainen-jasmiinitee.png\" \/>\n\t<meta property=\"og:image:width\" content=\"1000\" \/>\n\t<meta property=\"og:image:height\" content=\"999\" \/>\n\t<meta property=\"og:image:type\" content=\"image\/png\" \/>\n<meta name=\"twitter:card\" content=\"summary_large_image\" \/>\n<meta name=\"twitter:label1\" content=\"Est. reading time\" \/>\n\t<meta name=\"twitter:data1\" content=\"1 minute\" \/>\n<script type=\"application\/ld+json\" class=\"yoast-schema-graph\">{\"@context\":\"https:\/\/schema.org\",\"@graph\":[{\"@type\":\"WebPage\",\"@id\":\"https:\/\/www.teehelmi.fi\/en\/kauppa\/jasmin-monkey-king-vihrea-luomutee\/\",\"url\":\"https:\/\/www.teehelmi.fi\/en\/kauppa\/jasmin-monkey-king-vihrea-luomutee\/\",\"name\":\"Jasmin Monkey King - vihre\u00e4 luomutee - Teehelmi.fi - Teet sinun herkutteluhetkiisi\",\"isPartOf\":{\"@id\":\"https:\/\/www.teehelmi.fi\/en\/#website\"},\"primaryImageOfPage\":{\"@id\":\"https:\/\/www.teehelmi.fi\/en\/kauppa\/jasmin-monkey-king-vihrea-luomutee\/#primaryimage\"},\"image\":{\"@id\":\"https:\/\/www.teehelmi.fi\/en\/kauppa\/jasmin-monkey-king-vihrea-luomutee\/#primaryimage\"},\"thumbnailUrl\":\"https:\/\/assets.teehelmi.fi\/2025\/04\/Jasmin-Monkey-King-vihrea-luomu-kiinalainen-jasmiinitee.png\",\"datePublished\":\"2025-04-23T15:42:49+00:00\",\"dateModified\":\"2025-10-31T11:52:26+00:00\",\"description\":\"Kiinalainen klassinen luomusertifikoitu vihre\u00e4 jasmiinitee. Teen p\u00e4\u00e4lle on valmistaessa laitettu jasmiininkukkia kuivumaan, jotta teehen tulee aito maku.\",\"breadcrumb\":{\"@id\":\"https:\/\/www.teehelmi.fi\/en\/kauppa\/jasmin-monkey-king-vihrea-luomutee\/#breadcrumb\"},\"inLanguage\":\"en-US\",\"potentialAction\":[{\"@type\":\"ReadAction\",\"target\":[\"https:\/\/www.teehelmi.fi\/en\/kauppa\/jasmin-monkey-king-vihrea-luomutee\/\"]}]},{\"@type\":\"ImageObject\",\"inLanguage\":\"en-US\",\"@id\":\"https:\/\/www.teehelmi.fi\/en\/kauppa\/jasmin-monkey-king-vihrea-luomutee\/#primaryimage\",\"url\":\"https:\/\/assets.teehelmi.fi\/2025\/04\/Jasmin-Monkey-King-vihrea-luomu-kiinalainen-jasmiinitee.png\",\"contentUrl\":\"https:\/\/assets.teehelmi.fi\/2025\/04\/Jasmin-Monkey-King-vihrea-luomu-kiinalainen-jasmiinitee.png\",\"width\":1000,\"height\":999},{\"@type\":\"BreadcrumbList\",\"@id\":\"https:\/\/www.teehelmi.fi\/en\/kauppa\/jasmin-monkey-king-vihrea-luomutee\/#breadcrumb\",\"itemListElement\":[{\"@type\":\"ListItem\",\"position\":1,\"name\":\"Etusivu\",\"item\":\"https:\/\/www.teehelmi.fi\/en\/teehelmi-fi-delicious-moments-since-1983\/\"},{\"@type\":\"ListItem\",\"position\":2,\"name\":\"Kauppa\",\"item\":\"https:\/\/www.teehelmi.fi\/kauppa\/\"},{\"@type\":\"ListItem\",\"position\":3,\"name\":\"Jasmin Monkey King &#8211; vihre\u00e4 luomutee\"}]},{\"@type\":\"WebSite\",\"@id\":\"https:\/\/www.teehelmi.fi\/en\/#website\",\"url\":\"https:\/\/www.teehelmi.fi\/en\/\",\"name\":\"Teehelmi.fi\",\"description\":\"Herkutteluhetki\u00e4 sinulle historian keskell\u00e4, vuodesta 1983.\",\"publisher\":{\"@id\":\"https:\/\/www.teehelmi.fi\/en\/#organization\"},\"potentialAction\":[{\"@type\":\"SearchAction\",\"target\":{\"@type\":\"EntryPoint\",\"urlTemplate\":\"https:\/\/www.teehelmi.fi\/en\/?s={search_term_string}\"},\"query-input\":{\"@type\":\"PropertyValueSpecification\",\"valueRequired\":true,\"valueName\":\"search_term_string\"}}],\"inLanguage\":\"en-US\"},{\"@type\":\"Organization\",\"@id\":\"https:\/\/www.teehelmi.fi\/en\/#organization\",\"name\":\"Teehelmi\",\"alternateName\":\"Tee- ja Kahvihuone Helmi Oy\",\"url\":\"https:\/\/www.teehelmi.fi\/en\/\",\"logo\":{\"@type\":\"ImageObject\",\"inLanguage\":\"en-US\",\"@id\":\"https:\/\/www.teehelmi.fi\/en\/#\/schema\/logo\/image\/\",\"url\":\"https:\/\/assets.teehelmi.fi\/2023\/11\/teehelmi-logo-scaled.webp\",\"contentUrl\":\"https:\/\/assets.teehelmi.fi\/2023\/11\/teehelmi-logo-scaled.webp\",\"width\":2560,\"height\":2358,\"caption\":\"Teehelmi\"},\"image\":{\"@id\":\"https:\/\/www.teehelmi.fi\/en\/#\/schema\/logo\/image\/\"},\"sameAs\":[\"https:\/\/www.facebook.com\/TeeHelmi.Fi\"]}]}<\/script>\n<!-- \/ Yoast SEO plugin. -->","yoast_head_json":{"title":"Jasmin Monkey King - vihre\u00e4 luomutee - Teehelmi.fi - Teet sinun herkutteluhetkiisi","description":"Kiinalainen klassinen luomusertifikoitu vihre\u00e4 jasmiinitee. Teen p\u00e4\u00e4lle on valmistaessa laitettu jasmiininkukkia kuivumaan, jotta teehen tulee aito maku.","robots":{"index":"index","follow":"follow","max-snippet":"max-snippet:-1","max-image-preview":"max-image-preview:large","max-video-preview":"max-video-preview:-1"},"canonical":"https:\/\/www.teehelmi.fi\/en\/kauppa\/jasmin-monkey-king-vihrea-luomutee\/","og_locale":"en_US","og_type":"article","og_title":"Jasmin Monkey King - vihre\u00e4 luomutee - Teehelmi.fi - Teet sinun herkutteluhetkiisi","og_description":"Kiinalainen klassinen luomusertifikoitu vihre\u00e4 jasmiinitee. Teen p\u00e4\u00e4lle on valmistaessa laitettu jasmiininkukkia kuivumaan, jotta teehen tulee aito maku.","og_url":"https:\/\/www.teehelmi.fi\/en\/kauppa\/jasmin-monkey-king-vihrea-luomutee\/","og_site_name":"Teehelmi.fi","article_publisher":"https:\/\/www.facebook.com\/TeeHelmi.Fi","article_modified_time":"2025-10-31T11:52:26+00:00","og_image":[{"width":1000,"height":999,"url":"https:\/\/assets.teehelmi.fi\/2025\/04\/Jasmin-Monkey-King-vihrea-luomu-kiinalainen-jasmiinitee.png","type":"image\/png"}],"twitter_card":"summary_large_image","twitter_misc":{"Est. reading time":"1 minute"},"schema":{"@context":"https:\/\/schema.org","@graph":[{"@type":"WebPage","@id":"https:\/\/www.teehelmi.fi\/en\/kauppa\/jasmin-monkey-king-vihrea-luomutee\/","url":"https:\/\/www.teehelmi.fi\/en\/kauppa\/jasmin-monkey-king-vihrea-luomutee\/","name":"Jasmin Monkey King - vihre\u00e4 luomutee - Teehelmi.fi - Teet sinun herkutteluhetkiisi","isPartOf":{"@id":"https:\/\/www.teehelmi.fi\/en\/#website"},"primaryImageOfPage":{"@id":"https:\/\/www.teehelmi.fi\/en\/kauppa\/jasmin-monkey-king-vihrea-luomutee\/#primaryimage"},"image":{"@id":"https:\/\/www.teehelmi.fi\/en\/kauppa\/jasmin-monkey-king-vihrea-luomutee\/#primaryimage"},"thumbnailUrl":"https:\/\/assets.teehelmi.fi\/2025\/04\/Jasmin-Monkey-King-vihrea-luomu-kiinalainen-jasmiinitee.png","datePublished":"2025-04-23T15:42:49+00:00","dateModified":"2025-10-31T11:52:26+00:00","description":"Kiinalainen klassinen luomusertifikoitu vihre\u00e4 jasmiinitee. Teen p\u00e4\u00e4lle on valmistaessa laitettu jasmiininkukkia kuivumaan, jotta teehen tulee aito maku.","breadcrumb":{"@id":"https:\/\/www.teehelmi.fi\/en\/kauppa\/jasmin-monkey-king-vihrea-luomutee\/#breadcrumb"},"inLanguage":"en-US","potentialAction":[{"@type":"ReadAction","target":["https:\/\/www.teehelmi.fi\/en\/kauppa\/jasmin-monkey-king-vihrea-luomutee\/"]}]},{"@type":"ImageObject","inLanguage":"en-US","@id":"https:\/\/www.teehelmi.fi\/en\/kauppa\/jasmin-monkey-king-vihrea-luomutee\/#primaryimage","url":"https:\/\/assets.teehelmi.fi\/2025\/04\/Jasmin-Monkey-King-vihrea-luomu-kiinalainen-jasmiinitee.png","contentUrl":"https:\/\/assets.teehelmi.fi\/2025\/04\/Jasmin-Monkey-King-vihrea-luomu-kiinalainen-jasmiinitee.png","width":1000,"height":999},{"@type":"BreadcrumbList","@id":"https:\/\/www.teehelmi.fi\/en\/kauppa\/jasmin-monkey-king-vihrea-luomutee\/#breadcrumb","itemListElement":[{"@type":"ListItem","position":1,"name":"Etusivu","item":"https:\/\/www.teehelmi.fi\/en\/teehelmi-fi-delicious-moments-since-1983\/"},{"@type":"ListItem","position":2,"name":"Kauppa","item":"https:\/\/www.teehelmi.fi\/kauppa\/"},{"@type":"ListItem","position":3,"name":"Jasmin Monkey King &#8211; vihre\u00e4 luomutee"}]},{"@type":"WebSite","@id":"https:\/\/www.teehelmi.fi\/en\/#website","url":"https:\/\/www.teehelmi.fi\/en\/","name":"Teehelmi.fi","description":"Herkutteluhetki\u00e4 sinulle historian keskell\u00e4, vuodesta 1983.","publisher":{"@id":"https:\/\/www.teehelmi.fi\/en\/#organization"},"potentialAction":[{"@type":"SearchAction","target":{"@type":"EntryPoint","urlTemplate":"https:\/\/www.teehelmi.fi\/en\/?s={search_term_string}"},"query-input":{"@type":"PropertyValueSpecification","valueRequired":true,"valueName":"search_term_string"}}],"inLanguage":"en-US"},{"@type":"Organization","@id":"https:\/\/www.teehelmi.fi\/en\/#organization","name":"Teehelmi","alternateName":"Tee- ja Kahvihuone Helmi Oy","url":"https:\/\/www.teehelmi.fi\/en\/","logo":{"@type":"ImageObject","inLanguage":"en-US","@id":"https:\/\/www.teehelmi.fi\/en\/#\/schema\/logo\/image\/","url":"https:\/\/assets.teehelmi.fi\/2023\/11\/teehelmi-logo-scaled.webp","contentUrl":"https:\/\/assets.teehelmi.fi\/2023\/11\/teehelmi-logo-scaled.webp","width":2560,"height":2358,"caption":"Teehelmi"},"image":{"@id":"https:\/\/www.teehelmi.fi\/en\/#\/schema\/logo\/image\/"},"sameAs":["https:\/\/www.facebook.com\/TeeHelmi.Fi"]}]}},"_links":{"self":[{"href":"https:\/\/www.teehelmi.fi\/en\/wp-json\/wp\/v2\/product\/31401","targetHints":{"allow":["GET"]}}],"collection":[{"href":"https:\/\/www.teehelmi.fi\/en\/wp-json\/wp\/v2\/product"}],"about":[{"href":"https:\/\/www.teehelmi.fi\/en\/wp-json\/wp\/v2\/types\/product"}],"version-history":[{"count":0,"href":"https:\/\/www.teehelmi.fi\/en\/wp-json\/wp\/v2\/product\/31401\/revisions"}],"wp:featuredmedia":[{"embeddable":true,"href":"https:\/\/www.teehelmi.fi\/en\/wp-json\/wp\/v2\/media\/31507"}],"wp:attachment":[{"href":"https:\/\/www.teehelmi.fi\/en\/wp-json\/wp\/v2\/media?parent=31401"}],"wp:term":[{"taxonomy":"product_brand","embeddable":true,"href":"https:\/\/www.teehelmi.fi\/en\/wp-json\/wp\/v2\/product_brand?post=31401"},{"taxonomy":"product_cat","embeddable":true,"href":"https:\/\/www.teehelmi.fi\/en\/wp-json\/wp\/v2\/product_cat?post=31401"},{"taxonomy":"product_tag","embeddable":true,"href":"https:\/\/www.teehelmi.fi\/en\/wp-json\/wp\/v2\/product_tag?post=31401"}],"curies":[{"name":"wp","href":"https:\/\/api.w.org\/{rel}","templated":true}]}}