{"id":31472,"date":"2025-04-23T17:44:36","date_gmt":"2025-04-23T15:44:36","guid":{"rendered":"https:\/\/www1.teehelmi.fi\/?post_type=product&#038;p=31472"},"modified":"2025-04-23T17:45:31","modified_gmt":"2025-04-23T15:45:31","slug":"vanhan-porvoon-joulutee-100g","status":"publish","type":"product","link":"https:\/\/www.teehelmi.fi\/en\/kauppa\/vanhan-porvoon-joulutee-100g\/","title":{"rendered":"Vanhan Porvoon Joulutee 100g"},"content":{"rendered":"<p><strong>Vanhan Porvoon Joulutee<\/strong><\/p>\n<p><strong>Musta maustettu tee. Sopii erinoimaisesti joulunajan herkutteluun.<\/strong><\/p>\n<p>Mist\u00e4 on Vanhan Porvoon joulu tehty? Kuumasta gl\u00f6gist\u00e4, suklaasta, pipareista ja kanelista? Siit\u00e4 on my\u00f6s t\u00e4m\u00e4 tee tehty.<\/p>\n<p>Itselle joulun herkutteluun, yst\u00e4v\u00e4lle lahjaksi tai tuliaiseksi kyl\u00e4reissulle. Erinomainen pieni lahja.<\/p>\n<p>T\u00e4m\u00e4 kyseinen <a href=\"https:\/\/teehelmi.fi\/avainsana\/teesekoitus\/\" target=\"_blank\" rel=\"noopener noreferrer\">teesekoitus<\/a> on valmistettu TeeHelmen omassa toimipisteess\u00e4 Suomessa ja sekoituksen suunnittelijana on toiminut Leo Kallio.<\/p>\n<p>Haudutusohje: 2 tlk\/kuppi, 95c vesi, 3 min, 1 haudutuskerta<\/p>\n<p>Ainesosat: Musta tee, luonnolliset aromit, ruusun ja safflorin ter\u00e4lehti\u00e4. Sis\u00e4lt\u00e4\u00e4 sitrushedelmi\u00e4 ja saattaa sis\u00e4lt\u00e4\u00e4 j\u00e4\u00e4mi\u00e4 p\u00e4hkin\u00e4st\u00e4.<\/p>\n","protected":false},"excerpt":{"rendered":"<p><strong>Musta maustettu tee. Sopii erinoimaisesti joulunajan herkutteluun.<\/strong><\/p>\n","protected":false},"featured_media":31546,"template":"","meta":[],"product_brand":[],"product_cat":[237,238,236,239],"product_tag":[],"class_list":{"0":"post-31472","1":"product","2":"type-product","3":"status-publish","4":"has-post-thumbnail","6":"product_cat-maustettu-musta-tee","7":"product_cat-maustettu-tee","8":"product_cat-musta-tee","9":"product_cat-teehelmen-sekoitukset-maustettu-tee","10":"description-off","12":"first","13":"instock","14":"taxable","15":"shipping-taxable","16":"purchasable","17":"product-type-simple"},"exclude_global_add_ons":[],"addons":[],"yoast_head":"<!-- This site is optimized with the Yoast SEO plugin v27.2 - https:\/\/yoast.com\/product\/yoast-seo-wordpress\/ -->\n<title>Vanhan Porvoon Joulutee 100g - Teehelmi.fi - Teet sinun herkutteluhetkiisi<\/title>\n<meta name=\"robots\" content=\"index, follow, max-snippet:-1, max-image-preview:large, max-video-preview:-1\" \/>\n<link rel=\"canonical\" href=\"https:\/\/www.teehelmi.fi\/en\/kauppa\/vanhan-porvoon-joulutee-100g\/\" \/>\n<meta property=\"og:locale\" content=\"en_US\" \/>\n<meta property=\"og:type\" content=\"article\" \/>\n<meta property=\"og:title\" content=\"Vanhan Porvoon Joulutee 100g - Teehelmi.fi - Teet sinun herkutteluhetkiisi\" \/>\n<meta property=\"og:description\" content=\"Musta maustettu tee. Sopii erinoimaisesti joulunajan herkutteluun.\" \/>\n<meta property=\"og:url\" content=\"https:\/\/www.teehelmi.fi\/en\/kauppa\/vanhan-porvoon-joulutee-100g\/\" \/>\n<meta property=\"og:site_name\" content=\"Teehelmi.fi\" \/>\n<meta property=\"article:publisher\" content=\"https:\/\/www.facebook.com\/TeeHelmi.Fi\" \/>\n<meta property=\"article:modified_time\" content=\"2025-04-23T15:45:31+00:00\" \/>\n<meta property=\"og:image\" content=\"https:\/\/assets.teehelmi.fi\/2025\/04\/Vanhan-Porvoon-joulutee-TeeHelmi.png\" \/>\n\t<meta property=\"og:image:width\" content=\"1200\" \/>\n\t<meta property=\"og:image:height\" content=\"1200\" \/>\n\t<meta property=\"og:image:type\" content=\"image\/png\" \/>\n<meta name=\"twitter:card\" content=\"summary_large_image\" \/>\n<script type=\"application\/ld+json\" class=\"yoast-schema-graph\">{\"@context\":\"https:\/\/schema.org\",\"@graph\":[{\"@type\":\"WebPage\",\"@id\":\"https:\/\/www.teehelmi.fi\/en\/kauppa\/vanhan-porvoon-joulutee-100g\/\",\"url\":\"https:\/\/www.teehelmi.fi\/en\/kauppa\/vanhan-porvoon-joulutee-100g\/\",\"name\":\"Vanhan Porvoon Joulutee 100g - Teehelmi.fi - Teet sinun herkutteluhetkiisi\",\"isPartOf\":{\"@id\":\"https:\/\/www.teehelmi.fi\/en\/#website\"},\"primaryImageOfPage\":{\"@id\":\"https:\/\/www.teehelmi.fi\/en\/kauppa\/vanhan-porvoon-joulutee-100g\/#primaryimage\"},\"image\":{\"@id\":\"https:\/\/www.teehelmi.fi\/en\/kauppa\/vanhan-porvoon-joulutee-100g\/#primaryimage\"},\"thumbnailUrl\":\"https:\/\/assets.teehelmi.fi\/2025\/04\/Vanhan-Porvoon-joulutee-TeeHelmi.png\",\"datePublished\":\"2025-04-23T15:44:36+00:00\",\"dateModified\":\"2025-04-23T15:45:31+00:00\",\"breadcrumb\":{\"@id\":\"https:\/\/www.teehelmi.fi\/en\/kauppa\/vanhan-porvoon-joulutee-100g\/#breadcrumb\"},\"inLanguage\":\"en-US\",\"potentialAction\":[{\"@type\":\"ReadAction\",\"target\":[\"https:\/\/www.teehelmi.fi\/en\/kauppa\/vanhan-porvoon-joulutee-100g\/\"]}]},{\"@type\":\"ImageObject\",\"inLanguage\":\"en-US\",\"@id\":\"https:\/\/www.teehelmi.fi\/en\/kauppa\/vanhan-porvoon-joulutee-100g\/#primaryimage\",\"url\":\"https:\/\/assets.teehelmi.fi\/2025\/04\/Vanhan-Porvoon-joulutee-TeeHelmi.png\",\"contentUrl\":\"https:\/\/assets.teehelmi.fi\/2025\/04\/Vanhan-Porvoon-joulutee-TeeHelmi.png\",\"width\":1200,\"height\":1200},{\"@type\":\"BreadcrumbList\",\"@id\":\"https:\/\/www.teehelmi.fi\/en\/kauppa\/vanhan-porvoon-joulutee-100g\/#breadcrumb\",\"itemListElement\":[{\"@type\":\"ListItem\",\"position\":1,\"name\":\"Etusivu\",\"item\":\"https:\/\/www.teehelmi.fi\/en\/teehelmi-fi-delicious-moments-since-1983\/\"},{\"@type\":\"ListItem\",\"position\":2,\"name\":\"Kauppa\",\"item\":\"https:\/\/www.teehelmi.fi\/kauppa\/\"},{\"@type\":\"ListItem\",\"position\":3,\"name\":\"Vanhan Porvoon Joulutee 100g\"}]},{\"@type\":\"WebSite\",\"@id\":\"https:\/\/www.teehelmi.fi\/en\/#website\",\"url\":\"https:\/\/www.teehelmi.fi\/en\/\",\"name\":\"Teehelmi.fi\",\"description\":\"Herkutteluhetki\u00e4 sinulle historian keskell\u00e4, vuodesta 1983.\",\"publisher\":{\"@id\":\"https:\/\/www.teehelmi.fi\/en\/#organization\"},\"potentialAction\":[{\"@type\":\"SearchAction\",\"target\":{\"@type\":\"EntryPoint\",\"urlTemplate\":\"https:\/\/www.teehelmi.fi\/en\/?s={search_term_string}\"},\"query-input\":{\"@type\":\"PropertyValueSpecification\",\"valueRequired\":true,\"valueName\":\"search_term_string\"}}],\"inLanguage\":\"en-US\"},{\"@type\":\"Organization\",\"@id\":\"https:\/\/www.teehelmi.fi\/en\/#organization\",\"name\":\"Teehelmi\",\"alternateName\":\"Tee- ja Kahvihuone Helmi Oy\",\"url\":\"https:\/\/www.teehelmi.fi\/en\/\",\"logo\":{\"@type\":\"ImageObject\",\"inLanguage\":\"en-US\",\"@id\":\"https:\/\/www.teehelmi.fi\/en\/#\/schema\/logo\/image\/\",\"url\":\"https:\/\/assets.teehelmi.fi\/2023\/11\/teehelmi-logo-scaled.webp\",\"contentUrl\":\"https:\/\/assets.teehelmi.fi\/2023\/11\/teehelmi-logo-scaled.webp\",\"width\":2560,\"height\":2358,\"caption\":\"Teehelmi\"},\"image\":{\"@id\":\"https:\/\/www.teehelmi.fi\/en\/#\/schema\/logo\/image\/\"},\"sameAs\":[\"https:\/\/www.facebook.com\/TeeHelmi.Fi\"]}]}<\/script>\n<!-- \/ Yoast SEO plugin. -->","yoast_head_json":{"title":"Vanhan Porvoon Joulutee 100g - Teehelmi.fi - Teet sinun herkutteluhetkiisi","robots":{"index":"index","follow":"follow","max-snippet":"max-snippet:-1","max-image-preview":"max-image-preview:large","max-video-preview":"max-video-preview:-1"},"canonical":"https:\/\/www.teehelmi.fi\/en\/kauppa\/vanhan-porvoon-joulutee-100g\/","og_locale":"en_US","og_type":"article","og_title":"Vanhan Porvoon Joulutee 100g - Teehelmi.fi - Teet sinun herkutteluhetkiisi","og_description":"Musta maustettu tee. Sopii erinoimaisesti joulunajan herkutteluun.","og_url":"https:\/\/www.teehelmi.fi\/en\/kauppa\/vanhan-porvoon-joulutee-100g\/","og_site_name":"Teehelmi.fi","article_publisher":"https:\/\/www.facebook.com\/TeeHelmi.Fi","article_modified_time":"2025-04-23T15:45:31+00:00","og_image":[{"width":1200,"height":1200,"url":"https:\/\/assets.teehelmi.fi\/2025\/04\/Vanhan-Porvoon-joulutee-TeeHelmi.png","type":"image\/png"}],"twitter_card":"summary_large_image","schema":{"@context":"https:\/\/schema.org","@graph":[{"@type":"WebPage","@id":"https:\/\/www.teehelmi.fi\/en\/kauppa\/vanhan-porvoon-joulutee-100g\/","url":"https:\/\/www.teehelmi.fi\/en\/kauppa\/vanhan-porvoon-joulutee-100g\/","name":"Vanhan Porvoon Joulutee 100g - Teehelmi.fi - Teet sinun herkutteluhetkiisi","isPartOf":{"@id":"https:\/\/www.teehelmi.fi\/en\/#website"},"primaryImageOfPage":{"@id":"https:\/\/www.teehelmi.fi\/en\/kauppa\/vanhan-porvoon-joulutee-100g\/#primaryimage"},"image":{"@id":"https:\/\/www.teehelmi.fi\/en\/kauppa\/vanhan-porvoon-joulutee-100g\/#primaryimage"},"thumbnailUrl":"https:\/\/assets.teehelmi.fi\/2025\/04\/Vanhan-Porvoon-joulutee-TeeHelmi.png","datePublished":"2025-04-23T15:44:36+00:00","dateModified":"2025-04-23T15:45:31+00:00","breadcrumb":{"@id":"https:\/\/www.teehelmi.fi\/en\/kauppa\/vanhan-porvoon-joulutee-100g\/#breadcrumb"},"inLanguage":"en-US","potentialAction":[{"@type":"ReadAction","target":["https:\/\/www.teehelmi.fi\/en\/kauppa\/vanhan-porvoon-joulutee-100g\/"]}]},{"@type":"ImageObject","inLanguage":"en-US","@id":"https:\/\/www.teehelmi.fi\/en\/kauppa\/vanhan-porvoon-joulutee-100g\/#primaryimage","url":"https:\/\/assets.teehelmi.fi\/2025\/04\/Vanhan-Porvoon-joulutee-TeeHelmi.png","contentUrl":"https:\/\/assets.teehelmi.fi\/2025\/04\/Vanhan-Porvoon-joulutee-TeeHelmi.png","width":1200,"height":1200},{"@type":"BreadcrumbList","@id":"https:\/\/www.teehelmi.fi\/en\/kauppa\/vanhan-porvoon-joulutee-100g\/#breadcrumb","itemListElement":[{"@type":"ListItem","position":1,"name":"Etusivu","item":"https:\/\/www.teehelmi.fi\/en\/teehelmi-fi-delicious-moments-since-1983\/"},{"@type":"ListItem","position":2,"name":"Kauppa","item":"https:\/\/www.teehelmi.fi\/kauppa\/"},{"@type":"ListItem","position":3,"name":"Vanhan Porvoon Joulutee 100g"}]},{"@type":"WebSite","@id":"https:\/\/www.teehelmi.fi\/en\/#website","url":"https:\/\/www.teehelmi.fi\/en\/","name":"Teehelmi.fi","description":"Herkutteluhetki\u00e4 sinulle historian keskell\u00e4, vuodesta 1983.","publisher":{"@id":"https:\/\/www.teehelmi.fi\/en\/#organization"},"potentialAction":[{"@type":"SearchAction","target":{"@type":"EntryPoint","urlTemplate":"https:\/\/www.teehelmi.fi\/en\/?s={search_term_string}"},"query-input":{"@type":"PropertyValueSpecification","valueRequired":true,"valueName":"search_term_string"}}],"inLanguage":"en-US"},{"@type":"Organization","@id":"https:\/\/www.teehelmi.fi\/en\/#organization","name":"Teehelmi","alternateName":"Tee- ja Kahvihuone Helmi Oy","url":"https:\/\/www.teehelmi.fi\/en\/","logo":{"@type":"ImageObject","inLanguage":"en-US","@id":"https:\/\/www.teehelmi.fi\/en\/#\/schema\/logo\/image\/","url":"https:\/\/assets.teehelmi.fi\/2023\/11\/teehelmi-logo-scaled.webp","contentUrl":"https:\/\/assets.teehelmi.fi\/2023\/11\/teehelmi-logo-scaled.webp","width":2560,"height":2358,"caption":"Teehelmi"},"image":{"@id":"https:\/\/www.teehelmi.fi\/en\/#\/schema\/logo\/image\/"},"sameAs":["https:\/\/www.facebook.com\/TeeHelmi.Fi"]}]}},"_links":{"self":[{"href":"https:\/\/www.teehelmi.fi\/en\/wp-json\/wp\/v2\/product\/31472","targetHints":{"allow":["GET"]}}],"collection":[{"href":"https:\/\/www.teehelmi.fi\/en\/wp-json\/wp\/v2\/product"}],"about":[{"href":"https:\/\/www.teehelmi.fi\/en\/wp-json\/wp\/v2\/types\/product"}],"version-history":[{"count":0,"href":"https:\/\/www.teehelmi.fi\/en\/wp-json\/wp\/v2\/product\/31472\/revisions"}],"wp:featuredmedia":[{"embeddable":true,"href":"https:\/\/www.teehelmi.fi\/en\/wp-json\/wp\/v2\/media\/31546"}],"wp:attachment":[{"href":"https:\/\/www.teehelmi.fi\/en\/wp-json\/wp\/v2\/media?parent=31472"}],"wp:term":[{"taxonomy":"product_brand","embeddable":true,"href":"https:\/\/www.teehelmi.fi\/en\/wp-json\/wp\/v2\/product_brand?post=31472"},{"taxonomy":"product_cat","embeddable":true,"href":"https:\/\/www.teehelmi.fi\/en\/wp-json\/wp\/v2\/product_cat?post=31472"},{"taxonomy":"product_tag","embeddable":true,"href":"https:\/\/www.teehelmi.fi\/en\/wp-json\/wp\/v2\/product_tag?post=31472"}],"curies":[{"name":"wp","href":"https:\/\/api.w.org\/{rel}","templated":true}]}}