{"id":31473,"date":"2025-04-23T17:44:36","date_gmt":"2025-04-23T15:44:36","guid":{"rendered":"https:\/\/www1.teehelmi.fi\/?post_type=product&#038;p=31473"},"modified":"2025-04-23T17:45:44","modified_gmt":"2025-04-23T15:45:44","slug":"formosa-honey","status":"publish","type":"product","link":"https:\/\/www.teehelmi.fi\/en\/kauppa\/formosa-honey\/","title":{"rendered":"Formosa Honey"},"content":{"rendered":"<p><strong>Formosa Honey &#8211; Musta, Taiwan<\/strong><\/p>\n<p><strong>Makea &amp; T\u00e4ytel\u00e4inen<\/strong><\/p>\n<p>Harvinaisuus Taiwanin saarelta, jota teemaailmassa kutsutaan vanhalla nimell\u00e4 Formosa. Oolong-teest\u00e4 tunnetulla saarella mustan teen valmistaminen on todella v\u00e4h\u00e4ist\u00e4 ja t\u00e4t\u00e4 herkkua on nyt saatavilla. Vaikka tee on maustamaton, nimens\u00e4 se on saanut vahvasta makeasta ominaismaustaan.<\/p>\n<p>Avatessa pussin tulee voimakas luontainen makean hunajainen, kukkainen tuoksu ripauksella mausteisuutta, joista esiin nousevat lakritsin ja fenkolin vivahteet. Kaarevat, kokonaisena rullatut lehdet ovat isoja ja muistuttavatkin tummempia oolong-laatuja ulkon\u00e4\u00f6lt\u00e4\u00e4n. Joukosta erottaa my\u00f6s kultaisia k\u00e4rkisilmuja.<\/p>\n<p>Haudutetut lehdet avautuvat ja tuovat makeuden voimakkaammin esiin. Maistaessa teet\u00e4 ensimm\u00e4isen\u00e4 suun valtaa pehme\u00e4n t\u00e4ytel\u00e4inen ja runsas, suuta hivelev\u00e4 maku. Hetkisen aikaa suussa ollessaan mausteisuus nousee esiin ja tuoksussakin huomatut lakritsisuus ja fenkolin vivahteet k\u00e4v\u00e4isev\u00e4t suussa, mutta loppua kohti suuhun j\u00e4\u00e4 pitk\u00e4, makea j\u00e4lkimaku.<\/p>\n<p>Kokeilun arvoinen erikoisuus, joka sopii erinomaisesti tuhdimpien j\u00e4lkiruokien seuraksi.<\/p>\n<p>Haudutusohje: 2 tlk\/kuppi, 95c vesi, 3 min, 1 haudutuskerta<\/p>\n<p>&nbsp;<\/p>\n","protected":false},"excerpt":{"rendered":"<p><strong>Formosa Honey &#8211; Musta, Taiwan<\/strong><\/p>\n<p><strong>Makea &amp; T\u00e4ytel\u00e4inen<\/strong><\/p>\n","protected":false},"featured_media":31549,"template":"","meta":[],"product_brand":[],"product_cat":[246,244,236,248],"product_tag":[],"class_list":{"0":"post-31473","1":"product","2":"type-product","3":"status-publish","4":"has-post-thumbnail","6":"product_cat-maustamaton-musta-tee","7":"product_cat-maustamaton-tee","8":"product_cat-musta-tee","9":"product_cat-muut-maat-makuja-maailmalta","10":"pa_paino-100g","11":"pa_paino-25g","12":"pa_paino-50g","13":"description-off","15":"first","16":"instock","17":"taxable","18":"shipping-taxable","19":"purchasable","20":"product-type-variable"},"exclude_global_add_ons":[],"addons":[],"yoast_head":"<!-- This site is optimized with the Yoast SEO plugin v27.2 - https:\/\/yoast.com\/product\/yoast-seo-wordpress\/ -->\n<title>Formosa Honey - Teehelmi.fi - Teet sinun herkutteluhetkiisi<\/title>\n<meta name=\"robots\" content=\"index, follow, max-snippet:-1, max-image-preview:large, max-video-preview:-1\" \/>\n<link rel=\"canonical\" href=\"https:\/\/www.teehelmi.fi\/en\/kauppa\/formosa-honey\/\" \/>\n<meta property=\"og:locale\" content=\"en_US\" \/>\n<meta property=\"og:type\" content=\"article\" \/>\n<meta property=\"og:title\" content=\"Formosa Honey - Teehelmi.fi - Teet sinun herkutteluhetkiisi\" \/>\n<meta property=\"og:description\" content=\"Formosa Honey - Musta, Taiwan  Makea &amp; T\u00e4ytel\u00e4inen\" \/>\n<meta property=\"og:url\" content=\"https:\/\/www.teehelmi.fi\/en\/kauppa\/formosa-honey\/\" \/>\n<meta property=\"og:site_name\" content=\"Teehelmi.fi\" \/>\n<meta property=\"article:publisher\" content=\"https:\/\/www.facebook.com\/TeeHelmi.Fi\" \/>\n<meta property=\"article:modified_time\" content=\"2025-04-23T15:45:44+00:00\" \/>\n<meta property=\"og:image\" content=\"https:\/\/assets.teehelmi.fi\/2025\/04\/TeeHelmi-Formosa-Honey.png\" \/>\n\t<meta property=\"og:image:width\" content=\"1200\" \/>\n\t<meta property=\"og:image:height\" content=\"1200\" \/>\n\t<meta property=\"og:image:type\" content=\"image\/png\" \/>\n<meta name=\"twitter:card\" content=\"summary_large_image\" \/>\n<meta name=\"twitter:label1\" content=\"Est. reading time\" \/>\n\t<meta name=\"twitter:data1\" content=\"1 minute\" \/>\n<script type=\"application\/ld+json\" class=\"yoast-schema-graph\">{\"@context\":\"https:\/\/schema.org\",\"@graph\":[{\"@type\":\"WebPage\",\"@id\":\"https:\/\/www.teehelmi.fi\/en\/kauppa\/formosa-honey\/\",\"url\":\"https:\/\/www.teehelmi.fi\/en\/kauppa\/formosa-honey\/\",\"name\":\"Formosa Honey - Teehelmi.fi - Teet sinun herkutteluhetkiisi\",\"isPartOf\":{\"@id\":\"https:\/\/www.teehelmi.fi\/en\/#website\"},\"primaryImageOfPage\":{\"@id\":\"https:\/\/www.teehelmi.fi\/en\/kauppa\/formosa-honey\/#primaryimage\"},\"image\":{\"@id\":\"https:\/\/www.teehelmi.fi\/en\/kauppa\/formosa-honey\/#primaryimage\"},\"thumbnailUrl\":\"https:\/\/assets.teehelmi.fi\/2025\/04\/TeeHelmi-Formosa-Honey.png\",\"datePublished\":\"2025-04-23T15:44:36+00:00\",\"dateModified\":\"2025-04-23T15:45:44+00:00\",\"breadcrumb\":{\"@id\":\"https:\/\/www.teehelmi.fi\/en\/kauppa\/formosa-honey\/#breadcrumb\"},\"inLanguage\":\"en-US\",\"potentialAction\":[{\"@type\":\"ReadAction\",\"target\":[\"https:\/\/www.teehelmi.fi\/en\/kauppa\/formosa-honey\/\"]}]},{\"@type\":\"ImageObject\",\"inLanguage\":\"en-US\",\"@id\":\"https:\/\/www.teehelmi.fi\/en\/kauppa\/formosa-honey\/#primaryimage\",\"url\":\"https:\/\/assets.teehelmi.fi\/2025\/04\/TeeHelmi-Formosa-Honey.png\",\"contentUrl\":\"https:\/\/assets.teehelmi.fi\/2025\/04\/TeeHelmi-Formosa-Honey.png\",\"width\":1200,\"height\":1200},{\"@type\":\"BreadcrumbList\",\"@id\":\"https:\/\/www.teehelmi.fi\/en\/kauppa\/formosa-honey\/#breadcrumb\",\"itemListElement\":[{\"@type\":\"ListItem\",\"position\":1,\"name\":\"Etusivu\",\"item\":\"https:\/\/www.teehelmi.fi\/en\/teehelmi-fi-delicious-moments-since-1983\/\"},{\"@type\":\"ListItem\",\"position\":2,\"name\":\"Kauppa\",\"item\":\"https:\/\/www.teehelmi.fi\/kauppa\/\"},{\"@type\":\"ListItem\",\"position\":3,\"name\":\"Formosa Honey\"}]},{\"@type\":\"WebSite\",\"@id\":\"https:\/\/www.teehelmi.fi\/en\/#website\",\"url\":\"https:\/\/www.teehelmi.fi\/en\/\",\"name\":\"Teehelmi.fi\",\"description\":\"Herkutteluhetki\u00e4 sinulle historian keskell\u00e4, vuodesta 1983.\",\"publisher\":{\"@id\":\"https:\/\/www.teehelmi.fi\/en\/#organization\"},\"potentialAction\":[{\"@type\":\"SearchAction\",\"target\":{\"@type\":\"EntryPoint\",\"urlTemplate\":\"https:\/\/www.teehelmi.fi\/en\/?s={search_term_string}\"},\"query-input\":{\"@type\":\"PropertyValueSpecification\",\"valueRequired\":true,\"valueName\":\"search_term_string\"}}],\"inLanguage\":\"en-US\"},{\"@type\":\"Organization\",\"@id\":\"https:\/\/www.teehelmi.fi\/en\/#organization\",\"name\":\"Teehelmi\",\"alternateName\":\"Tee- ja Kahvihuone Helmi Oy\",\"url\":\"https:\/\/www.teehelmi.fi\/en\/\",\"logo\":{\"@type\":\"ImageObject\",\"inLanguage\":\"en-US\",\"@id\":\"https:\/\/www.teehelmi.fi\/en\/#\/schema\/logo\/image\/\",\"url\":\"https:\/\/assets.teehelmi.fi\/2023\/11\/teehelmi-logo-scaled.webp\",\"contentUrl\":\"https:\/\/assets.teehelmi.fi\/2023\/11\/teehelmi-logo-scaled.webp\",\"width\":2560,\"height\":2358,\"caption\":\"Teehelmi\"},\"image\":{\"@id\":\"https:\/\/www.teehelmi.fi\/en\/#\/schema\/logo\/image\/\"},\"sameAs\":[\"https:\/\/www.facebook.com\/TeeHelmi.Fi\"]}]}<\/script>\n<!-- \/ Yoast SEO plugin. -->","yoast_head_json":{"title":"Formosa Honey - Teehelmi.fi - Teet sinun herkutteluhetkiisi","robots":{"index":"index","follow":"follow","max-snippet":"max-snippet:-1","max-image-preview":"max-image-preview:large","max-video-preview":"max-video-preview:-1"},"canonical":"https:\/\/www.teehelmi.fi\/en\/kauppa\/formosa-honey\/","og_locale":"en_US","og_type":"article","og_title":"Formosa Honey - Teehelmi.fi - Teet sinun herkutteluhetkiisi","og_description":"Formosa Honey - Musta, Taiwan  Makea &amp; T\u00e4ytel\u00e4inen","og_url":"https:\/\/www.teehelmi.fi\/en\/kauppa\/formosa-honey\/","og_site_name":"Teehelmi.fi","article_publisher":"https:\/\/www.facebook.com\/TeeHelmi.Fi","article_modified_time":"2025-04-23T15:45:44+00:00","og_image":[{"width":1200,"height":1200,"url":"https:\/\/assets.teehelmi.fi\/2025\/04\/TeeHelmi-Formosa-Honey.png","type":"image\/png"}],"twitter_card":"summary_large_image","twitter_misc":{"Est. reading time":"1 minute"},"schema":{"@context":"https:\/\/schema.org","@graph":[{"@type":"WebPage","@id":"https:\/\/www.teehelmi.fi\/en\/kauppa\/formosa-honey\/","url":"https:\/\/www.teehelmi.fi\/en\/kauppa\/formosa-honey\/","name":"Formosa Honey - Teehelmi.fi - Teet sinun herkutteluhetkiisi","isPartOf":{"@id":"https:\/\/www.teehelmi.fi\/en\/#website"},"primaryImageOfPage":{"@id":"https:\/\/www.teehelmi.fi\/en\/kauppa\/formosa-honey\/#primaryimage"},"image":{"@id":"https:\/\/www.teehelmi.fi\/en\/kauppa\/formosa-honey\/#primaryimage"},"thumbnailUrl":"https:\/\/assets.teehelmi.fi\/2025\/04\/TeeHelmi-Formosa-Honey.png","datePublished":"2025-04-23T15:44:36+00:00","dateModified":"2025-04-23T15:45:44+00:00","breadcrumb":{"@id":"https:\/\/www.teehelmi.fi\/en\/kauppa\/formosa-honey\/#breadcrumb"},"inLanguage":"en-US","potentialAction":[{"@type":"ReadAction","target":["https:\/\/www.teehelmi.fi\/en\/kauppa\/formosa-honey\/"]}]},{"@type":"ImageObject","inLanguage":"en-US","@id":"https:\/\/www.teehelmi.fi\/en\/kauppa\/formosa-honey\/#primaryimage","url":"https:\/\/assets.teehelmi.fi\/2025\/04\/TeeHelmi-Formosa-Honey.png","contentUrl":"https:\/\/assets.teehelmi.fi\/2025\/04\/TeeHelmi-Formosa-Honey.png","width":1200,"height":1200},{"@type":"BreadcrumbList","@id":"https:\/\/www.teehelmi.fi\/en\/kauppa\/formosa-honey\/#breadcrumb","itemListElement":[{"@type":"ListItem","position":1,"name":"Etusivu","item":"https:\/\/www.teehelmi.fi\/en\/teehelmi-fi-delicious-moments-since-1983\/"},{"@type":"ListItem","position":2,"name":"Kauppa","item":"https:\/\/www.teehelmi.fi\/kauppa\/"},{"@type":"ListItem","position":3,"name":"Formosa Honey"}]},{"@type":"WebSite","@id":"https:\/\/www.teehelmi.fi\/en\/#website","url":"https:\/\/www.teehelmi.fi\/en\/","name":"Teehelmi.fi","description":"Herkutteluhetki\u00e4 sinulle historian keskell\u00e4, vuodesta 1983.","publisher":{"@id":"https:\/\/www.teehelmi.fi\/en\/#organization"},"potentialAction":[{"@type":"SearchAction","target":{"@type":"EntryPoint","urlTemplate":"https:\/\/www.teehelmi.fi\/en\/?s={search_term_string}"},"query-input":{"@type":"PropertyValueSpecification","valueRequired":true,"valueName":"search_term_string"}}],"inLanguage":"en-US"},{"@type":"Organization","@id":"https:\/\/www.teehelmi.fi\/en\/#organization","name":"Teehelmi","alternateName":"Tee- ja Kahvihuone Helmi Oy","url":"https:\/\/www.teehelmi.fi\/en\/","logo":{"@type":"ImageObject","inLanguage":"en-US","@id":"https:\/\/www.teehelmi.fi\/en\/#\/schema\/logo\/image\/","url":"https:\/\/assets.teehelmi.fi\/2023\/11\/teehelmi-logo-scaled.webp","contentUrl":"https:\/\/assets.teehelmi.fi\/2023\/11\/teehelmi-logo-scaled.webp","width":2560,"height":2358,"caption":"Teehelmi"},"image":{"@id":"https:\/\/www.teehelmi.fi\/en\/#\/schema\/logo\/image\/"},"sameAs":["https:\/\/www.facebook.com\/TeeHelmi.Fi"]}]}},"_links":{"self":[{"href":"https:\/\/www.teehelmi.fi\/en\/wp-json\/wp\/v2\/product\/31473","targetHints":{"allow":["GET"]}}],"collection":[{"href":"https:\/\/www.teehelmi.fi\/en\/wp-json\/wp\/v2\/product"}],"about":[{"href":"https:\/\/www.teehelmi.fi\/en\/wp-json\/wp\/v2\/types\/product"}],"version-history":[{"count":0,"href":"https:\/\/www.teehelmi.fi\/en\/wp-json\/wp\/v2\/product\/31473\/revisions"}],"wp:featuredmedia":[{"embeddable":true,"href":"https:\/\/www.teehelmi.fi\/en\/wp-json\/wp\/v2\/media\/31549"}],"wp:attachment":[{"href":"https:\/\/www.teehelmi.fi\/en\/wp-json\/wp\/v2\/media?parent=31473"}],"wp:term":[{"taxonomy":"product_brand","embeddable":true,"href":"https:\/\/www.teehelmi.fi\/en\/wp-json\/wp\/v2\/product_brand?post=31473"},{"taxonomy":"product_cat","embeddable":true,"href":"https:\/\/www.teehelmi.fi\/en\/wp-json\/wp\/v2\/product_cat?post=31473"},{"taxonomy":"product_tag","embeddable":true,"href":"https:\/\/www.teehelmi.fi\/en\/wp-json\/wp\/v2\/product_tag?post=31473"}],"curies":[{"name":"wp","href":"https:\/\/api.w.org\/{rel}","templated":true}]}}