{"id":31534,"date":"2025-04-23T17:45:23","date_gmt":"2025-04-23T15:45:23","guid":{"rendered":"https:\/\/www1.teehelmi.fi\/?post_type=product&#038;p=31534"},"modified":"2025-04-23T17:46:09","modified_gmt":"2025-04-23T15:46:09","slug":"long-jing-kiina","status":"publish","type":"product","link":"https:\/\/www.teehelmi.fi\/en\/kauppa\/long-jing-kiina\/","title":{"rendered":"Long Jing Kiina"},"content":{"rendered":"<p><strong>Long Jing Grade 1 &#8220;Lohik\u00e4\u00e4rmeen kaivo&#8221; &#8211; Vihre\u00e4, Kiina, Zhejiang<br \/>\nMakea &amp; Ruohoinen<\/strong><\/p>\n<p>Long jing on ylivoimaisesti tunnetuin kiinalainen vihre\u00e4 tee, joka k\u00e4\u00e4nnettyn\u00e4 tarkoittaa lohik\u00e4\u00e4rmeen kaivoa. Perinteisesti sill\u00e4 nimell\u00e4 saa kutsua vain Zhejiangin provinssin Longjingin kyl\u00e4n l\u00e4hettyvilt\u00e4. T\u00e4m\u00e4 tee on laatuluokaltaan Grade 1 &#8211; mik\u00e4 on toiseksi korkein luokka heti korkeimman, \u00e4\u00e4rimm\u00e4isen eksklusiivisen &#8220;Superiour&#8221; -luokan j\u00e4lkeen.<\/p>\n<p>Tee poimitaan ja rullataan k\u00e4sity\u00f6n\u00e4 ja sen k\u00e4sittely on monisatavuotinen perinne, jotta lopputuloksesta tulisi erinomainen.<\/p>\n<p>Lehdet ovat pitki\u00e4, litteit\u00e4 ja kirkkaan vihreit\u00e4. Haudutuksessa lehdet avautuvat, joten varaathan tarpeeksi ison sihdin haudutukseen. Teen voi hauduttaa my\u00f6s kiinalaista perinnett\u00e4 mukaillen suoraan kupissa, sill\u00e4 lehtien ollessa ehji\u00e4, v\u00e4h\u00e4isten tanniinien ansiosta tee ei kitker\u00f6idy pidemm\u00e4ll\u00e4k\u00e4\u00e4n haudutusajalla.<\/p>\n<p>Tuoksu lehdiss\u00e4 on makea, hieman hunajainen, jopa persikkainen. Haudutettu liemi on kirkasta, ja hennon vaaleanvihre\u00e4\u00e4, keltaiseen taipuen. Maistaessa, teen ensituntuma suussa on silkkinen. Teess\u00e4 on monikerroksinen makurakenne maun vaihdellessa hunajaisen makeuden, kukkaisuuden ja ruohoisuuden v\u00e4lill\u00e4. J\u00e4lkimaku suussa on pehme\u00e4 ja pitk\u00e4\u00e4n viipyv\u00e4. J\u00e4lkimaussa voi hieman aistia jasmiinin vivahdetta.<\/p>\n<p>Teet\u00e4 kannattaa ehdottomasti hauduttaa useampia kertoja samoista lehdist\u00e4.<\/p>\n<p>Haudutusohje: 2 tlk\/20cl, 75c vesi, 2-3 min, 1-7 haudutuskertaa.<br \/>\nVertailuhinta 178,00e\/kg &#8211; kuppi (3g) 0,54 e<\/p>\n","protected":false},"excerpt":{"rendered":"<p><strong>Long Jing Grade 1 &#8220;Lohik\u00e4\u00e4rmeen kaivo&#8221; &#8211; Vihre\u00e4, Kiina, Zhejiang<br \/>\nMakea &amp; Ruohoinen<\/strong><\/p>\n","protected":false},"featured_media":31573,"template":"","meta":[],"product_brand":[],"product_cat":[252,253,83,242],"product_tag":[41,112],"class_list":{"0":"post-31534","1":"product","2":"type-product","3":"status-publish","4":"has-post-thumbnail","6":"product_cat-kiina-makuja-maailmalta","7":"product_cat-maustamaton-vihrea-tee","8":"product_cat-tee","9":"product_cat-vihrea-tee","10":"product_tag-kiinalainen-tee","11":"product_tag-kiinalainen-vihrea-tee","12":"pa_paino-100g","13":"pa_paino-25g","14":"pa_paino-50g","15":"description-off","17":"first","18":"instock","19":"taxable","20":"shipping-taxable","21":"purchasable","22":"product-type-variable","23":"has-default-attributes"},"exclude_global_add_ons":[],"addons":[],"yoast_head":"<!-- This site is optimized with the Yoast SEO plugin v27.2 - https:\/\/yoast.com\/product\/yoast-seo-wordpress\/ -->\n<title>Long Jing Kiina - Teehelmi.fi - Teet sinun herkutteluhetkiisi<\/title>\n<meta name=\"robots\" content=\"index, follow, max-snippet:-1, max-image-preview:large, max-video-preview:-1\" \/>\n<link rel=\"canonical\" href=\"https:\/\/www.teehelmi.fi\/en\/kauppa\/long-jing-kiina\/\" \/>\n<meta property=\"og:locale\" content=\"en_US\" \/>\n<meta property=\"og:type\" content=\"article\" \/>\n<meta property=\"og:title\" content=\"Long Jing Kiina - Teehelmi.fi - Teet sinun herkutteluhetkiisi\" \/>\n<meta property=\"og:description\" content=\"Long Jing Grade 1 &quot;Lohik\u00e4\u00e4rmeen kaivo&quot; - Vihre\u00e4, Kiina, Zhejiang Makea &amp; Ruohoinen\" \/>\n<meta property=\"og:url\" content=\"https:\/\/www.teehelmi.fi\/en\/kauppa\/long-jing-kiina\/\" \/>\n<meta property=\"og:site_name\" content=\"Teehelmi.fi\" \/>\n<meta property=\"article:publisher\" content=\"https:\/\/www.facebook.com\/TeeHelmi.Fi\" \/>\n<meta property=\"article:modified_time\" content=\"2025-04-23T15:46:09+00:00\" \/>\n<meta property=\"og:image\" content=\"https:\/\/assets.teehelmi.fi\/2025\/04\/Long-Jing-Kiina-vihrea-tee.png\" \/>\n\t<meta property=\"og:image:width\" content=\"1200\" \/>\n\t<meta property=\"og:image:height\" content=\"1200\" \/>\n\t<meta property=\"og:image:type\" content=\"image\/png\" \/>\n<meta name=\"twitter:card\" content=\"summary_large_image\" \/>\n<meta name=\"twitter:label1\" content=\"Est. reading time\" \/>\n\t<meta name=\"twitter:data1\" content=\"2 minutes\" \/>\n<script type=\"application\/ld+json\" class=\"yoast-schema-graph\">{\"@context\":\"https:\/\/schema.org\",\"@graph\":[{\"@type\":\"WebPage\",\"@id\":\"https:\/\/www.teehelmi.fi\/en\/kauppa\/long-jing-kiina\/\",\"url\":\"https:\/\/www.teehelmi.fi\/en\/kauppa\/long-jing-kiina\/\",\"name\":\"Long Jing Kiina - Teehelmi.fi - Teet sinun herkutteluhetkiisi\",\"isPartOf\":{\"@id\":\"https:\/\/www.teehelmi.fi\/en\/#website\"},\"primaryImageOfPage\":{\"@id\":\"https:\/\/www.teehelmi.fi\/en\/kauppa\/long-jing-kiina\/#primaryimage\"},\"image\":{\"@id\":\"https:\/\/www.teehelmi.fi\/en\/kauppa\/long-jing-kiina\/#primaryimage\"},\"thumbnailUrl\":\"https:\/\/assets.teehelmi.fi\/2025\/04\/Long-Jing-Kiina-vihrea-tee.png\",\"datePublished\":\"2025-04-23T15:45:23+00:00\",\"dateModified\":\"2025-04-23T15:46:09+00:00\",\"breadcrumb\":{\"@id\":\"https:\/\/www.teehelmi.fi\/en\/kauppa\/long-jing-kiina\/#breadcrumb\"},\"inLanguage\":\"en-US\",\"potentialAction\":[{\"@type\":\"ReadAction\",\"target\":[\"https:\/\/www.teehelmi.fi\/en\/kauppa\/long-jing-kiina\/\"]}]},{\"@type\":\"ImageObject\",\"inLanguage\":\"en-US\",\"@id\":\"https:\/\/www.teehelmi.fi\/en\/kauppa\/long-jing-kiina\/#primaryimage\",\"url\":\"https:\/\/assets.teehelmi.fi\/2025\/04\/Long-Jing-Kiina-vihrea-tee.png\",\"contentUrl\":\"https:\/\/assets.teehelmi.fi\/2025\/04\/Long-Jing-Kiina-vihrea-tee.png\",\"width\":1200,\"height\":1200},{\"@type\":\"BreadcrumbList\",\"@id\":\"https:\/\/www.teehelmi.fi\/en\/kauppa\/long-jing-kiina\/#breadcrumb\",\"itemListElement\":[{\"@type\":\"ListItem\",\"position\":1,\"name\":\"Etusivu\",\"item\":\"https:\/\/www.teehelmi.fi\/en\/teehelmi-fi-delicious-moments-since-1983\/\"},{\"@type\":\"ListItem\",\"position\":2,\"name\":\"Kauppa\",\"item\":\"https:\/\/www.teehelmi.fi\/kauppa\/\"},{\"@type\":\"ListItem\",\"position\":3,\"name\":\"Long Jing Kiina\"}]},{\"@type\":\"WebSite\",\"@id\":\"https:\/\/www.teehelmi.fi\/en\/#website\",\"url\":\"https:\/\/www.teehelmi.fi\/en\/\",\"name\":\"Teehelmi.fi\",\"description\":\"Herkutteluhetki\u00e4 sinulle historian keskell\u00e4, vuodesta 1983.\",\"publisher\":{\"@id\":\"https:\/\/www.teehelmi.fi\/en\/#organization\"},\"potentialAction\":[{\"@type\":\"SearchAction\",\"target\":{\"@type\":\"EntryPoint\",\"urlTemplate\":\"https:\/\/www.teehelmi.fi\/en\/?s={search_term_string}\"},\"query-input\":{\"@type\":\"PropertyValueSpecification\",\"valueRequired\":true,\"valueName\":\"search_term_string\"}}],\"inLanguage\":\"en-US\"},{\"@type\":\"Organization\",\"@id\":\"https:\/\/www.teehelmi.fi\/en\/#organization\",\"name\":\"Teehelmi\",\"alternateName\":\"Tee- ja Kahvihuone Helmi Oy\",\"url\":\"https:\/\/www.teehelmi.fi\/en\/\",\"logo\":{\"@type\":\"ImageObject\",\"inLanguage\":\"en-US\",\"@id\":\"https:\/\/www.teehelmi.fi\/en\/#\/schema\/logo\/image\/\",\"url\":\"https:\/\/assets.teehelmi.fi\/2023\/11\/teehelmi-logo-scaled.webp\",\"contentUrl\":\"https:\/\/assets.teehelmi.fi\/2023\/11\/teehelmi-logo-scaled.webp\",\"width\":2560,\"height\":2358,\"caption\":\"Teehelmi\"},\"image\":{\"@id\":\"https:\/\/www.teehelmi.fi\/en\/#\/schema\/logo\/image\/\"},\"sameAs\":[\"https:\/\/www.facebook.com\/TeeHelmi.Fi\"]}]}<\/script>\n<!-- \/ Yoast SEO plugin. -->","yoast_head_json":{"title":"Long Jing Kiina - Teehelmi.fi - Teet sinun herkutteluhetkiisi","robots":{"index":"index","follow":"follow","max-snippet":"max-snippet:-1","max-image-preview":"max-image-preview:large","max-video-preview":"max-video-preview:-1"},"canonical":"https:\/\/www.teehelmi.fi\/en\/kauppa\/long-jing-kiina\/","og_locale":"en_US","og_type":"article","og_title":"Long Jing Kiina - Teehelmi.fi - Teet sinun herkutteluhetkiisi","og_description":"Long Jing Grade 1 \"Lohik\u00e4\u00e4rmeen kaivo\" - Vihre\u00e4, Kiina, Zhejiang Makea &amp; Ruohoinen","og_url":"https:\/\/www.teehelmi.fi\/en\/kauppa\/long-jing-kiina\/","og_site_name":"Teehelmi.fi","article_publisher":"https:\/\/www.facebook.com\/TeeHelmi.Fi","article_modified_time":"2025-04-23T15:46:09+00:00","og_image":[{"width":1200,"height":1200,"url":"https:\/\/assets.teehelmi.fi\/2025\/04\/Long-Jing-Kiina-vihrea-tee.png","type":"image\/png"}],"twitter_card":"summary_large_image","twitter_misc":{"Est. reading time":"2 minutes"},"schema":{"@context":"https:\/\/schema.org","@graph":[{"@type":"WebPage","@id":"https:\/\/www.teehelmi.fi\/en\/kauppa\/long-jing-kiina\/","url":"https:\/\/www.teehelmi.fi\/en\/kauppa\/long-jing-kiina\/","name":"Long Jing Kiina - Teehelmi.fi - Teet sinun herkutteluhetkiisi","isPartOf":{"@id":"https:\/\/www.teehelmi.fi\/en\/#website"},"primaryImageOfPage":{"@id":"https:\/\/www.teehelmi.fi\/en\/kauppa\/long-jing-kiina\/#primaryimage"},"image":{"@id":"https:\/\/www.teehelmi.fi\/en\/kauppa\/long-jing-kiina\/#primaryimage"},"thumbnailUrl":"https:\/\/assets.teehelmi.fi\/2025\/04\/Long-Jing-Kiina-vihrea-tee.png","datePublished":"2025-04-23T15:45:23+00:00","dateModified":"2025-04-23T15:46:09+00:00","breadcrumb":{"@id":"https:\/\/www.teehelmi.fi\/en\/kauppa\/long-jing-kiina\/#breadcrumb"},"inLanguage":"en-US","potentialAction":[{"@type":"ReadAction","target":["https:\/\/www.teehelmi.fi\/en\/kauppa\/long-jing-kiina\/"]}]},{"@type":"ImageObject","inLanguage":"en-US","@id":"https:\/\/www.teehelmi.fi\/en\/kauppa\/long-jing-kiina\/#primaryimage","url":"https:\/\/assets.teehelmi.fi\/2025\/04\/Long-Jing-Kiina-vihrea-tee.png","contentUrl":"https:\/\/assets.teehelmi.fi\/2025\/04\/Long-Jing-Kiina-vihrea-tee.png","width":1200,"height":1200},{"@type":"BreadcrumbList","@id":"https:\/\/www.teehelmi.fi\/en\/kauppa\/long-jing-kiina\/#breadcrumb","itemListElement":[{"@type":"ListItem","position":1,"name":"Etusivu","item":"https:\/\/www.teehelmi.fi\/en\/teehelmi-fi-delicious-moments-since-1983\/"},{"@type":"ListItem","position":2,"name":"Kauppa","item":"https:\/\/www.teehelmi.fi\/kauppa\/"},{"@type":"ListItem","position":3,"name":"Long Jing Kiina"}]},{"@type":"WebSite","@id":"https:\/\/www.teehelmi.fi\/en\/#website","url":"https:\/\/www.teehelmi.fi\/en\/","name":"Teehelmi.fi","description":"Herkutteluhetki\u00e4 sinulle historian keskell\u00e4, vuodesta 1983.","publisher":{"@id":"https:\/\/www.teehelmi.fi\/en\/#organization"},"potentialAction":[{"@type":"SearchAction","target":{"@type":"EntryPoint","urlTemplate":"https:\/\/www.teehelmi.fi\/en\/?s={search_term_string}"},"query-input":{"@type":"PropertyValueSpecification","valueRequired":true,"valueName":"search_term_string"}}],"inLanguage":"en-US"},{"@type":"Organization","@id":"https:\/\/www.teehelmi.fi\/en\/#organization","name":"Teehelmi","alternateName":"Tee- ja Kahvihuone Helmi Oy","url":"https:\/\/www.teehelmi.fi\/en\/","logo":{"@type":"ImageObject","inLanguage":"en-US","@id":"https:\/\/www.teehelmi.fi\/en\/#\/schema\/logo\/image\/","url":"https:\/\/assets.teehelmi.fi\/2023\/11\/teehelmi-logo-scaled.webp","contentUrl":"https:\/\/assets.teehelmi.fi\/2023\/11\/teehelmi-logo-scaled.webp","width":2560,"height":2358,"caption":"Teehelmi"},"image":{"@id":"https:\/\/www.teehelmi.fi\/en\/#\/schema\/logo\/image\/"},"sameAs":["https:\/\/www.facebook.com\/TeeHelmi.Fi"]}]}},"_links":{"self":[{"href":"https:\/\/www.teehelmi.fi\/en\/wp-json\/wp\/v2\/product\/31534","targetHints":{"allow":["GET"]}}],"collection":[{"href":"https:\/\/www.teehelmi.fi\/en\/wp-json\/wp\/v2\/product"}],"about":[{"href":"https:\/\/www.teehelmi.fi\/en\/wp-json\/wp\/v2\/types\/product"}],"version-history":[{"count":0,"href":"https:\/\/www.teehelmi.fi\/en\/wp-json\/wp\/v2\/product\/31534\/revisions"}],"wp:featuredmedia":[{"embeddable":true,"href":"https:\/\/www.teehelmi.fi\/en\/wp-json\/wp\/v2\/media\/31573"}],"wp:attachment":[{"href":"https:\/\/www.teehelmi.fi\/en\/wp-json\/wp\/v2\/media?parent=31534"}],"wp:term":[{"taxonomy":"product_brand","embeddable":true,"href":"https:\/\/www.teehelmi.fi\/en\/wp-json\/wp\/v2\/product_brand?post=31534"},{"taxonomy":"product_cat","embeddable":true,"href":"https:\/\/www.teehelmi.fi\/en\/wp-json\/wp\/v2\/product_cat?post=31534"},{"taxonomy":"product_tag","embeddable":true,"href":"https:\/\/www.teehelmi.fi\/en\/wp-json\/wp\/v2\/product_tag?post=31534"}],"curies":[{"name":"wp","href":"https:\/\/api.w.org\/{rel}","templated":true}]}}