{"id":31590,"date":"2025-04-23T17:46:11","date_gmt":"2025-04-23T15:46:11","guid":{"rendered":"https:\/\/www1.teehelmi.fi\/?post_type=product&#038;p=31590"},"modified":"2025-07-11T16:36:21","modified_gmt":"2025-07-11T13:36:21","slug":"darjeeling-tukvar-ftgfop","status":"publish","type":"product","link":"https:\/\/www.teehelmi.fi\/en\/kauppa\/darjeeling-tukvar-ftgfop\/","title":{"rendered":"Darjeeling Tukvar FTGFOP"},"content":{"rendered":"<p><strong>Tukvar FTGFOP &#8211; Musta, Intia, Darjeeling<br \/>\n<\/strong><strong>Muskottinen &amp; T\u00e4ytel\u00e4inen<\/strong><\/p>\n<p>Tukvarin teeplantaasi sijaitsee 450-850 metri\u00e4 merenpinnan yl\u00e4puolella Darjeelingin Pohjoislaaksossa.<\/p>\n<p>Ruskeissa lehdiss\u00e4 on joukossa vaaleampia k\u00e4rkisilmuja sek\u00e4 v\u00e4hemm\u00e4n hapettuneita lehti\u00e4. Lehtien tuoksu on muskottinen, jopa hieman suklainen. Hauduttaessa lehdess\u00e4 tulee esiin paahteisuus ja mausteisuus. Haudutettu liemi on kirkasta ja kuparisen v\u00e4rist\u00e4.<\/p>\n<p>Maistaessa suutuntuma on pehme\u00e4. Makumaailma on t\u00e4ytel\u00e4inen ja kyps\u00e4 aavistuksella kukkaisuutta, j\u00e4lkimaku on paahteisempi ja mausteisempi. Makupaletti pysyy hyvin suussa kasassa koko maistamisen ajan.<\/p>\n<p>T\u00e4m\u00e4 tee on erinomainen iltap\u00e4iv\u00e4teeksi pienien suolaisten ja makeiden herkkujen kera<\/p>\n<p>Haudutusohje: 2tlk\/25cl, 95c vesi, 3 min, 1 haudutuskerta. Vertailuhinta 208,00e\/kg &#8211; kuppi (3g) 0,63e<\/p>\n<p>&nbsp;<\/p>\n","protected":false},"excerpt":{"rendered":"<p><strong>Muskottinen &amp; T\u00e4ytel\u00e4inen<\/strong><\/p>\n","protected":false},"featured_media":31611,"template":"","meta":[],"product_brand":[],"product_cat":[251,246,244,236],"product_tag":[110,93,94],"class_list":{"0":"post-31590","1":"product","2":"type-product","3":"status-publish","4":"has-post-thumbnail","6":"product_cat-intia-makuja-maailmalta","7":"product_cat-maustamaton-musta-tee","8":"product_cat-maustamaton-tee","9":"product_cat-musta-tee","10":"product_tag-darjeeling-tee","11":"product_tag-intialainen-musta-tee","12":"product_tag-intialainen-tee","13":"pa_paino-100g","14":"pa_paino-150g","15":"pa_paino-200g","16":"pa_paino-25g","17":"pa_paino-50g","18":"description-off","20":"first","21":"instock","22":"taxable","23":"shipping-taxable","24":"purchasable","25":"product-type-variable","26":"has-default-attributes"},"exclude_global_add_ons":[],"addons":[],"yoast_head":"<!-- This site is optimized with the Yoast SEO plugin v27.2 - https:\/\/yoast.com\/product\/yoast-seo-wordpress\/ -->\n<title>Darjeeling Tukvar FTGFOP - Teehelmi.fi - Teet sinun herkutteluhetkiisi<\/title>\n<meta name=\"robots\" content=\"index, follow, max-snippet:-1, max-image-preview:large, max-video-preview:-1\" \/>\n<link rel=\"canonical\" href=\"https:\/\/www.teehelmi.fi\/en\/kauppa\/darjeeling-tukvar-ftgfop\/\" \/>\n<meta property=\"og:locale\" content=\"en_US\" \/>\n<meta property=\"og:type\" content=\"article\" \/>\n<meta property=\"og:title\" content=\"Darjeeling Tukvar FTGFOP - Teehelmi.fi - Teet sinun herkutteluhetkiisi\" \/>\n<meta property=\"og:description\" content=\"Muskottinen &amp; T\u00e4ytel\u00e4inen\" \/>\n<meta property=\"og:url\" content=\"https:\/\/www.teehelmi.fi\/en\/kauppa\/darjeeling-tukvar-ftgfop\/\" \/>\n<meta property=\"og:site_name\" content=\"Teehelmi.fi\" \/>\n<meta property=\"article:publisher\" content=\"https:\/\/www.facebook.com\/TeeHelmi.Fi\" \/>\n<meta property=\"article:modified_time\" content=\"2025-07-11T13:36:21+00:00\" \/>\n<meta property=\"og:image\" content=\"https:\/\/assets.teehelmi.fi\/2025\/04\/11112-DARJEELING-TUKVAR-FTGFOP.png\" \/>\n\t<meta property=\"og:image:width\" content=\"1200\" \/>\n\t<meta property=\"og:image:height\" content=\"1200\" \/>\n\t<meta property=\"og:image:type\" content=\"image\/png\" \/>\n<meta name=\"twitter:card\" content=\"summary_large_image\" \/>\n<meta name=\"twitter:label1\" content=\"Est. reading time\" \/>\n\t<meta name=\"twitter:data1\" content=\"1 minute\" \/>\n<script type=\"application\/ld+json\" class=\"yoast-schema-graph\">{\"@context\":\"https:\/\/schema.org\",\"@graph\":[{\"@type\":\"WebPage\",\"@id\":\"https:\/\/www.teehelmi.fi\/en\/kauppa\/darjeeling-tukvar-ftgfop\/\",\"url\":\"https:\/\/www.teehelmi.fi\/en\/kauppa\/darjeeling-tukvar-ftgfop\/\",\"name\":\"Darjeeling Tukvar FTGFOP - Teehelmi.fi - Teet sinun herkutteluhetkiisi\",\"isPartOf\":{\"@id\":\"https:\/\/www.teehelmi.fi\/en\/#website\"},\"primaryImageOfPage\":{\"@id\":\"https:\/\/www.teehelmi.fi\/en\/kauppa\/darjeeling-tukvar-ftgfop\/#primaryimage\"},\"image\":{\"@id\":\"https:\/\/www.teehelmi.fi\/en\/kauppa\/darjeeling-tukvar-ftgfop\/#primaryimage\"},\"thumbnailUrl\":\"https:\/\/assets.teehelmi.fi\/2025\/04\/11112-DARJEELING-TUKVAR-FTGFOP.png\",\"datePublished\":\"2025-04-23T15:46:11+00:00\",\"dateModified\":\"2025-07-11T13:36:21+00:00\",\"breadcrumb\":{\"@id\":\"https:\/\/www.teehelmi.fi\/en\/kauppa\/darjeeling-tukvar-ftgfop\/#breadcrumb\"},\"inLanguage\":\"en-US\",\"potentialAction\":[{\"@type\":\"ReadAction\",\"target\":[\"https:\/\/www.teehelmi.fi\/en\/kauppa\/darjeeling-tukvar-ftgfop\/\"]}]},{\"@type\":\"ImageObject\",\"inLanguage\":\"en-US\",\"@id\":\"https:\/\/www.teehelmi.fi\/en\/kauppa\/darjeeling-tukvar-ftgfop\/#primaryimage\",\"url\":\"https:\/\/assets.teehelmi.fi\/2025\/04\/11112-DARJEELING-TUKVAR-FTGFOP.png\",\"contentUrl\":\"https:\/\/assets.teehelmi.fi\/2025\/04\/11112-DARJEELING-TUKVAR-FTGFOP.png\",\"width\":1200,\"height\":1200},{\"@type\":\"BreadcrumbList\",\"@id\":\"https:\/\/www.teehelmi.fi\/en\/kauppa\/darjeeling-tukvar-ftgfop\/#breadcrumb\",\"itemListElement\":[{\"@type\":\"ListItem\",\"position\":1,\"name\":\"Etusivu\",\"item\":\"https:\/\/www.teehelmi.fi\/en\/teehelmi-fi-delicious-moments-since-1983\/\"},{\"@type\":\"ListItem\",\"position\":2,\"name\":\"Kauppa\",\"item\":\"https:\/\/www.teehelmi.fi\/kauppa\/\"},{\"@type\":\"ListItem\",\"position\":3,\"name\":\"Darjeeling Tukvar FTGFOP\"}]},{\"@type\":\"WebSite\",\"@id\":\"https:\/\/www.teehelmi.fi\/en\/#website\",\"url\":\"https:\/\/www.teehelmi.fi\/en\/\",\"name\":\"Teehelmi.fi\",\"description\":\"Herkutteluhetki\u00e4 sinulle historian keskell\u00e4, vuodesta 1983.\",\"publisher\":{\"@id\":\"https:\/\/www.teehelmi.fi\/en\/#organization\"},\"potentialAction\":[{\"@type\":\"SearchAction\",\"target\":{\"@type\":\"EntryPoint\",\"urlTemplate\":\"https:\/\/www.teehelmi.fi\/en\/?s={search_term_string}\"},\"query-input\":{\"@type\":\"PropertyValueSpecification\",\"valueRequired\":true,\"valueName\":\"search_term_string\"}}],\"inLanguage\":\"en-US\"},{\"@type\":\"Organization\",\"@id\":\"https:\/\/www.teehelmi.fi\/en\/#organization\",\"name\":\"Teehelmi\",\"alternateName\":\"Tee- ja Kahvihuone Helmi Oy\",\"url\":\"https:\/\/www.teehelmi.fi\/en\/\",\"logo\":{\"@type\":\"ImageObject\",\"inLanguage\":\"en-US\",\"@id\":\"https:\/\/www.teehelmi.fi\/en\/#\/schema\/logo\/image\/\",\"url\":\"https:\/\/assets.teehelmi.fi\/2023\/11\/teehelmi-logo-scaled.webp\",\"contentUrl\":\"https:\/\/assets.teehelmi.fi\/2023\/11\/teehelmi-logo-scaled.webp\",\"width\":2560,\"height\":2358,\"caption\":\"Teehelmi\"},\"image\":{\"@id\":\"https:\/\/www.teehelmi.fi\/en\/#\/schema\/logo\/image\/\"},\"sameAs\":[\"https:\/\/www.facebook.com\/TeeHelmi.Fi\"]}]}<\/script>\n<!-- \/ Yoast SEO plugin. -->","yoast_head_json":{"title":"Darjeeling Tukvar FTGFOP - Teehelmi.fi - Teet sinun herkutteluhetkiisi","robots":{"index":"index","follow":"follow","max-snippet":"max-snippet:-1","max-image-preview":"max-image-preview:large","max-video-preview":"max-video-preview:-1"},"canonical":"https:\/\/www.teehelmi.fi\/en\/kauppa\/darjeeling-tukvar-ftgfop\/","og_locale":"en_US","og_type":"article","og_title":"Darjeeling Tukvar FTGFOP - Teehelmi.fi - Teet sinun herkutteluhetkiisi","og_description":"Muskottinen &amp; T\u00e4ytel\u00e4inen","og_url":"https:\/\/www.teehelmi.fi\/en\/kauppa\/darjeeling-tukvar-ftgfop\/","og_site_name":"Teehelmi.fi","article_publisher":"https:\/\/www.facebook.com\/TeeHelmi.Fi","article_modified_time":"2025-07-11T13:36:21+00:00","og_image":[{"width":1200,"height":1200,"url":"https:\/\/assets.teehelmi.fi\/2025\/04\/11112-DARJEELING-TUKVAR-FTGFOP.png","type":"image\/png"}],"twitter_card":"summary_large_image","twitter_misc":{"Est. reading time":"1 minute"},"schema":{"@context":"https:\/\/schema.org","@graph":[{"@type":"WebPage","@id":"https:\/\/www.teehelmi.fi\/en\/kauppa\/darjeeling-tukvar-ftgfop\/","url":"https:\/\/www.teehelmi.fi\/en\/kauppa\/darjeeling-tukvar-ftgfop\/","name":"Darjeeling Tukvar FTGFOP - Teehelmi.fi - Teet sinun herkutteluhetkiisi","isPartOf":{"@id":"https:\/\/www.teehelmi.fi\/en\/#website"},"primaryImageOfPage":{"@id":"https:\/\/www.teehelmi.fi\/en\/kauppa\/darjeeling-tukvar-ftgfop\/#primaryimage"},"image":{"@id":"https:\/\/www.teehelmi.fi\/en\/kauppa\/darjeeling-tukvar-ftgfop\/#primaryimage"},"thumbnailUrl":"https:\/\/assets.teehelmi.fi\/2025\/04\/11112-DARJEELING-TUKVAR-FTGFOP.png","datePublished":"2025-04-23T15:46:11+00:00","dateModified":"2025-07-11T13:36:21+00:00","breadcrumb":{"@id":"https:\/\/www.teehelmi.fi\/en\/kauppa\/darjeeling-tukvar-ftgfop\/#breadcrumb"},"inLanguage":"en-US","potentialAction":[{"@type":"ReadAction","target":["https:\/\/www.teehelmi.fi\/en\/kauppa\/darjeeling-tukvar-ftgfop\/"]}]},{"@type":"ImageObject","inLanguage":"en-US","@id":"https:\/\/www.teehelmi.fi\/en\/kauppa\/darjeeling-tukvar-ftgfop\/#primaryimage","url":"https:\/\/assets.teehelmi.fi\/2025\/04\/11112-DARJEELING-TUKVAR-FTGFOP.png","contentUrl":"https:\/\/assets.teehelmi.fi\/2025\/04\/11112-DARJEELING-TUKVAR-FTGFOP.png","width":1200,"height":1200},{"@type":"BreadcrumbList","@id":"https:\/\/www.teehelmi.fi\/en\/kauppa\/darjeeling-tukvar-ftgfop\/#breadcrumb","itemListElement":[{"@type":"ListItem","position":1,"name":"Etusivu","item":"https:\/\/www.teehelmi.fi\/en\/teehelmi-fi-delicious-moments-since-1983\/"},{"@type":"ListItem","position":2,"name":"Kauppa","item":"https:\/\/www.teehelmi.fi\/kauppa\/"},{"@type":"ListItem","position":3,"name":"Darjeeling Tukvar FTGFOP"}]},{"@type":"WebSite","@id":"https:\/\/www.teehelmi.fi\/en\/#website","url":"https:\/\/www.teehelmi.fi\/en\/","name":"Teehelmi.fi","description":"Herkutteluhetki\u00e4 sinulle historian keskell\u00e4, vuodesta 1983.","publisher":{"@id":"https:\/\/www.teehelmi.fi\/en\/#organization"},"potentialAction":[{"@type":"SearchAction","target":{"@type":"EntryPoint","urlTemplate":"https:\/\/www.teehelmi.fi\/en\/?s={search_term_string}"},"query-input":{"@type":"PropertyValueSpecification","valueRequired":true,"valueName":"search_term_string"}}],"inLanguage":"en-US"},{"@type":"Organization","@id":"https:\/\/www.teehelmi.fi\/en\/#organization","name":"Teehelmi","alternateName":"Tee- ja Kahvihuone Helmi Oy","url":"https:\/\/www.teehelmi.fi\/en\/","logo":{"@type":"ImageObject","inLanguage":"en-US","@id":"https:\/\/www.teehelmi.fi\/en\/#\/schema\/logo\/image\/","url":"https:\/\/assets.teehelmi.fi\/2023\/11\/teehelmi-logo-scaled.webp","contentUrl":"https:\/\/assets.teehelmi.fi\/2023\/11\/teehelmi-logo-scaled.webp","width":2560,"height":2358,"caption":"Teehelmi"},"image":{"@id":"https:\/\/www.teehelmi.fi\/en\/#\/schema\/logo\/image\/"},"sameAs":["https:\/\/www.facebook.com\/TeeHelmi.Fi"]}]}},"_links":{"self":[{"href":"https:\/\/www.teehelmi.fi\/en\/wp-json\/wp\/v2\/product\/31590","targetHints":{"allow":["GET"]}}],"collection":[{"href":"https:\/\/www.teehelmi.fi\/en\/wp-json\/wp\/v2\/product"}],"about":[{"href":"https:\/\/www.teehelmi.fi\/en\/wp-json\/wp\/v2\/types\/product"}],"version-history":[{"count":0,"href":"https:\/\/www.teehelmi.fi\/en\/wp-json\/wp\/v2\/product\/31590\/revisions"}],"wp:featuredmedia":[{"embeddable":true,"href":"https:\/\/www.teehelmi.fi\/en\/wp-json\/wp\/v2\/media\/31611"}],"wp:attachment":[{"href":"https:\/\/www.teehelmi.fi\/en\/wp-json\/wp\/v2\/media?parent=31590"}],"wp:term":[{"taxonomy":"product_brand","embeddable":true,"href":"https:\/\/www.teehelmi.fi\/en\/wp-json\/wp\/v2\/product_brand?post=31590"},{"taxonomy":"product_cat","embeddable":true,"href":"https:\/\/www.teehelmi.fi\/en\/wp-json\/wp\/v2\/product_cat?post=31590"},{"taxonomy":"product_tag","embeddable":true,"href":"https:\/\/www.teehelmi.fi\/en\/wp-json\/wp\/v2\/product_tag?post=31590"}],"curies":[{"name":"wp","href":"https:\/\/api.w.org\/{rel}","templated":true}]}}