{"id":31601,"date":"2025-04-23T17:46:12","date_gmt":"2025-04-23T15:46:12","guid":{"rendered":"https:\/\/www1.teehelmi.fi\/?post_type=product&#038;p=31601"},"modified":"2025-04-23T17:46:56","modified_gmt":"2025-04-23T15:46:56","slug":"darjeeling-risheehat-ftgfop1","status":"publish","type":"product","link":"https:\/\/www.teehelmi.fi\/en\/kauppa\/darjeeling-risheehat-ftgfop1\/","title":{"rendered":"Darjeeling Risheehat FTGFOP1"},"content":{"rendered":"<p><strong>Risheehat FTGFOP1 &#8211; Musta, Intia, Darjeeling<br \/>\nRaikas &amp; Muskottinen<\/strong><\/p>\n<p>Saksalaiset l\u00e4hetyssaarnaajat olivat mukana perustamassa t\u00e4t\u00e4 257 hehtaarin kokoista teeplantaasia, jonka rinteet sijaitsevat 980-2050 metrin korkeudella merenpinnasta.<\/p>\n<p>T\u00e4m\u00e4 tee on my\u00f6h\u00e4isen kev\u00e4tsadon poiminnasta, ollen kevyesti hapetettu ja rullattu, joukossa ollen kultaisia k\u00e4rkisilmuja sek\u00e4 lehti\u00e4, joita ei ole rullattu kokonaan. Tuoksu lehdiss\u00e4 on raikas ja muskottinen. Haudutetussa lehdess\u00e4 esiin nousee hunajaisuutta ja mausteisuutta sek\u00e4 hieman jasmiinin tuoksua.<\/p>\n<p>Haudutettu liemi on kirkas ja vaalean kuparinen. Maistaessa suutuntuma on kevyt, alkumaku on raikas ja makea, pitk\u00e4n j\u00e4lkimaun ollessa mausteinen.<\/p>\n<p>Tyypilliseen Darjeeling-teehen verrattuna makukokonaisuus on kevyempi ja tee sopiikiin erinomaisesti iltap\u00e4iv\u00e4\u00e4n tai iltaan, suolaisten sek\u00e4 makeiden herkkujen kanssa.<\/p>\n<p>Haudutusohje: 2 tlk\/30cl, 95c vesi, 3 min, 1 haudutuskerta. Vertailuhinta 170,00e\/kg &#8211; kuppi (3g) 0,51e<\/p>\n","protected":false},"excerpt":{"rendered":"<p><strong>Raikas &amp; Muskottinen<\/strong><\/p>\n","protected":false},"featured_media":31642,"template":"","meta":[],"product_brand":[],"product_cat":[251,246,236],"product_tag":[110,93,44],"class_list":{"0":"post-31601","1":"product","2":"type-product","3":"status-publish","4":"has-post-thumbnail","6":"product_cat-intia-makuja-maailmalta","7":"product_cat-maustamaton-musta-tee","8":"product_cat-musta-tee","9":"product_tag-darjeeling-tee","10":"product_tag-intialainen-musta-tee","11":"product_tag-musta-tee","12":"pa_paino-100g","13":"pa_paino-150g","14":"pa_paino-200g","15":"pa_paino-50g","16":"description-off","18":"first","19":"instock","20":"taxable","21":"shipping-taxable","22":"purchasable","23":"product-type-variable","24":"has-default-attributes"},"exclude_global_add_ons":[],"addons":[],"yoast_head":"<!-- This site is optimized with the Yoast SEO plugin v27.2 - https:\/\/yoast.com\/product\/yoast-seo-wordpress\/ -->\n<title>Darjeeling Risheehat FTGFOP1 - Teehelmi.fi - Teet sinun herkutteluhetkiisi<\/title>\n<meta name=\"robots\" content=\"index, follow, max-snippet:-1, max-image-preview:large, max-video-preview:-1\" \/>\n<link rel=\"canonical\" href=\"https:\/\/www.teehelmi.fi\/en\/kauppa\/darjeeling-risheehat-ftgfop1\/\" \/>\n<meta property=\"og:locale\" content=\"en_US\" \/>\n<meta property=\"og:type\" content=\"article\" \/>\n<meta property=\"og:title\" content=\"Darjeeling Risheehat FTGFOP1 - Teehelmi.fi - Teet sinun herkutteluhetkiisi\" \/>\n<meta property=\"og:description\" content=\"Raikas &amp; Muskottinen\" \/>\n<meta property=\"og:url\" content=\"https:\/\/www.teehelmi.fi\/en\/kauppa\/darjeeling-risheehat-ftgfop1\/\" \/>\n<meta property=\"og:site_name\" content=\"Teehelmi.fi\" \/>\n<meta property=\"article:publisher\" content=\"https:\/\/www.facebook.com\/TeeHelmi.Fi\" \/>\n<meta property=\"article:modified_time\" content=\"2025-04-23T15:46:56+00:00\" \/>\n<meta property=\"og:image\" content=\"https:\/\/assets.teehelmi.fi\/2025\/04\/Darjeeling-Risheehat-FTGFOP1.png\" \/>\n\t<meta property=\"og:image:width\" content=\"1200\" \/>\n\t<meta property=\"og:image:height\" content=\"1200\" \/>\n\t<meta property=\"og:image:type\" content=\"image\/png\" \/>\n<meta name=\"twitter:card\" content=\"summary_large_image\" \/>\n<meta name=\"twitter:label1\" content=\"Est. reading time\" \/>\n\t<meta name=\"twitter:data1\" content=\"1 minute\" \/>\n<script type=\"application\/ld+json\" class=\"yoast-schema-graph\">{\"@context\":\"https:\/\/schema.org\",\"@graph\":[{\"@type\":\"WebPage\",\"@id\":\"https:\/\/www.teehelmi.fi\/en\/kauppa\/darjeeling-risheehat-ftgfop1\/\",\"url\":\"https:\/\/www.teehelmi.fi\/en\/kauppa\/darjeeling-risheehat-ftgfop1\/\",\"name\":\"Darjeeling Risheehat FTGFOP1 - Teehelmi.fi - Teet sinun herkutteluhetkiisi\",\"isPartOf\":{\"@id\":\"https:\/\/www.teehelmi.fi\/en\/#website\"},\"primaryImageOfPage\":{\"@id\":\"https:\/\/www.teehelmi.fi\/en\/kauppa\/darjeeling-risheehat-ftgfop1\/#primaryimage\"},\"image\":{\"@id\":\"https:\/\/www.teehelmi.fi\/en\/kauppa\/darjeeling-risheehat-ftgfop1\/#primaryimage\"},\"thumbnailUrl\":\"https:\/\/assets.teehelmi.fi\/2025\/04\/Darjeeling-Risheehat-FTGFOP1.png\",\"datePublished\":\"2025-04-23T15:46:12+00:00\",\"dateModified\":\"2025-04-23T15:46:56+00:00\",\"breadcrumb\":{\"@id\":\"https:\/\/www.teehelmi.fi\/en\/kauppa\/darjeeling-risheehat-ftgfop1\/#breadcrumb\"},\"inLanguage\":\"en-US\",\"potentialAction\":[{\"@type\":\"ReadAction\",\"target\":[\"https:\/\/www.teehelmi.fi\/en\/kauppa\/darjeeling-risheehat-ftgfop1\/\"]}]},{\"@type\":\"ImageObject\",\"inLanguage\":\"en-US\",\"@id\":\"https:\/\/www.teehelmi.fi\/en\/kauppa\/darjeeling-risheehat-ftgfop1\/#primaryimage\",\"url\":\"https:\/\/assets.teehelmi.fi\/2025\/04\/Darjeeling-Risheehat-FTGFOP1.png\",\"contentUrl\":\"https:\/\/assets.teehelmi.fi\/2025\/04\/Darjeeling-Risheehat-FTGFOP1.png\",\"width\":1200,\"height\":1200},{\"@type\":\"BreadcrumbList\",\"@id\":\"https:\/\/www.teehelmi.fi\/en\/kauppa\/darjeeling-risheehat-ftgfop1\/#breadcrumb\",\"itemListElement\":[{\"@type\":\"ListItem\",\"position\":1,\"name\":\"Etusivu\",\"item\":\"https:\/\/www.teehelmi.fi\/en\/teehelmi-fi-delicious-moments-since-1983\/\"},{\"@type\":\"ListItem\",\"position\":2,\"name\":\"Kauppa\",\"item\":\"https:\/\/www.teehelmi.fi\/kauppa\/\"},{\"@type\":\"ListItem\",\"position\":3,\"name\":\"Darjeeling Risheehat FTGFOP1\"}]},{\"@type\":\"WebSite\",\"@id\":\"https:\/\/www.teehelmi.fi\/en\/#website\",\"url\":\"https:\/\/www.teehelmi.fi\/en\/\",\"name\":\"Teehelmi.fi\",\"description\":\"Herkutteluhetki\u00e4 sinulle historian keskell\u00e4, vuodesta 1983.\",\"publisher\":{\"@id\":\"https:\/\/www.teehelmi.fi\/en\/#organization\"},\"potentialAction\":[{\"@type\":\"SearchAction\",\"target\":{\"@type\":\"EntryPoint\",\"urlTemplate\":\"https:\/\/www.teehelmi.fi\/en\/?s={search_term_string}\"},\"query-input\":{\"@type\":\"PropertyValueSpecification\",\"valueRequired\":true,\"valueName\":\"search_term_string\"}}],\"inLanguage\":\"en-US\"},{\"@type\":\"Organization\",\"@id\":\"https:\/\/www.teehelmi.fi\/en\/#organization\",\"name\":\"Teehelmi\",\"alternateName\":\"Tee- ja Kahvihuone Helmi Oy\",\"url\":\"https:\/\/www.teehelmi.fi\/en\/\",\"logo\":{\"@type\":\"ImageObject\",\"inLanguage\":\"en-US\",\"@id\":\"https:\/\/www.teehelmi.fi\/en\/#\/schema\/logo\/image\/\",\"url\":\"https:\/\/assets.teehelmi.fi\/2023\/11\/teehelmi-logo-scaled.webp\",\"contentUrl\":\"https:\/\/assets.teehelmi.fi\/2023\/11\/teehelmi-logo-scaled.webp\",\"width\":2560,\"height\":2358,\"caption\":\"Teehelmi\"},\"image\":{\"@id\":\"https:\/\/www.teehelmi.fi\/en\/#\/schema\/logo\/image\/\"},\"sameAs\":[\"https:\/\/www.facebook.com\/TeeHelmi.Fi\"]}]}<\/script>\n<!-- \/ Yoast SEO plugin. -->","yoast_head_json":{"title":"Darjeeling Risheehat FTGFOP1 - Teehelmi.fi - Teet sinun herkutteluhetkiisi","robots":{"index":"index","follow":"follow","max-snippet":"max-snippet:-1","max-image-preview":"max-image-preview:large","max-video-preview":"max-video-preview:-1"},"canonical":"https:\/\/www.teehelmi.fi\/en\/kauppa\/darjeeling-risheehat-ftgfop1\/","og_locale":"en_US","og_type":"article","og_title":"Darjeeling Risheehat FTGFOP1 - Teehelmi.fi - Teet sinun herkutteluhetkiisi","og_description":"Raikas &amp; Muskottinen","og_url":"https:\/\/www.teehelmi.fi\/en\/kauppa\/darjeeling-risheehat-ftgfop1\/","og_site_name":"Teehelmi.fi","article_publisher":"https:\/\/www.facebook.com\/TeeHelmi.Fi","article_modified_time":"2025-04-23T15:46:56+00:00","og_image":[{"width":1200,"height":1200,"url":"https:\/\/assets.teehelmi.fi\/2025\/04\/Darjeeling-Risheehat-FTGFOP1.png","type":"image\/png"}],"twitter_card":"summary_large_image","twitter_misc":{"Est. reading time":"1 minute"},"schema":{"@context":"https:\/\/schema.org","@graph":[{"@type":"WebPage","@id":"https:\/\/www.teehelmi.fi\/en\/kauppa\/darjeeling-risheehat-ftgfop1\/","url":"https:\/\/www.teehelmi.fi\/en\/kauppa\/darjeeling-risheehat-ftgfop1\/","name":"Darjeeling Risheehat FTGFOP1 - Teehelmi.fi - Teet sinun herkutteluhetkiisi","isPartOf":{"@id":"https:\/\/www.teehelmi.fi\/en\/#website"},"primaryImageOfPage":{"@id":"https:\/\/www.teehelmi.fi\/en\/kauppa\/darjeeling-risheehat-ftgfop1\/#primaryimage"},"image":{"@id":"https:\/\/www.teehelmi.fi\/en\/kauppa\/darjeeling-risheehat-ftgfop1\/#primaryimage"},"thumbnailUrl":"https:\/\/assets.teehelmi.fi\/2025\/04\/Darjeeling-Risheehat-FTGFOP1.png","datePublished":"2025-04-23T15:46:12+00:00","dateModified":"2025-04-23T15:46:56+00:00","breadcrumb":{"@id":"https:\/\/www.teehelmi.fi\/en\/kauppa\/darjeeling-risheehat-ftgfop1\/#breadcrumb"},"inLanguage":"en-US","potentialAction":[{"@type":"ReadAction","target":["https:\/\/www.teehelmi.fi\/en\/kauppa\/darjeeling-risheehat-ftgfop1\/"]}]},{"@type":"ImageObject","inLanguage":"en-US","@id":"https:\/\/www.teehelmi.fi\/en\/kauppa\/darjeeling-risheehat-ftgfop1\/#primaryimage","url":"https:\/\/assets.teehelmi.fi\/2025\/04\/Darjeeling-Risheehat-FTGFOP1.png","contentUrl":"https:\/\/assets.teehelmi.fi\/2025\/04\/Darjeeling-Risheehat-FTGFOP1.png","width":1200,"height":1200},{"@type":"BreadcrumbList","@id":"https:\/\/www.teehelmi.fi\/en\/kauppa\/darjeeling-risheehat-ftgfop1\/#breadcrumb","itemListElement":[{"@type":"ListItem","position":1,"name":"Etusivu","item":"https:\/\/www.teehelmi.fi\/en\/teehelmi-fi-delicious-moments-since-1983\/"},{"@type":"ListItem","position":2,"name":"Kauppa","item":"https:\/\/www.teehelmi.fi\/kauppa\/"},{"@type":"ListItem","position":3,"name":"Darjeeling Risheehat FTGFOP1"}]},{"@type":"WebSite","@id":"https:\/\/www.teehelmi.fi\/en\/#website","url":"https:\/\/www.teehelmi.fi\/en\/","name":"Teehelmi.fi","description":"Herkutteluhetki\u00e4 sinulle historian keskell\u00e4, vuodesta 1983.","publisher":{"@id":"https:\/\/www.teehelmi.fi\/en\/#organization"},"potentialAction":[{"@type":"SearchAction","target":{"@type":"EntryPoint","urlTemplate":"https:\/\/www.teehelmi.fi\/en\/?s={search_term_string}"},"query-input":{"@type":"PropertyValueSpecification","valueRequired":true,"valueName":"search_term_string"}}],"inLanguage":"en-US"},{"@type":"Organization","@id":"https:\/\/www.teehelmi.fi\/en\/#organization","name":"Teehelmi","alternateName":"Tee- ja Kahvihuone Helmi Oy","url":"https:\/\/www.teehelmi.fi\/en\/","logo":{"@type":"ImageObject","inLanguage":"en-US","@id":"https:\/\/www.teehelmi.fi\/en\/#\/schema\/logo\/image\/","url":"https:\/\/assets.teehelmi.fi\/2023\/11\/teehelmi-logo-scaled.webp","contentUrl":"https:\/\/assets.teehelmi.fi\/2023\/11\/teehelmi-logo-scaled.webp","width":2560,"height":2358,"caption":"Teehelmi"},"image":{"@id":"https:\/\/www.teehelmi.fi\/en\/#\/schema\/logo\/image\/"},"sameAs":["https:\/\/www.facebook.com\/TeeHelmi.Fi"]}]}},"_links":{"self":[{"href":"https:\/\/www.teehelmi.fi\/en\/wp-json\/wp\/v2\/product\/31601","targetHints":{"allow":["GET"]}}],"collection":[{"href":"https:\/\/www.teehelmi.fi\/en\/wp-json\/wp\/v2\/product"}],"about":[{"href":"https:\/\/www.teehelmi.fi\/en\/wp-json\/wp\/v2\/types\/product"}],"version-history":[{"count":0,"href":"https:\/\/www.teehelmi.fi\/en\/wp-json\/wp\/v2\/product\/31601\/revisions"}],"wp:featuredmedia":[{"embeddable":true,"href":"https:\/\/www.teehelmi.fi\/en\/wp-json\/wp\/v2\/media\/31642"}],"wp:attachment":[{"href":"https:\/\/www.teehelmi.fi\/en\/wp-json\/wp\/v2\/media?parent=31601"}],"wp:term":[{"taxonomy":"product_brand","embeddable":true,"href":"https:\/\/www.teehelmi.fi\/en\/wp-json\/wp\/v2\/product_brand?post=31601"},{"taxonomy":"product_cat","embeddable":true,"href":"https:\/\/www.teehelmi.fi\/en\/wp-json\/wp\/v2\/product_cat?post=31601"},{"taxonomy":"product_tag","embeddable":true,"href":"https:\/\/www.teehelmi.fi\/en\/wp-json\/wp\/v2\/product_tag?post=31601"}],"curies":[{"name":"wp","href":"https:\/\/api.w.org\/{rel}","templated":true}]}}