{"id":31623,"date":"2025-04-23T17:46:35","date_gmt":"2025-04-23T15:46:35","guid":{"rendered":"https:\/\/www1.teehelmi.fi\/?post_type=product&#038;p=31623"},"modified":"2025-04-23T17:47:22","modified_gmt":"2025-04-23T15:47:22","slug":"puer-imperial-luomu","status":"publish","type":"product","link":"https:\/\/www.teehelmi.fi\/en\/kauppa\/puer-imperial-luomu\/","title":{"rendered":"Pu&#8217;Er Imperial luomu"},"content":{"rendered":"<p><strong>Pu&#8217;er Imperial &#8211; Pu&#8217;er, Kiina, Yunnan, luomu<br \/>\n<\/strong><strong>Ryhdik\u00e4s &amp; Maamainen<\/strong><\/p>\n<p>Pu&#8217;er -teet tai Pu&#8217;erh-teet ovat teemaailman vanhimpia ja perinteikk\u00e4impi\u00e4 laatuja. T\u00e4m\u00e4 kyseinen tee on sit\u00e4, mit\u00e4 kiinalaiset kutsuvat &#8220;tummaksi teeksi&#8221; kun meid\u00e4n l\u00e4nsimaisten tuntemaa mustaa teet\u00e4 kutsutaan Kiinaksi punaiseksi teeksi. Pu&#8217;er -teet ovat my\u00f6s ainoita teelaatuja, jotka pit\u00e4v\u00e4t ominaisuutensa vanhetessaan, ja oikein s\u00e4ilytettyn\u00e4 my\u00f6s parantuvat.<\/p>\n<p>Teen uusi suosio liittyy moniin tutkimuksiin, jossa todetaan teen mahdollisesti laskevan veren rasva-arvoja. Pu&#8217;er-teen tunnetuimpia pakkaustapoja ovat erilaiset &#8220;kakut&#8221;, kiekon muotoon pakattuna. My\u00f6s linnunpes\u00e4n muotoisia tai teetiileksi puristettuja laatuja l\u00f6ytyy. T\u00e4m\u00e4 kyseinen laatu on kuitenkin irtoteen muodossa sen helpon k\u00e4sitelt\u00e4vyyden johdosta.<\/p>\n<p>Makumaailmaltaan tee on t\u00e4ytel\u00e4inen ja ryhdik\u00e4s. Ensimaku suussa on jopa pehme\u00e4, loppua kohden teelajille tutummat aromit, m\u00e4rk\u00e4 mets\u00e4, nahka, kellari, maamaisuus nousee esille. J\u00e4lkimaku on miellytt\u00e4v\u00e4 ja todella pitk\u00e4 suussa. T\u00e4m\u00e4 kyseinen tee on todellinen herkku, ja se sopii vaikka tuhdin illallisen j\u00e4lkiruuaksi.<\/p>\n<p>Haudutusohje: 2 tlk\/kuppi, 95c vesi, 3 min, 1-5 haudutuskertaa. Vertailuhinta 448,00e\/kg &#8211; kuppi (3g) 1,36e<\/p>\n<p>&nbsp;<\/p>\n","protected":false},"excerpt":{"rendered":"<p><strong>Ryhdik\u00e4s &amp; Maamainen<\/strong><\/p>\n","protected":false},"featured_media":31664,"template":"","meta":[],"product_brand":[],"product_cat":[252,244,256],"product_tag":[41,140],"class_list":{"0":"post-31623","1":"product","2":"type-product","3":"status-publish","4":"has-post-thumbnail","6":"product_cat-kiina-makuja-maailmalta","7":"product_cat-maustamaton-tee","8":"product_cat-muut-maustamattomat-teet","9":"product_tag-kiinalainen-tee","10":"product_tag-puer-tee","11":"pa_paino-100g","12":"pa_paino-150g","13":"pa_paino-200g","14":"pa_paino-25g","15":"pa_paino-50g","16":"description-off","18":"first","19":"instock","20":"taxable","21":"shipping-taxable","22":"purchasable","23":"product-type-variable"},"exclude_global_add_ons":[],"addons":[],"yoast_head":"<!-- This site is optimized with the Yoast SEO plugin v27.2 - https:\/\/yoast.com\/product\/yoast-seo-wordpress\/ -->\n<title>Pu&#039;Er Imperial luomu - Teehelmi.fi - Teet sinun herkutteluhetkiisi<\/title>\n<meta name=\"robots\" content=\"index, follow, max-snippet:-1, max-image-preview:large, max-video-preview:-1\" \/>\n<link rel=\"canonical\" href=\"https:\/\/www.teehelmi.fi\/en\/kauppa\/puer-imperial-luomu\/\" \/>\n<meta property=\"og:locale\" content=\"en_US\" \/>\n<meta property=\"og:type\" content=\"article\" \/>\n<meta property=\"og:title\" content=\"Pu&#039;Er Imperial luomu - Teehelmi.fi - Teet sinun herkutteluhetkiisi\" \/>\n<meta property=\"og:description\" content=\"Ryhdik\u00e4s &amp; Maamainen\" \/>\n<meta property=\"og:url\" content=\"https:\/\/www.teehelmi.fi\/en\/kauppa\/puer-imperial-luomu\/\" \/>\n<meta property=\"og:site_name\" content=\"Teehelmi.fi\" \/>\n<meta property=\"article:publisher\" content=\"https:\/\/www.facebook.com\/TeeHelmi.Fi\" \/>\n<meta property=\"article:modified_time\" content=\"2025-04-23T15:47:22+00:00\" \/>\n<meta property=\"og:image\" content=\"https:\/\/assets.teehelmi.fi\/2025\/04\/50004-PuEr-Imperial-luomu.png\" \/>\n\t<meta property=\"og:image:width\" content=\"1200\" \/>\n\t<meta property=\"og:image:height\" content=\"1200\" \/>\n\t<meta property=\"og:image:type\" content=\"image\/png\" \/>\n<meta name=\"twitter:card\" content=\"summary_large_image\" \/>\n<meta name=\"twitter:label1\" content=\"Est. reading time\" \/>\n\t<meta name=\"twitter:data1\" content=\"1 minute\" \/>\n<script type=\"application\/ld+json\" class=\"yoast-schema-graph\">{\"@context\":\"https:\/\/schema.org\",\"@graph\":[{\"@type\":\"WebPage\",\"@id\":\"https:\/\/www.teehelmi.fi\/en\/kauppa\/puer-imperial-luomu\/\",\"url\":\"https:\/\/www.teehelmi.fi\/en\/kauppa\/puer-imperial-luomu\/\",\"name\":\"Pu'Er Imperial luomu - Teehelmi.fi - Teet sinun herkutteluhetkiisi\",\"isPartOf\":{\"@id\":\"https:\/\/www.teehelmi.fi\/en\/#website\"},\"primaryImageOfPage\":{\"@id\":\"https:\/\/www.teehelmi.fi\/en\/kauppa\/puer-imperial-luomu\/#primaryimage\"},\"image\":{\"@id\":\"https:\/\/www.teehelmi.fi\/en\/kauppa\/puer-imperial-luomu\/#primaryimage\"},\"thumbnailUrl\":\"https:\/\/assets.teehelmi.fi\/2025\/04\/50004-PuEr-Imperial-luomu.png\",\"datePublished\":\"2025-04-23T15:46:35+00:00\",\"dateModified\":\"2025-04-23T15:47:22+00:00\",\"breadcrumb\":{\"@id\":\"https:\/\/www.teehelmi.fi\/en\/kauppa\/puer-imperial-luomu\/#breadcrumb\"},\"inLanguage\":\"en-US\",\"potentialAction\":[{\"@type\":\"ReadAction\",\"target\":[\"https:\/\/www.teehelmi.fi\/en\/kauppa\/puer-imperial-luomu\/\"]}]},{\"@type\":\"ImageObject\",\"inLanguage\":\"en-US\",\"@id\":\"https:\/\/www.teehelmi.fi\/en\/kauppa\/puer-imperial-luomu\/#primaryimage\",\"url\":\"https:\/\/assets.teehelmi.fi\/2025\/04\/50004-PuEr-Imperial-luomu.png\",\"contentUrl\":\"https:\/\/assets.teehelmi.fi\/2025\/04\/50004-PuEr-Imperial-luomu.png\",\"width\":1200,\"height\":1200},{\"@type\":\"BreadcrumbList\",\"@id\":\"https:\/\/www.teehelmi.fi\/en\/kauppa\/puer-imperial-luomu\/#breadcrumb\",\"itemListElement\":[{\"@type\":\"ListItem\",\"position\":1,\"name\":\"Etusivu\",\"item\":\"https:\/\/www.teehelmi.fi\/en\/teehelmi-fi-delicious-moments-since-1983\/\"},{\"@type\":\"ListItem\",\"position\":2,\"name\":\"Kauppa\",\"item\":\"https:\/\/www.teehelmi.fi\/kauppa\/\"},{\"@type\":\"ListItem\",\"position\":3,\"name\":\"Pu&#8217;Er Imperial luomu\"}]},{\"@type\":\"WebSite\",\"@id\":\"https:\/\/www.teehelmi.fi\/en\/#website\",\"url\":\"https:\/\/www.teehelmi.fi\/en\/\",\"name\":\"Teehelmi.fi\",\"description\":\"Herkutteluhetki\u00e4 sinulle historian keskell\u00e4, vuodesta 1983.\",\"publisher\":{\"@id\":\"https:\/\/www.teehelmi.fi\/en\/#organization\"},\"potentialAction\":[{\"@type\":\"SearchAction\",\"target\":{\"@type\":\"EntryPoint\",\"urlTemplate\":\"https:\/\/www.teehelmi.fi\/en\/?s={search_term_string}\"},\"query-input\":{\"@type\":\"PropertyValueSpecification\",\"valueRequired\":true,\"valueName\":\"search_term_string\"}}],\"inLanguage\":\"en-US\"},{\"@type\":\"Organization\",\"@id\":\"https:\/\/www.teehelmi.fi\/en\/#organization\",\"name\":\"Teehelmi\",\"alternateName\":\"Tee- ja Kahvihuone Helmi Oy\",\"url\":\"https:\/\/www.teehelmi.fi\/en\/\",\"logo\":{\"@type\":\"ImageObject\",\"inLanguage\":\"en-US\",\"@id\":\"https:\/\/www.teehelmi.fi\/en\/#\/schema\/logo\/image\/\",\"url\":\"https:\/\/assets.teehelmi.fi\/2023\/11\/teehelmi-logo-scaled.webp\",\"contentUrl\":\"https:\/\/assets.teehelmi.fi\/2023\/11\/teehelmi-logo-scaled.webp\",\"width\":2560,\"height\":2358,\"caption\":\"Teehelmi\"},\"image\":{\"@id\":\"https:\/\/www.teehelmi.fi\/en\/#\/schema\/logo\/image\/\"},\"sameAs\":[\"https:\/\/www.facebook.com\/TeeHelmi.Fi\"]}]}<\/script>\n<!-- \/ Yoast SEO plugin. -->","yoast_head_json":{"title":"Pu'Er Imperial luomu - Teehelmi.fi - Teet sinun herkutteluhetkiisi","robots":{"index":"index","follow":"follow","max-snippet":"max-snippet:-1","max-image-preview":"max-image-preview:large","max-video-preview":"max-video-preview:-1"},"canonical":"https:\/\/www.teehelmi.fi\/en\/kauppa\/puer-imperial-luomu\/","og_locale":"en_US","og_type":"article","og_title":"Pu'Er Imperial luomu - Teehelmi.fi - Teet sinun herkutteluhetkiisi","og_description":"Ryhdik\u00e4s &amp; Maamainen","og_url":"https:\/\/www.teehelmi.fi\/en\/kauppa\/puer-imperial-luomu\/","og_site_name":"Teehelmi.fi","article_publisher":"https:\/\/www.facebook.com\/TeeHelmi.Fi","article_modified_time":"2025-04-23T15:47:22+00:00","og_image":[{"width":1200,"height":1200,"url":"https:\/\/assets.teehelmi.fi\/2025\/04\/50004-PuEr-Imperial-luomu.png","type":"image\/png"}],"twitter_card":"summary_large_image","twitter_misc":{"Est. reading time":"1 minute"},"schema":{"@context":"https:\/\/schema.org","@graph":[{"@type":"WebPage","@id":"https:\/\/www.teehelmi.fi\/en\/kauppa\/puer-imperial-luomu\/","url":"https:\/\/www.teehelmi.fi\/en\/kauppa\/puer-imperial-luomu\/","name":"Pu'Er Imperial luomu - Teehelmi.fi - Teet sinun herkutteluhetkiisi","isPartOf":{"@id":"https:\/\/www.teehelmi.fi\/en\/#website"},"primaryImageOfPage":{"@id":"https:\/\/www.teehelmi.fi\/en\/kauppa\/puer-imperial-luomu\/#primaryimage"},"image":{"@id":"https:\/\/www.teehelmi.fi\/en\/kauppa\/puer-imperial-luomu\/#primaryimage"},"thumbnailUrl":"https:\/\/assets.teehelmi.fi\/2025\/04\/50004-PuEr-Imperial-luomu.png","datePublished":"2025-04-23T15:46:35+00:00","dateModified":"2025-04-23T15:47:22+00:00","breadcrumb":{"@id":"https:\/\/www.teehelmi.fi\/en\/kauppa\/puer-imperial-luomu\/#breadcrumb"},"inLanguage":"en-US","potentialAction":[{"@type":"ReadAction","target":["https:\/\/www.teehelmi.fi\/en\/kauppa\/puer-imperial-luomu\/"]}]},{"@type":"ImageObject","inLanguage":"en-US","@id":"https:\/\/www.teehelmi.fi\/en\/kauppa\/puer-imperial-luomu\/#primaryimage","url":"https:\/\/assets.teehelmi.fi\/2025\/04\/50004-PuEr-Imperial-luomu.png","contentUrl":"https:\/\/assets.teehelmi.fi\/2025\/04\/50004-PuEr-Imperial-luomu.png","width":1200,"height":1200},{"@type":"BreadcrumbList","@id":"https:\/\/www.teehelmi.fi\/en\/kauppa\/puer-imperial-luomu\/#breadcrumb","itemListElement":[{"@type":"ListItem","position":1,"name":"Etusivu","item":"https:\/\/www.teehelmi.fi\/en\/teehelmi-fi-delicious-moments-since-1983\/"},{"@type":"ListItem","position":2,"name":"Kauppa","item":"https:\/\/www.teehelmi.fi\/kauppa\/"},{"@type":"ListItem","position":3,"name":"Pu&#8217;Er Imperial luomu"}]},{"@type":"WebSite","@id":"https:\/\/www.teehelmi.fi\/en\/#website","url":"https:\/\/www.teehelmi.fi\/en\/","name":"Teehelmi.fi","description":"Herkutteluhetki\u00e4 sinulle historian keskell\u00e4, vuodesta 1983.","publisher":{"@id":"https:\/\/www.teehelmi.fi\/en\/#organization"},"potentialAction":[{"@type":"SearchAction","target":{"@type":"EntryPoint","urlTemplate":"https:\/\/www.teehelmi.fi\/en\/?s={search_term_string}"},"query-input":{"@type":"PropertyValueSpecification","valueRequired":true,"valueName":"search_term_string"}}],"inLanguage":"en-US"},{"@type":"Organization","@id":"https:\/\/www.teehelmi.fi\/en\/#organization","name":"Teehelmi","alternateName":"Tee- ja Kahvihuone Helmi Oy","url":"https:\/\/www.teehelmi.fi\/en\/","logo":{"@type":"ImageObject","inLanguage":"en-US","@id":"https:\/\/www.teehelmi.fi\/en\/#\/schema\/logo\/image\/","url":"https:\/\/assets.teehelmi.fi\/2023\/11\/teehelmi-logo-scaled.webp","contentUrl":"https:\/\/assets.teehelmi.fi\/2023\/11\/teehelmi-logo-scaled.webp","width":2560,"height":2358,"caption":"Teehelmi"},"image":{"@id":"https:\/\/www.teehelmi.fi\/en\/#\/schema\/logo\/image\/"},"sameAs":["https:\/\/www.facebook.com\/TeeHelmi.Fi"]}]}},"_links":{"self":[{"href":"https:\/\/www.teehelmi.fi\/en\/wp-json\/wp\/v2\/product\/31623","targetHints":{"allow":["GET"]}}],"collection":[{"href":"https:\/\/www.teehelmi.fi\/en\/wp-json\/wp\/v2\/product"}],"about":[{"href":"https:\/\/www.teehelmi.fi\/en\/wp-json\/wp\/v2\/types\/product"}],"version-history":[{"count":0,"href":"https:\/\/www.teehelmi.fi\/en\/wp-json\/wp\/v2\/product\/31623\/revisions"}],"wp:featuredmedia":[{"embeddable":true,"href":"https:\/\/www.teehelmi.fi\/en\/wp-json\/wp\/v2\/media\/31664"}],"wp:attachment":[{"href":"https:\/\/www.teehelmi.fi\/en\/wp-json\/wp\/v2\/media?parent=31623"}],"wp:term":[{"taxonomy":"product_brand","embeddable":true,"href":"https:\/\/www.teehelmi.fi\/en\/wp-json\/wp\/v2\/product_brand?post=31623"},{"taxonomy":"product_cat","embeddable":true,"href":"https:\/\/www.teehelmi.fi\/en\/wp-json\/wp\/v2\/product_cat?post=31623"},{"taxonomy":"product_tag","embeddable":true,"href":"https:\/\/www.teehelmi.fi\/en\/wp-json\/wp\/v2\/product_tag?post=31623"}],"curies":[{"name":"wp","href":"https:\/\/api.w.org\/{rel}","templated":true}]}}