{"id":31680,"date":"2025-04-23T17:47:24","date_gmt":"2025-04-23T15:47:24","guid":{"rendered":"https:\/\/www1.teehelmi.fi\/?post_type=product&#038;p=31680"},"modified":"2025-04-23T17:48:34","modified_gmt":"2025-04-23T15:48:34","slug":"palace-needle-luomu","status":"publish","type":"product","link":"https:\/\/www.teehelmi.fi\/en\/kauppa\/palace-needle-luomu\/","title":{"rendered":"Palace needle, luomu"},"content":{"rendered":"<p><strong>Palace Needle &#8211; Vihre\u00e4, Kiina, Hubei, Luomu<br \/>\n<\/strong><strong>Yrttinen &amp; sitruksinen<\/strong><\/p>\n<p>T\u00e4m\u00e4 tee on poimittu Kiinan Hubein maakunnassa huhtikuun puoliv\u00e4liss\u00e4. Lehdet poimitaan, h\u00f6yrytet\u00e4\u00e4n, kuivataan ja sihdataan ennen l\u00e4hett\u00e4mist\u00e4 maailmalle. Yleens\u00e4 vihre\u00e4 tee h\u00f6yrytet\u00e4\u00e4n kuumassa l\u00e4mp\u00f6tilassa, mutta t\u00e4m\u00e4 on h\u00f6yrytetty hieman miedommalla l\u00e4mm\u00f6ll\u00e4, jotta teen ominaisv\u00e4rit ja -maut j\u00e4\u00e4v\u00e4t kauniisti esille.<\/p>\n<p>Neulamaiset lehdet ovat tummanvihreit\u00e4 ja tiukkaan rullattuja. Kuivien lehtien tuoksu on pellavainen ja yrttinen. Maistaessa teet\u00e4 ensin tulee h\u00e4iv\u00e4hdys makeutta, sitten yrttisyytt\u00e4 ja j\u00e4lkimaussa on havaittavissa sitruksisuutta. T\u00e4m\u00e4 tee on hyv\u00e4 valinta esimerkiksi ruokajuomaksi hieman tulisemman ruokalajin kanssa.<\/p>\n<p>Haudutusohje: 1 tlk\/kuppi, 85c vesi, 2-3 min, 1-2 haudutuskertaa. Vertailuhinta 128,00e\/kg &#8211; kuppi (3g) 0,39e<\/p>\n","protected":false},"excerpt":{"rendered":"<p>Palace Needle &#8211; Vihre\u00e4, Kiina, Hubei, Luomu Yrttinen &amp; sitruksinen T\u00e4m\u00e4 tee on poimittu Kiinan Hubein maakunnassa huhtikuun puoliv\u00e4liss\u00e4. Lehdet poimitaan, h\u00f6yrytet\u00e4\u00e4n, kuivataan ja sihdataan ennen l\u00e4hett\u00e4mist\u00e4 maailmalle. Yleens\u00e4 vihre\u00e4 tee h\u00f6yrytet\u00e4\u00e4n kuumassa l\u00e4mp\u00f6tilassa, mutta t\u00e4m\u00e4 on h\u00f6yrytetty hieman miedommalla l\u00e4mm\u00f6ll\u00e4, jotta teen ominaisv\u00e4rit ja -maut j\u00e4\u00e4v\u00e4t kauniisti esille. Neulamaiset lehdet ovat tummanvihreit\u00e4 ja tiukkaan&hellip;<\/p>\n","protected":false},"featured_media":31732,"template":"","meta":[],"product_brand":[],"product_cat":[252,247,244,253,83,242],"product_tag":[41,112,106],"class_list":{"0":"post-31680","1":"product","2":"type-product","3":"status-publish","4":"has-post-thumbnail","6":"product_cat-kiina-makuja-maailmalta","7":"product_cat-makuja-maailmalta","8":"product_cat-maustamaton-tee","9":"product_cat-maustamaton-vihrea-tee","10":"product_cat-tee","11":"product_cat-vihrea-tee","12":"product_tag-kiinalainen-tee","13":"product_tag-kiinalainen-vihrea-tee","14":"product_tag-vihrea-luomutee","15":"pa_paino-100g","16":"pa_paino-50g","17":"description-off","19":"first","20":"instock","21":"taxable","22":"shipping-taxable","23":"purchasable","24":"product-type-variable"},"exclude_global_add_ons":[],"addons":[],"yoast_head":"<!-- This site is optimized with the Yoast SEO plugin v27.2 - https:\/\/yoast.com\/product\/yoast-seo-wordpress\/ -->\n<title>Palace needle, luomu - Teehelmi.fi - Teet sinun herkutteluhetkiisi<\/title>\n<meta name=\"robots\" content=\"index, follow, max-snippet:-1, max-image-preview:large, max-video-preview:-1\" \/>\n<link rel=\"canonical\" href=\"https:\/\/www.teehelmi.fi\/en\/kauppa\/palace-needle-luomu\/\" \/>\n<meta property=\"og:locale\" content=\"en_US\" \/>\n<meta property=\"og:type\" content=\"article\" \/>\n<meta property=\"og:title\" content=\"Palace needle, luomu - Teehelmi.fi - Teet sinun herkutteluhetkiisi\" \/>\n<meta property=\"og:description\" content=\"Palace Needle &#8211; Vihre\u00e4, Kiina, Hubei, Luomu Yrttinen &amp; sitruksinen T\u00e4m\u00e4 tee on poimittu Kiinan Hubein maakunnassa huhtikuun puoliv\u00e4liss\u00e4. Lehdet poimitaan, h\u00f6yrytet\u00e4\u00e4n, kuivataan ja sihdataan ennen l\u00e4hett\u00e4mist\u00e4 maailmalle. Yleens\u00e4 vihre\u00e4 tee h\u00f6yrytet\u00e4\u00e4n kuumassa l\u00e4mp\u00f6tilassa, mutta t\u00e4m\u00e4 on h\u00f6yrytetty hieman miedommalla l\u00e4mm\u00f6ll\u00e4, jotta teen ominaisv\u00e4rit ja -maut j\u00e4\u00e4v\u00e4t kauniisti esille. Neulamaiset lehdet ovat tummanvihreit\u00e4 ja tiukkaan&hellip;\" \/>\n<meta property=\"og:url\" content=\"https:\/\/www.teehelmi.fi\/en\/kauppa\/palace-needle-luomu\/\" \/>\n<meta property=\"og:site_name\" content=\"Teehelmi.fi\" \/>\n<meta property=\"article:publisher\" content=\"https:\/\/www.facebook.com\/TeeHelmi.Fi\" \/>\n<meta property=\"article:modified_time\" content=\"2025-04-23T15:48:34+00:00\" \/>\n<meta property=\"og:image\" content=\"https:\/\/assets.teehelmi.fi\/2025\/04\/30601-PALACE-NEEDLE-LUOMU-1024x1024.jpg\" \/>\n\t<meta property=\"og:image:width\" content=\"1024\" \/>\n\t<meta property=\"og:image:height\" content=\"1024\" \/>\n\t<meta property=\"og:image:type\" content=\"image\/jpeg\" \/>\n<meta name=\"twitter:card\" content=\"summary_large_image\" \/>\n<meta name=\"twitter:label1\" content=\"Est. reading time\" \/>\n\t<meta name=\"twitter:data1\" content=\"1 minute\" \/>\n<script type=\"application\/ld+json\" class=\"yoast-schema-graph\">{\"@context\":\"https:\/\/schema.org\",\"@graph\":[{\"@type\":\"WebPage\",\"@id\":\"https:\/\/www.teehelmi.fi\/en\/kauppa\/palace-needle-luomu\/\",\"url\":\"https:\/\/www.teehelmi.fi\/en\/kauppa\/palace-needle-luomu\/\",\"name\":\"Palace needle, luomu - Teehelmi.fi - Teet sinun herkutteluhetkiisi\",\"isPartOf\":{\"@id\":\"https:\/\/www.teehelmi.fi\/en\/#website\"},\"primaryImageOfPage\":{\"@id\":\"https:\/\/www.teehelmi.fi\/en\/kauppa\/palace-needle-luomu\/#primaryimage\"},\"image\":{\"@id\":\"https:\/\/www.teehelmi.fi\/en\/kauppa\/palace-needle-luomu\/#primaryimage\"},\"thumbnailUrl\":\"https:\/\/assets.teehelmi.fi\/2025\/04\/30601-PALACE-NEEDLE-LUOMU.jpg\",\"datePublished\":\"2025-04-23T15:47:24+00:00\",\"dateModified\":\"2025-04-23T15:48:34+00:00\",\"breadcrumb\":{\"@id\":\"https:\/\/www.teehelmi.fi\/en\/kauppa\/palace-needle-luomu\/#breadcrumb\"},\"inLanguage\":\"en-US\",\"potentialAction\":[{\"@type\":\"ReadAction\",\"target\":[\"https:\/\/www.teehelmi.fi\/en\/kauppa\/palace-needle-luomu\/\"]}]},{\"@type\":\"ImageObject\",\"inLanguage\":\"en-US\",\"@id\":\"https:\/\/www.teehelmi.fi\/en\/kauppa\/palace-needle-luomu\/#primaryimage\",\"url\":\"https:\/\/assets.teehelmi.fi\/2025\/04\/30601-PALACE-NEEDLE-LUOMU.jpg\",\"contentUrl\":\"https:\/\/assets.teehelmi.fi\/2025\/04\/30601-PALACE-NEEDLE-LUOMU.jpg\",\"width\":2048,\"height\":2048},{\"@type\":\"BreadcrumbList\",\"@id\":\"https:\/\/www.teehelmi.fi\/en\/kauppa\/palace-needle-luomu\/#breadcrumb\",\"itemListElement\":[{\"@type\":\"ListItem\",\"position\":1,\"name\":\"Etusivu\",\"item\":\"https:\/\/www.teehelmi.fi\/en\/teehelmi-fi-delicious-moments-since-1983\/\"},{\"@type\":\"ListItem\",\"position\":2,\"name\":\"Kauppa\",\"item\":\"https:\/\/www.teehelmi.fi\/kauppa\/\"},{\"@type\":\"ListItem\",\"position\":3,\"name\":\"Palace needle, luomu\"}]},{\"@type\":\"WebSite\",\"@id\":\"https:\/\/www.teehelmi.fi\/en\/#website\",\"url\":\"https:\/\/www.teehelmi.fi\/en\/\",\"name\":\"Teehelmi.fi\",\"description\":\"Herkutteluhetki\u00e4 sinulle historian keskell\u00e4, vuodesta 1983.\",\"publisher\":{\"@id\":\"https:\/\/www.teehelmi.fi\/en\/#organization\"},\"potentialAction\":[{\"@type\":\"SearchAction\",\"target\":{\"@type\":\"EntryPoint\",\"urlTemplate\":\"https:\/\/www.teehelmi.fi\/en\/?s={search_term_string}\"},\"query-input\":{\"@type\":\"PropertyValueSpecification\",\"valueRequired\":true,\"valueName\":\"search_term_string\"}}],\"inLanguage\":\"en-US\"},{\"@type\":\"Organization\",\"@id\":\"https:\/\/www.teehelmi.fi\/en\/#organization\",\"name\":\"Teehelmi\",\"alternateName\":\"Tee- ja Kahvihuone Helmi Oy\",\"url\":\"https:\/\/www.teehelmi.fi\/en\/\",\"logo\":{\"@type\":\"ImageObject\",\"inLanguage\":\"en-US\",\"@id\":\"https:\/\/www.teehelmi.fi\/en\/#\/schema\/logo\/image\/\",\"url\":\"https:\/\/assets.teehelmi.fi\/2023\/11\/teehelmi-logo-scaled.webp\",\"contentUrl\":\"https:\/\/assets.teehelmi.fi\/2023\/11\/teehelmi-logo-scaled.webp\",\"width\":2560,\"height\":2358,\"caption\":\"Teehelmi\"},\"image\":{\"@id\":\"https:\/\/www.teehelmi.fi\/en\/#\/schema\/logo\/image\/\"},\"sameAs\":[\"https:\/\/www.facebook.com\/TeeHelmi.Fi\"]}]}<\/script>\n<!-- \/ Yoast SEO plugin. -->","yoast_head_json":{"title":"Palace needle, luomu - Teehelmi.fi - Teet sinun herkutteluhetkiisi","robots":{"index":"index","follow":"follow","max-snippet":"max-snippet:-1","max-image-preview":"max-image-preview:large","max-video-preview":"max-video-preview:-1"},"canonical":"https:\/\/www.teehelmi.fi\/en\/kauppa\/palace-needle-luomu\/","og_locale":"en_US","og_type":"article","og_title":"Palace needle, luomu - Teehelmi.fi - Teet sinun herkutteluhetkiisi","og_description":"Palace Needle &#8211; Vihre\u00e4, Kiina, Hubei, Luomu Yrttinen &amp; sitruksinen T\u00e4m\u00e4 tee on poimittu Kiinan Hubein maakunnassa huhtikuun puoliv\u00e4liss\u00e4. Lehdet poimitaan, h\u00f6yrytet\u00e4\u00e4n, kuivataan ja sihdataan ennen l\u00e4hett\u00e4mist\u00e4 maailmalle. Yleens\u00e4 vihre\u00e4 tee h\u00f6yrytet\u00e4\u00e4n kuumassa l\u00e4mp\u00f6tilassa, mutta t\u00e4m\u00e4 on h\u00f6yrytetty hieman miedommalla l\u00e4mm\u00f6ll\u00e4, jotta teen ominaisv\u00e4rit ja -maut j\u00e4\u00e4v\u00e4t kauniisti esille. Neulamaiset lehdet ovat tummanvihreit\u00e4 ja tiukkaan&hellip;","og_url":"https:\/\/www.teehelmi.fi\/en\/kauppa\/palace-needle-luomu\/","og_site_name":"Teehelmi.fi","article_publisher":"https:\/\/www.facebook.com\/TeeHelmi.Fi","article_modified_time":"2025-04-23T15:48:34+00:00","og_image":[{"width":1024,"height":1024,"url":"https:\/\/assets.teehelmi.fi\/2025\/04\/30601-PALACE-NEEDLE-LUOMU-1024x1024.jpg","type":"image\/jpeg"}],"twitter_card":"summary_large_image","twitter_misc":{"Est. reading time":"1 minute"},"schema":{"@context":"https:\/\/schema.org","@graph":[{"@type":"WebPage","@id":"https:\/\/www.teehelmi.fi\/en\/kauppa\/palace-needle-luomu\/","url":"https:\/\/www.teehelmi.fi\/en\/kauppa\/palace-needle-luomu\/","name":"Palace needle, luomu - Teehelmi.fi - Teet sinun herkutteluhetkiisi","isPartOf":{"@id":"https:\/\/www.teehelmi.fi\/en\/#website"},"primaryImageOfPage":{"@id":"https:\/\/www.teehelmi.fi\/en\/kauppa\/palace-needle-luomu\/#primaryimage"},"image":{"@id":"https:\/\/www.teehelmi.fi\/en\/kauppa\/palace-needle-luomu\/#primaryimage"},"thumbnailUrl":"https:\/\/assets.teehelmi.fi\/2025\/04\/30601-PALACE-NEEDLE-LUOMU.jpg","datePublished":"2025-04-23T15:47:24+00:00","dateModified":"2025-04-23T15:48:34+00:00","breadcrumb":{"@id":"https:\/\/www.teehelmi.fi\/en\/kauppa\/palace-needle-luomu\/#breadcrumb"},"inLanguage":"en-US","potentialAction":[{"@type":"ReadAction","target":["https:\/\/www.teehelmi.fi\/en\/kauppa\/palace-needle-luomu\/"]}]},{"@type":"ImageObject","inLanguage":"en-US","@id":"https:\/\/www.teehelmi.fi\/en\/kauppa\/palace-needle-luomu\/#primaryimage","url":"https:\/\/assets.teehelmi.fi\/2025\/04\/30601-PALACE-NEEDLE-LUOMU.jpg","contentUrl":"https:\/\/assets.teehelmi.fi\/2025\/04\/30601-PALACE-NEEDLE-LUOMU.jpg","width":2048,"height":2048},{"@type":"BreadcrumbList","@id":"https:\/\/www.teehelmi.fi\/en\/kauppa\/palace-needle-luomu\/#breadcrumb","itemListElement":[{"@type":"ListItem","position":1,"name":"Etusivu","item":"https:\/\/www.teehelmi.fi\/en\/teehelmi-fi-delicious-moments-since-1983\/"},{"@type":"ListItem","position":2,"name":"Kauppa","item":"https:\/\/www.teehelmi.fi\/kauppa\/"},{"@type":"ListItem","position":3,"name":"Palace needle, luomu"}]},{"@type":"WebSite","@id":"https:\/\/www.teehelmi.fi\/en\/#website","url":"https:\/\/www.teehelmi.fi\/en\/","name":"Teehelmi.fi","description":"Herkutteluhetki\u00e4 sinulle historian keskell\u00e4, vuodesta 1983.","publisher":{"@id":"https:\/\/www.teehelmi.fi\/en\/#organization"},"potentialAction":[{"@type":"SearchAction","target":{"@type":"EntryPoint","urlTemplate":"https:\/\/www.teehelmi.fi\/en\/?s={search_term_string}"},"query-input":{"@type":"PropertyValueSpecification","valueRequired":true,"valueName":"search_term_string"}}],"inLanguage":"en-US"},{"@type":"Organization","@id":"https:\/\/www.teehelmi.fi\/en\/#organization","name":"Teehelmi","alternateName":"Tee- ja Kahvihuone Helmi Oy","url":"https:\/\/www.teehelmi.fi\/en\/","logo":{"@type":"ImageObject","inLanguage":"en-US","@id":"https:\/\/www.teehelmi.fi\/en\/#\/schema\/logo\/image\/","url":"https:\/\/assets.teehelmi.fi\/2023\/11\/teehelmi-logo-scaled.webp","contentUrl":"https:\/\/assets.teehelmi.fi\/2023\/11\/teehelmi-logo-scaled.webp","width":2560,"height":2358,"caption":"Teehelmi"},"image":{"@id":"https:\/\/www.teehelmi.fi\/en\/#\/schema\/logo\/image\/"},"sameAs":["https:\/\/www.facebook.com\/TeeHelmi.Fi"]}]}},"_links":{"self":[{"href":"https:\/\/www.teehelmi.fi\/en\/wp-json\/wp\/v2\/product\/31680","targetHints":{"allow":["GET"]}}],"collection":[{"href":"https:\/\/www.teehelmi.fi\/en\/wp-json\/wp\/v2\/product"}],"about":[{"href":"https:\/\/www.teehelmi.fi\/en\/wp-json\/wp\/v2\/types\/product"}],"version-history":[{"count":0,"href":"https:\/\/www.teehelmi.fi\/en\/wp-json\/wp\/v2\/product\/31680\/revisions"}],"wp:featuredmedia":[{"embeddable":true,"href":"https:\/\/www.teehelmi.fi\/en\/wp-json\/wp\/v2\/media\/31732"}],"wp:attachment":[{"href":"https:\/\/www.teehelmi.fi\/en\/wp-json\/wp\/v2\/media?parent=31680"}],"wp:term":[{"taxonomy":"product_brand","embeddable":true,"href":"https:\/\/www.teehelmi.fi\/en\/wp-json\/wp\/v2\/product_brand?post=31680"},{"taxonomy":"product_cat","embeddable":true,"href":"https:\/\/www.teehelmi.fi\/en\/wp-json\/wp\/v2\/product_cat?post=31680"},{"taxonomy":"product_tag","embeddable":true,"href":"https:\/\/www.teehelmi.fi\/en\/wp-json\/wp\/v2\/product_tag?post=31680"}],"curies":[{"name":"wp","href":"https:\/\/api.w.org\/{rel}","templated":true}]}}