{"id":31717,"date":"2025-04-23T17:47:50","date_gmt":"2025-04-23T15:47:50","guid":{"rendered":"https:\/\/www1.teehelmi.fi\/?post_type=product&#038;p=31717"},"modified":"2025-04-23T17:48:43","modified_gmt":"2025-04-23T15:48:43","slug":"amor-100g","status":"publish","type":"product","link":"https:\/\/www.teehelmi.fi\/en\/kauppa\/amor-100g\/","title":{"rendered":"Amor 100g"},"content":{"rendered":"<p><strong>Amor &#8211; Musta maustettu tee<br \/>\n<\/strong><strong>Pehme\u00e4 &amp; Makea<\/strong><\/p>\n<p>Amor on tee, joka on omistettu kaikille rakkaimmille. T\u00e4ss\u00e4 mustan teen sekoituksessa mausteena on makean mansikan ja hapokkaiden shampanjan ja raparperin kokonaisuus, joka tasapainottaa kumpaakin puolta, luoden t\u00e4ytel\u00e4isen makean vivahteikkaan sekoituksen.<\/p>\n<p>Haudutusohje: 2tlk\/kuppi, 95c vesi, 3 min, 1 haudutuskerta<\/p>\n<p>T\u00e4m\u00e4kin teesekoitus on valmistettu Suomessa, Vanhassa Porvoossa. Suunnittelija Leo Kallio.<\/p>\n","protected":false},"excerpt":{"rendered":"<p>Amor &#8211; Musta maustettu tee Pehme\u00e4 &amp; Makea Amor on tee, joka on omistettu kaikille rakkaimmille. T\u00e4ss\u00e4 mustan teen sekoituksessa mausteena on makean mansikan ja hapokkaiden shampanjan ja raparperin kokonaisuus, joka tasapainottaa kumpaakin puolta, luoden t\u00e4ytel\u00e4isen makean vivahteikkaan sekoituksen. Haudutusohje: 2tlk\/kuppi, 95c vesi, 3 min, 1 haudutuskerta T\u00e4m\u00e4kin teesekoitus on valmistettu Suomessa, Vanhassa Porvoossa. Suunnittelija&hellip;<\/p>\n","protected":false},"featured_media":31786,"template":"","meta":[],"product_brand":[],"product_cat":[237,238,236,239],"product_tag":[44],"class_list":{"0":"post-31717","1":"product","2":"type-product","3":"status-publish","4":"has-post-thumbnail","6":"product_cat-maustettu-musta-tee","7":"product_cat-maustettu-tee","8":"product_cat-musta-tee","9":"product_cat-teehelmen-sekoitukset-maustettu-tee","10":"product_tag-musta-tee","11":"description-off","13":"first","14":"instock","15":"taxable","16":"shipping-taxable","17":"purchasable","18":"product-type-simple"},"exclude_global_add_ons":[],"addons":[],"yoast_head":"<!-- This site is optimized with the Yoast SEO plugin v27.2 - https:\/\/yoast.com\/product\/yoast-seo-wordpress\/ -->\n<title>Amor 100g - Teehelmi.fi - Teet sinun herkutteluhetkiisi<\/title>\n<meta name=\"robots\" content=\"index, follow, max-snippet:-1, max-image-preview:large, max-video-preview:-1\" \/>\n<link rel=\"canonical\" href=\"https:\/\/www.teehelmi.fi\/en\/kauppa\/amor-100g\/\" \/>\n<meta property=\"og:locale\" content=\"en_US\" \/>\n<meta property=\"og:type\" content=\"article\" \/>\n<meta property=\"og:title\" content=\"Amor 100g - Teehelmi.fi - Teet sinun herkutteluhetkiisi\" \/>\n<meta property=\"og:description\" content=\"Amor &#8211; Musta maustettu tee Pehme\u00e4 &amp; Makea Amor on tee, joka on omistettu kaikille rakkaimmille. T\u00e4ss\u00e4 mustan teen sekoituksessa mausteena on makean mansikan ja hapokkaiden shampanjan ja raparperin kokonaisuus, joka tasapainottaa kumpaakin puolta, luoden t\u00e4ytel\u00e4isen makean vivahteikkaan sekoituksen. Haudutusohje: 2tlk\/kuppi, 95c vesi, 3 min, 1 haudutuskerta T\u00e4m\u00e4kin teesekoitus on valmistettu Suomessa, Vanhassa Porvoossa. Suunnittelija&hellip;\" \/>\n<meta property=\"og:url\" content=\"https:\/\/www.teehelmi.fi\/en\/kauppa\/amor-100g\/\" \/>\n<meta property=\"og:site_name\" content=\"Teehelmi.fi\" \/>\n<meta property=\"article:publisher\" content=\"https:\/\/www.facebook.com\/TeeHelmi.Fi\" \/>\n<meta property=\"article:modified_time\" content=\"2025-04-23T15:48:43+00:00\" \/>\n<meta property=\"og:image\" content=\"https:\/\/assets.teehelmi.fi\/2025\/04\/20230201_114928-scaled-1.jpg\" \/>\n\t<meta property=\"og:image:width\" content=\"2560\" \/>\n\t<meta property=\"og:image:height\" content=\"2560\" \/>\n\t<meta property=\"og:image:type\" content=\"image\/jpeg\" \/>\n<meta name=\"twitter:card\" content=\"summary_large_image\" \/>\n<meta name=\"twitter:label1\" content=\"Est. reading time\" \/>\n\t<meta name=\"twitter:data1\" content=\"1 minute\" \/>\n<script type=\"application\/ld+json\" class=\"yoast-schema-graph\">{\"@context\":\"https:\/\/schema.org\",\"@graph\":[{\"@type\":\"WebPage\",\"@id\":\"https:\/\/www.teehelmi.fi\/en\/kauppa\/amor-100g\/\",\"url\":\"https:\/\/www.teehelmi.fi\/en\/kauppa\/amor-100g\/\",\"name\":\"Amor 100g - Teehelmi.fi - Teet sinun herkutteluhetkiisi\",\"isPartOf\":{\"@id\":\"https:\/\/www.teehelmi.fi\/en\/#website\"},\"primaryImageOfPage\":{\"@id\":\"https:\/\/www.teehelmi.fi\/en\/kauppa\/amor-100g\/#primaryimage\"},\"image\":{\"@id\":\"https:\/\/www.teehelmi.fi\/en\/kauppa\/amor-100g\/#primaryimage\"},\"thumbnailUrl\":\"https:\/\/assets.teehelmi.fi\/2025\/04\/20230201_114928-scaled-1.jpg\",\"datePublished\":\"2025-04-23T15:47:50+00:00\",\"dateModified\":\"2025-04-23T15:48:43+00:00\",\"breadcrumb\":{\"@id\":\"https:\/\/www.teehelmi.fi\/en\/kauppa\/amor-100g\/#breadcrumb\"},\"inLanguage\":\"en-US\",\"potentialAction\":[{\"@type\":\"ReadAction\",\"target\":[\"https:\/\/www.teehelmi.fi\/en\/kauppa\/amor-100g\/\"]}]},{\"@type\":\"ImageObject\",\"inLanguage\":\"en-US\",\"@id\":\"https:\/\/www.teehelmi.fi\/en\/kauppa\/amor-100g\/#primaryimage\",\"url\":\"https:\/\/assets.teehelmi.fi\/2025\/04\/20230201_114928-scaled-1.jpg\",\"contentUrl\":\"https:\/\/assets.teehelmi.fi\/2025\/04\/20230201_114928-scaled-1.jpg\",\"width\":2560,\"height\":2560},{\"@type\":\"BreadcrumbList\",\"@id\":\"https:\/\/www.teehelmi.fi\/en\/kauppa\/amor-100g\/#breadcrumb\",\"itemListElement\":[{\"@type\":\"ListItem\",\"position\":1,\"name\":\"Etusivu\",\"item\":\"https:\/\/www.teehelmi.fi\/en\/teehelmi-fi-delicious-moments-since-1983\/\"},{\"@type\":\"ListItem\",\"position\":2,\"name\":\"Kauppa\",\"item\":\"https:\/\/www.teehelmi.fi\/kauppa\/\"},{\"@type\":\"ListItem\",\"position\":3,\"name\":\"Amor 100g\"}]},{\"@type\":\"WebSite\",\"@id\":\"https:\/\/www.teehelmi.fi\/en\/#website\",\"url\":\"https:\/\/www.teehelmi.fi\/en\/\",\"name\":\"Teehelmi.fi\",\"description\":\"Herkutteluhetki\u00e4 sinulle historian keskell\u00e4, vuodesta 1983.\",\"publisher\":{\"@id\":\"https:\/\/www.teehelmi.fi\/en\/#organization\"},\"potentialAction\":[{\"@type\":\"SearchAction\",\"target\":{\"@type\":\"EntryPoint\",\"urlTemplate\":\"https:\/\/www.teehelmi.fi\/en\/?s={search_term_string}\"},\"query-input\":{\"@type\":\"PropertyValueSpecification\",\"valueRequired\":true,\"valueName\":\"search_term_string\"}}],\"inLanguage\":\"en-US\"},{\"@type\":\"Organization\",\"@id\":\"https:\/\/www.teehelmi.fi\/en\/#organization\",\"name\":\"Teehelmi\",\"alternateName\":\"Tee- ja Kahvihuone Helmi Oy\",\"url\":\"https:\/\/www.teehelmi.fi\/en\/\",\"logo\":{\"@type\":\"ImageObject\",\"inLanguage\":\"en-US\",\"@id\":\"https:\/\/www.teehelmi.fi\/en\/#\/schema\/logo\/image\/\",\"url\":\"https:\/\/assets.teehelmi.fi\/2023\/11\/teehelmi-logo-scaled.webp\",\"contentUrl\":\"https:\/\/assets.teehelmi.fi\/2023\/11\/teehelmi-logo-scaled.webp\",\"width\":2560,\"height\":2358,\"caption\":\"Teehelmi\"},\"image\":{\"@id\":\"https:\/\/www.teehelmi.fi\/en\/#\/schema\/logo\/image\/\"},\"sameAs\":[\"https:\/\/www.facebook.com\/TeeHelmi.Fi\"]}]}<\/script>\n<!-- \/ Yoast SEO plugin. -->","yoast_head_json":{"title":"Amor 100g - Teehelmi.fi - Teet sinun herkutteluhetkiisi","robots":{"index":"index","follow":"follow","max-snippet":"max-snippet:-1","max-image-preview":"max-image-preview:large","max-video-preview":"max-video-preview:-1"},"canonical":"https:\/\/www.teehelmi.fi\/en\/kauppa\/amor-100g\/","og_locale":"en_US","og_type":"article","og_title":"Amor 100g - Teehelmi.fi - Teet sinun herkutteluhetkiisi","og_description":"Amor &#8211; Musta maustettu tee Pehme\u00e4 &amp; Makea Amor on tee, joka on omistettu kaikille rakkaimmille. T\u00e4ss\u00e4 mustan teen sekoituksessa mausteena on makean mansikan ja hapokkaiden shampanjan ja raparperin kokonaisuus, joka tasapainottaa kumpaakin puolta, luoden t\u00e4ytel\u00e4isen makean vivahteikkaan sekoituksen. Haudutusohje: 2tlk\/kuppi, 95c vesi, 3 min, 1 haudutuskerta T\u00e4m\u00e4kin teesekoitus on valmistettu Suomessa, Vanhassa Porvoossa. Suunnittelija&hellip;","og_url":"https:\/\/www.teehelmi.fi\/en\/kauppa\/amor-100g\/","og_site_name":"Teehelmi.fi","article_publisher":"https:\/\/www.facebook.com\/TeeHelmi.Fi","article_modified_time":"2025-04-23T15:48:43+00:00","og_image":[{"width":2560,"height":2560,"url":"https:\/\/assets.teehelmi.fi\/2025\/04\/20230201_114928-scaled-1.jpg","type":"image\/jpeg"}],"twitter_card":"summary_large_image","twitter_misc":{"Est. reading time":"1 minute"},"schema":{"@context":"https:\/\/schema.org","@graph":[{"@type":"WebPage","@id":"https:\/\/www.teehelmi.fi\/en\/kauppa\/amor-100g\/","url":"https:\/\/www.teehelmi.fi\/en\/kauppa\/amor-100g\/","name":"Amor 100g - Teehelmi.fi - Teet sinun herkutteluhetkiisi","isPartOf":{"@id":"https:\/\/www.teehelmi.fi\/en\/#website"},"primaryImageOfPage":{"@id":"https:\/\/www.teehelmi.fi\/en\/kauppa\/amor-100g\/#primaryimage"},"image":{"@id":"https:\/\/www.teehelmi.fi\/en\/kauppa\/amor-100g\/#primaryimage"},"thumbnailUrl":"https:\/\/assets.teehelmi.fi\/2025\/04\/20230201_114928-scaled-1.jpg","datePublished":"2025-04-23T15:47:50+00:00","dateModified":"2025-04-23T15:48:43+00:00","breadcrumb":{"@id":"https:\/\/www.teehelmi.fi\/en\/kauppa\/amor-100g\/#breadcrumb"},"inLanguage":"en-US","potentialAction":[{"@type":"ReadAction","target":["https:\/\/www.teehelmi.fi\/en\/kauppa\/amor-100g\/"]}]},{"@type":"ImageObject","inLanguage":"en-US","@id":"https:\/\/www.teehelmi.fi\/en\/kauppa\/amor-100g\/#primaryimage","url":"https:\/\/assets.teehelmi.fi\/2025\/04\/20230201_114928-scaled-1.jpg","contentUrl":"https:\/\/assets.teehelmi.fi\/2025\/04\/20230201_114928-scaled-1.jpg","width":2560,"height":2560},{"@type":"BreadcrumbList","@id":"https:\/\/www.teehelmi.fi\/en\/kauppa\/amor-100g\/#breadcrumb","itemListElement":[{"@type":"ListItem","position":1,"name":"Etusivu","item":"https:\/\/www.teehelmi.fi\/en\/teehelmi-fi-delicious-moments-since-1983\/"},{"@type":"ListItem","position":2,"name":"Kauppa","item":"https:\/\/www.teehelmi.fi\/kauppa\/"},{"@type":"ListItem","position":3,"name":"Amor 100g"}]},{"@type":"WebSite","@id":"https:\/\/www.teehelmi.fi\/en\/#website","url":"https:\/\/www.teehelmi.fi\/en\/","name":"Teehelmi.fi","description":"Herkutteluhetki\u00e4 sinulle historian keskell\u00e4, vuodesta 1983.","publisher":{"@id":"https:\/\/www.teehelmi.fi\/en\/#organization"},"potentialAction":[{"@type":"SearchAction","target":{"@type":"EntryPoint","urlTemplate":"https:\/\/www.teehelmi.fi\/en\/?s={search_term_string}"},"query-input":{"@type":"PropertyValueSpecification","valueRequired":true,"valueName":"search_term_string"}}],"inLanguage":"en-US"},{"@type":"Organization","@id":"https:\/\/www.teehelmi.fi\/en\/#organization","name":"Teehelmi","alternateName":"Tee- ja Kahvihuone Helmi Oy","url":"https:\/\/www.teehelmi.fi\/en\/","logo":{"@type":"ImageObject","inLanguage":"en-US","@id":"https:\/\/www.teehelmi.fi\/en\/#\/schema\/logo\/image\/","url":"https:\/\/assets.teehelmi.fi\/2023\/11\/teehelmi-logo-scaled.webp","contentUrl":"https:\/\/assets.teehelmi.fi\/2023\/11\/teehelmi-logo-scaled.webp","width":2560,"height":2358,"caption":"Teehelmi"},"image":{"@id":"https:\/\/www.teehelmi.fi\/en\/#\/schema\/logo\/image\/"},"sameAs":["https:\/\/www.facebook.com\/TeeHelmi.Fi"]}]}},"_links":{"self":[{"href":"https:\/\/www.teehelmi.fi\/en\/wp-json\/wp\/v2\/product\/31717","targetHints":{"allow":["GET"]}}],"collection":[{"href":"https:\/\/www.teehelmi.fi\/en\/wp-json\/wp\/v2\/product"}],"about":[{"href":"https:\/\/www.teehelmi.fi\/en\/wp-json\/wp\/v2\/types\/product"}],"version-history":[{"count":0,"href":"https:\/\/www.teehelmi.fi\/en\/wp-json\/wp\/v2\/product\/31717\/revisions"}],"wp:featuredmedia":[{"embeddable":true,"href":"https:\/\/www.teehelmi.fi\/en\/wp-json\/wp\/v2\/media\/31786"}],"wp:attachment":[{"href":"https:\/\/www.teehelmi.fi\/en\/wp-json\/wp\/v2\/media?parent=31717"}],"wp:term":[{"taxonomy":"product_brand","embeddable":true,"href":"https:\/\/www.teehelmi.fi\/en\/wp-json\/wp\/v2\/product_brand?post=31717"},{"taxonomy":"product_cat","embeddable":true,"href":"https:\/\/www.teehelmi.fi\/en\/wp-json\/wp\/v2\/product_cat?post=31717"},{"taxonomy":"product_tag","embeddable":true,"href":"https:\/\/www.teehelmi.fi\/en\/wp-json\/wp\/v2\/product_tag?post=31717"}],"curies":[{"name":"wp","href":"https:\/\/api.w.org\/{rel}","templated":true}]}}