{"id":31779,"date":"2025-04-23T17:48:37","date_gmt":"2025-04-23T15:48:37","guid":{"rendered":"https:\/\/www1.teehelmi.fi\/?post_type=product&#038;p=31779"},"modified":"2026-01-31T23:39:31","modified_gmt":"2026-01-31T21:39:31","slug":"mansikka-karpalo-vaniljakakku","status":"publish","type":"product","link":"https:\/\/www.teehelmi.fi\/en\/kauppa\/mansikka-karpalo-vaniljakakku\/","title":{"rendered":"Mansikka-karpalo-vaniljakakku"},"content":{"rendered":"<p><strong>Mansikka-karpalo-vaniljakakku<\/strong><\/p>\n<p>T\u00e4m\u00e4 kakku on vegaaninen, mutta maistuu erinomaisesti my\u00f6s &#8220;sekasy\u00f6jille&#8221;. Riitt\u00e4vyys noin 15 henkil\u00f6lle, halkaisija 24cm.<\/p>\n<p>Ainesosat:<\/p>\n<p style=\"font-weight: 400;\">Margariini, sokeri, melassi, sitruuna, vaniljakreemijauhe, modifioitu perunat\u00e4rkkelys, kasvisrasva (kookos, maltodekstriini, kasviproteiini) sakeuttamisaine E404, E450, E339, aromit, vanilja, vaniliini, v\u00e4riaine 160A, 171, suola, vaniljasokeri, gluteeniton jauhoseos (erittely eri paperilla), mansikka, karpalo, kardemumma, superglans kiille (ryp\u00e4lesokeri, pektiini, karrageeni, sitruunahappo, kaliumsorbaatti, kaliumsitraatti, kaliumkloridi, luontainen aromi<\/p>\n<p><strong>Tuote on maidoton, valmistettu gluteenittomista raaka-aineista, kananmunaton sek\u00e4 vegaani. Huomioithan, ett\u00e4 valmistamme ja s\u00e4ilyt\u00e4mme tuotteet samoissa tiloissa, joten ristikontaminaation mahdollisuus on olemassa.<\/strong><\/p>\n<p><strong>Kakut ovat noudettavissa toimitusp\u00e4iv\u00e4n\u00e4 kello 11 alkaen. Aikaisemmasta noudosta, ota yhteytt\u00e4.<\/strong><\/p>\n","protected":false},"excerpt":{"rendered":"<p>Mansikka-karpalo-vaniljakakku T\u00e4m\u00e4 kakku on vegaaninen, mutta maistuu erinomaisesti my\u00f6s &#8220;sekasy\u00f6jille&#8221;. Riitt\u00e4vyys noin 15 henkil\u00f6lle, halkaisija 24cm. Ainesosat: Margariini, sokeri, melassi, sitruuna, vaniljakreemijauhe, modifioitu perunat\u00e4rkkelys, kasvisrasva (kookos, maltodekstriini, kasviproteiini) sakeuttamisaine E404, E450, E339, aromit, vanilja, vaniliini, v\u00e4riaine 160A, 171, suola, vaniljasokeri, gluteeniton jauhoseos (erittely eri paperilla), mansikka, karpalo, kardemumma, superglans kiille (ryp\u00e4lesokeri, pektiini, karrageeni, sitruunahappo, kaliumsorbaatti,&hellip;<\/p>\n","protected":false},"featured_media":31838,"template":"","meta":[],"product_brand":[],"product_cat":[78],"product_tag":[],"class_list":{"0":"post-31779","1":"product","2":"type-product","3":"status-publish","4":"has-post-thumbnail","6":"product_cat-kakut","7":"description-off","9":"first","10":"instock","11":"taxable","12":"shipping-taxable","13":"purchasable","14":"product-type-simple"},"exclude_global_add_ons":[],"addons":[],"yoast_head":"<!-- This site is optimized with the Yoast SEO plugin v27.2 - https:\/\/yoast.com\/product\/yoast-seo-wordpress\/ -->\n<title>Mansikka-karpalo-vaniljakakku - Teehelmi.fi - Teet sinun herkutteluhetkiisi<\/title>\n<meta name=\"robots\" content=\"index, follow, max-snippet:-1, max-image-preview:large, max-video-preview:-1\" \/>\n<link rel=\"canonical\" href=\"https:\/\/www.teehelmi.fi\/en\/kauppa\/mansikka-karpalo-vaniljakakku\/\" \/>\n<meta property=\"og:locale\" content=\"en_US\" \/>\n<meta property=\"og:type\" content=\"article\" \/>\n<meta property=\"og:title\" content=\"Mansikka-karpalo-vaniljakakku - Teehelmi.fi - Teet sinun herkutteluhetkiisi\" \/>\n<meta property=\"og:description\" content=\"Mansikka-karpalo-vaniljakakku T\u00e4m\u00e4 kakku on vegaaninen, mutta maistuu erinomaisesti my\u00f6s &#8220;sekasy\u00f6jille&#8221;. Riitt\u00e4vyys noin 15 henkil\u00f6lle, halkaisija 24cm. Ainesosat: Margariini, sokeri, melassi, sitruuna, vaniljakreemijauhe, modifioitu perunat\u00e4rkkelys, kasvisrasva (kookos, maltodekstriini, kasviproteiini) sakeuttamisaine E404, E450, E339, aromit, vanilja, vaniliini, v\u00e4riaine 160A, 171, suola, vaniljasokeri, gluteeniton jauhoseos (erittely eri paperilla), mansikka, karpalo, kardemumma, superglans kiille (ryp\u00e4lesokeri, pektiini, karrageeni, sitruunahappo, kaliumsorbaatti,&hellip;\" \/>\n<meta property=\"og:url\" content=\"https:\/\/www.teehelmi.fi\/en\/kauppa\/mansikka-karpalo-vaniljakakku\/\" \/>\n<meta property=\"og:site_name\" content=\"Teehelmi.fi\" \/>\n<meta property=\"article:publisher\" content=\"https:\/\/www.facebook.com\/TeeHelmi.Fi\" \/>\n<meta property=\"article:modified_time\" content=\"2026-01-31T21:39:31+00:00\" \/>\n<meta property=\"og:image\" content=\"https:\/\/assets.teehelmi.fi\/2025\/04\/Mansikka-karpalo-vaniljakakku1.jpg\" \/>\n\t<meta property=\"og:image:width\" content=\"2048\" \/>\n\t<meta property=\"og:image:height\" content=\"2048\" \/>\n\t<meta property=\"og:image:type\" content=\"image\/jpeg\" \/>\n<meta name=\"twitter:card\" content=\"summary_large_image\" \/>\n<meta name=\"twitter:label1\" content=\"Est. reading time\" \/>\n\t<meta name=\"twitter:data1\" content=\"1 minute\" \/>\n<script type=\"application\/ld+json\" class=\"yoast-schema-graph\">{\"@context\":\"https:\/\/schema.org\",\"@graph\":[{\"@type\":\"WebPage\",\"@id\":\"https:\/\/www.teehelmi.fi\/en\/kauppa\/mansikka-karpalo-vaniljakakku\/\",\"url\":\"https:\/\/www.teehelmi.fi\/en\/kauppa\/mansikka-karpalo-vaniljakakku\/\",\"name\":\"Mansikka-karpalo-vaniljakakku - Teehelmi.fi - Teet sinun herkutteluhetkiisi\",\"isPartOf\":{\"@id\":\"https:\/\/www.teehelmi.fi\/en\/#website\"},\"primaryImageOfPage\":{\"@id\":\"https:\/\/www.teehelmi.fi\/en\/kauppa\/mansikka-karpalo-vaniljakakku\/#primaryimage\"},\"image\":{\"@id\":\"https:\/\/www.teehelmi.fi\/en\/kauppa\/mansikka-karpalo-vaniljakakku\/#primaryimage\"},\"thumbnailUrl\":\"https:\/\/assets.teehelmi.fi\/2025\/04\/Mansikka-karpalo-vaniljakakku1.jpg\",\"datePublished\":\"2025-04-23T15:48:37+00:00\",\"dateModified\":\"2026-01-31T21:39:31+00:00\",\"breadcrumb\":{\"@id\":\"https:\/\/www.teehelmi.fi\/en\/kauppa\/mansikka-karpalo-vaniljakakku\/#breadcrumb\"},\"inLanguage\":\"en-US\",\"potentialAction\":[{\"@type\":\"ReadAction\",\"target\":[\"https:\/\/www.teehelmi.fi\/en\/kauppa\/mansikka-karpalo-vaniljakakku\/\"]}]},{\"@type\":\"ImageObject\",\"inLanguage\":\"en-US\",\"@id\":\"https:\/\/www.teehelmi.fi\/en\/kauppa\/mansikka-karpalo-vaniljakakku\/#primaryimage\",\"url\":\"https:\/\/assets.teehelmi.fi\/2025\/04\/Mansikka-karpalo-vaniljakakku1.jpg\",\"contentUrl\":\"https:\/\/assets.teehelmi.fi\/2025\/04\/Mansikka-karpalo-vaniljakakku1.jpg\",\"width\":2048,\"height\":2048},{\"@type\":\"BreadcrumbList\",\"@id\":\"https:\/\/www.teehelmi.fi\/en\/kauppa\/mansikka-karpalo-vaniljakakku\/#breadcrumb\",\"itemListElement\":[{\"@type\":\"ListItem\",\"position\":1,\"name\":\"Etusivu\",\"item\":\"https:\/\/www.teehelmi.fi\/en\/teehelmi-fi-delicious-moments-since-1983\/\"},{\"@type\":\"ListItem\",\"position\":2,\"name\":\"Kauppa\",\"item\":\"https:\/\/www.teehelmi.fi\/kauppa\/\"},{\"@type\":\"ListItem\",\"position\":3,\"name\":\"Mansikka-karpalo-vaniljakakku\"}]},{\"@type\":\"WebSite\",\"@id\":\"https:\/\/www.teehelmi.fi\/en\/#website\",\"url\":\"https:\/\/www.teehelmi.fi\/en\/\",\"name\":\"Teehelmi.fi\",\"description\":\"Herkutteluhetki\u00e4 sinulle historian keskell\u00e4, vuodesta 1983.\",\"publisher\":{\"@id\":\"https:\/\/www.teehelmi.fi\/en\/#organization\"},\"potentialAction\":[{\"@type\":\"SearchAction\",\"target\":{\"@type\":\"EntryPoint\",\"urlTemplate\":\"https:\/\/www.teehelmi.fi\/en\/?s={search_term_string}\"},\"query-input\":{\"@type\":\"PropertyValueSpecification\",\"valueRequired\":true,\"valueName\":\"search_term_string\"}}],\"inLanguage\":\"en-US\"},{\"@type\":\"Organization\",\"@id\":\"https:\/\/www.teehelmi.fi\/en\/#organization\",\"name\":\"Teehelmi\",\"alternateName\":\"Tee- ja Kahvihuone Helmi Oy\",\"url\":\"https:\/\/www.teehelmi.fi\/en\/\",\"logo\":{\"@type\":\"ImageObject\",\"inLanguage\":\"en-US\",\"@id\":\"https:\/\/www.teehelmi.fi\/en\/#\/schema\/logo\/image\/\",\"url\":\"https:\/\/assets.teehelmi.fi\/2023\/11\/teehelmi-logo-scaled.webp\",\"contentUrl\":\"https:\/\/assets.teehelmi.fi\/2023\/11\/teehelmi-logo-scaled.webp\",\"width\":2560,\"height\":2358,\"caption\":\"Teehelmi\"},\"image\":{\"@id\":\"https:\/\/www.teehelmi.fi\/en\/#\/schema\/logo\/image\/\"},\"sameAs\":[\"https:\/\/www.facebook.com\/TeeHelmi.Fi\"]}]}<\/script>\n<!-- \/ Yoast SEO plugin. -->","yoast_head_json":{"title":"Mansikka-karpalo-vaniljakakku - Teehelmi.fi - Teet sinun herkutteluhetkiisi","robots":{"index":"index","follow":"follow","max-snippet":"max-snippet:-1","max-image-preview":"max-image-preview:large","max-video-preview":"max-video-preview:-1"},"canonical":"https:\/\/www.teehelmi.fi\/en\/kauppa\/mansikka-karpalo-vaniljakakku\/","og_locale":"en_US","og_type":"article","og_title":"Mansikka-karpalo-vaniljakakku - Teehelmi.fi - Teet sinun herkutteluhetkiisi","og_description":"Mansikka-karpalo-vaniljakakku T\u00e4m\u00e4 kakku on vegaaninen, mutta maistuu erinomaisesti my\u00f6s &#8220;sekasy\u00f6jille&#8221;. Riitt\u00e4vyys noin 15 henkil\u00f6lle, halkaisija 24cm. Ainesosat: Margariini, sokeri, melassi, sitruuna, vaniljakreemijauhe, modifioitu perunat\u00e4rkkelys, kasvisrasva (kookos, maltodekstriini, kasviproteiini) sakeuttamisaine E404, E450, E339, aromit, vanilja, vaniliini, v\u00e4riaine 160A, 171, suola, vaniljasokeri, gluteeniton jauhoseos (erittely eri paperilla), mansikka, karpalo, kardemumma, superglans kiille (ryp\u00e4lesokeri, pektiini, karrageeni, sitruunahappo, kaliumsorbaatti,&hellip;","og_url":"https:\/\/www.teehelmi.fi\/en\/kauppa\/mansikka-karpalo-vaniljakakku\/","og_site_name":"Teehelmi.fi","article_publisher":"https:\/\/www.facebook.com\/TeeHelmi.Fi","article_modified_time":"2026-01-31T21:39:31+00:00","og_image":[{"width":2048,"height":2048,"url":"https:\/\/assets.teehelmi.fi\/2025\/04\/Mansikka-karpalo-vaniljakakku1.jpg","type":"image\/jpeg"}],"twitter_card":"summary_large_image","twitter_misc":{"Est. reading time":"1 minute"},"schema":{"@context":"https:\/\/schema.org","@graph":[{"@type":"WebPage","@id":"https:\/\/www.teehelmi.fi\/en\/kauppa\/mansikka-karpalo-vaniljakakku\/","url":"https:\/\/www.teehelmi.fi\/en\/kauppa\/mansikka-karpalo-vaniljakakku\/","name":"Mansikka-karpalo-vaniljakakku - Teehelmi.fi - Teet sinun herkutteluhetkiisi","isPartOf":{"@id":"https:\/\/www.teehelmi.fi\/en\/#website"},"primaryImageOfPage":{"@id":"https:\/\/www.teehelmi.fi\/en\/kauppa\/mansikka-karpalo-vaniljakakku\/#primaryimage"},"image":{"@id":"https:\/\/www.teehelmi.fi\/en\/kauppa\/mansikka-karpalo-vaniljakakku\/#primaryimage"},"thumbnailUrl":"https:\/\/assets.teehelmi.fi\/2025\/04\/Mansikka-karpalo-vaniljakakku1.jpg","datePublished":"2025-04-23T15:48:37+00:00","dateModified":"2026-01-31T21:39:31+00:00","breadcrumb":{"@id":"https:\/\/www.teehelmi.fi\/en\/kauppa\/mansikka-karpalo-vaniljakakku\/#breadcrumb"},"inLanguage":"en-US","potentialAction":[{"@type":"ReadAction","target":["https:\/\/www.teehelmi.fi\/en\/kauppa\/mansikka-karpalo-vaniljakakku\/"]}]},{"@type":"ImageObject","inLanguage":"en-US","@id":"https:\/\/www.teehelmi.fi\/en\/kauppa\/mansikka-karpalo-vaniljakakku\/#primaryimage","url":"https:\/\/assets.teehelmi.fi\/2025\/04\/Mansikka-karpalo-vaniljakakku1.jpg","contentUrl":"https:\/\/assets.teehelmi.fi\/2025\/04\/Mansikka-karpalo-vaniljakakku1.jpg","width":2048,"height":2048},{"@type":"BreadcrumbList","@id":"https:\/\/www.teehelmi.fi\/en\/kauppa\/mansikka-karpalo-vaniljakakku\/#breadcrumb","itemListElement":[{"@type":"ListItem","position":1,"name":"Etusivu","item":"https:\/\/www.teehelmi.fi\/en\/teehelmi-fi-delicious-moments-since-1983\/"},{"@type":"ListItem","position":2,"name":"Kauppa","item":"https:\/\/www.teehelmi.fi\/kauppa\/"},{"@type":"ListItem","position":3,"name":"Mansikka-karpalo-vaniljakakku"}]},{"@type":"WebSite","@id":"https:\/\/www.teehelmi.fi\/en\/#website","url":"https:\/\/www.teehelmi.fi\/en\/","name":"Teehelmi.fi","description":"Herkutteluhetki\u00e4 sinulle historian keskell\u00e4, vuodesta 1983.","publisher":{"@id":"https:\/\/www.teehelmi.fi\/en\/#organization"},"potentialAction":[{"@type":"SearchAction","target":{"@type":"EntryPoint","urlTemplate":"https:\/\/www.teehelmi.fi\/en\/?s={search_term_string}"},"query-input":{"@type":"PropertyValueSpecification","valueRequired":true,"valueName":"search_term_string"}}],"inLanguage":"en-US"},{"@type":"Organization","@id":"https:\/\/www.teehelmi.fi\/en\/#organization","name":"Teehelmi","alternateName":"Tee- ja Kahvihuone Helmi Oy","url":"https:\/\/www.teehelmi.fi\/en\/","logo":{"@type":"ImageObject","inLanguage":"en-US","@id":"https:\/\/www.teehelmi.fi\/en\/#\/schema\/logo\/image\/","url":"https:\/\/assets.teehelmi.fi\/2023\/11\/teehelmi-logo-scaled.webp","contentUrl":"https:\/\/assets.teehelmi.fi\/2023\/11\/teehelmi-logo-scaled.webp","width":2560,"height":2358,"caption":"Teehelmi"},"image":{"@id":"https:\/\/www.teehelmi.fi\/en\/#\/schema\/logo\/image\/"},"sameAs":["https:\/\/www.facebook.com\/TeeHelmi.Fi"]}]}},"_links":{"self":[{"href":"https:\/\/www.teehelmi.fi\/en\/wp-json\/wp\/v2\/product\/31779","targetHints":{"allow":["GET"]}}],"collection":[{"href":"https:\/\/www.teehelmi.fi\/en\/wp-json\/wp\/v2\/product"}],"about":[{"href":"https:\/\/www.teehelmi.fi\/en\/wp-json\/wp\/v2\/types\/product"}],"version-history":[{"count":0,"href":"https:\/\/www.teehelmi.fi\/en\/wp-json\/wp\/v2\/product\/31779\/revisions"}],"wp:featuredmedia":[{"embeddable":true,"href":"https:\/\/www.teehelmi.fi\/en\/wp-json\/wp\/v2\/media\/31838"}],"wp:attachment":[{"href":"https:\/\/www.teehelmi.fi\/en\/wp-json\/wp\/v2\/media?parent=31779"}],"wp:term":[{"taxonomy":"product_brand","embeddable":true,"href":"https:\/\/www.teehelmi.fi\/en\/wp-json\/wp\/v2\/product_brand?post=31779"},{"taxonomy":"product_cat","embeddable":true,"href":"https:\/\/www.teehelmi.fi\/en\/wp-json\/wp\/v2\/product_cat?post=31779"},{"taxonomy":"product_tag","embeddable":true,"href":"https:\/\/www.teehelmi.fi\/en\/wp-json\/wp\/v2\/product_tag?post=31779"}],"curies":[{"name":"wp","href":"https:\/\/api.w.org\/{rel}","templated":true}]}}