{"id":31802,"date":"2025-04-23T17:48:59","date_gmt":"2025-04-23T15:48:59","guid":{"rendered":"https:\/\/www1.teehelmi.fi\/?post_type=product&#038;p=31802"},"modified":"2026-04-24T10:03:35","modified_gmt":"2026-04-24T07:03:35","slug":"cajsan-kello-viiden-tee","status":"publish","type":"product","link":"https:\/\/www.teehelmi.fi\/en\/kauppa\/cajsan-kello-viiden-tee\/","title":{"rendered":"Cajsan kello viiden tee"},"content":{"rendered":"\t\t<div data-elementor-type=\"product-post\" data-elementor-id=\"31802\" class=\"elementor elementor-31802\" data-elementor-post-type=\"product\">\n\t\t\t\t<div class=\"elementor-element elementor-element-237dc8cc e-flex e-con-boxed e-con e-parent\" data-id=\"237dc8cc\" data-element_type=\"container\" data-e-type=\"container\">\n\t\t\t\t\t<div class=\"e-con-inner\">\n\t\t\t\t<div class=\"elementor-element elementor-element-301ef5c9 elementor-widget elementor-widget-text-editor\" data-id=\"301ef5c9\" data-element_type=\"widget\" data-e-type=\"widget\" data-widget_type=\"text-editor.default\">\n\t\t\t\t<div class=\"elementor-widget-container\">\n\t\t\t\t\t\t\t\t\t<h2>Iltap\u00e4iv\u00e4tee Helsingiss\u00e4 &#8211; Afternoon Tea<\/h2><p>P\u00e4iv\u00e4m\u00e4\u00e4r\u00e4n ja kellonajan valitseminen l\u00f6ytyy t\u00e4m\u00e4n sivun lopusta<\/p><h2>MENU<\/h2><p style=\"font-weight: 400;\">Klassinen kurkku-tuorejuustoleip\u00e4<br \/>Savumuikkukukkorulla piparjuuri-tillimajoneesilla ja pikkel\u00f6idyll\u00e4 sipulilla<br \/>Yrttinen krostini-leip\u00e4 punajuuripestolla ja vatkatulla fetalla<br \/>Kolmen kaalin Galette puolukallasmetanalla<br \/>Perunatuulihattukranssi ruskistetulla voilla, graavatulla keltuaisella ja pikkel\u00f6idyll\u00e4 kanttarellilla<br \/>Filotaikinaan k\u00e4\u00e4ritty\u00e4 ylikyps\u00e4\u00e4 ankkaa ja porkkanachutneyt\u00e4<\/p><p style=\"font-weight: 400;\">***<\/p><p style=\"font-weight: 400;\">Helmen Skonssit, hillot ja clotted cream<br \/>Appelsiini-chili-suklaa tryffelikonvehti<br \/>Mets\u00e4mansikkachurro, lime-valkosuklaakastikkeella<br \/>Maitosuklaa herukkakori<br \/>Karamelli-omena-pekaanitartaletti<br \/>Teemarmeladia Helmen teesekoituksista<\/p><p>P\u00f6yt\u00e4 on varattuna teille herkutteluun 1,5 tunniksi.<\/p><p><a href=\"https:\/\/teehelmi.fi\/kauppa\/lahjakortti-cajsan-kello-viiden-tee\/\">Lahjakortit Cajsan Kello Viiden Teelle l\u00f6ytyv\u00e4t t\u00e4st\u00e4 linkist\u00e4.<\/a><\/p><h6>TILAUSEHDOT:<\/h6><p>Varauksenne iltap\u00e4iv\u00e4teelle vahvistuu vasta tehty\u00e4nne tilauksen t\u00e4ll\u00e4 sivulla tai suorittamalla maksun muutoin.<\/p><p>Varaus on sitova, eik\u00e4 sill\u00e4 ole peruutusoikeutta.<\/p><p>Varaus on mahdollista siirt\u00e4\u00e4 yhden kerran veloituksetta.<\/p><p>Tuotteet ovat laktoosittomia. Erillispyynn\u00f6st\u00e4 saatavilla gluteeniton ja vegaaninen versio.<\/p><p>Mik\u00e4li olette suunnittelemassa isomman seurueen (yli 6 hl\u00f6) tapaamista, olettehan yhteydess\u00e4 ennakkoon.<\/p><div class=\"x-text cs-ta-center\"><p>Brittil\u00e4isen perinteisen Afternoon Tean juuret ulottuvat 1840-luvulle kun Bedfordin herttuatarella Annalla oli tapana nauttia lounaan ja illallisen v\u00e4liss\u00e4 teet\u00e4 ja pient\u00e4 sy\u00f6t\u00e4v\u00e4\u00e4 yst\u00e4viens\u00e4 kanssa seurustellen.<\/p><p><strong>Samanlaisen herkutteluhetken p\u00e4\u00e4set nauttimaan Cajsan Helmen Topelius-salissa. Mik\u00e4li haluatte Kello viiden teen nautittavaksi Mannerheim- tai Snellman-kabinettiin, olettehan yhteydess\u00e4 s\u00e4hk\u00f6postitse.<\/strong><\/p><p><strong>Kattauksen saapumisajat ovat perjantaisin kello 15-17 sek\u00e4 lauantaisin kello 13-15. Yli 10 hengen ryhmille Kello viiden tee on toteutettavissa my\u00f6s muina aikoina sopimuksen mukaan.<\/strong><\/p><h6><strong>Cajsan kello viiden teen hinta on 58 euroa henkil\u00f6lt\u00e4 se sis\u00e4lt\u00e4\u00e4:<\/strong><\/h6><h6><strong>Kolmikerrosvadin k\u00e4sintehdyt herkut jokaiselle osallistujalle<\/strong><br \/><strong>Valitsemasi teen laadukkaalta teelistaltamme<br \/>P\u00f6yt\u00e4varauksen 1,5 tunniksi<\/strong><\/h6><p><strong>Kysy lis\u00e4\u00e4, yhteydenotot mieluiten s\u00e4hk\u00f6postitse:<\/strong><br \/><strong>info@teehelmi.fi\u00a0<\/strong><br \/><strong>p. 019 581 437<\/strong><\/p><\/div><p>Cajsan Helmi<br \/>Kaisaniemenranta 6 &#8211; Helsinki<\/p>\t\t\t\t\t\t\t\t<\/div>\n\t\t\t\t<\/div>\n\t\t\t\t\t<\/div>\n\t\t\t\t<\/div>\n\t\t\t\t<\/div>\n\t\t","protected":false},"excerpt":{"rendered":"<p>Lue tilausehdot alta<\/p>\n<ol>\n<li>Valitse p\u00e4iv\u00e4m\u00e4\u00e4r\u00e4 sek\u00e4 kellonaika (painamalla &#8220;Poista&#8221; palaat alkuun)<\/li>\n<li>Numerokentt\u00e4\u00e4n lis\u00e4\u00e4 osallistuvien henkil\u00f6iden m\u00e4\u00e4r\u00e4. Jos haluat liitty\u00e4 yst\u00e4v\u00e4si tai seurueesi varaukseen kirjoitathan sen kassa-sivulla kommenttikentt\u00e4\u00e4n.<\/li>\n<li>Paina lis\u00e4\u00e4 ostoskoriin &#8211; mene kassalle<\/li>\n<li>Kun saat tilausvahvistuksen s\u00e4hk\u00f6postiisi, varauksesi on valmis.<\/li>\n<\/ol>\n","protected":false},"featured_media":34372,"template":"","meta":[],"product_brand":[],"product_cat":[76],"product_tag":[],"class_list":{"0":"post-31802","1":"product","2":"type-product","3":"status-publish","4":"has-post-thumbnail","6":"product_cat-varattavat-tilaisuudet","7":"product_shipping_class-varaus","9":"first","10":"instock","11":"taxable","12":"shipping-taxable","13":"purchasable","14":"product-type-variable"},"exclude_global_add_ons":[],"addons":[],"yoast_head":"<!-- This site is optimized with the Yoast SEO plugin v27.2 - https:\/\/yoast.com\/product\/yoast-seo-wordpress\/ -->\n<title>Cajsan kello viiden tee - Teehelmi.fi - Teet sinun herkutteluhetkiisi<\/title>\n<meta name=\"robots\" content=\"index, follow, max-snippet:-1, max-image-preview:large, max-video-preview:-1\" \/>\n<link rel=\"canonical\" href=\"https:\/\/www.teehelmi.fi\/en\/kauppa\/cajsan-kello-viiden-tee\/\" \/>\n<meta property=\"og:locale\" content=\"en_US\" \/>\n<meta property=\"og:type\" content=\"article\" \/>\n<meta property=\"og:title\" content=\"Cajsan kello viiden tee - Teehelmi.fi - Teet sinun herkutteluhetkiisi\" \/>\n<meta property=\"og:description\" content=\"Lue tilausehdot alta   Valitse p\u00e4iv\u00e4m\u00e4\u00e4r\u00e4 sek\u00e4 kellonaika (painamalla &quot;Poista&quot; palaat alkuun)  Numerokentt\u00e4\u00e4n lis\u00e4\u00e4 osallistuvien henkil\u00f6iden m\u00e4\u00e4r\u00e4. Jos haluat liitty\u00e4 yst\u00e4v\u00e4si tai seurueesi varaukseen kirjoitathan sen kassa-sivulla kommenttikentt\u00e4\u00e4n.  Paina lis\u00e4\u00e4 ostoskoriin - mene kassalle  Kun saat tilausvahvistuksen s\u00e4hk\u00f6postiisi, varauksesi on valmis.\" \/>\n<meta property=\"og:url\" content=\"https:\/\/www.teehelmi.fi\/en\/kauppa\/cajsan-kello-viiden-tee\/\" \/>\n<meta property=\"og:site_name\" content=\"Teehelmi.fi\" \/>\n<meta property=\"article:publisher\" content=\"https:\/\/www.facebook.com\/TeeHelmi.Fi\" \/>\n<meta property=\"article:modified_time\" content=\"2026-04-24T07:03:35+00:00\" \/>\n<meta property=\"og:image\" content=\"https:\/\/assets.teehelmi.fi\/2025\/04\/5W9B0041.jpg\" \/>\n\t<meta property=\"og:image:width\" content=\"2048\" \/>\n\t<meta property=\"og:image:height\" content=\"2048\" \/>\n\t<meta property=\"og:image:type\" content=\"image\/jpeg\" \/>\n<meta name=\"twitter:card\" content=\"summary_large_image\" \/>\n<meta name=\"twitter:label1\" content=\"Est. reading time\" \/>\n\t<meta name=\"twitter:data1\" content=\"2 minutes\" \/>\n<script type=\"application\/ld+json\" class=\"yoast-schema-graph\">{\"@context\":\"https:\/\/schema.org\",\"@graph\":[{\"@type\":\"WebPage\",\"@id\":\"https:\/\/www.teehelmi.fi\/en\/kauppa\/cajsan-kello-viiden-tee\/\",\"url\":\"https:\/\/www.teehelmi.fi\/en\/kauppa\/cajsan-kello-viiden-tee\/\",\"name\":\"Cajsan kello viiden tee - Teehelmi.fi - Teet sinun herkutteluhetkiisi\",\"isPartOf\":{\"@id\":\"https:\/\/www.teehelmi.fi\/en\/#website\"},\"primaryImageOfPage\":{\"@id\":\"https:\/\/www.teehelmi.fi\/en\/kauppa\/cajsan-kello-viiden-tee\/#primaryimage\"},\"image\":{\"@id\":\"https:\/\/www.teehelmi.fi\/en\/kauppa\/cajsan-kello-viiden-tee\/#primaryimage\"},\"thumbnailUrl\":\"https:\/\/assets.teehelmi.fi\/2025\/04\/5W9B0041.jpg\",\"datePublished\":\"2025-04-23T15:48:59+00:00\",\"dateModified\":\"2026-04-24T07:03:35+00:00\",\"breadcrumb\":{\"@id\":\"https:\/\/www.teehelmi.fi\/en\/kauppa\/cajsan-kello-viiden-tee\/#breadcrumb\"},\"inLanguage\":\"en-US\",\"potentialAction\":[{\"@type\":\"ReadAction\",\"target\":[\"https:\/\/www.teehelmi.fi\/en\/kauppa\/cajsan-kello-viiden-tee\/\"]}]},{\"@type\":\"ImageObject\",\"inLanguage\":\"en-US\",\"@id\":\"https:\/\/www.teehelmi.fi\/en\/kauppa\/cajsan-kello-viiden-tee\/#primaryimage\",\"url\":\"https:\/\/assets.teehelmi.fi\/2025\/04\/5W9B0041.jpg\",\"contentUrl\":\"https:\/\/assets.teehelmi.fi\/2025\/04\/5W9B0041.jpg\",\"width\":2048,\"height\":2048},{\"@type\":\"BreadcrumbList\",\"@id\":\"https:\/\/www.teehelmi.fi\/en\/kauppa\/cajsan-kello-viiden-tee\/#breadcrumb\",\"itemListElement\":[{\"@type\":\"ListItem\",\"position\":1,\"name\":\"Etusivu\",\"item\":\"https:\/\/www.teehelmi.fi\/en\/teehelmi-fi-delicious-moments-since-1983\/\"},{\"@type\":\"ListItem\",\"position\":2,\"name\":\"Kauppa\",\"item\":\"https:\/\/www.teehelmi.fi\/kauppa\/\"},{\"@type\":\"ListItem\",\"position\":3,\"name\":\"Cajsan kello viiden tee\"}]},{\"@type\":\"WebSite\",\"@id\":\"https:\/\/www.teehelmi.fi\/en\/#website\",\"url\":\"https:\/\/www.teehelmi.fi\/en\/\",\"name\":\"Teehelmi.fi\",\"description\":\"Herkutteluhetki\u00e4 sinulle historian keskell\u00e4, vuodesta 1983.\",\"publisher\":{\"@id\":\"https:\/\/www.teehelmi.fi\/en\/#organization\"},\"potentialAction\":[{\"@type\":\"SearchAction\",\"target\":{\"@type\":\"EntryPoint\",\"urlTemplate\":\"https:\/\/www.teehelmi.fi\/en\/?s={search_term_string}\"},\"query-input\":{\"@type\":\"PropertyValueSpecification\",\"valueRequired\":true,\"valueName\":\"search_term_string\"}}],\"inLanguage\":\"en-US\"},{\"@type\":\"Organization\",\"@id\":\"https:\/\/www.teehelmi.fi\/en\/#organization\",\"name\":\"Teehelmi\",\"alternateName\":\"Tee- ja Kahvihuone Helmi Oy\",\"url\":\"https:\/\/www.teehelmi.fi\/en\/\",\"logo\":{\"@type\":\"ImageObject\",\"inLanguage\":\"en-US\",\"@id\":\"https:\/\/www.teehelmi.fi\/en\/#\/schema\/logo\/image\/\",\"url\":\"https:\/\/assets.teehelmi.fi\/2023\/11\/teehelmi-logo-scaled.webp\",\"contentUrl\":\"https:\/\/assets.teehelmi.fi\/2023\/11\/teehelmi-logo-scaled.webp\",\"width\":2560,\"height\":2358,\"caption\":\"Teehelmi\"},\"image\":{\"@id\":\"https:\/\/www.teehelmi.fi\/en\/#\/schema\/logo\/image\/\"},\"sameAs\":[\"https:\/\/www.facebook.com\/TeeHelmi.Fi\"]}]}<\/script>\n<!-- \/ Yoast SEO plugin. -->","yoast_head_json":{"title":"Cajsan kello viiden tee - Teehelmi.fi - Teet sinun herkutteluhetkiisi","robots":{"index":"index","follow":"follow","max-snippet":"max-snippet:-1","max-image-preview":"max-image-preview:large","max-video-preview":"max-video-preview:-1"},"canonical":"https:\/\/www.teehelmi.fi\/en\/kauppa\/cajsan-kello-viiden-tee\/","og_locale":"en_US","og_type":"article","og_title":"Cajsan kello viiden tee - Teehelmi.fi - Teet sinun herkutteluhetkiisi","og_description":"Lue tilausehdot alta   Valitse p\u00e4iv\u00e4m\u00e4\u00e4r\u00e4 sek\u00e4 kellonaika (painamalla \"Poista\" palaat alkuun)  Numerokentt\u00e4\u00e4n lis\u00e4\u00e4 osallistuvien henkil\u00f6iden m\u00e4\u00e4r\u00e4. Jos haluat liitty\u00e4 yst\u00e4v\u00e4si tai seurueesi varaukseen kirjoitathan sen kassa-sivulla kommenttikentt\u00e4\u00e4n.  Paina lis\u00e4\u00e4 ostoskoriin - mene kassalle  Kun saat tilausvahvistuksen s\u00e4hk\u00f6postiisi, varauksesi on valmis.","og_url":"https:\/\/www.teehelmi.fi\/en\/kauppa\/cajsan-kello-viiden-tee\/","og_site_name":"Teehelmi.fi","article_publisher":"https:\/\/www.facebook.com\/TeeHelmi.Fi","article_modified_time":"2026-04-24T07:03:35+00:00","og_image":[{"width":2048,"height":2048,"url":"https:\/\/assets.teehelmi.fi\/2025\/04\/5W9B0041.jpg","type":"image\/jpeg"}],"twitter_card":"summary_large_image","twitter_misc":{"Est. reading time":"2 minutes"},"schema":{"@context":"https:\/\/schema.org","@graph":[{"@type":"WebPage","@id":"https:\/\/www.teehelmi.fi\/en\/kauppa\/cajsan-kello-viiden-tee\/","url":"https:\/\/www.teehelmi.fi\/en\/kauppa\/cajsan-kello-viiden-tee\/","name":"Cajsan kello viiden tee - Teehelmi.fi - Teet sinun herkutteluhetkiisi","isPartOf":{"@id":"https:\/\/www.teehelmi.fi\/en\/#website"},"primaryImageOfPage":{"@id":"https:\/\/www.teehelmi.fi\/en\/kauppa\/cajsan-kello-viiden-tee\/#primaryimage"},"image":{"@id":"https:\/\/www.teehelmi.fi\/en\/kauppa\/cajsan-kello-viiden-tee\/#primaryimage"},"thumbnailUrl":"https:\/\/assets.teehelmi.fi\/2025\/04\/5W9B0041.jpg","datePublished":"2025-04-23T15:48:59+00:00","dateModified":"2026-04-24T07:03:35+00:00","breadcrumb":{"@id":"https:\/\/www.teehelmi.fi\/en\/kauppa\/cajsan-kello-viiden-tee\/#breadcrumb"},"inLanguage":"en-US","potentialAction":[{"@type":"ReadAction","target":["https:\/\/www.teehelmi.fi\/en\/kauppa\/cajsan-kello-viiden-tee\/"]}]},{"@type":"ImageObject","inLanguage":"en-US","@id":"https:\/\/www.teehelmi.fi\/en\/kauppa\/cajsan-kello-viiden-tee\/#primaryimage","url":"https:\/\/assets.teehelmi.fi\/2025\/04\/5W9B0041.jpg","contentUrl":"https:\/\/assets.teehelmi.fi\/2025\/04\/5W9B0041.jpg","width":2048,"height":2048},{"@type":"BreadcrumbList","@id":"https:\/\/www.teehelmi.fi\/en\/kauppa\/cajsan-kello-viiden-tee\/#breadcrumb","itemListElement":[{"@type":"ListItem","position":1,"name":"Etusivu","item":"https:\/\/www.teehelmi.fi\/en\/teehelmi-fi-delicious-moments-since-1983\/"},{"@type":"ListItem","position":2,"name":"Kauppa","item":"https:\/\/www.teehelmi.fi\/kauppa\/"},{"@type":"ListItem","position":3,"name":"Cajsan kello viiden tee"}]},{"@type":"WebSite","@id":"https:\/\/www.teehelmi.fi\/en\/#website","url":"https:\/\/www.teehelmi.fi\/en\/","name":"Teehelmi.fi","description":"Herkutteluhetki\u00e4 sinulle historian keskell\u00e4, vuodesta 1983.","publisher":{"@id":"https:\/\/www.teehelmi.fi\/en\/#organization"},"potentialAction":[{"@type":"SearchAction","target":{"@type":"EntryPoint","urlTemplate":"https:\/\/www.teehelmi.fi\/en\/?s={search_term_string}"},"query-input":{"@type":"PropertyValueSpecification","valueRequired":true,"valueName":"search_term_string"}}],"inLanguage":"en-US"},{"@type":"Organization","@id":"https:\/\/www.teehelmi.fi\/en\/#organization","name":"Teehelmi","alternateName":"Tee- ja Kahvihuone Helmi Oy","url":"https:\/\/www.teehelmi.fi\/en\/","logo":{"@type":"ImageObject","inLanguage":"en-US","@id":"https:\/\/www.teehelmi.fi\/en\/#\/schema\/logo\/image\/","url":"https:\/\/assets.teehelmi.fi\/2023\/11\/teehelmi-logo-scaled.webp","contentUrl":"https:\/\/assets.teehelmi.fi\/2023\/11\/teehelmi-logo-scaled.webp","width":2560,"height":2358,"caption":"Teehelmi"},"image":{"@id":"https:\/\/www.teehelmi.fi\/en\/#\/schema\/logo\/image\/"},"sameAs":["https:\/\/www.facebook.com\/TeeHelmi.Fi"]}]}},"_links":{"self":[{"href":"https:\/\/www.teehelmi.fi\/en\/wp-json\/wp\/v2\/product\/31802","targetHints":{"allow":["GET"]}}],"collection":[{"href":"https:\/\/www.teehelmi.fi\/en\/wp-json\/wp\/v2\/product"}],"about":[{"href":"https:\/\/www.teehelmi.fi\/en\/wp-json\/wp\/v2\/types\/product"}],"version-history":[{"count":2,"href":"https:\/\/www.teehelmi.fi\/en\/wp-json\/wp\/v2\/product\/31802\/revisions"}],"predecessor-version":[{"id":35696,"href":"https:\/\/www.teehelmi.fi\/en\/wp-json\/wp\/v2\/product\/31802\/revisions\/35696"}],"wp:featuredmedia":[{"embeddable":true,"href":"https:\/\/www.teehelmi.fi\/en\/wp-json\/wp\/v2\/media\/34372"}],"wp:attachment":[{"href":"https:\/\/www.teehelmi.fi\/en\/wp-json\/wp\/v2\/media?parent=31802"}],"wp:term":[{"taxonomy":"product_brand","embeddable":true,"href":"https:\/\/www.teehelmi.fi\/en\/wp-json\/wp\/v2\/product_brand?post=31802"},{"taxonomy":"product_cat","embeddable":true,"href":"https:\/\/www.teehelmi.fi\/en\/wp-json\/wp\/v2\/product_cat?post=31802"},{"taxonomy":"product_tag","embeddable":true,"href":"https:\/\/www.teehelmi.fi\/en\/wp-json\/wp\/v2\/product_tag?post=31802"}],"curies":[{"name":"wp","href":"https:\/\/api.w.org\/{rel}","templated":true}]}}