{"id":31804,"date":"2025-04-23T17:48:59","date_gmt":"2025-04-23T15:48:59","guid":{"rendered":"https:\/\/www1.teehelmi.fi\/?post_type=product&#038;p=31804"},"modified":"2025-10-01T14:40:11","modified_gmt":"2025-10-01T11:40:11","slug":"cajsa-helmi-helsingin-dokumenttielokuvan-naytos","status":"publish","type":"product","link":"https:\/\/www.teehelmi.fi\/en\/kauppa\/cajsa-helmi-helsingin-dokumenttielokuvan-naytos\/","title":{"rendered":"Cajsa &#8211; Helmi Helsingin -dokumenttielokuvan n\u00e4yt\u00f6s"},"content":{"rendered":"<p>Cajsa &#8211; Helmi Helsingin on Anne ja Markku Veijalaisen tekem\u00e4 dokumenttielokuva Cajsan Helmen kunnostusty\u00f6st\u00e4 ja henkil\u00f6ist\u00e4 sen takana.<\/p>\n<p>N\u00e4yt\u00f6sajat ovat seuraavat:<\/p>\n<p>Ti 28.10.2025 klo 19.00<\/p>\n<p>Esityksen kesto on kaksi tuntia sis\u00e4lt\u00e4en v\u00e4liajan.<\/p>\n<p>Liput 15 euroa per henkil\u00f6.<\/p>\n<p>Esitys tapahtuu Cajsan Helmess\u00e4, osoitteessa Kaisaniemenranta 6 Helsinki.<\/p>\n","protected":false},"excerpt":{"rendered":"<ol>\n<li>Valitse n\u00e4yt\u00f6sp\u00e4iv\u00e4<\/li>\n<li>Valitse henkil\u00f6m\u00e4\u00e4r\u00e4<\/li>\n<li>Paina ostoskoriin<\/li>\n<li>Tilausvahvistus toimii p\u00e4\u00e4sylippuna, jonka voi n\u00e4ytt\u00e4\u00e4 saapuessa sis\u00e4\u00e4ntulossa esimerkiksi n\u00e4yt\u00f6lt\u00e4 tai tulostetulta paperilta<\/li>\n<\/ol>\n","protected":false},"featured_media":31881,"template":"","meta":[],"product_brand":[],"product_cat":[76],"product_tag":[],"class_list":{"0":"post-31804","1":"product","2":"type-product","3":"status-publish","4":"has-post-thumbnail","6":"product_cat-varattavat-tilaisuudet","7":"description-off","9":"first","10":"instock","11":"taxable","12":"shipping-taxable","13":"purchasable","14":"product-type-variable","15":"has-default-attributes"},"exclude_global_add_ons":[],"addons":[],"yoast_head":"<!-- This site is optimized with the Yoast SEO plugin v27.2 - https:\/\/yoast.com\/product\/yoast-seo-wordpress\/ -->\n<title>Cajsa - Helmi Helsingin -dokumenttielokuvan n\u00e4yt\u00f6s - Teehelmi.fi - Teet sinun herkutteluhetkiisi<\/title>\n<meta name=\"robots\" content=\"index, follow, max-snippet:-1, max-image-preview:large, max-video-preview:-1\" \/>\n<link rel=\"canonical\" href=\"https:\/\/www.teehelmi.fi\/en\/kauppa\/cajsa-helmi-helsingin-dokumenttielokuvan-naytos\/\" \/>\n<meta property=\"og:locale\" content=\"en_US\" \/>\n<meta property=\"og:type\" content=\"article\" \/>\n<meta property=\"og:title\" content=\"Cajsa - Helmi Helsingin -dokumenttielokuvan n\u00e4yt\u00f6s - Teehelmi.fi - Teet sinun herkutteluhetkiisi\" \/>\n<meta property=\"og:description\" content=\"Valitse n\u00e4yt\u00f6sp\u00e4iv\u00e4  Valitse henkil\u00f6m\u00e4\u00e4r\u00e4  Paina ostoskoriin  Tilausvahvistus toimii p\u00e4\u00e4sylippuna, jonka voi n\u00e4ytt\u00e4\u00e4 saapuessa sis\u00e4\u00e4ntulossa esimerkiksi n\u00e4yt\u00f6lt\u00e4 tai tulostetulta paperilta\" \/>\n<meta property=\"og:url\" content=\"https:\/\/www.teehelmi.fi\/en\/kauppa\/cajsa-helmi-helsingin-dokumenttielokuvan-naytos\/\" \/>\n<meta property=\"og:site_name\" content=\"Teehelmi.fi\" \/>\n<meta property=\"article:publisher\" content=\"https:\/\/www.facebook.com\/TeeHelmi.Fi\" \/>\n<meta property=\"article:modified_time\" content=\"2025-10-01T11:40:11+00:00\" \/>\n<meta property=\"og:image\" content=\"https:\/\/assets.teehelmi.fi\/2025\/04\/Nimeton-1.jpg\" \/>\n\t<meta property=\"og:image:width\" content=\"1080\" \/>\n\t<meta property=\"og:image:height\" content=\"1080\" \/>\n\t<meta property=\"og:image:type\" content=\"image\/jpeg\" \/>\n<meta name=\"twitter:card\" content=\"summary_large_image\" \/>\n<meta name=\"twitter:label1\" content=\"Est. reading time\" \/>\n\t<meta name=\"twitter:data1\" content=\"1 minute\" \/>\n<script type=\"application\/ld+json\" class=\"yoast-schema-graph\">{\"@context\":\"https:\/\/schema.org\",\"@graph\":[{\"@type\":\"WebPage\",\"@id\":\"https:\/\/www.teehelmi.fi\/en\/kauppa\/cajsa-helmi-helsingin-dokumenttielokuvan-naytos\/\",\"url\":\"https:\/\/www.teehelmi.fi\/en\/kauppa\/cajsa-helmi-helsingin-dokumenttielokuvan-naytos\/\",\"name\":\"Cajsa - Helmi Helsingin -dokumenttielokuvan n\u00e4yt\u00f6s - Teehelmi.fi - Teet sinun herkutteluhetkiisi\",\"isPartOf\":{\"@id\":\"https:\/\/www.teehelmi.fi\/en\/#website\"},\"primaryImageOfPage\":{\"@id\":\"https:\/\/www.teehelmi.fi\/en\/kauppa\/cajsa-helmi-helsingin-dokumenttielokuvan-naytos\/#primaryimage\"},\"image\":{\"@id\":\"https:\/\/www.teehelmi.fi\/en\/kauppa\/cajsa-helmi-helsingin-dokumenttielokuvan-naytos\/#primaryimage\"},\"thumbnailUrl\":\"https:\/\/assets.teehelmi.fi\/2025\/04\/Nimeton-1.jpg\",\"datePublished\":\"2025-04-23T15:48:59+00:00\",\"dateModified\":\"2025-10-01T11:40:11+00:00\",\"breadcrumb\":{\"@id\":\"https:\/\/www.teehelmi.fi\/en\/kauppa\/cajsa-helmi-helsingin-dokumenttielokuvan-naytos\/#breadcrumb\"},\"inLanguage\":\"en-US\",\"potentialAction\":[{\"@type\":\"ReadAction\",\"target\":[\"https:\/\/www.teehelmi.fi\/en\/kauppa\/cajsa-helmi-helsingin-dokumenttielokuvan-naytos\/\"]}]},{\"@type\":\"ImageObject\",\"inLanguage\":\"en-US\",\"@id\":\"https:\/\/www.teehelmi.fi\/en\/kauppa\/cajsa-helmi-helsingin-dokumenttielokuvan-naytos\/#primaryimage\",\"url\":\"https:\/\/assets.teehelmi.fi\/2025\/04\/Nimeton-1.jpg\",\"contentUrl\":\"https:\/\/assets.teehelmi.fi\/2025\/04\/Nimeton-1.jpg\",\"width\":1080,\"height\":1080},{\"@type\":\"BreadcrumbList\",\"@id\":\"https:\/\/www.teehelmi.fi\/en\/kauppa\/cajsa-helmi-helsingin-dokumenttielokuvan-naytos\/#breadcrumb\",\"itemListElement\":[{\"@type\":\"ListItem\",\"position\":1,\"name\":\"Etusivu\",\"item\":\"https:\/\/www.teehelmi.fi\/en\/teehelmi-fi-delicious-moments-since-1983\/\"},{\"@type\":\"ListItem\",\"position\":2,\"name\":\"Kauppa\",\"item\":\"https:\/\/www.teehelmi.fi\/kauppa\/\"},{\"@type\":\"ListItem\",\"position\":3,\"name\":\"Cajsa &#8211; Helmi Helsingin -dokumenttielokuvan n\u00e4yt\u00f6s\"}]},{\"@type\":\"WebSite\",\"@id\":\"https:\/\/www.teehelmi.fi\/en\/#website\",\"url\":\"https:\/\/www.teehelmi.fi\/en\/\",\"name\":\"Teehelmi.fi\",\"description\":\"Herkutteluhetki\u00e4 sinulle historian keskell\u00e4, vuodesta 1983.\",\"publisher\":{\"@id\":\"https:\/\/www.teehelmi.fi\/en\/#organization\"},\"potentialAction\":[{\"@type\":\"SearchAction\",\"target\":{\"@type\":\"EntryPoint\",\"urlTemplate\":\"https:\/\/www.teehelmi.fi\/en\/?s={search_term_string}\"},\"query-input\":{\"@type\":\"PropertyValueSpecification\",\"valueRequired\":true,\"valueName\":\"search_term_string\"}}],\"inLanguage\":\"en-US\"},{\"@type\":\"Organization\",\"@id\":\"https:\/\/www.teehelmi.fi\/en\/#organization\",\"name\":\"Teehelmi\",\"alternateName\":\"Tee- ja Kahvihuone Helmi Oy\",\"url\":\"https:\/\/www.teehelmi.fi\/en\/\",\"logo\":{\"@type\":\"ImageObject\",\"inLanguage\":\"en-US\",\"@id\":\"https:\/\/www.teehelmi.fi\/en\/#\/schema\/logo\/image\/\",\"url\":\"https:\/\/assets.teehelmi.fi\/2023\/11\/teehelmi-logo-scaled.webp\",\"contentUrl\":\"https:\/\/assets.teehelmi.fi\/2023\/11\/teehelmi-logo-scaled.webp\",\"width\":2560,\"height\":2358,\"caption\":\"Teehelmi\"},\"image\":{\"@id\":\"https:\/\/www.teehelmi.fi\/en\/#\/schema\/logo\/image\/\"},\"sameAs\":[\"https:\/\/www.facebook.com\/TeeHelmi.Fi\"]}]}<\/script>\n<!-- \/ Yoast SEO plugin. -->","yoast_head_json":{"title":"Cajsa - Helmi Helsingin -dokumenttielokuvan n\u00e4yt\u00f6s - Teehelmi.fi - Teet sinun herkutteluhetkiisi","robots":{"index":"index","follow":"follow","max-snippet":"max-snippet:-1","max-image-preview":"max-image-preview:large","max-video-preview":"max-video-preview:-1"},"canonical":"https:\/\/www.teehelmi.fi\/en\/kauppa\/cajsa-helmi-helsingin-dokumenttielokuvan-naytos\/","og_locale":"en_US","og_type":"article","og_title":"Cajsa - Helmi Helsingin -dokumenttielokuvan n\u00e4yt\u00f6s - Teehelmi.fi - Teet sinun herkutteluhetkiisi","og_description":"Valitse n\u00e4yt\u00f6sp\u00e4iv\u00e4  Valitse henkil\u00f6m\u00e4\u00e4r\u00e4  Paina ostoskoriin  Tilausvahvistus toimii p\u00e4\u00e4sylippuna, jonka voi n\u00e4ytt\u00e4\u00e4 saapuessa sis\u00e4\u00e4ntulossa esimerkiksi n\u00e4yt\u00f6lt\u00e4 tai tulostetulta paperilta","og_url":"https:\/\/www.teehelmi.fi\/en\/kauppa\/cajsa-helmi-helsingin-dokumenttielokuvan-naytos\/","og_site_name":"Teehelmi.fi","article_publisher":"https:\/\/www.facebook.com\/TeeHelmi.Fi","article_modified_time":"2025-10-01T11:40:11+00:00","og_image":[{"width":1080,"height":1080,"url":"https:\/\/assets.teehelmi.fi\/2025\/04\/Nimeton-1.jpg","type":"image\/jpeg"}],"twitter_card":"summary_large_image","twitter_misc":{"Est. reading time":"1 minute"},"schema":{"@context":"https:\/\/schema.org","@graph":[{"@type":"WebPage","@id":"https:\/\/www.teehelmi.fi\/en\/kauppa\/cajsa-helmi-helsingin-dokumenttielokuvan-naytos\/","url":"https:\/\/www.teehelmi.fi\/en\/kauppa\/cajsa-helmi-helsingin-dokumenttielokuvan-naytos\/","name":"Cajsa - Helmi Helsingin -dokumenttielokuvan n\u00e4yt\u00f6s - Teehelmi.fi - Teet sinun herkutteluhetkiisi","isPartOf":{"@id":"https:\/\/www.teehelmi.fi\/en\/#website"},"primaryImageOfPage":{"@id":"https:\/\/www.teehelmi.fi\/en\/kauppa\/cajsa-helmi-helsingin-dokumenttielokuvan-naytos\/#primaryimage"},"image":{"@id":"https:\/\/www.teehelmi.fi\/en\/kauppa\/cajsa-helmi-helsingin-dokumenttielokuvan-naytos\/#primaryimage"},"thumbnailUrl":"https:\/\/assets.teehelmi.fi\/2025\/04\/Nimeton-1.jpg","datePublished":"2025-04-23T15:48:59+00:00","dateModified":"2025-10-01T11:40:11+00:00","breadcrumb":{"@id":"https:\/\/www.teehelmi.fi\/en\/kauppa\/cajsa-helmi-helsingin-dokumenttielokuvan-naytos\/#breadcrumb"},"inLanguage":"en-US","potentialAction":[{"@type":"ReadAction","target":["https:\/\/www.teehelmi.fi\/en\/kauppa\/cajsa-helmi-helsingin-dokumenttielokuvan-naytos\/"]}]},{"@type":"ImageObject","inLanguage":"en-US","@id":"https:\/\/www.teehelmi.fi\/en\/kauppa\/cajsa-helmi-helsingin-dokumenttielokuvan-naytos\/#primaryimage","url":"https:\/\/assets.teehelmi.fi\/2025\/04\/Nimeton-1.jpg","contentUrl":"https:\/\/assets.teehelmi.fi\/2025\/04\/Nimeton-1.jpg","width":1080,"height":1080},{"@type":"BreadcrumbList","@id":"https:\/\/www.teehelmi.fi\/en\/kauppa\/cajsa-helmi-helsingin-dokumenttielokuvan-naytos\/#breadcrumb","itemListElement":[{"@type":"ListItem","position":1,"name":"Etusivu","item":"https:\/\/www.teehelmi.fi\/en\/teehelmi-fi-delicious-moments-since-1983\/"},{"@type":"ListItem","position":2,"name":"Kauppa","item":"https:\/\/www.teehelmi.fi\/kauppa\/"},{"@type":"ListItem","position":3,"name":"Cajsa &#8211; Helmi Helsingin -dokumenttielokuvan n\u00e4yt\u00f6s"}]},{"@type":"WebSite","@id":"https:\/\/www.teehelmi.fi\/en\/#website","url":"https:\/\/www.teehelmi.fi\/en\/","name":"Teehelmi.fi","description":"Herkutteluhetki\u00e4 sinulle historian keskell\u00e4, vuodesta 1983.","publisher":{"@id":"https:\/\/www.teehelmi.fi\/en\/#organization"},"potentialAction":[{"@type":"SearchAction","target":{"@type":"EntryPoint","urlTemplate":"https:\/\/www.teehelmi.fi\/en\/?s={search_term_string}"},"query-input":{"@type":"PropertyValueSpecification","valueRequired":true,"valueName":"search_term_string"}}],"inLanguage":"en-US"},{"@type":"Organization","@id":"https:\/\/www.teehelmi.fi\/en\/#organization","name":"Teehelmi","alternateName":"Tee- ja Kahvihuone Helmi Oy","url":"https:\/\/www.teehelmi.fi\/en\/","logo":{"@type":"ImageObject","inLanguage":"en-US","@id":"https:\/\/www.teehelmi.fi\/en\/#\/schema\/logo\/image\/","url":"https:\/\/assets.teehelmi.fi\/2023\/11\/teehelmi-logo-scaled.webp","contentUrl":"https:\/\/assets.teehelmi.fi\/2023\/11\/teehelmi-logo-scaled.webp","width":2560,"height":2358,"caption":"Teehelmi"},"image":{"@id":"https:\/\/www.teehelmi.fi\/en\/#\/schema\/logo\/image\/"},"sameAs":["https:\/\/www.facebook.com\/TeeHelmi.Fi"]}]}},"_links":{"self":[{"href":"https:\/\/www.teehelmi.fi\/en\/wp-json\/wp\/v2\/product\/31804","targetHints":{"allow":["GET"]}}],"collection":[{"href":"https:\/\/www.teehelmi.fi\/en\/wp-json\/wp\/v2\/product"}],"about":[{"href":"https:\/\/www.teehelmi.fi\/en\/wp-json\/wp\/v2\/types\/product"}],"version-history":[{"count":0,"href":"https:\/\/www.teehelmi.fi\/en\/wp-json\/wp\/v2\/product\/31804\/revisions"}],"wp:featuredmedia":[{"embeddable":true,"href":"https:\/\/www.teehelmi.fi\/en\/wp-json\/wp\/v2\/media\/31881"}],"wp:attachment":[{"href":"https:\/\/www.teehelmi.fi\/en\/wp-json\/wp\/v2\/media?parent=31804"}],"wp:term":[{"taxonomy":"product_brand","embeddable":true,"href":"https:\/\/www.teehelmi.fi\/en\/wp-json\/wp\/v2\/product_brand?post=31804"},{"taxonomy":"product_cat","embeddable":true,"href":"https:\/\/www.teehelmi.fi\/en\/wp-json\/wp\/v2\/product_cat?post=31804"},{"taxonomy":"product_tag","embeddable":true,"href":"https:\/\/www.teehelmi.fi\/en\/wp-json\/wp\/v2\/product_tag?post=31804"}],"curies":[{"name":"wp","href":"https:\/\/api.w.org\/{rel}","templated":true}]}}