{"id":31878,"date":"2025-04-23T17:49:47","date_gmt":"2025-04-23T15:49:47","guid":{"rendered":"https:\/\/www1.teehelmi.fi\/?post_type=product&#038;p=31878"},"modified":"2025-04-23T17:50:15","modified_gmt":"2025-04-23T15:50:15","slug":"darjeeling-soom-ftgfop1-first-flush-luomu","status":"publish","type":"product","link":"https:\/\/www.teehelmi.fi\/en\/kauppa\/darjeeling-soom-ftgfop1-first-flush-luomu\/","title":{"rendered":"Darjeeling Soom FTGFOP1 First Flush luomu"},"content":{"rendered":"<p><strong>Soom FTGFOP1 First Flush &#8211; Musta, Intia, Darjeeling, luomu<br \/>\n<\/strong><strong>Vihanneksinen &amp; Makea<\/strong><\/p>\n<p>T\u00e4m\u00e4 my\u00f6h\u00e4isemm\u00e4n ensisadon Darjeeling tee on poimittu korkealla kasvaneiden kiinalaisen lajikkeen teepuiden lehdist\u00e4. Soomin teeplantaasi on yli 120 vuotta vanha ja vuorenhuipuilta katsottuna muistuttaa Y-kirjainta muodoltaan. \u00a0T\u00e4m\u00e4 yhdistelm\u00e4 takaa sen, ett\u00e4 tee on korkealaatuinen, pehme\u00e4 juoma. Haudutettu liemi on v\u00e4rilt\u00e4\u00e4n kirkkaan kuparista, jopa oranssista. Ensimaussa tulee suuhun vihanneksisuus ja mineraalisuus, joka loppua kohden py\u00f6ristyy makeuteen ja keve\u00e4\u00e4n kukkaisuuteen. Pitk\u00e4 py\u00f6re\u00e4 j\u00e4lkimaku hivelee suuta.<\/p>\n<p>Haudutusohje: 2 tlk\/kuppi, 3-4 min, 1 haudutuskerta. Vertailuhinta 168,00e\/kg &#8211; kuppi (3g) 0,51e<\/p>\n<div class=\"col-sm-7 col-lg-8 product-title\"><\/div>\n","protected":false},"excerpt":{"rendered":"<p><strong>Soom FTGFOP1 First Flush &#8211; Musta, Intia, Darjeeling, luomu<br \/>\n<\/strong><strong>Vihanneksinen &amp; Makea<\/strong><\/p>\n","protected":false},"featured_media":31888,"template":"","meta":[],"product_brand":[],"product_cat":[251,247,246,236],"product_tag":[93,96,44],"class_list":{"0":"post-31878","1":"product","2":"type-product","3":"status-publish","4":"has-post-thumbnail","6":"product_cat-intia-makuja-maailmalta","7":"product_cat-makuja-maailmalta","8":"product_cat-maustamaton-musta-tee","9":"product_cat-musta-tee","10":"product_tag-intialainen-musta-tee","11":"product_tag-musta-luomutee","12":"product_tag-musta-tee","13":"pa_paino-100g","14":"pa_paino-150g","15":"pa_paino-200g","16":"pa_paino-25g","17":"pa_paino-50g","18":"description-off","20":"first","21":"instock","22":"taxable","23":"shipping-taxable","24":"purchasable","25":"product-type-variable"},"exclude_global_add_ons":[],"addons":[],"yoast_head":"<!-- This site is optimized with the Yoast SEO plugin v27.2 - https:\/\/yoast.com\/product\/yoast-seo-wordpress\/ -->\n<title>Darjeeling Soom FTGFOP1 First Flush luomu - Teehelmi.fi - Teet sinun herkutteluhetkiisi<\/title>\n<meta name=\"robots\" content=\"index, follow, max-snippet:-1, max-image-preview:large, max-video-preview:-1\" \/>\n<link rel=\"canonical\" href=\"https:\/\/www.teehelmi.fi\/en\/kauppa\/darjeeling-soom-ftgfop1-first-flush-luomu\/\" \/>\n<meta property=\"og:locale\" content=\"en_US\" \/>\n<meta property=\"og:type\" content=\"article\" \/>\n<meta property=\"og:title\" content=\"Darjeeling Soom FTGFOP1 First Flush luomu - Teehelmi.fi - Teet sinun herkutteluhetkiisi\" \/>\n<meta property=\"og:description\" content=\"Soom FTGFOP1 First Flush - Musta, Intia, Darjeeling, luomu Vihanneksinen &amp; Makea\" \/>\n<meta property=\"og:url\" content=\"https:\/\/www.teehelmi.fi\/en\/kauppa\/darjeeling-soom-ftgfop1-first-flush-luomu\/\" \/>\n<meta property=\"og:site_name\" content=\"Teehelmi.fi\" \/>\n<meta property=\"article:publisher\" content=\"https:\/\/www.facebook.com\/TeeHelmi.Fi\" \/>\n<meta property=\"article:modified_time\" content=\"2025-04-23T15:50:15+00:00\" \/>\n<meta property=\"og:image\" content=\"https:\/\/assets.teehelmi.fi\/2025\/04\/20250402_172125.jpg\" \/>\n\t<meta property=\"og:image:width\" content=\"1375\" \/>\n\t<meta property=\"og:image:height\" content=\"1375\" \/>\n\t<meta property=\"og:image:type\" content=\"image\/jpeg\" \/>\n<meta name=\"twitter:card\" content=\"summary_large_image\" \/>\n<meta name=\"twitter:label1\" content=\"Est. reading time\" \/>\n\t<meta name=\"twitter:data1\" content=\"1 minute\" \/>\n<script type=\"application\/ld+json\" class=\"yoast-schema-graph\">{\"@context\":\"https:\/\/schema.org\",\"@graph\":[{\"@type\":\"WebPage\",\"@id\":\"https:\/\/www.teehelmi.fi\/en\/kauppa\/darjeeling-soom-ftgfop1-first-flush-luomu\/\",\"url\":\"https:\/\/www.teehelmi.fi\/en\/kauppa\/darjeeling-soom-ftgfop1-first-flush-luomu\/\",\"name\":\"Darjeeling Soom FTGFOP1 First Flush luomu - Teehelmi.fi - Teet sinun herkutteluhetkiisi\",\"isPartOf\":{\"@id\":\"https:\/\/www.teehelmi.fi\/en\/#website\"},\"primaryImageOfPage\":{\"@id\":\"https:\/\/www.teehelmi.fi\/en\/kauppa\/darjeeling-soom-ftgfop1-first-flush-luomu\/#primaryimage\"},\"image\":{\"@id\":\"https:\/\/www.teehelmi.fi\/en\/kauppa\/darjeeling-soom-ftgfop1-first-flush-luomu\/#primaryimage\"},\"thumbnailUrl\":\"https:\/\/assets.teehelmi.fi\/2025\/04\/20250402_172125.jpg\",\"datePublished\":\"2025-04-23T15:49:47+00:00\",\"dateModified\":\"2025-04-23T15:50:15+00:00\",\"breadcrumb\":{\"@id\":\"https:\/\/www.teehelmi.fi\/en\/kauppa\/darjeeling-soom-ftgfop1-first-flush-luomu\/#breadcrumb\"},\"inLanguage\":\"en-US\",\"potentialAction\":[{\"@type\":\"ReadAction\",\"target\":[\"https:\/\/www.teehelmi.fi\/en\/kauppa\/darjeeling-soom-ftgfop1-first-flush-luomu\/\"]}]},{\"@type\":\"ImageObject\",\"inLanguage\":\"en-US\",\"@id\":\"https:\/\/www.teehelmi.fi\/en\/kauppa\/darjeeling-soom-ftgfop1-first-flush-luomu\/#primaryimage\",\"url\":\"https:\/\/assets.teehelmi.fi\/2025\/04\/20250402_172125.jpg\",\"contentUrl\":\"https:\/\/assets.teehelmi.fi\/2025\/04\/20250402_172125.jpg\",\"width\":1375,\"height\":1375},{\"@type\":\"BreadcrumbList\",\"@id\":\"https:\/\/www.teehelmi.fi\/en\/kauppa\/darjeeling-soom-ftgfop1-first-flush-luomu\/#breadcrumb\",\"itemListElement\":[{\"@type\":\"ListItem\",\"position\":1,\"name\":\"Etusivu\",\"item\":\"https:\/\/www.teehelmi.fi\/en\/teehelmi-fi-delicious-moments-since-1983\/\"},{\"@type\":\"ListItem\",\"position\":2,\"name\":\"Kauppa\",\"item\":\"https:\/\/www.teehelmi.fi\/kauppa\/\"},{\"@type\":\"ListItem\",\"position\":3,\"name\":\"Darjeeling Soom FTGFOP1 First Flush luomu\"}]},{\"@type\":\"WebSite\",\"@id\":\"https:\/\/www.teehelmi.fi\/en\/#website\",\"url\":\"https:\/\/www.teehelmi.fi\/en\/\",\"name\":\"Teehelmi.fi\",\"description\":\"Herkutteluhetki\u00e4 sinulle historian keskell\u00e4, vuodesta 1983.\",\"publisher\":{\"@id\":\"https:\/\/www.teehelmi.fi\/en\/#organization\"},\"potentialAction\":[{\"@type\":\"SearchAction\",\"target\":{\"@type\":\"EntryPoint\",\"urlTemplate\":\"https:\/\/www.teehelmi.fi\/en\/?s={search_term_string}\"},\"query-input\":{\"@type\":\"PropertyValueSpecification\",\"valueRequired\":true,\"valueName\":\"search_term_string\"}}],\"inLanguage\":\"en-US\"},{\"@type\":\"Organization\",\"@id\":\"https:\/\/www.teehelmi.fi\/en\/#organization\",\"name\":\"Teehelmi\",\"alternateName\":\"Tee- ja Kahvihuone Helmi Oy\",\"url\":\"https:\/\/www.teehelmi.fi\/en\/\",\"logo\":{\"@type\":\"ImageObject\",\"inLanguage\":\"en-US\",\"@id\":\"https:\/\/www.teehelmi.fi\/en\/#\/schema\/logo\/image\/\",\"url\":\"https:\/\/assets.teehelmi.fi\/2023\/11\/teehelmi-logo-scaled.webp\",\"contentUrl\":\"https:\/\/assets.teehelmi.fi\/2023\/11\/teehelmi-logo-scaled.webp\",\"width\":2560,\"height\":2358,\"caption\":\"Teehelmi\"},\"image\":{\"@id\":\"https:\/\/www.teehelmi.fi\/en\/#\/schema\/logo\/image\/\"},\"sameAs\":[\"https:\/\/www.facebook.com\/TeeHelmi.Fi\"]}]}<\/script>\n<!-- \/ Yoast SEO plugin. -->","yoast_head_json":{"title":"Darjeeling Soom FTGFOP1 First Flush luomu - Teehelmi.fi - Teet sinun herkutteluhetkiisi","robots":{"index":"index","follow":"follow","max-snippet":"max-snippet:-1","max-image-preview":"max-image-preview:large","max-video-preview":"max-video-preview:-1"},"canonical":"https:\/\/www.teehelmi.fi\/en\/kauppa\/darjeeling-soom-ftgfop1-first-flush-luomu\/","og_locale":"en_US","og_type":"article","og_title":"Darjeeling Soom FTGFOP1 First Flush luomu - Teehelmi.fi - Teet sinun herkutteluhetkiisi","og_description":"Soom FTGFOP1 First Flush - Musta, Intia, Darjeeling, luomu Vihanneksinen &amp; Makea","og_url":"https:\/\/www.teehelmi.fi\/en\/kauppa\/darjeeling-soom-ftgfop1-first-flush-luomu\/","og_site_name":"Teehelmi.fi","article_publisher":"https:\/\/www.facebook.com\/TeeHelmi.Fi","article_modified_time":"2025-04-23T15:50:15+00:00","og_image":[{"width":1375,"height":1375,"url":"https:\/\/assets.teehelmi.fi\/2025\/04\/20250402_172125.jpg","type":"image\/jpeg"}],"twitter_card":"summary_large_image","twitter_misc":{"Est. reading time":"1 minute"},"schema":{"@context":"https:\/\/schema.org","@graph":[{"@type":"WebPage","@id":"https:\/\/www.teehelmi.fi\/en\/kauppa\/darjeeling-soom-ftgfop1-first-flush-luomu\/","url":"https:\/\/www.teehelmi.fi\/en\/kauppa\/darjeeling-soom-ftgfop1-first-flush-luomu\/","name":"Darjeeling Soom FTGFOP1 First Flush luomu - Teehelmi.fi - Teet sinun herkutteluhetkiisi","isPartOf":{"@id":"https:\/\/www.teehelmi.fi\/en\/#website"},"primaryImageOfPage":{"@id":"https:\/\/www.teehelmi.fi\/en\/kauppa\/darjeeling-soom-ftgfop1-first-flush-luomu\/#primaryimage"},"image":{"@id":"https:\/\/www.teehelmi.fi\/en\/kauppa\/darjeeling-soom-ftgfop1-first-flush-luomu\/#primaryimage"},"thumbnailUrl":"https:\/\/assets.teehelmi.fi\/2025\/04\/20250402_172125.jpg","datePublished":"2025-04-23T15:49:47+00:00","dateModified":"2025-04-23T15:50:15+00:00","breadcrumb":{"@id":"https:\/\/www.teehelmi.fi\/en\/kauppa\/darjeeling-soom-ftgfop1-first-flush-luomu\/#breadcrumb"},"inLanguage":"en-US","potentialAction":[{"@type":"ReadAction","target":["https:\/\/www.teehelmi.fi\/en\/kauppa\/darjeeling-soom-ftgfop1-first-flush-luomu\/"]}]},{"@type":"ImageObject","inLanguage":"en-US","@id":"https:\/\/www.teehelmi.fi\/en\/kauppa\/darjeeling-soom-ftgfop1-first-flush-luomu\/#primaryimage","url":"https:\/\/assets.teehelmi.fi\/2025\/04\/20250402_172125.jpg","contentUrl":"https:\/\/assets.teehelmi.fi\/2025\/04\/20250402_172125.jpg","width":1375,"height":1375},{"@type":"BreadcrumbList","@id":"https:\/\/www.teehelmi.fi\/en\/kauppa\/darjeeling-soom-ftgfop1-first-flush-luomu\/#breadcrumb","itemListElement":[{"@type":"ListItem","position":1,"name":"Etusivu","item":"https:\/\/www.teehelmi.fi\/en\/teehelmi-fi-delicious-moments-since-1983\/"},{"@type":"ListItem","position":2,"name":"Kauppa","item":"https:\/\/www.teehelmi.fi\/kauppa\/"},{"@type":"ListItem","position":3,"name":"Darjeeling Soom FTGFOP1 First Flush luomu"}]},{"@type":"WebSite","@id":"https:\/\/www.teehelmi.fi\/en\/#website","url":"https:\/\/www.teehelmi.fi\/en\/","name":"Teehelmi.fi","description":"Herkutteluhetki\u00e4 sinulle historian keskell\u00e4, vuodesta 1983.","publisher":{"@id":"https:\/\/www.teehelmi.fi\/en\/#organization"},"potentialAction":[{"@type":"SearchAction","target":{"@type":"EntryPoint","urlTemplate":"https:\/\/www.teehelmi.fi\/en\/?s={search_term_string}"},"query-input":{"@type":"PropertyValueSpecification","valueRequired":true,"valueName":"search_term_string"}}],"inLanguage":"en-US"},{"@type":"Organization","@id":"https:\/\/www.teehelmi.fi\/en\/#organization","name":"Teehelmi","alternateName":"Tee- ja Kahvihuone Helmi Oy","url":"https:\/\/www.teehelmi.fi\/en\/","logo":{"@type":"ImageObject","inLanguage":"en-US","@id":"https:\/\/www.teehelmi.fi\/en\/#\/schema\/logo\/image\/","url":"https:\/\/assets.teehelmi.fi\/2023\/11\/teehelmi-logo-scaled.webp","contentUrl":"https:\/\/assets.teehelmi.fi\/2023\/11\/teehelmi-logo-scaled.webp","width":2560,"height":2358,"caption":"Teehelmi"},"image":{"@id":"https:\/\/www.teehelmi.fi\/en\/#\/schema\/logo\/image\/"},"sameAs":["https:\/\/www.facebook.com\/TeeHelmi.Fi"]}]}},"_links":{"self":[{"href":"https:\/\/www.teehelmi.fi\/en\/wp-json\/wp\/v2\/product\/31878","targetHints":{"allow":["GET"]}}],"collection":[{"href":"https:\/\/www.teehelmi.fi\/en\/wp-json\/wp\/v2\/product"}],"about":[{"href":"https:\/\/www.teehelmi.fi\/en\/wp-json\/wp\/v2\/types\/product"}],"version-history":[{"count":0,"href":"https:\/\/www.teehelmi.fi\/en\/wp-json\/wp\/v2\/product\/31878\/revisions"}],"wp:featuredmedia":[{"embeddable":true,"href":"https:\/\/www.teehelmi.fi\/en\/wp-json\/wp\/v2\/media\/31888"}],"wp:attachment":[{"href":"https:\/\/www.teehelmi.fi\/en\/wp-json\/wp\/v2\/media?parent=31878"}],"wp:term":[{"taxonomy":"product_brand","embeddable":true,"href":"https:\/\/www.teehelmi.fi\/en\/wp-json\/wp\/v2\/product_brand?post=31878"},{"taxonomy":"product_cat","embeddable":true,"href":"https:\/\/www.teehelmi.fi\/en\/wp-json\/wp\/v2\/product_cat?post=31878"},{"taxonomy":"product_tag","embeddable":true,"href":"https:\/\/www.teehelmi.fi\/en\/wp-json\/wp\/v2\/product_tag?post=31878"}],"curies":[{"name":"wp","href":"https:\/\/api.w.org\/{rel}","templated":true}]}}