{"id":33542,"date":"2025-06-18T14:26:33","date_gmt":"2025-06-18T11:26:33","guid":{"rendered":"https:\/\/www.teehelmi.fi\/?post_type=product&#038;p=33542"},"modified":"2025-06-18T14:30:26","modified_gmt":"2025-06-18T11:30:26","slug":"darjeeling-ftgfop1-arya-dj1-25","status":"publish","type":"product","link":"https:\/\/www.teehelmi.fi\/en\/kauppa\/darjeeling-ftgfop1-arya-dj1-25\/","title":{"rendered":"Darjeeling FTGFOP1 Arya DJ1\/25"},"content":{"rendered":"<p data-start=\"92\" data-end=\"185\"><strong data-start=\"92\" data-end=\"161\">Darjeeling FTGFOP1 Arya DJ1\/25 \u2013 Musta, Intia, Darjeeling (luomu)<\/strong><br data-start=\"161\" data-end=\"164\" \/><strong>Elegantti &amp; kukkainen<\/strong><\/p>\n<p data-start=\"187\" data-end=\"664\">Arya DJ1\/25 on kev\u00e4\u00e4n ensimm\u00e4inen poiminta Darjeelingin luomutilalta. T\u00e4m\u00e4 harvinainen FTGFOP1-laatu on k\u00e4sinpoimittu Himalajan rinteilt\u00e4 ja edustaa Darjeelingin hienoimpia makuja. Maultaan tee on kukkainen, kevyen muskottinen ja mineraalinen \u2013 raikas ja moniulotteinen kokonaisuus. Se sopii erityisesti herkkiin hetkiin, jolloin arvostat hienostunutta, mutta vivahteikasta luonnetta. J\u00e4lkimaku on eritt\u00e4in pitk\u00e4, kuiva ja kirkas. Haudutus on kullankeltainen \u2013 puhdas ja hele\u00e4.<\/p>\n<p data-start=\"666\" data-end=\"830\"><strong data-start=\"666\" data-end=\"683\">Haudutusohje:<\/strong> 2 tlk\/kuppi, 85\u201390\u202f\u00b0C vesi, 2\u20133 min, 1\u20132 haudutuskertaa<br data-start=\"739\" data-end=\"742\" \/><strong data-start=\"742\" data-end=\"760\">Vertailuhinta:<\/strong> 328,00\u202f\u20ac\/kg \u2013 kuppi (3\u202fg) 0,98\u202f\u20ac<br data-start=\"793\" data-end=\"796\" \/><strong data-start=\"796\" data-end=\"830\">Sertifioitu luomu \u2013 IN-BIO-147<\/strong><\/p>\n","protected":false},"excerpt":{"rendered":"<p>Elegantti &amp; kukkainen luomusertifioitu kev\u00e4t-Darjeeling<\/p>\n","protected":false},"featured_media":33544,"template":"","meta":[],"product_brand":[],"product_cat":[251,247,244,256,83,240],"product_tag":[],"class_list":{"0":"post-33542","1":"product","2":"type-product","3":"status-publish","4":"has-post-thumbnail","6":"product_cat-intia-makuja-maailmalta","7":"product_cat-makuja-maailmalta","8":"product_cat-maustamaton-tee","9":"product_cat-muut-maustamattomat-teet","10":"product_cat-tee","11":"product_cat-teekauppiaan-suositukset","12":"pa_paino-100g","13":"pa_paino-150g","14":"pa_paino-200g","15":"pa_paino-25g","16":"pa_paino-50g","17":"description-off","19":"first","20":"instock","21":"taxable","22":"shipping-taxable","23":"purchasable","24":"product-type-variable"},"exclude_global_add_ons":[],"addons":[],"yoast_head":"<!-- This site is optimized with the Yoast SEO plugin v27.2 - https:\/\/yoast.com\/product\/yoast-seo-wordpress\/ -->\n<title>Darjeeling FTGFOP1 Arya DJ1\/25 - Teehelmi.fi - Teet sinun herkutteluhetkiisi<\/title>\n<meta name=\"robots\" content=\"index, follow, max-snippet:-1, max-image-preview:large, max-video-preview:-1\" \/>\n<link rel=\"canonical\" href=\"https:\/\/www.teehelmi.fi\/en\/kauppa\/darjeeling-ftgfop1-arya-dj1-25\/\" \/>\n<meta property=\"og:locale\" content=\"en_US\" \/>\n<meta property=\"og:type\" content=\"article\" \/>\n<meta property=\"og:title\" content=\"Darjeeling FTGFOP1 Arya DJ1\/25 - Teehelmi.fi - Teet sinun herkutteluhetkiisi\" \/>\n<meta property=\"og:description\" content=\"Elegantti &amp; kukkainen luomusertifioitu kev\u00e4t-Darjeeling\" \/>\n<meta property=\"og:url\" content=\"https:\/\/www.teehelmi.fi\/en\/kauppa\/darjeeling-ftgfop1-arya-dj1-25\/\" \/>\n<meta property=\"og:site_name\" content=\"Teehelmi.fi\" \/>\n<meta property=\"article:publisher\" content=\"https:\/\/www.facebook.com\/TeeHelmi.Fi\" \/>\n<meta property=\"article:modified_time\" content=\"2025-06-18T11:30:26+00:00\" \/>\n<meta property=\"og:image\" content=\"https:\/\/assets.teehelmi.fi\/2025\/06\/20250618_1412213.jpg\" \/>\n\t<meta property=\"og:image:width\" content=\"1134\" \/>\n\t<meta property=\"og:image:height\" content=\"1134\" \/>\n\t<meta property=\"og:image:type\" content=\"image\/jpeg\" \/>\n<meta name=\"twitter:card\" content=\"summary_large_image\" \/>\n<meta name=\"twitter:label1\" content=\"Est. reading time\" \/>\n\t<meta name=\"twitter:data1\" content=\"1 minute\" \/>\n<script type=\"application\/ld+json\" class=\"yoast-schema-graph\">{\"@context\":\"https:\/\/schema.org\",\"@graph\":[{\"@type\":\"WebPage\",\"@id\":\"https:\/\/www.teehelmi.fi\/en\/kauppa\/darjeeling-ftgfop1-arya-dj1-25\/\",\"url\":\"https:\/\/www.teehelmi.fi\/en\/kauppa\/darjeeling-ftgfop1-arya-dj1-25\/\",\"name\":\"Darjeeling FTGFOP1 Arya DJ1\/25 - Teehelmi.fi - Teet sinun herkutteluhetkiisi\",\"isPartOf\":{\"@id\":\"https:\/\/www.teehelmi.fi\/en\/#website\"},\"primaryImageOfPage\":{\"@id\":\"https:\/\/www.teehelmi.fi\/en\/kauppa\/darjeeling-ftgfop1-arya-dj1-25\/#primaryimage\"},\"image\":{\"@id\":\"https:\/\/www.teehelmi.fi\/en\/kauppa\/darjeeling-ftgfop1-arya-dj1-25\/#primaryimage\"},\"thumbnailUrl\":\"https:\/\/assets.teehelmi.fi\/2025\/06\/20250618_1412213.jpg\",\"datePublished\":\"2025-06-18T11:26:33+00:00\",\"dateModified\":\"2025-06-18T11:30:26+00:00\",\"breadcrumb\":{\"@id\":\"https:\/\/www.teehelmi.fi\/en\/kauppa\/darjeeling-ftgfop1-arya-dj1-25\/#breadcrumb\"},\"inLanguage\":\"en-US\",\"potentialAction\":[{\"@type\":\"ReadAction\",\"target\":[\"https:\/\/www.teehelmi.fi\/en\/kauppa\/darjeeling-ftgfop1-arya-dj1-25\/\"]}]},{\"@type\":\"ImageObject\",\"inLanguage\":\"en-US\",\"@id\":\"https:\/\/www.teehelmi.fi\/en\/kauppa\/darjeeling-ftgfop1-arya-dj1-25\/#primaryimage\",\"url\":\"https:\/\/assets.teehelmi.fi\/2025\/06\/20250618_1412213.jpg\",\"contentUrl\":\"https:\/\/assets.teehelmi.fi\/2025\/06\/20250618_1412213.jpg\",\"width\":1134,\"height\":1134},{\"@type\":\"BreadcrumbList\",\"@id\":\"https:\/\/www.teehelmi.fi\/en\/kauppa\/darjeeling-ftgfop1-arya-dj1-25\/#breadcrumb\",\"itemListElement\":[{\"@type\":\"ListItem\",\"position\":1,\"name\":\"Etusivu\",\"item\":\"https:\/\/www.teehelmi.fi\/en\/teehelmi-fi-delicious-moments-since-1983\/\"},{\"@type\":\"ListItem\",\"position\":2,\"name\":\"Kauppa\",\"item\":\"https:\/\/www.teehelmi.fi\/kauppa\/\"},{\"@type\":\"ListItem\",\"position\":3,\"name\":\"Darjeeling FTGFOP1 Arya DJ1\/25\"}]},{\"@type\":\"WebSite\",\"@id\":\"https:\/\/www.teehelmi.fi\/en\/#website\",\"url\":\"https:\/\/www.teehelmi.fi\/en\/\",\"name\":\"Teehelmi.fi\",\"description\":\"Herkutteluhetki\u00e4 sinulle historian keskell\u00e4, vuodesta 1983.\",\"publisher\":{\"@id\":\"https:\/\/www.teehelmi.fi\/en\/#organization\"},\"potentialAction\":[{\"@type\":\"SearchAction\",\"target\":{\"@type\":\"EntryPoint\",\"urlTemplate\":\"https:\/\/www.teehelmi.fi\/en\/?s={search_term_string}\"},\"query-input\":{\"@type\":\"PropertyValueSpecification\",\"valueRequired\":true,\"valueName\":\"search_term_string\"}}],\"inLanguage\":\"en-US\"},{\"@type\":\"Organization\",\"@id\":\"https:\/\/www.teehelmi.fi\/en\/#organization\",\"name\":\"Teehelmi\",\"alternateName\":\"Tee- ja Kahvihuone Helmi Oy\",\"url\":\"https:\/\/www.teehelmi.fi\/en\/\",\"logo\":{\"@type\":\"ImageObject\",\"inLanguage\":\"en-US\",\"@id\":\"https:\/\/www.teehelmi.fi\/en\/#\/schema\/logo\/image\/\",\"url\":\"https:\/\/assets.teehelmi.fi\/2023\/11\/teehelmi-logo-scaled.webp\",\"contentUrl\":\"https:\/\/assets.teehelmi.fi\/2023\/11\/teehelmi-logo-scaled.webp\",\"width\":2560,\"height\":2358,\"caption\":\"Teehelmi\"},\"image\":{\"@id\":\"https:\/\/www.teehelmi.fi\/en\/#\/schema\/logo\/image\/\"},\"sameAs\":[\"https:\/\/www.facebook.com\/TeeHelmi.Fi\"]}]}<\/script>\n<!-- \/ Yoast SEO plugin. -->","yoast_head_json":{"title":"Darjeeling FTGFOP1 Arya DJ1\/25 - Teehelmi.fi - Teet sinun herkutteluhetkiisi","robots":{"index":"index","follow":"follow","max-snippet":"max-snippet:-1","max-image-preview":"max-image-preview:large","max-video-preview":"max-video-preview:-1"},"canonical":"https:\/\/www.teehelmi.fi\/en\/kauppa\/darjeeling-ftgfop1-arya-dj1-25\/","og_locale":"en_US","og_type":"article","og_title":"Darjeeling FTGFOP1 Arya DJ1\/25 - Teehelmi.fi - Teet sinun herkutteluhetkiisi","og_description":"Elegantti &amp; kukkainen luomusertifioitu kev\u00e4t-Darjeeling","og_url":"https:\/\/www.teehelmi.fi\/en\/kauppa\/darjeeling-ftgfop1-arya-dj1-25\/","og_site_name":"Teehelmi.fi","article_publisher":"https:\/\/www.facebook.com\/TeeHelmi.Fi","article_modified_time":"2025-06-18T11:30:26+00:00","og_image":[{"width":1134,"height":1134,"url":"https:\/\/assets.teehelmi.fi\/2025\/06\/20250618_1412213.jpg","type":"image\/jpeg"}],"twitter_card":"summary_large_image","twitter_misc":{"Est. reading time":"1 minute"},"schema":{"@context":"https:\/\/schema.org","@graph":[{"@type":"WebPage","@id":"https:\/\/www.teehelmi.fi\/en\/kauppa\/darjeeling-ftgfop1-arya-dj1-25\/","url":"https:\/\/www.teehelmi.fi\/en\/kauppa\/darjeeling-ftgfop1-arya-dj1-25\/","name":"Darjeeling FTGFOP1 Arya DJ1\/25 - Teehelmi.fi - Teet sinun herkutteluhetkiisi","isPartOf":{"@id":"https:\/\/www.teehelmi.fi\/en\/#website"},"primaryImageOfPage":{"@id":"https:\/\/www.teehelmi.fi\/en\/kauppa\/darjeeling-ftgfop1-arya-dj1-25\/#primaryimage"},"image":{"@id":"https:\/\/www.teehelmi.fi\/en\/kauppa\/darjeeling-ftgfop1-arya-dj1-25\/#primaryimage"},"thumbnailUrl":"https:\/\/assets.teehelmi.fi\/2025\/06\/20250618_1412213.jpg","datePublished":"2025-06-18T11:26:33+00:00","dateModified":"2025-06-18T11:30:26+00:00","breadcrumb":{"@id":"https:\/\/www.teehelmi.fi\/en\/kauppa\/darjeeling-ftgfop1-arya-dj1-25\/#breadcrumb"},"inLanguage":"en-US","potentialAction":[{"@type":"ReadAction","target":["https:\/\/www.teehelmi.fi\/en\/kauppa\/darjeeling-ftgfop1-arya-dj1-25\/"]}]},{"@type":"ImageObject","inLanguage":"en-US","@id":"https:\/\/www.teehelmi.fi\/en\/kauppa\/darjeeling-ftgfop1-arya-dj1-25\/#primaryimage","url":"https:\/\/assets.teehelmi.fi\/2025\/06\/20250618_1412213.jpg","contentUrl":"https:\/\/assets.teehelmi.fi\/2025\/06\/20250618_1412213.jpg","width":1134,"height":1134},{"@type":"BreadcrumbList","@id":"https:\/\/www.teehelmi.fi\/en\/kauppa\/darjeeling-ftgfop1-arya-dj1-25\/#breadcrumb","itemListElement":[{"@type":"ListItem","position":1,"name":"Etusivu","item":"https:\/\/www.teehelmi.fi\/en\/teehelmi-fi-delicious-moments-since-1983\/"},{"@type":"ListItem","position":2,"name":"Kauppa","item":"https:\/\/www.teehelmi.fi\/kauppa\/"},{"@type":"ListItem","position":3,"name":"Darjeeling FTGFOP1 Arya DJ1\/25"}]},{"@type":"WebSite","@id":"https:\/\/www.teehelmi.fi\/en\/#website","url":"https:\/\/www.teehelmi.fi\/en\/","name":"Teehelmi.fi","description":"Herkutteluhetki\u00e4 sinulle historian keskell\u00e4, vuodesta 1983.","publisher":{"@id":"https:\/\/www.teehelmi.fi\/en\/#organization"},"potentialAction":[{"@type":"SearchAction","target":{"@type":"EntryPoint","urlTemplate":"https:\/\/www.teehelmi.fi\/en\/?s={search_term_string}"},"query-input":{"@type":"PropertyValueSpecification","valueRequired":true,"valueName":"search_term_string"}}],"inLanguage":"en-US"},{"@type":"Organization","@id":"https:\/\/www.teehelmi.fi\/en\/#organization","name":"Teehelmi","alternateName":"Tee- ja Kahvihuone Helmi Oy","url":"https:\/\/www.teehelmi.fi\/en\/","logo":{"@type":"ImageObject","inLanguage":"en-US","@id":"https:\/\/www.teehelmi.fi\/en\/#\/schema\/logo\/image\/","url":"https:\/\/assets.teehelmi.fi\/2023\/11\/teehelmi-logo-scaled.webp","contentUrl":"https:\/\/assets.teehelmi.fi\/2023\/11\/teehelmi-logo-scaled.webp","width":2560,"height":2358,"caption":"Teehelmi"},"image":{"@id":"https:\/\/www.teehelmi.fi\/en\/#\/schema\/logo\/image\/"},"sameAs":["https:\/\/www.facebook.com\/TeeHelmi.Fi"]}]}},"_links":{"self":[{"href":"https:\/\/www.teehelmi.fi\/en\/wp-json\/wp\/v2\/product\/33542","targetHints":{"allow":["GET"]}}],"collection":[{"href":"https:\/\/www.teehelmi.fi\/en\/wp-json\/wp\/v2\/product"}],"about":[{"href":"https:\/\/www.teehelmi.fi\/en\/wp-json\/wp\/v2\/types\/product"}],"version-history":[{"count":0,"href":"https:\/\/www.teehelmi.fi\/en\/wp-json\/wp\/v2\/product\/33542\/revisions"}],"wp:featuredmedia":[{"embeddable":true,"href":"https:\/\/www.teehelmi.fi\/en\/wp-json\/wp\/v2\/media\/33544"}],"wp:attachment":[{"href":"https:\/\/www.teehelmi.fi\/en\/wp-json\/wp\/v2\/media?parent=33542"}],"wp:term":[{"taxonomy":"product_brand","embeddable":true,"href":"https:\/\/www.teehelmi.fi\/en\/wp-json\/wp\/v2\/product_brand?post=33542"},{"taxonomy":"product_cat","embeddable":true,"href":"https:\/\/www.teehelmi.fi\/en\/wp-json\/wp\/v2\/product_cat?post=33542"},{"taxonomy":"product_tag","embeddable":true,"href":"https:\/\/www.teehelmi.fi\/en\/wp-json\/wp\/v2\/product_tag?post=33542"}],"curies":[{"name":"wp","href":"https:\/\/api.w.org\/{rel}","templated":true}]}}