{"id":33792,"date":"2025-07-30T12:23:41","date_gmt":"2025-07-30T09:23:41","guid":{"rendered":"https:\/\/www.teehelmi.fi\/?post_type=product&#038;p=33792"},"modified":"2025-07-30T12:23:45","modified_gmt":"2025-07-30T09:23:45","slug":"wild-grusinien-op-georgia","status":"publish","type":"product","link":"https:\/\/www.teehelmi.fi\/en\/kauppa\/wild-grusinien-op-georgia\/","title":{"rendered":"Wild Grusinien OP &#8211; Georgia"},"content":{"rendered":"<p data-start=\"65\" data-end=\"128\"><strong data-start=\"65\" data-end=\"103\">Wild Grusinien OP \u2013 Musta, Georgia<\/strong><br data-start=\"103\" data-end=\"106\" \/><strong data-start=\"106\" data-end=\"128\">Pehme\u00e4 &amp; Kukkainen<\/strong><\/p>\n<p data-start=\"130\" data-end=\"510\">Wild Grusinien OP on villin\u00e4 kasvaneista teepensaista ker\u00e4tty georgialainen musta tee. Sen lehtien tuoksu on makean intensiivinen ja lupaa hienostunutta makuel\u00e4myst\u00e4. Haudutettuna tee on pehme\u00e4 ja kukkainen, ja mausta voi aistia hienovaraisen sitruksisen s\u00e4vyn. Eritt\u00e4in pitk\u00e4 j\u00e4lkimaku tekee t\u00e4st\u00e4 teest\u00e4 el\u00e4myksellisen valinnan hiljaisiin hetkiin tai arvostettuun vierashetkeen.<\/p>\n<p data-start=\"130\" data-end=\"510\">Georgialainen tee tunnetaan my\u00f6s Suomessa aikanaan neuvostoliittolaisella Gruusian tee -nimell\u00e4. Georgiassa tuotanto on hyvin pient\u00e4 nykyp\u00e4iv\u00e4n\u00e4 ja kasvualueet ovat l\u00e4hell\u00e4 Turkin rajaa.<\/p>\n<p data-start=\"512\" data-end=\"613\"><strong data-start=\"512\" data-end=\"529\">Haudutusohje:<\/strong><br data-start=\"529\" data-end=\"532\" \/>2 tlk\/kuppi, 95\u202f\u00b0C vesi, 3 min, 1 haudutuskerta.<br data-start=\"580\" data-end=\"583\" \/><strong data-start=\"583\" data-end=\"601\">Vertailuhinta:<\/strong> 158,00\u202f\u20ac\/kg (kuppi 3g 0,48e)<\/p>\n","protected":false},"excerpt":{"rendered":"<p><strong data-start=\"106\" data-end=\"128\">Pehme\u00e4 &amp; Kukkainen<\/strong><\/p>\n","protected":false},"featured_media":33793,"template":"","meta":[],"product_brand":[],"product_cat":[247,246,244,236,248,256,83],"product_tag":[97,39,44],"class_list":{"0":"post-33792","1":"product","2":"type-product","3":"status-publish","4":"has-post-thumbnail","6":"product_cat-makuja-maailmalta","7":"product_cat-maustamaton-musta-tee","8":"product_cat-maustamaton-tee","9":"product_cat-musta-tee","10":"product_cat-muut-maat-makuja-maailmalta","11":"product_cat-muut-maustamattomat-teet","12":"product_cat-tee","13":"product_tag-georgialainen-musta-tee","14":"product_tag-irtotee","15":"product_tag-musta-tee","16":"pa_paino-100g","17":"pa_paino-150g","18":"pa_paino-200g","19":"pa_paino-25g","20":"pa_paino-50g","22":"first","23":"instock","24":"taxable","25":"shipping-taxable","26":"purchasable","27":"product-type-variable"},"exclude_global_add_ons":[],"addons":[],"yoast_head":"<!-- This site is optimized with the Yoast SEO plugin v27.2 - https:\/\/yoast.com\/product\/yoast-seo-wordpress\/ -->\n<title>Wild Grusinien OP - Georgia - Teehelmi.fi - Teet sinun herkutteluhetkiisi<\/title>\n<meta name=\"robots\" content=\"index, follow, max-snippet:-1, max-image-preview:large, max-video-preview:-1\" \/>\n<link rel=\"canonical\" href=\"https:\/\/www.teehelmi.fi\/en\/kauppa\/wild-grusinien-op-georgia\/\" \/>\n<meta property=\"og:locale\" content=\"en_US\" \/>\n<meta property=\"og:type\" content=\"article\" \/>\n<meta property=\"og:title\" content=\"Wild Grusinien OP - Georgia - Teehelmi.fi - Teet sinun herkutteluhetkiisi\" \/>\n<meta property=\"og:description\" content=\"Pehme\u00e4 &amp; Kukkainen\" \/>\n<meta property=\"og:url\" content=\"https:\/\/www.teehelmi.fi\/en\/kauppa\/wild-grusinien-op-georgia\/\" \/>\n<meta property=\"og:site_name\" content=\"Teehelmi.fi\" \/>\n<meta property=\"article:publisher\" content=\"https:\/\/www.facebook.com\/TeeHelmi.Fi\" \/>\n<meta property=\"article:modified_time\" content=\"2025-07-30T09:23:45+00:00\" \/>\n<meta property=\"og:image\" content=\"https:\/\/assets.teehelmi.fi\/2025\/07\/20250730_120113.webp\" \/>\n\t<meta property=\"og:image:width\" content=\"1743\" \/>\n\t<meta property=\"og:image:height\" content=\"1743\" \/>\n\t<meta property=\"og:image:type\" content=\"image\/jpeg\" \/>\n<meta name=\"twitter:card\" content=\"summary_large_image\" \/>\n<meta name=\"twitter:label1\" content=\"Est. reading time\" \/>\n\t<meta name=\"twitter:data1\" content=\"1 minute\" \/>\n<script type=\"application\/ld+json\" class=\"yoast-schema-graph\">{\"@context\":\"https:\/\/schema.org\",\"@graph\":[{\"@type\":\"WebPage\",\"@id\":\"https:\/\/www.teehelmi.fi\/en\/kauppa\/wild-grusinien-op-georgia\/\",\"url\":\"https:\/\/www.teehelmi.fi\/en\/kauppa\/wild-grusinien-op-georgia\/\",\"name\":\"Wild Grusinien OP - Georgia - Teehelmi.fi - Teet sinun herkutteluhetkiisi\",\"isPartOf\":{\"@id\":\"https:\/\/www.teehelmi.fi\/en\/#website\"},\"primaryImageOfPage\":{\"@id\":\"https:\/\/www.teehelmi.fi\/en\/kauppa\/wild-grusinien-op-georgia\/#primaryimage\"},\"image\":{\"@id\":\"https:\/\/www.teehelmi.fi\/en\/kauppa\/wild-grusinien-op-georgia\/#primaryimage\"},\"thumbnailUrl\":\"https:\/\/assets.teehelmi.fi\/2025\/07\/20250730_120113.webp\",\"datePublished\":\"2025-07-30T09:23:41+00:00\",\"dateModified\":\"2025-07-30T09:23:45+00:00\",\"breadcrumb\":{\"@id\":\"https:\/\/www.teehelmi.fi\/en\/kauppa\/wild-grusinien-op-georgia\/#breadcrumb\"},\"inLanguage\":\"en-US\",\"potentialAction\":[{\"@type\":\"ReadAction\",\"target\":[\"https:\/\/www.teehelmi.fi\/en\/kauppa\/wild-grusinien-op-georgia\/\"]}]},{\"@type\":\"ImageObject\",\"inLanguage\":\"en-US\",\"@id\":\"https:\/\/www.teehelmi.fi\/en\/kauppa\/wild-grusinien-op-georgia\/#primaryimage\",\"url\":\"https:\/\/assets.teehelmi.fi\/2025\/07\/20250730_120113.webp\",\"contentUrl\":\"https:\/\/assets.teehelmi.fi\/2025\/07\/20250730_120113.webp\",\"width\":1743,\"height\":1743},{\"@type\":\"BreadcrumbList\",\"@id\":\"https:\/\/www.teehelmi.fi\/en\/kauppa\/wild-grusinien-op-georgia\/#breadcrumb\",\"itemListElement\":[{\"@type\":\"ListItem\",\"position\":1,\"name\":\"Etusivu\",\"item\":\"https:\/\/www.teehelmi.fi\/en\/teehelmi-fi-delicious-moments-since-1983\/\"},{\"@type\":\"ListItem\",\"position\":2,\"name\":\"Kauppa\",\"item\":\"https:\/\/www.teehelmi.fi\/kauppa\/\"},{\"@type\":\"ListItem\",\"position\":3,\"name\":\"Wild Grusinien OP &#8211; Georgia\"}]},{\"@type\":\"WebSite\",\"@id\":\"https:\/\/www.teehelmi.fi\/en\/#website\",\"url\":\"https:\/\/www.teehelmi.fi\/en\/\",\"name\":\"Teehelmi.fi\",\"description\":\"Herkutteluhetki\u00e4 sinulle historian keskell\u00e4, vuodesta 1983.\",\"publisher\":{\"@id\":\"https:\/\/www.teehelmi.fi\/en\/#organization\"},\"potentialAction\":[{\"@type\":\"SearchAction\",\"target\":{\"@type\":\"EntryPoint\",\"urlTemplate\":\"https:\/\/www.teehelmi.fi\/en\/?s={search_term_string}\"},\"query-input\":{\"@type\":\"PropertyValueSpecification\",\"valueRequired\":true,\"valueName\":\"search_term_string\"}}],\"inLanguage\":\"en-US\"},{\"@type\":\"Organization\",\"@id\":\"https:\/\/www.teehelmi.fi\/en\/#organization\",\"name\":\"Teehelmi\",\"alternateName\":\"Tee- ja Kahvihuone Helmi Oy\",\"url\":\"https:\/\/www.teehelmi.fi\/en\/\",\"logo\":{\"@type\":\"ImageObject\",\"inLanguage\":\"en-US\",\"@id\":\"https:\/\/www.teehelmi.fi\/en\/#\/schema\/logo\/image\/\",\"url\":\"https:\/\/assets.teehelmi.fi\/2023\/11\/teehelmi-logo-scaled.webp\",\"contentUrl\":\"https:\/\/assets.teehelmi.fi\/2023\/11\/teehelmi-logo-scaled.webp\",\"width\":2560,\"height\":2358,\"caption\":\"Teehelmi\"},\"image\":{\"@id\":\"https:\/\/www.teehelmi.fi\/en\/#\/schema\/logo\/image\/\"},\"sameAs\":[\"https:\/\/www.facebook.com\/TeeHelmi.Fi\"]}]}<\/script>\n<!-- \/ Yoast SEO plugin. -->","yoast_head_json":{"title":"Wild Grusinien OP - Georgia - Teehelmi.fi - Teet sinun herkutteluhetkiisi","robots":{"index":"index","follow":"follow","max-snippet":"max-snippet:-1","max-image-preview":"max-image-preview:large","max-video-preview":"max-video-preview:-1"},"canonical":"https:\/\/www.teehelmi.fi\/en\/kauppa\/wild-grusinien-op-georgia\/","og_locale":"en_US","og_type":"article","og_title":"Wild Grusinien OP - Georgia - Teehelmi.fi - Teet sinun herkutteluhetkiisi","og_description":"Pehme\u00e4 &amp; Kukkainen","og_url":"https:\/\/www.teehelmi.fi\/en\/kauppa\/wild-grusinien-op-georgia\/","og_site_name":"Teehelmi.fi","article_publisher":"https:\/\/www.facebook.com\/TeeHelmi.Fi","article_modified_time":"2025-07-30T09:23:45+00:00","og_image":[{"width":1743,"height":1743,"url":"https:\/\/assets.teehelmi.fi\/2025\/07\/20250730_120113.webp","type":"image\/jpeg"}],"twitter_card":"summary_large_image","twitter_misc":{"Est. reading time":"1 minute"},"schema":{"@context":"https:\/\/schema.org","@graph":[{"@type":"WebPage","@id":"https:\/\/www.teehelmi.fi\/en\/kauppa\/wild-grusinien-op-georgia\/","url":"https:\/\/www.teehelmi.fi\/en\/kauppa\/wild-grusinien-op-georgia\/","name":"Wild Grusinien OP - Georgia - Teehelmi.fi - Teet sinun herkutteluhetkiisi","isPartOf":{"@id":"https:\/\/www.teehelmi.fi\/en\/#website"},"primaryImageOfPage":{"@id":"https:\/\/www.teehelmi.fi\/en\/kauppa\/wild-grusinien-op-georgia\/#primaryimage"},"image":{"@id":"https:\/\/www.teehelmi.fi\/en\/kauppa\/wild-grusinien-op-georgia\/#primaryimage"},"thumbnailUrl":"https:\/\/assets.teehelmi.fi\/2025\/07\/20250730_120113.webp","datePublished":"2025-07-30T09:23:41+00:00","dateModified":"2025-07-30T09:23:45+00:00","breadcrumb":{"@id":"https:\/\/www.teehelmi.fi\/en\/kauppa\/wild-grusinien-op-georgia\/#breadcrumb"},"inLanguage":"en-US","potentialAction":[{"@type":"ReadAction","target":["https:\/\/www.teehelmi.fi\/en\/kauppa\/wild-grusinien-op-georgia\/"]}]},{"@type":"ImageObject","inLanguage":"en-US","@id":"https:\/\/www.teehelmi.fi\/en\/kauppa\/wild-grusinien-op-georgia\/#primaryimage","url":"https:\/\/assets.teehelmi.fi\/2025\/07\/20250730_120113.webp","contentUrl":"https:\/\/assets.teehelmi.fi\/2025\/07\/20250730_120113.webp","width":1743,"height":1743},{"@type":"BreadcrumbList","@id":"https:\/\/www.teehelmi.fi\/en\/kauppa\/wild-grusinien-op-georgia\/#breadcrumb","itemListElement":[{"@type":"ListItem","position":1,"name":"Etusivu","item":"https:\/\/www.teehelmi.fi\/en\/teehelmi-fi-delicious-moments-since-1983\/"},{"@type":"ListItem","position":2,"name":"Kauppa","item":"https:\/\/www.teehelmi.fi\/kauppa\/"},{"@type":"ListItem","position":3,"name":"Wild Grusinien OP &#8211; Georgia"}]},{"@type":"WebSite","@id":"https:\/\/www.teehelmi.fi\/en\/#website","url":"https:\/\/www.teehelmi.fi\/en\/","name":"Teehelmi.fi","description":"Herkutteluhetki\u00e4 sinulle historian keskell\u00e4, vuodesta 1983.","publisher":{"@id":"https:\/\/www.teehelmi.fi\/en\/#organization"},"potentialAction":[{"@type":"SearchAction","target":{"@type":"EntryPoint","urlTemplate":"https:\/\/www.teehelmi.fi\/en\/?s={search_term_string}"},"query-input":{"@type":"PropertyValueSpecification","valueRequired":true,"valueName":"search_term_string"}}],"inLanguage":"en-US"},{"@type":"Organization","@id":"https:\/\/www.teehelmi.fi\/en\/#organization","name":"Teehelmi","alternateName":"Tee- ja Kahvihuone Helmi Oy","url":"https:\/\/www.teehelmi.fi\/en\/","logo":{"@type":"ImageObject","inLanguage":"en-US","@id":"https:\/\/www.teehelmi.fi\/en\/#\/schema\/logo\/image\/","url":"https:\/\/assets.teehelmi.fi\/2023\/11\/teehelmi-logo-scaled.webp","contentUrl":"https:\/\/assets.teehelmi.fi\/2023\/11\/teehelmi-logo-scaled.webp","width":2560,"height":2358,"caption":"Teehelmi"},"image":{"@id":"https:\/\/www.teehelmi.fi\/en\/#\/schema\/logo\/image\/"},"sameAs":["https:\/\/www.facebook.com\/TeeHelmi.Fi"]}]}},"_links":{"self":[{"href":"https:\/\/www.teehelmi.fi\/en\/wp-json\/wp\/v2\/product\/33792","targetHints":{"allow":["GET"]}}],"collection":[{"href":"https:\/\/www.teehelmi.fi\/en\/wp-json\/wp\/v2\/product"}],"about":[{"href":"https:\/\/www.teehelmi.fi\/en\/wp-json\/wp\/v2\/types\/product"}],"version-history":[{"count":0,"href":"https:\/\/www.teehelmi.fi\/en\/wp-json\/wp\/v2\/product\/33792\/revisions"}],"wp:featuredmedia":[{"embeddable":true,"href":"https:\/\/www.teehelmi.fi\/en\/wp-json\/wp\/v2\/media\/33793"}],"wp:attachment":[{"href":"https:\/\/www.teehelmi.fi\/en\/wp-json\/wp\/v2\/media?parent=33792"}],"wp:term":[{"taxonomy":"product_brand","embeddable":true,"href":"https:\/\/www.teehelmi.fi\/en\/wp-json\/wp\/v2\/product_brand?post=33792"},{"taxonomy":"product_cat","embeddable":true,"href":"https:\/\/www.teehelmi.fi\/en\/wp-json\/wp\/v2\/product_cat?post=33792"},{"taxonomy":"product_tag","embeddable":true,"href":"https:\/\/www.teehelmi.fi\/en\/wp-json\/wp\/v2\/product_tag?post=33792"}],"curies":[{"name":"wp","href":"https:\/\/api.w.org\/{rel}","templated":true}]}}