{"id":34200,"date":"2025-09-16T10:16:29","date_gmt":"2025-09-16T07:16:29","guid":{"rendered":"https:\/\/www.teehelmi.fi\/?post_type=product&#038;p=34200"},"modified":"2025-09-16T13:02:39","modified_gmt":"2025-09-16T10:02:39","slug":"korea-jeju-premium-luomu","status":"publish","type":"product","link":"https:\/\/www.teehelmi.fi\/en\/kauppa\/korea-jeju-premium-luomu\/","title":{"rendered":"Korea Jeju Premium Luomu"},"content":{"rendered":"<p data-start=\"65\" data-end=\"128\"><strong data-start=\"65\" data-end=\"103\">Jeju Premium \u2013 Musta, Etel\u00e4-Korea, luomu<\/strong><br data-start=\"103\" data-end=\"106\" \/><strong data-start=\"106\" data-end=\"128\">Makea &amp; Kukkainen<\/strong><\/p>\n<p data-start=\"130\" data-end=\"510\">T\u00e4m\u00e4 on harvinaisempi musta teelaatu Etel\u00e4-Koreasta, joka tunnetaan l\u00e4hinn\u00e4 vihre\u00e4n teen tuottajamaana. Makumaailmaltaan tee muistuttaa kiinalaisia mustia teelaatuja, runsaita, t\u00e4ytel\u00e4isi\u00e4, makeita ja kukkaisia. Teess\u00e4 tulee esiin my\u00f6s hunajaisuutta sek\u00e4 v\u00e4h\u00e4n mineraalisuutta.<\/p>\n<p data-start=\"512\" data-end=\"613\"><strong data-start=\"512\" data-end=\"529\">Haudutusohje:<\/strong><br data-start=\"529\" data-end=\"532\" \/>2 tlk\/kuppi, 95\u202f\u00b0C vesi, 3 min, 1 haudutuskerta.<br data-start=\"580\" data-end=\"583\" \/><strong data-start=\"583\" data-end=\"601\">Vertailuhinta:<\/strong> 300,00\u202f\u20ac\/kg (kuppi 3g 0,91e)<\/p>\n","protected":false},"excerpt":{"rendered":"<p><strong data-start=\"106\" data-end=\"128\">Makea &amp; Kukkainen<\/strong><\/p>\n","protected":false},"featured_media":34209,"template":"","meta":[],"product_brand":[],"product_cat":[247,246,244,236,248,83],"product_tag":[96,44],"class_list":{"0":"post-34200","1":"product","2":"type-product","3":"status-publish","4":"has-post-thumbnail","6":"product_cat-makuja-maailmalta","7":"product_cat-maustamaton-musta-tee","8":"product_cat-maustamaton-tee","9":"product_cat-musta-tee","10":"product_cat-muut-maat-makuja-maailmalta","11":"product_cat-tee","12":"product_tag-musta-luomutee","13":"product_tag-musta-tee","14":"pa_paino-100g","15":"pa_paino-150g","16":"pa_paino-200g","17":"pa_paino-25g","18":"pa_paino-50g","19":"description-off","21":"first","22":"instock","23":"taxable","24":"shipping-taxable","25":"purchasable","26":"product-type-variable"},"exclude_global_add_ons":[],"addons":[],"yoast_head":"<!-- This site is optimized with the Yoast SEO plugin v27.2 - https:\/\/yoast.com\/product\/yoast-seo-wordpress\/ -->\n<title>Korea Jeju Premium Luomu - Teehelmi.fi - Teet sinun herkutteluhetkiisi<\/title>\n<meta name=\"robots\" content=\"index, follow, max-snippet:-1, max-image-preview:large, max-video-preview:-1\" \/>\n<link rel=\"canonical\" href=\"https:\/\/www.teehelmi.fi\/en\/kauppa\/korea-jeju-premium-luomu\/\" \/>\n<meta property=\"og:locale\" content=\"en_US\" \/>\n<meta property=\"og:type\" content=\"article\" \/>\n<meta property=\"og:title\" content=\"Korea Jeju Premium Luomu - Teehelmi.fi - Teet sinun herkutteluhetkiisi\" \/>\n<meta property=\"og:description\" content=\"Makea &amp; Kukkainen\" \/>\n<meta property=\"og:url\" content=\"https:\/\/www.teehelmi.fi\/en\/kauppa\/korea-jeju-premium-luomu\/\" \/>\n<meta property=\"og:site_name\" content=\"Teehelmi.fi\" \/>\n<meta property=\"article:publisher\" content=\"https:\/\/www.facebook.com\/TeeHelmi.Fi\" \/>\n<meta property=\"article:modified_time\" content=\"2025-09-16T10:02:39+00:00\" \/>\n<meta property=\"og:image\" content=\"https:\/\/assets.teehelmi.fi\/2025\/09\/20250908_200721-Edit-2.jpg\" \/>\n\t<meta property=\"og:image:width\" content=\"1920\" \/>\n\t<meta property=\"og:image:height\" content=\"1920\" \/>\n\t<meta property=\"og:image:type\" content=\"image\/jpeg\" \/>\n<meta name=\"twitter:card\" content=\"summary_large_image\" \/>\n<meta name=\"twitter:label1\" content=\"Est. reading time\" \/>\n\t<meta name=\"twitter:data1\" content=\"1 minute\" \/>\n<script type=\"application\/ld+json\" class=\"yoast-schema-graph\">{\"@context\":\"https:\/\/schema.org\",\"@graph\":[{\"@type\":\"WebPage\",\"@id\":\"https:\/\/www.teehelmi.fi\/en\/kauppa\/korea-jeju-premium-luomu\/\",\"url\":\"https:\/\/www.teehelmi.fi\/en\/kauppa\/korea-jeju-premium-luomu\/\",\"name\":\"Korea Jeju Premium Luomu - Teehelmi.fi - Teet sinun herkutteluhetkiisi\",\"isPartOf\":{\"@id\":\"https:\/\/www.teehelmi.fi\/en\/#website\"},\"primaryImageOfPage\":{\"@id\":\"https:\/\/www.teehelmi.fi\/en\/kauppa\/korea-jeju-premium-luomu\/#primaryimage\"},\"image\":{\"@id\":\"https:\/\/www.teehelmi.fi\/en\/kauppa\/korea-jeju-premium-luomu\/#primaryimage\"},\"thumbnailUrl\":\"https:\/\/assets.teehelmi.fi\/2025\/09\/20250908_200721-Edit-2.jpg\",\"datePublished\":\"2025-09-16T07:16:29+00:00\",\"dateModified\":\"2025-09-16T10:02:39+00:00\",\"breadcrumb\":{\"@id\":\"https:\/\/www.teehelmi.fi\/en\/kauppa\/korea-jeju-premium-luomu\/#breadcrumb\"},\"inLanguage\":\"en-US\",\"potentialAction\":[{\"@type\":\"ReadAction\",\"target\":[\"https:\/\/www.teehelmi.fi\/en\/kauppa\/korea-jeju-premium-luomu\/\"]}]},{\"@type\":\"ImageObject\",\"inLanguage\":\"en-US\",\"@id\":\"https:\/\/www.teehelmi.fi\/en\/kauppa\/korea-jeju-premium-luomu\/#primaryimage\",\"url\":\"https:\/\/assets.teehelmi.fi\/2025\/09\/20250908_200721-Edit-2.jpg\",\"contentUrl\":\"https:\/\/assets.teehelmi.fi\/2025\/09\/20250908_200721-Edit-2.jpg\",\"width\":1920,\"height\":1920},{\"@type\":\"BreadcrumbList\",\"@id\":\"https:\/\/www.teehelmi.fi\/en\/kauppa\/korea-jeju-premium-luomu\/#breadcrumb\",\"itemListElement\":[{\"@type\":\"ListItem\",\"position\":1,\"name\":\"Etusivu\",\"item\":\"https:\/\/www.teehelmi.fi\/en\/teehelmi-fi-delicious-moments-since-1983\/\"},{\"@type\":\"ListItem\",\"position\":2,\"name\":\"Kauppa\",\"item\":\"https:\/\/www.teehelmi.fi\/kauppa\/\"},{\"@type\":\"ListItem\",\"position\":3,\"name\":\"Korea Jeju Premium Luomu\"}]},{\"@type\":\"WebSite\",\"@id\":\"https:\/\/www.teehelmi.fi\/en\/#website\",\"url\":\"https:\/\/www.teehelmi.fi\/en\/\",\"name\":\"Teehelmi.fi\",\"description\":\"Herkutteluhetki\u00e4 sinulle historian keskell\u00e4, vuodesta 1983.\",\"publisher\":{\"@id\":\"https:\/\/www.teehelmi.fi\/en\/#organization\"},\"potentialAction\":[{\"@type\":\"SearchAction\",\"target\":{\"@type\":\"EntryPoint\",\"urlTemplate\":\"https:\/\/www.teehelmi.fi\/en\/?s={search_term_string}\"},\"query-input\":{\"@type\":\"PropertyValueSpecification\",\"valueRequired\":true,\"valueName\":\"search_term_string\"}}],\"inLanguage\":\"en-US\"},{\"@type\":\"Organization\",\"@id\":\"https:\/\/www.teehelmi.fi\/en\/#organization\",\"name\":\"Teehelmi\",\"alternateName\":\"Tee- ja Kahvihuone Helmi Oy\",\"url\":\"https:\/\/www.teehelmi.fi\/en\/\",\"logo\":{\"@type\":\"ImageObject\",\"inLanguage\":\"en-US\",\"@id\":\"https:\/\/www.teehelmi.fi\/en\/#\/schema\/logo\/image\/\",\"url\":\"https:\/\/assets.teehelmi.fi\/2023\/11\/teehelmi-logo-scaled.webp\",\"contentUrl\":\"https:\/\/assets.teehelmi.fi\/2023\/11\/teehelmi-logo-scaled.webp\",\"width\":2560,\"height\":2358,\"caption\":\"Teehelmi\"},\"image\":{\"@id\":\"https:\/\/www.teehelmi.fi\/en\/#\/schema\/logo\/image\/\"},\"sameAs\":[\"https:\/\/www.facebook.com\/TeeHelmi.Fi\"]}]}<\/script>\n<!-- \/ Yoast SEO plugin. -->","yoast_head_json":{"title":"Korea Jeju Premium Luomu - Teehelmi.fi - Teet sinun herkutteluhetkiisi","robots":{"index":"index","follow":"follow","max-snippet":"max-snippet:-1","max-image-preview":"max-image-preview:large","max-video-preview":"max-video-preview:-1"},"canonical":"https:\/\/www.teehelmi.fi\/en\/kauppa\/korea-jeju-premium-luomu\/","og_locale":"en_US","og_type":"article","og_title":"Korea Jeju Premium Luomu - Teehelmi.fi - Teet sinun herkutteluhetkiisi","og_description":"Makea &amp; Kukkainen","og_url":"https:\/\/www.teehelmi.fi\/en\/kauppa\/korea-jeju-premium-luomu\/","og_site_name":"Teehelmi.fi","article_publisher":"https:\/\/www.facebook.com\/TeeHelmi.Fi","article_modified_time":"2025-09-16T10:02:39+00:00","og_image":[{"width":1920,"height":1920,"url":"https:\/\/assets.teehelmi.fi\/2025\/09\/20250908_200721-Edit-2.jpg","type":"image\/jpeg"}],"twitter_card":"summary_large_image","twitter_misc":{"Est. reading time":"1 minute"},"schema":{"@context":"https:\/\/schema.org","@graph":[{"@type":"WebPage","@id":"https:\/\/www.teehelmi.fi\/en\/kauppa\/korea-jeju-premium-luomu\/","url":"https:\/\/www.teehelmi.fi\/en\/kauppa\/korea-jeju-premium-luomu\/","name":"Korea Jeju Premium Luomu - Teehelmi.fi - Teet sinun herkutteluhetkiisi","isPartOf":{"@id":"https:\/\/www.teehelmi.fi\/en\/#website"},"primaryImageOfPage":{"@id":"https:\/\/www.teehelmi.fi\/en\/kauppa\/korea-jeju-premium-luomu\/#primaryimage"},"image":{"@id":"https:\/\/www.teehelmi.fi\/en\/kauppa\/korea-jeju-premium-luomu\/#primaryimage"},"thumbnailUrl":"https:\/\/assets.teehelmi.fi\/2025\/09\/20250908_200721-Edit-2.jpg","datePublished":"2025-09-16T07:16:29+00:00","dateModified":"2025-09-16T10:02:39+00:00","breadcrumb":{"@id":"https:\/\/www.teehelmi.fi\/en\/kauppa\/korea-jeju-premium-luomu\/#breadcrumb"},"inLanguage":"en-US","potentialAction":[{"@type":"ReadAction","target":["https:\/\/www.teehelmi.fi\/en\/kauppa\/korea-jeju-premium-luomu\/"]}]},{"@type":"ImageObject","inLanguage":"en-US","@id":"https:\/\/www.teehelmi.fi\/en\/kauppa\/korea-jeju-premium-luomu\/#primaryimage","url":"https:\/\/assets.teehelmi.fi\/2025\/09\/20250908_200721-Edit-2.jpg","contentUrl":"https:\/\/assets.teehelmi.fi\/2025\/09\/20250908_200721-Edit-2.jpg","width":1920,"height":1920},{"@type":"BreadcrumbList","@id":"https:\/\/www.teehelmi.fi\/en\/kauppa\/korea-jeju-premium-luomu\/#breadcrumb","itemListElement":[{"@type":"ListItem","position":1,"name":"Etusivu","item":"https:\/\/www.teehelmi.fi\/en\/teehelmi-fi-delicious-moments-since-1983\/"},{"@type":"ListItem","position":2,"name":"Kauppa","item":"https:\/\/www.teehelmi.fi\/kauppa\/"},{"@type":"ListItem","position":3,"name":"Korea Jeju Premium Luomu"}]},{"@type":"WebSite","@id":"https:\/\/www.teehelmi.fi\/en\/#website","url":"https:\/\/www.teehelmi.fi\/en\/","name":"Teehelmi.fi","description":"Herkutteluhetki\u00e4 sinulle historian keskell\u00e4, vuodesta 1983.","publisher":{"@id":"https:\/\/www.teehelmi.fi\/en\/#organization"},"potentialAction":[{"@type":"SearchAction","target":{"@type":"EntryPoint","urlTemplate":"https:\/\/www.teehelmi.fi\/en\/?s={search_term_string}"},"query-input":{"@type":"PropertyValueSpecification","valueRequired":true,"valueName":"search_term_string"}}],"inLanguage":"en-US"},{"@type":"Organization","@id":"https:\/\/www.teehelmi.fi\/en\/#organization","name":"Teehelmi","alternateName":"Tee- ja Kahvihuone Helmi Oy","url":"https:\/\/www.teehelmi.fi\/en\/","logo":{"@type":"ImageObject","inLanguage":"en-US","@id":"https:\/\/www.teehelmi.fi\/en\/#\/schema\/logo\/image\/","url":"https:\/\/assets.teehelmi.fi\/2023\/11\/teehelmi-logo-scaled.webp","contentUrl":"https:\/\/assets.teehelmi.fi\/2023\/11\/teehelmi-logo-scaled.webp","width":2560,"height":2358,"caption":"Teehelmi"},"image":{"@id":"https:\/\/www.teehelmi.fi\/en\/#\/schema\/logo\/image\/"},"sameAs":["https:\/\/www.facebook.com\/TeeHelmi.Fi"]}]}},"_links":{"self":[{"href":"https:\/\/www.teehelmi.fi\/en\/wp-json\/wp\/v2\/product\/34200","targetHints":{"allow":["GET"]}}],"collection":[{"href":"https:\/\/www.teehelmi.fi\/en\/wp-json\/wp\/v2\/product"}],"about":[{"href":"https:\/\/www.teehelmi.fi\/en\/wp-json\/wp\/v2\/types\/product"}],"version-history":[{"count":0,"href":"https:\/\/www.teehelmi.fi\/en\/wp-json\/wp\/v2\/product\/34200\/revisions"}],"wp:featuredmedia":[{"embeddable":true,"href":"https:\/\/www.teehelmi.fi\/en\/wp-json\/wp\/v2\/media\/34209"}],"wp:attachment":[{"href":"https:\/\/www.teehelmi.fi\/en\/wp-json\/wp\/v2\/media?parent=34200"}],"wp:term":[{"taxonomy":"product_brand","embeddable":true,"href":"https:\/\/www.teehelmi.fi\/en\/wp-json\/wp\/v2\/product_brand?post=34200"},{"taxonomy":"product_cat","embeddable":true,"href":"https:\/\/www.teehelmi.fi\/en\/wp-json\/wp\/v2\/product_cat?post=34200"},{"taxonomy":"product_tag","embeddable":true,"href":"https:\/\/www.teehelmi.fi\/en\/wp-json\/wp\/v2\/product_tag?post=34200"}],"curies":[{"name":"wp","href":"https:\/\/api.w.org\/{rel}","templated":true}]}}