{"id":34601,"date":"2025-10-31T14:52:37","date_gmt":"2025-10-31T12:52:37","guid":{"rendered":"https:\/\/www.teehelmi.fi\/?post_type=product&#038;p=34601"},"modified":"2025-10-31T14:57:22","modified_gmt":"2025-10-31T12:57:22","slug":"rooibos-kirsikka-suklaa","status":"publish","type":"product","link":"https:\/\/www.teehelmi.fi\/en\/kauppa\/rooibos-kirsikka-suklaa\/","title":{"rendered":"Rooibos kirsikka-suklaa"},"content":{"rendered":"<p><strong>Kirsikka-suklaa Rooibos<\/strong><\/p>\n<p>T\u00e4m\u00e4 itse tekem\u00e4mme sekoitus yhdist\u00e4\u00e4 makean maustamattoman rooiboksen kirsikan ja suklaan aromeihin. Rooibos kofeiinittomana haudukkeena on miellytt\u00e4v\u00e4 iltajuoma.<\/p>\n<p>Haudutusohje 2tlk\/kuppi, 95c vesi, 3 min, 1 haudutuskerta.<br \/>\nVertailuhinta 98,00e\/kg &#8211; kuppi (3g) 0,30e<\/p>\n<p>Ainesosat: Rooibos-hauduke Etel\u00e4-Afrikka, aromit: kirsikka, suklaa. Saattaa sis\u00e4lt\u00e4\u00e4 j\u00e4\u00e4mi\u00e4 p\u00e4hkin\u00e4st\u00e4 ja sitrushedelmist\u00e4.<\/p>\n","protected":false},"excerpt":{"rendered":"<p>Kirsikka-suklaa Rooibos T\u00e4m\u00e4 itse tekem\u00e4mme sekoitus yhdist\u00e4\u00e4 makean maustamattoman rooiboksen kirsikan ja suklaan aromeihin. Rooibos kofeiinittomana haudukkeena on miellytt\u00e4v\u00e4 iltajuoma. Haudutusohje 2tlk\/kuppi, 95c vesi, 3 min, 1 haudutuskerta. Vertailuhinta 98,00e\/kg &#8211; kuppi (3g) 0,30e Ainesosat: Rooibos-hauduke Etel\u00e4-Afrikka, aromit: kirsikka, suklaa. Saattaa sis\u00e4lt\u00e4\u00e4 j\u00e4\u00e4mi\u00e4 p\u00e4hkin\u00e4st\u00e4 ja sitrushedelmist\u00e4.<\/p>\n","protected":false},"featured_media":34605,"template":"","meta":[],"product_brand":[],"product_cat":[249,239],"product_tag":[90,104],"class_list":{"0":"post-34601","1":"product","2":"type-product","3":"status-publish","4":"has-post-thumbnail","6":"product_cat-haudukkeet-tee","7":"product_cat-teehelmen-sekoitukset-maustettu-tee","8":"product_tag-kofeiiniton-tee","9":"product_tag-rooibos-tee","10":"pa_paino-100g","11":"pa_paino-150g","12":"pa_paino-200g","13":"pa_paino-25g","14":"pa_paino-50g","15":"description-off","17":"first","18":"instock","19":"taxable","20":"shipping-taxable","21":"purchasable","22":"product-type-variable"},"exclude_global_add_ons":[],"addons":[],"yoast_head":"<!-- This site is optimized with the Yoast SEO plugin v27.2 - https:\/\/yoast.com\/product\/yoast-seo-wordpress\/ -->\n<title>Rooibos kirsikka-suklaa - Teehelmi.fi - Teet sinun herkutteluhetkiisi<\/title>\n<meta name=\"robots\" content=\"index, follow, max-snippet:-1, max-image-preview:large, max-video-preview:-1\" \/>\n<link rel=\"canonical\" href=\"https:\/\/www.teehelmi.fi\/en\/kauppa\/rooibos-kirsikka-suklaa\/\" \/>\n<meta property=\"og:locale\" content=\"en_US\" \/>\n<meta property=\"og:type\" content=\"article\" \/>\n<meta property=\"og:title\" content=\"Rooibos kirsikka-suklaa - Teehelmi.fi - Teet sinun herkutteluhetkiisi\" \/>\n<meta property=\"og:description\" content=\"Kirsikka-suklaa Rooibos T\u00e4m\u00e4 itse tekem\u00e4mme sekoitus yhdist\u00e4\u00e4 makean maustamattoman rooiboksen kirsikan ja suklaan aromeihin. Rooibos kofeiinittomana haudukkeena on miellytt\u00e4v\u00e4 iltajuoma. Haudutusohje 2tlk\/kuppi, 95c vesi, 3 min, 1 haudutuskerta. Vertailuhinta 98,00e\/kg &#8211; kuppi (3g) 0,30e Ainesosat: Rooibos-hauduke Etel\u00e4-Afrikka, aromit: kirsikka, suklaa. Saattaa sis\u00e4lt\u00e4\u00e4 j\u00e4\u00e4mi\u00e4 p\u00e4hkin\u00e4st\u00e4 ja sitrushedelmist\u00e4.\" \/>\n<meta property=\"og:url\" content=\"https:\/\/www.teehelmi.fi\/en\/kauppa\/rooibos-kirsikka-suklaa\/\" \/>\n<meta property=\"og:site_name\" content=\"Teehelmi.fi\" \/>\n<meta property=\"article:publisher\" content=\"https:\/\/www.facebook.com\/TeeHelmi.Fi\" \/>\n<meta property=\"article:modified_time\" content=\"2025-10-31T12:57:22+00:00\" \/>\n<meta property=\"og:image\" content=\"https:\/\/assets.teehelmi.fi\/2025\/10\/5W9B0379-1024x1024.jpg\" \/>\n\t<meta property=\"og:image:width\" content=\"1024\" \/>\n\t<meta property=\"og:image:height\" content=\"1024\" \/>\n\t<meta property=\"og:image:type\" content=\"image\/jpeg\" \/>\n<meta name=\"twitter:card\" content=\"summary_large_image\" \/>\n<meta name=\"twitter:label1\" content=\"Est. reading time\" \/>\n\t<meta name=\"twitter:data1\" content=\"1 minute\" \/>\n<script type=\"application\/ld+json\" class=\"yoast-schema-graph\">{\"@context\":\"https:\/\/schema.org\",\"@graph\":[{\"@type\":\"WebPage\",\"@id\":\"https:\/\/www.teehelmi.fi\/en\/kauppa\/rooibos-kirsikka-suklaa\/\",\"url\":\"https:\/\/www.teehelmi.fi\/en\/kauppa\/rooibos-kirsikka-suklaa\/\",\"name\":\"Rooibos kirsikka-suklaa - Teehelmi.fi - Teet sinun herkutteluhetkiisi\",\"isPartOf\":{\"@id\":\"https:\/\/www.teehelmi.fi\/en\/#website\"},\"primaryImageOfPage\":{\"@id\":\"https:\/\/www.teehelmi.fi\/en\/kauppa\/rooibos-kirsikka-suklaa\/#primaryimage\"},\"image\":{\"@id\":\"https:\/\/www.teehelmi.fi\/en\/kauppa\/rooibos-kirsikka-suklaa\/#primaryimage\"},\"thumbnailUrl\":\"https:\/\/assets.teehelmi.fi\/2025\/10\/5W9B0379.jpg\",\"datePublished\":\"2025-10-31T12:52:37+00:00\",\"dateModified\":\"2025-10-31T12:57:22+00:00\",\"breadcrumb\":{\"@id\":\"https:\/\/www.teehelmi.fi\/en\/kauppa\/rooibos-kirsikka-suklaa\/#breadcrumb\"},\"inLanguage\":\"en-US\",\"potentialAction\":[{\"@type\":\"ReadAction\",\"target\":[\"https:\/\/www.teehelmi.fi\/en\/kauppa\/rooibos-kirsikka-suklaa\/\"]}]},{\"@type\":\"ImageObject\",\"inLanguage\":\"en-US\",\"@id\":\"https:\/\/www.teehelmi.fi\/en\/kauppa\/rooibos-kirsikka-suklaa\/#primaryimage\",\"url\":\"https:\/\/assets.teehelmi.fi\/2025\/10\/5W9B0379.jpg\",\"contentUrl\":\"https:\/\/assets.teehelmi.fi\/2025\/10\/5W9B0379.jpg\",\"width\":2048,\"height\":2048},{\"@type\":\"BreadcrumbList\",\"@id\":\"https:\/\/www.teehelmi.fi\/en\/kauppa\/rooibos-kirsikka-suklaa\/#breadcrumb\",\"itemListElement\":[{\"@type\":\"ListItem\",\"position\":1,\"name\":\"Etusivu\",\"item\":\"https:\/\/www.teehelmi.fi\/en\/teehelmi-fi-delicious-moments-since-1983\/\"},{\"@type\":\"ListItem\",\"position\":2,\"name\":\"Kauppa\",\"item\":\"https:\/\/www.teehelmi.fi\/kauppa\/\"},{\"@type\":\"ListItem\",\"position\":3,\"name\":\"Rooibos kirsikka-suklaa\"}]},{\"@type\":\"WebSite\",\"@id\":\"https:\/\/www.teehelmi.fi\/en\/#website\",\"url\":\"https:\/\/www.teehelmi.fi\/en\/\",\"name\":\"Teehelmi.fi\",\"description\":\"Herkutteluhetki\u00e4 sinulle historian keskell\u00e4, vuodesta 1983.\",\"publisher\":{\"@id\":\"https:\/\/www.teehelmi.fi\/en\/#organization\"},\"potentialAction\":[{\"@type\":\"SearchAction\",\"target\":{\"@type\":\"EntryPoint\",\"urlTemplate\":\"https:\/\/www.teehelmi.fi\/en\/?s={search_term_string}\"},\"query-input\":{\"@type\":\"PropertyValueSpecification\",\"valueRequired\":true,\"valueName\":\"search_term_string\"}}],\"inLanguage\":\"en-US\"},{\"@type\":\"Organization\",\"@id\":\"https:\/\/www.teehelmi.fi\/en\/#organization\",\"name\":\"Teehelmi\",\"alternateName\":\"Tee- ja Kahvihuone Helmi Oy\",\"url\":\"https:\/\/www.teehelmi.fi\/en\/\",\"logo\":{\"@type\":\"ImageObject\",\"inLanguage\":\"en-US\",\"@id\":\"https:\/\/www.teehelmi.fi\/en\/#\/schema\/logo\/image\/\",\"url\":\"https:\/\/assets.teehelmi.fi\/2023\/11\/teehelmi-logo-scaled.webp\",\"contentUrl\":\"https:\/\/assets.teehelmi.fi\/2023\/11\/teehelmi-logo-scaled.webp\",\"width\":2560,\"height\":2358,\"caption\":\"Teehelmi\"},\"image\":{\"@id\":\"https:\/\/www.teehelmi.fi\/en\/#\/schema\/logo\/image\/\"},\"sameAs\":[\"https:\/\/www.facebook.com\/TeeHelmi.Fi\"]}]}<\/script>\n<!-- \/ Yoast SEO plugin. -->","yoast_head_json":{"title":"Rooibos kirsikka-suklaa - Teehelmi.fi - Teet sinun herkutteluhetkiisi","robots":{"index":"index","follow":"follow","max-snippet":"max-snippet:-1","max-image-preview":"max-image-preview:large","max-video-preview":"max-video-preview:-1"},"canonical":"https:\/\/www.teehelmi.fi\/en\/kauppa\/rooibos-kirsikka-suklaa\/","og_locale":"en_US","og_type":"article","og_title":"Rooibos kirsikka-suklaa - Teehelmi.fi - Teet sinun herkutteluhetkiisi","og_description":"Kirsikka-suklaa Rooibos T\u00e4m\u00e4 itse tekem\u00e4mme sekoitus yhdist\u00e4\u00e4 makean maustamattoman rooiboksen kirsikan ja suklaan aromeihin. Rooibos kofeiinittomana haudukkeena on miellytt\u00e4v\u00e4 iltajuoma. Haudutusohje 2tlk\/kuppi, 95c vesi, 3 min, 1 haudutuskerta. Vertailuhinta 98,00e\/kg &#8211; kuppi (3g) 0,30e Ainesosat: Rooibos-hauduke Etel\u00e4-Afrikka, aromit: kirsikka, suklaa. Saattaa sis\u00e4lt\u00e4\u00e4 j\u00e4\u00e4mi\u00e4 p\u00e4hkin\u00e4st\u00e4 ja sitrushedelmist\u00e4.","og_url":"https:\/\/www.teehelmi.fi\/en\/kauppa\/rooibos-kirsikka-suklaa\/","og_site_name":"Teehelmi.fi","article_publisher":"https:\/\/www.facebook.com\/TeeHelmi.Fi","article_modified_time":"2025-10-31T12:57:22+00:00","og_image":[{"width":1024,"height":1024,"url":"https:\/\/assets.teehelmi.fi\/2025\/10\/5W9B0379-1024x1024.jpg","type":"image\/jpeg"}],"twitter_card":"summary_large_image","twitter_misc":{"Est. reading time":"1 minute"},"schema":{"@context":"https:\/\/schema.org","@graph":[{"@type":"WebPage","@id":"https:\/\/www.teehelmi.fi\/en\/kauppa\/rooibos-kirsikka-suklaa\/","url":"https:\/\/www.teehelmi.fi\/en\/kauppa\/rooibos-kirsikka-suklaa\/","name":"Rooibos kirsikka-suklaa - Teehelmi.fi - Teet sinun herkutteluhetkiisi","isPartOf":{"@id":"https:\/\/www.teehelmi.fi\/en\/#website"},"primaryImageOfPage":{"@id":"https:\/\/www.teehelmi.fi\/en\/kauppa\/rooibos-kirsikka-suklaa\/#primaryimage"},"image":{"@id":"https:\/\/www.teehelmi.fi\/en\/kauppa\/rooibos-kirsikka-suklaa\/#primaryimage"},"thumbnailUrl":"https:\/\/assets.teehelmi.fi\/2025\/10\/5W9B0379.jpg","datePublished":"2025-10-31T12:52:37+00:00","dateModified":"2025-10-31T12:57:22+00:00","breadcrumb":{"@id":"https:\/\/www.teehelmi.fi\/en\/kauppa\/rooibos-kirsikka-suklaa\/#breadcrumb"},"inLanguage":"en-US","potentialAction":[{"@type":"ReadAction","target":["https:\/\/www.teehelmi.fi\/en\/kauppa\/rooibos-kirsikka-suklaa\/"]}]},{"@type":"ImageObject","inLanguage":"en-US","@id":"https:\/\/www.teehelmi.fi\/en\/kauppa\/rooibos-kirsikka-suklaa\/#primaryimage","url":"https:\/\/assets.teehelmi.fi\/2025\/10\/5W9B0379.jpg","contentUrl":"https:\/\/assets.teehelmi.fi\/2025\/10\/5W9B0379.jpg","width":2048,"height":2048},{"@type":"BreadcrumbList","@id":"https:\/\/www.teehelmi.fi\/en\/kauppa\/rooibos-kirsikka-suklaa\/#breadcrumb","itemListElement":[{"@type":"ListItem","position":1,"name":"Etusivu","item":"https:\/\/www.teehelmi.fi\/en\/teehelmi-fi-delicious-moments-since-1983\/"},{"@type":"ListItem","position":2,"name":"Kauppa","item":"https:\/\/www.teehelmi.fi\/kauppa\/"},{"@type":"ListItem","position":3,"name":"Rooibos kirsikka-suklaa"}]},{"@type":"WebSite","@id":"https:\/\/www.teehelmi.fi\/en\/#website","url":"https:\/\/www.teehelmi.fi\/en\/","name":"Teehelmi.fi","description":"Herkutteluhetki\u00e4 sinulle historian keskell\u00e4, vuodesta 1983.","publisher":{"@id":"https:\/\/www.teehelmi.fi\/en\/#organization"},"potentialAction":[{"@type":"SearchAction","target":{"@type":"EntryPoint","urlTemplate":"https:\/\/www.teehelmi.fi\/en\/?s={search_term_string}"},"query-input":{"@type":"PropertyValueSpecification","valueRequired":true,"valueName":"search_term_string"}}],"inLanguage":"en-US"},{"@type":"Organization","@id":"https:\/\/www.teehelmi.fi\/en\/#organization","name":"Teehelmi","alternateName":"Tee- ja Kahvihuone Helmi Oy","url":"https:\/\/www.teehelmi.fi\/en\/","logo":{"@type":"ImageObject","inLanguage":"en-US","@id":"https:\/\/www.teehelmi.fi\/en\/#\/schema\/logo\/image\/","url":"https:\/\/assets.teehelmi.fi\/2023\/11\/teehelmi-logo-scaled.webp","contentUrl":"https:\/\/assets.teehelmi.fi\/2023\/11\/teehelmi-logo-scaled.webp","width":2560,"height":2358,"caption":"Teehelmi"},"image":{"@id":"https:\/\/www.teehelmi.fi\/en\/#\/schema\/logo\/image\/"},"sameAs":["https:\/\/www.facebook.com\/TeeHelmi.Fi"]}]}},"_links":{"self":[{"href":"https:\/\/www.teehelmi.fi\/en\/wp-json\/wp\/v2\/product\/34601","targetHints":{"allow":["GET"]}}],"collection":[{"href":"https:\/\/www.teehelmi.fi\/en\/wp-json\/wp\/v2\/product"}],"about":[{"href":"https:\/\/www.teehelmi.fi\/en\/wp-json\/wp\/v2\/types\/product"}],"version-history":[{"count":0,"href":"https:\/\/www.teehelmi.fi\/en\/wp-json\/wp\/v2\/product\/34601\/revisions"}],"wp:featuredmedia":[{"embeddable":true,"href":"https:\/\/www.teehelmi.fi\/en\/wp-json\/wp\/v2\/media\/34605"}],"wp:attachment":[{"href":"https:\/\/www.teehelmi.fi\/en\/wp-json\/wp\/v2\/media?parent=34601"}],"wp:term":[{"taxonomy":"product_brand","embeddable":true,"href":"https:\/\/www.teehelmi.fi\/en\/wp-json\/wp\/v2\/product_brand?post=34601"},{"taxonomy":"product_cat","embeddable":true,"href":"https:\/\/www.teehelmi.fi\/en\/wp-json\/wp\/v2\/product_cat?post=34601"},{"taxonomy":"product_tag","embeddable":true,"href":"https:\/\/www.teehelmi.fi\/en\/wp-json\/wp\/v2\/product_tag?post=34601"}],"curies":[{"name":"wp","href":"https:\/\/api.w.org\/{rel}","templated":true}]}}