{"id":34901,"date":"2025-12-17T19:07:58","date_gmt":"2025-12-17T17:07:58","guid":{"rendered":"https:\/\/www.teehelmi.fi\/?post_type=product&#038;p=34901"},"modified":"2025-12-17T19:08:03","modified_gmt":"2025-12-17T17:08:03","slug":"vapaaherra-carl-gustaf-100g","status":"publish","type":"product","link":"https:\/\/www.teehelmi.fi\/en\/kauppa\/vapaaherra-carl-gustaf-100g\/","title":{"rendered":"Vapaaherra Carl Gustaf 100g"},"content":{"rendered":"<p data-start=\"69\" data-end=\"163\"><strong data-start=\"69\" data-end=\"117\">Vapaaherra Carl Gustaf \u2013 Musta maustettu tee<\/strong><br data-start=\"117\" data-end=\"120\" \/><strong data-start=\"120\" data-end=\"163\">Mustaherukkaa, appelsiinia &amp; ruiskukkaa<\/strong><\/p>\n<p data-start=\"165\" data-end=\"527\">Vapaaherra Carl Gustaf on herrasmiesm\u00e4inen sekoitus, jossa yhdistyv\u00e4t kiinalaisen ja srilankalaisen mustan teen syvyys sek\u00e4 mustaherukan, appelsiinin ja ruiskukan raikkaat ja hienostuneet s\u00e4vyt. Tuoksussa korostuu makea marjaisuus ja sitruksinen keveys, joka kantaa my\u00f6s makuun. Kokonaisuus on pehme\u00e4, aromikas ja silti ryhdik\u00e4s \u2013 aivan kuten nimikkohahmonsakin.<\/p>\n<p data-start=\"529\" data-end=\"623\">T\u00e4m\u00e4kin teesekoitus on meid\u00e4n itse valmistama Vanhassa Porvoossa ja Leo Kallion suunnittelema.<\/p>\n<p data-start=\"625\" data-end=\"731\"><strong data-start=\"625\" data-end=\"642\">Haudutusohje:<\/strong><br data-start=\"642\" data-end=\"645\" \/>2 tlk\/kuppi, 95\u202f\u00b0C vesi, 3\u20134 min, 1\u20132 haudutuskertaa.<br data-start=\"698\" data-end=\"701\" \/><strong data-start=\"701\" data-end=\"719\">Vertailuhinta:<\/strong> 96,00\u202f\u20ac\/kg<br \/>\n<strong>Ainesosat:\u00a0<\/strong>Musta tee (Kiina, Sri Lanka), aromit, appelsiininkuori, ruiskukan ter\u00e4lehdet. Sis\u00e4lt\u00e4\u00e4 sitrushedelmi\u00e4 ja saattaa sis\u00e4lt\u00e4\u00e4 j\u00e4\u00e4mi\u00e4 p\u00e4hkin\u00e4st\u00e4.<\/p>\n","protected":false},"excerpt":{"rendered":"<p><strong data-start=\"120\" data-end=\"163\">Musta tee, mustaherukkaa, appelsiinia &amp; ruiskukkaa<\/strong><\/p>\n","protected":false},"featured_media":34902,"template":"","meta":[],"product_brand":[359],"product_cat":[237,238,236,83,239],"product_tag":[44],"class_list":{"0":"post-34901","1":"product","2":"type-product","3":"status-publish","4":"has-post-thumbnail","6":"product_brand-musta-tee","7":"product_cat-maustettu-musta-tee","8":"product_cat-maustettu-tee","9":"product_cat-musta-tee","10":"product_cat-tee","11":"product_cat-teehelmen-sekoitukset-maustettu-tee","12":"product_tag-musta-tee","13":"description-off","15":"first","16":"instock","17":"taxable","18":"shipping-taxable","19":"purchasable","20":"product-type-simple"},"exclude_global_add_ons":[],"addons":[],"yoast_head":"<!-- This site is optimized with the Yoast SEO plugin v27.2 - https:\/\/yoast.com\/product\/yoast-seo-wordpress\/ -->\n<title>Vapaaherra Carl Gustaf 100g - Teehelmi.fi - Teet sinun herkutteluhetkiisi<\/title>\n<meta name=\"robots\" content=\"index, follow, max-snippet:-1, max-image-preview:large, max-video-preview:-1\" \/>\n<link rel=\"canonical\" href=\"https:\/\/www.teehelmi.fi\/en\/kauppa\/vapaaherra-carl-gustaf-100g\/\" \/>\n<meta property=\"og:locale\" content=\"en_US\" \/>\n<meta property=\"og:type\" content=\"article\" \/>\n<meta property=\"og:title\" content=\"Vapaaherra Carl Gustaf 100g - Teehelmi.fi - Teet sinun herkutteluhetkiisi\" \/>\n<meta property=\"og:description\" content=\"Musta tee, mustaherukkaa, appelsiinia &amp; ruiskukkaa\" \/>\n<meta property=\"og:url\" content=\"https:\/\/www.teehelmi.fi\/en\/kauppa\/vapaaherra-carl-gustaf-100g\/\" \/>\n<meta property=\"og:site_name\" content=\"Teehelmi.fi\" \/>\n<meta property=\"article:publisher\" content=\"https:\/\/www.facebook.com\/TeeHelmi.Fi\" \/>\n<meta property=\"article:modified_time\" content=\"2025-12-17T17:08:03+00:00\" \/>\n<meta property=\"og:image\" content=\"https:\/\/assets.teehelmi.fi\/2025\/12\/01029-Vapaaherra-Carl-Gustaf-musta-maustettu-tee-1024x1024.jpg\" \/>\n\t<meta property=\"og:image:width\" content=\"1024\" \/>\n\t<meta property=\"og:image:height\" content=\"1024\" \/>\n\t<meta property=\"og:image:type\" content=\"image\/jpeg\" \/>\n<meta name=\"twitter:card\" content=\"summary_large_image\" \/>\n<meta name=\"twitter:label1\" content=\"Est. reading time\" \/>\n\t<meta name=\"twitter:data1\" content=\"1 minute\" \/>\n<script type=\"application\/ld+json\" class=\"yoast-schema-graph\">{\"@context\":\"https:\/\/schema.org\",\"@graph\":[{\"@type\":\"WebPage\",\"@id\":\"https:\/\/www.teehelmi.fi\/en\/kauppa\/vapaaherra-carl-gustaf-100g\/\",\"url\":\"https:\/\/www.teehelmi.fi\/en\/kauppa\/vapaaherra-carl-gustaf-100g\/\",\"name\":\"Vapaaherra Carl Gustaf 100g - Teehelmi.fi - Teet sinun herkutteluhetkiisi\",\"isPartOf\":{\"@id\":\"https:\/\/www.teehelmi.fi\/en\/#website\"},\"primaryImageOfPage\":{\"@id\":\"https:\/\/www.teehelmi.fi\/en\/kauppa\/vapaaherra-carl-gustaf-100g\/#primaryimage\"},\"image\":{\"@id\":\"https:\/\/www.teehelmi.fi\/en\/kauppa\/vapaaherra-carl-gustaf-100g\/#primaryimage\"},\"thumbnailUrl\":\"https:\/\/assets.teehelmi.fi\/2025\/12\/01029-Vapaaherra-Carl-Gustaf-musta-maustettu-tee.jpg\",\"datePublished\":\"2025-12-17T17:07:58+00:00\",\"dateModified\":\"2025-12-17T17:08:03+00:00\",\"breadcrumb\":{\"@id\":\"https:\/\/www.teehelmi.fi\/en\/kauppa\/vapaaherra-carl-gustaf-100g\/#breadcrumb\"},\"inLanguage\":\"en-US\",\"potentialAction\":[{\"@type\":\"ReadAction\",\"target\":[\"https:\/\/www.teehelmi.fi\/en\/kauppa\/vapaaherra-carl-gustaf-100g\/\"]}]},{\"@type\":\"ImageObject\",\"inLanguage\":\"en-US\",\"@id\":\"https:\/\/www.teehelmi.fi\/en\/kauppa\/vapaaherra-carl-gustaf-100g\/#primaryimage\",\"url\":\"https:\/\/assets.teehelmi.fi\/2025\/12\/01029-Vapaaherra-Carl-Gustaf-musta-maustettu-tee.jpg\",\"contentUrl\":\"https:\/\/assets.teehelmi.fi\/2025\/12\/01029-Vapaaherra-Carl-Gustaf-musta-maustettu-tee.jpg\",\"width\":2048,\"height\":2048},{\"@type\":\"BreadcrumbList\",\"@id\":\"https:\/\/www.teehelmi.fi\/en\/kauppa\/vapaaherra-carl-gustaf-100g\/#breadcrumb\",\"itemListElement\":[{\"@type\":\"ListItem\",\"position\":1,\"name\":\"Etusivu\",\"item\":\"https:\/\/www.teehelmi.fi\/en\/teehelmi-fi-delicious-moments-since-1983\/\"},{\"@type\":\"ListItem\",\"position\":2,\"name\":\"Kauppa\",\"item\":\"https:\/\/www.teehelmi.fi\/kauppa\/\"},{\"@type\":\"ListItem\",\"position\":3,\"name\":\"Vapaaherra Carl Gustaf 100g\"}]},{\"@type\":\"WebSite\",\"@id\":\"https:\/\/www.teehelmi.fi\/en\/#website\",\"url\":\"https:\/\/www.teehelmi.fi\/en\/\",\"name\":\"Teehelmi.fi\",\"description\":\"Herkutteluhetki\u00e4 sinulle historian keskell\u00e4, vuodesta 1983.\",\"publisher\":{\"@id\":\"https:\/\/www.teehelmi.fi\/en\/#organization\"},\"potentialAction\":[{\"@type\":\"SearchAction\",\"target\":{\"@type\":\"EntryPoint\",\"urlTemplate\":\"https:\/\/www.teehelmi.fi\/en\/?s={search_term_string}\"},\"query-input\":{\"@type\":\"PropertyValueSpecification\",\"valueRequired\":true,\"valueName\":\"search_term_string\"}}],\"inLanguage\":\"en-US\"},{\"@type\":\"Organization\",\"@id\":\"https:\/\/www.teehelmi.fi\/en\/#organization\",\"name\":\"Teehelmi\",\"alternateName\":\"Tee- ja Kahvihuone Helmi Oy\",\"url\":\"https:\/\/www.teehelmi.fi\/en\/\",\"logo\":{\"@type\":\"ImageObject\",\"inLanguage\":\"en-US\",\"@id\":\"https:\/\/www.teehelmi.fi\/en\/#\/schema\/logo\/image\/\",\"url\":\"https:\/\/assets.teehelmi.fi\/2023\/11\/teehelmi-logo-scaled.webp\",\"contentUrl\":\"https:\/\/assets.teehelmi.fi\/2023\/11\/teehelmi-logo-scaled.webp\",\"width\":2560,\"height\":2358,\"caption\":\"Teehelmi\"},\"image\":{\"@id\":\"https:\/\/www.teehelmi.fi\/en\/#\/schema\/logo\/image\/\"},\"sameAs\":[\"https:\/\/www.facebook.com\/TeeHelmi.Fi\"]}]}<\/script>\n<!-- \/ Yoast SEO plugin. -->","yoast_head_json":{"title":"Vapaaherra Carl Gustaf 100g - Teehelmi.fi - Teet sinun herkutteluhetkiisi","robots":{"index":"index","follow":"follow","max-snippet":"max-snippet:-1","max-image-preview":"max-image-preview:large","max-video-preview":"max-video-preview:-1"},"canonical":"https:\/\/www.teehelmi.fi\/en\/kauppa\/vapaaherra-carl-gustaf-100g\/","og_locale":"en_US","og_type":"article","og_title":"Vapaaherra Carl Gustaf 100g - Teehelmi.fi - Teet sinun herkutteluhetkiisi","og_description":"Musta tee, mustaherukkaa, appelsiinia &amp; ruiskukkaa","og_url":"https:\/\/www.teehelmi.fi\/en\/kauppa\/vapaaherra-carl-gustaf-100g\/","og_site_name":"Teehelmi.fi","article_publisher":"https:\/\/www.facebook.com\/TeeHelmi.Fi","article_modified_time":"2025-12-17T17:08:03+00:00","og_image":[{"width":1024,"height":1024,"url":"https:\/\/assets.teehelmi.fi\/2025\/12\/01029-Vapaaherra-Carl-Gustaf-musta-maustettu-tee-1024x1024.jpg","type":"image\/jpeg"}],"twitter_card":"summary_large_image","twitter_misc":{"Est. reading time":"1 minute"},"schema":{"@context":"https:\/\/schema.org","@graph":[{"@type":"WebPage","@id":"https:\/\/www.teehelmi.fi\/en\/kauppa\/vapaaherra-carl-gustaf-100g\/","url":"https:\/\/www.teehelmi.fi\/en\/kauppa\/vapaaherra-carl-gustaf-100g\/","name":"Vapaaherra Carl Gustaf 100g - Teehelmi.fi - Teet sinun herkutteluhetkiisi","isPartOf":{"@id":"https:\/\/www.teehelmi.fi\/en\/#website"},"primaryImageOfPage":{"@id":"https:\/\/www.teehelmi.fi\/en\/kauppa\/vapaaherra-carl-gustaf-100g\/#primaryimage"},"image":{"@id":"https:\/\/www.teehelmi.fi\/en\/kauppa\/vapaaherra-carl-gustaf-100g\/#primaryimage"},"thumbnailUrl":"https:\/\/assets.teehelmi.fi\/2025\/12\/01029-Vapaaherra-Carl-Gustaf-musta-maustettu-tee.jpg","datePublished":"2025-12-17T17:07:58+00:00","dateModified":"2025-12-17T17:08:03+00:00","breadcrumb":{"@id":"https:\/\/www.teehelmi.fi\/en\/kauppa\/vapaaherra-carl-gustaf-100g\/#breadcrumb"},"inLanguage":"en-US","potentialAction":[{"@type":"ReadAction","target":["https:\/\/www.teehelmi.fi\/en\/kauppa\/vapaaherra-carl-gustaf-100g\/"]}]},{"@type":"ImageObject","inLanguage":"en-US","@id":"https:\/\/www.teehelmi.fi\/en\/kauppa\/vapaaherra-carl-gustaf-100g\/#primaryimage","url":"https:\/\/assets.teehelmi.fi\/2025\/12\/01029-Vapaaherra-Carl-Gustaf-musta-maustettu-tee.jpg","contentUrl":"https:\/\/assets.teehelmi.fi\/2025\/12\/01029-Vapaaherra-Carl-Gustaf-musta-maustettu-tee.jpg","width":2048,"height":2048},{"@type":"BreadcrumbList","@id":"https:\/\/www.teehelmi.fi\/en\/kauppa\/vapaaherra-carl-gustaf-100g\/#breadcrumb","itemListElement":[{"@type":"ListItem","position":1,"name":"Etusivu","item":"https:\/\/www.teehelmi.fi\/en\/teehelmi-fi-delicious-moments-since-1983\/"},{"@type":"ListItem","position":2,"name":"Kauppa","item":"https:\/\/www.teehelmi.fi\/kauppa\/"},{"@type":"ListItem","position":3,"name":"Vapaaherra Carl Gustaf 100g"}]},{"@type":"WebSite","@id":"https:\/\/www.teehelmi.fi\/en\/#website","url":"https:\/\/www.teehelmi.fi\/en\/","name":"Teehelmi.fi","description":"Herkutteluhetki\u00e4 sinulle historian keskell\u00e4, vuodesta 1983.","publisher":{"@id":"https:\/\/www.teehelmi.fi\/en\/#organization"},"potentialAction":[{"@type":"SearchAction","target":{"@type":"EntryPoint","urlTemplate":"https:\/\/www.teehelmi.fi\/en\/?s={search_term_string}"},"query-input":{"@type":"PropertyValueSpecification","valueRequired":true,"valueName":"search_term_string"}}],"inLanguage":"en-US"},{"@type":"Organization","@id":"https:\/\/www.teehelmi.fi\/en\/#organization","name":"Teehelmi","alternateName":"Tee- ja Kahvihuone Helmi Oy","url":"https:\/\/www.teehelmi.fi\/en\/","logo":{"@type":"ImageObject","inLanguage":"en-US","@id":"https:\/\/www.teehelmi.fi\/en\/#\/schema\/logo\/image\/","url":"https:\/\/assets.teehelmi.fi\/2023\/11\/teehelmi-logo-scaled.webp","contentUrl":"https:\/\/assets.teehelmi.fi\/2023\/11\/teehelmi-logo-scaled.webp","width":2560,"height":2358,"caption":"Teehelmi"},"image":{"@id":"https:\/\/www.teehelmi.fi\/en\/#\/schema\/logo\/image\/"},"sameAs":["https:\/\/www.facebook.com\/TeeHelmi.Fi"]}]}},"_links":{"self":[{"href":"https:\/\/www.teehelmi.fi\/en\/wp-json\/wp\/v2\/product\/34901","targetHints":{"allow":["GET"]}}],"collection":[{"href":"https:\/\/www.teehelmi.fi\/en\/wp-json\/wp\/v2\/product"}],"about":[{"href":"https:\/\/www.teehelmi.fi\/en\/wp-json\/wp\/v2\/types\/product"}],"version-history":[{"count":0,"href":"https:\/\/www.teehelmi.fi\/en\/wp-json\/wp\/v2\/product\/34901\/revisions"}],"wp:featuredmedia":[{"embeddable":true,"href":"https:\/\/www.teehelmi.fi\/en\/wp-json\/wp\/v2\/media\/34902"}],"wp:attachment":[{"href":"https:\/\/www.teehelmi.fi\/en\/wp-json\/wp\/v2\/media?parent=34901"}],"wp:term":[{"taxonomy":"product_brand","embeddable":true,"href":"https:\/\/www.teehelmi.fi\/en\/wp-json\/wp\/v2\/product_brand?post=34901"},{"taxonomy":"product_cat","embeddable":true,"href":"https:\/\/www.teehelmi.fi\/en\/wp-json\/wp\/v2\/product_cat?post=34901"},{"taxonomy":"product_tag","embeddable":true,"href":"https:\/\/www.teehelmi.fi\/en\/wp-json\/wp\/v2\/product_tag?post=34901"}],"curies":[{"name":"wp","href":"https:\/\/api.w.org\/{rel}","templated":true}]}}